{"id":2440,"date":"2018-07-16T06:31:56","date_gmt":"2018-07-16T06:31:56","guid":{"rendered":"http:\/\/the-rsgroup.com\/homepage"},"modified":"2026-03-10T03:03:17","modified_gmt":"2026-03-10T03:03:17","slug":"power-products-reliable-power-supply-rs","status":"publish","type":"page","link":"https:\/\/the-rsgroup.com\/it\/","title":{"rendered":"Homepage"},"content":{"rendered":"<div class=\"wpb-content-wrapper\"><p>[vc_section full_width=&#8221;stretch_row&#8221; content_placement=&#8221;middle&#8221; css=&#8221;.vc_custom_1773064429785{padding-top: -60px !important;background-image: url(https:\/\/the-rsgroup.com\/wp-content\/uploads\/revslider\/video-media\/Mein-Film2_365.jpeg?id=25151) !important;background-position: center !important;background-repeat: no-repeat !important;background-size: cover !important;}&#8221; el_class=&#8221;home-container&#8221;][vc_row][vc_column][\/vc_column][\/vc_row][\/vc_section][vc_row css=&#8221;.vc_custom_1747980810238{padding-top: 50px !important;padding-bottom: 100px !important;}&#8221; el_id=&#8221;row1&#8243;][vc_column width=&#8221;1\/3&#8243; el_class=&#8221;custom_sidebar&#8221;][vc_single_image image=&#8221;21483&#8243; img_size=&#8221;full&#8221; css=&#8221;&#8221;][\/vc_column][vc_column width=&#8221;2\/3&#8243; apress_zindex=&#8221;9&#8243; css=&#8221;.vc_custom_1744888257690{background-color: #ffffff !important;}&#8221; el_class=&#8221;custom_sidebar high_zIndex&#8221;][apress_heading sub_title=&#8221;&#8221; content_alignment=&#8221;left&#8221; enable_delimiter=&#8221;&#8221; color_scheme=&#8221;color_scheme2&#8243; style=&#8221;heading_style6&#8243; title_font_options=&#8221;tag:h2|letter_spacing:0&#8243; subtitle_font_options=&#8221;tag:div|letter_spacing:3&#8243; heading_margin=&#8221;margin-top:10|margin-bottom:30&#8243; class=&#8221;h2-heading-custom&#8221;]Alimentazione elettrica sicura con trasformatori di potenza e trasformatori di distribuzione a secco e in olio, forniti da uno dei principali fornitori di prodotti per le infrastrutture energetiche \u2013 R&amp;S Group.[\/apress_heading][vc_column_text css=&#8221;&#8221;]R&amp;S \u00e8 uno dei principali fornitori mondiali di prodotti per infrastrutture elettriche. Con un portafoglio completo che include trasformatori in resina, trasformatori immersi in olio , trasformatori di distribuzione, trasformatori di potenza e trasformatori ad alta tensione, garantiamo un&#8217;alimentazione elettrica affidabile nei mercati chiave di tutto il mondo. La nostra tecnologia e la nostra qualit\u00e0 svolgono un ruolo fondamentale nel garantire la stabilit\u00e0 della rete e un approvvigionamento energetico sostenibile.<\/p>\n<p>Nel nostro impegno per soddisfare al meglio le esigenze dei nostri clienti e affrontare in modo proattivo le sfide del mercato globale, R&amp;S sta ampliando strategicamente la sua capacit\u00e0 produttiva di trasformatori. Questa espansione ci consentir\u00e0 di aumentare la disponibilit\u00e0 dei nostri prodotti e di rispondere alla crescente domanda. Nel nostro percorso ultracentenario, siamo rimasti fedeli ai nostri standard di elevata qualit\u00e0 e affidabilit\u00e0.[\/vc_column_text][apress_button button_text=&#8221;Scopri di pi\u00f9&#8221; button_size=&#8221;large&#8221; button_left_margin=&#8221;&#8221; button_right_margin=&#8221;&#8221; box_shadow=&#8221;box_shadow_enable:disable|shadow_horizontal:1|shadow_vertical:2|shadow_blur:4|shadow_spread:0|box_shadow_color:rgba(0%2C0%2C0%2C0.2)&#8221; box_hover_shadow=&#8221;box_shadow_enable:disable|shadow_horizontal:2|shadow_vertical:2|shadow_blur:7|shadow_spread:0|box_shadow_color:rgba(0%2C0%2C0%2C0.2)&#8221; button_text_color_h=&#8221;#000000&#8243; button_shape=&#8221;square&#8221; button_link=&#8221;url:%2Fit%2Fchi-siamo|title:Chi%20siamo||&#8221;][vc_column_text css=&#8221;&#8221;]<\/p>\n<p style=\"text-align: center;\"><style>\r\n\r\n#wpsm_counter_b_row_26396 .wpsm_counterbox\r\n{\r\n\ttext-align:center;\r\n\tmargin-top:50px;\r\n\tmargin-bottom:50px;\r\n}\r\n#wpsm_counter_b_row_26396 .wpsm_counterbox .wpsm_count-icon{\r\n\tdisplay:block;\r\n\tmargin-top:20px;\r\n\tpadding-top:0px;\r\n\tpadding-bottom:0px;\r\n\tmargin-bottom:0px;\r\n\tmargin:0 auto;\r\n}\r\n#wpsm_counter_b_row_26396 .wpsm_counterbox .wpsm_count-icon i{\r\n\tfont-size:35px;\r\n\tcolor:#2a5a90;\r\n}\r\n#wpsm_counter_b_row_26396 .wpsm_counterbox .wpsm_number{\r\n\tfont-size:26px;\r\n\tfont-weight:400;\r\n\tcolor:#2a5a90;\r\n\tfont-family:'Open Sans';\r\n\tletter-spacing:2px;\r\n\tmargin-top:20px;\r\n\tline-height: 1.3em;\r\n\tpadding-top:0px;\r\n\tpadding-bottom:0px;\r\n\tmargin-bottom:0px;\r\n}\r\n#wpsm_counter_b_row_26396 .wpsm_counterbox .wpsm_count-title{\r\n    font-size:17px;\r\n\tfont-weight:bolder;\r\n\tfont-family:'Open Sans';\r\n\tletter-spacing:2px;\r\n    color: #2a5a90;\r\n\tfont-weight:400;\r\n\tmargin-top:20px;\r\n\tpadding-top:0px;\r\n\tpadding-bottom:0px;\r\n\tmargin-bottom:0px;\r\n\tline-height: 1.3em;\r\n}\r\n\r\n.fa, .fas {\r\n    font-weight: 100 !important;\r\n}\r\n#wpsm_counter_b_row_23241 .wpsm_counterbox .wpsm_count-title{\r\n  letter-spacing:1px !important;\r\n  margin-top:0px !important;\r\n}<\/style> \r\n\t\t \r\n\t\t\r\n\t\t<style>\r\n\t\t#wpsm_counter_b_row_26396\t\t\t{\r\n\t\t\t\t\r\n\t\t\t\tposition:relative;\r\n\t\t\t\twidth:100%;\r\n\t\t\t\toverflow:hidden;\r\n\t\t\t\ttext-align:center;\r\n\t\t\t}\r\n\t\t\t \r\n\t\t\t#wpsm_counter_b_row_26396 .wpsm_row{\r\n\t\t\toverflow:hidden;\r\n\t\t\tdisplay:block;\r\n\t\t\twidth:100%;\r\n\t\t\t} \r\n\t\t\t \r\n\t\t\t#wpsm_counter_b_row_26396 .wpsm_row{\r\n\t\t\toverflow:visible;\r\n\t\t\t} \r\n\t\t\t \r\n\t\t\t#wpsm_counter_b_row_26396 .wpsm_counterbox .wpsm_count-title{\r\n\t\t\tmin-height:56px;\r\n\t\t\t}}\r\n\t\t\t \r\n\t\t<\/style>\r\n\t\t\r\n\t\t<div class=\"wpsm_counter_b_row\" id=\"wpsm_counter_b_row_26396\">\r\n\t\t\t<div>\r\n\t\t\t\t<div class=\"wpsm_row\">\r\n\t\t\r\n\t\t\t\t\t\t<div class=\"wpsm_col-md-4 wpsm_col-sm-6\">\r\n\t\t\t\t\t<div class=\"wpsm_counterbox\">\r\n\t\t\t\t\t\t \r\n\t\t\t\t\t\t<div class=\"wpsm_count-icon\"><i #2a5a90 class=\"fa fa-group\"><\/i><\/div>\r\n\t\t\t\t\t\t\t\t\t\t\t\t<div class=\"wpsm_number\" style=\"#2a5a90\" >\r\n\t\t\t\t\t\t   <span class=\"counter\">1100\t\t\t\t\t\t   <\/span>\r\n\t\t\t\t\t\t    \r\n\t\t\t\t\t    <\/div>\r\n\t\t\t\t\t\t<h3 class=\"wpsm_count-title\" #2a5a90> Dipendenti in tutto il mondo<\/h3>\r\n\t\t\t\t\t\t \r\n\t\t\t\t\t<\/div>\r\n\t\t\t\t<\/div>\r\n\t\t\t\t\t\t\t\t\t<div class=\"wpsm_col-md-4 wpsm_col-sm-6\">\r\n\t\t\t\t\t<div class=\"wpsm_counterbox\">\r\n\t\t\t\t\t\t \r\n\t\t\t\t\t\t<div class=\"wpsm_count-icon\"><i #2a5a90 class=\"fa fa-thumbs-up\"><\/i><\/div>\r\n\t\t\t\t\t\t\t\t\t\t\t\t<div class=\"wpsm_number\" style=\"#2a5a90\" >\r\n\t\t\t\t\t\t   <span class=\"counter\">120\t\t\t\t\t\t   <\/span>\r\n\t\t\t\t\t\t    \r\n\t\t\t\t\t    <\/div>\r\n\t\t\t\t\t\t<h3 class=\"wpsm_count-title\" #2a5a90> Partner commerciali in tutto il mondo<\/h3>\r\n\t\t\t\t\t\t \r\n\t\t\t\t\t<\/div>\r\n\t\t\t\t<\/div>\r\n\t\t\t\t\t\t\t\t\t<div class=\"wpsm_col-md-4 wpsm_col-sm-6\">\r\n\t\t\t\t\t<div class=\"wpsm_counterbox\">\r\n\t\t\t\t\t\t \r\n\t\t\t\t\t\t<div class=\"wpsm_count-icon\"><i #2a5a90 class=\"fa fa-globe\"><\/i><\/div>\r\n\t\t\t\t\t\t\t\t\t\t\t\t<div class=\"wpsm_number\" style=\"#2a5a90\" >\r\n\t\t\t\t\t\t   <span class=\"counter\">75\t\t\t\t\t\t   <\/span>\r\n\t\t\t\t\t\t    \r\n\t\t\t\t\t    <\/div>\r\n\t\t\t\t\t\t<h3 class=\"wpsm_count-title\" #2a5a90> Paesi di esportazione<\/h3>\r\n\t\t\t\t\t\t \r\n\t\t\t\t\t<\/div>\r\n\t\t\t\t<\/div>\r\n\t\t\t\t\t\t<\/div>\r\n\t\t\t<div class=\"wpsm_row\">\r\n\t\t\t\t\t\t\r\n\t\t\t<\/div>\t\t\t\t<\/div>\r\n\t\t<\/div>\n<p>[\/vc_column_text][\/vc_column][\/vc_row][vc_row full_width=&#8221;stretch_row_content&#8221; content_placement=&#8221;middle&#8221; bg_type=&#8221;image&#8221; parallax_style=&#8221;vcpb-default&#8221; bg_image_new=&#8221;id^25398|url^https:\/\/the-rsgroup.com\/wp-content\/uploads\/2025\/10\/terzi-2-1.webp|caption^null|alt^null|title^terzi-2|description^null&#8221; bg_image_repeat=&#8221;no-repeat&#8221; bg_override=&#8221;full&#8221; css=&#8221;.vc_custom_1760495823492{padding-top: 50px !important;padding-bottom: 100px !important;background-position: center !important;background-repeat: no-repeat !important;background-size: cover !important;}&#8221; el_class=&#8221;full-width-content-section testimonial&#8221; el_id=&#8221;row3&#8243;][vc_column][vc_row_inner][vc_column_inner][vc_single_image image=&#8221;31295&#8243; img_size=&#8221;full&#8221; css=&#8221;&#8221; el_class=&#8221;test-desktop-hide&#8221;][vc_column_text css=&#8221;&#8221; el_class=&#8221;full-width-content full-width-content-right&#8221;]<\/p>\n<h5><span data-teams=\"true\"><strong>Attuazione efficace della strategia<\/strong><\/span><\/h5>\n<p><em>\u201e<span data-teams=\"true\">Una strategia sprigiona il suo pieno effetto solo quando \u00e8 sostenuta da collaboratori impegnati che la attuano con coerenza. <\/span>\u201c<\/em><\/p>\n<h6><span data-teams=\"true\">\u2014 Eduardo Terzi, CEO R&amp;S Group<\/span><\/h6>\n<p>[\/vc_column_text][\/vc_column_inner][\/vc_row_inner][\/vc_column][\/vc_row][vc_row overflow_visible=&#8221;true&#8221; full_width=&#8221;stretch_row&#8221; bg_type=&#8221;bg_color&#8221; bg_override=&#8221;full&#8221; css=&#8221;.vc_custom_1763539593270{padding-top: 50px !important;padding-bottom: 100px !important;}&#8221; el_class=&#8221;brand-column-section mx-0&#8243; bg_color_value=&#8221;#F2F5FA&#8221; el_id=&#8221;row2&#8243;][vc_column][apress_heading sub_title=&#8221;&#8221; content_alignment=&#8221;left&#8221; enable_delimiter=&#8221;&#8221; color_scheme=&#8221;color_scheme1&#8243; style=&#8221;heading_style6&#8243; title_font_options=&#8221;tag:h2|letter_spacing:0&#8243; subtitle_font_options=&#8221;tag:div|letter_spacing:3&#8243; heading_margin=&#8221;margin-top:10|margin-bottom:30&#8243; class=&#8221;heading-css&#8221;]I nostri marchi[\/apress_heading][vc_row_inner equal_height=&#8221;yes&#8221; el_class=&#8221;brand-column-row&#8221;][vc_column_inner width=&#8221;1\/4&#8243; offset=&#8221;vc_col-lg-3 vc_col-md-offset-0 vc_col-md-3&#8243;][vc_single_image image=&#8221;22091&#8243; img_size=&#8221;full&#8221; alignment=&#8221;center&#8221; css=&#8221;&#8221;][vc_column_text css=&#8221;&#8221;]<\/p>\n<h5 style=\"text-align: center;\"><span style=\"color: #6980b4;\">Rauscher &amp; Stoecklin<\/span><\/h5>\n<p style=\"text-align: center;\">Leader svizzero nelle soluzioni per la conversione e distribuzione dell\u2019energia elettrica<\/p>\n<p>[\/vc_column_text][apress_button button_text=&#8221;Scopri di pi\u00f9&#8221; button_size=&#8221;large&#8221; button_alignment=&#8221;center&#8221; box_shadow=&#8221;box_shadow_enable:disable|shadow_horizontal:1|shadow_vertical:2|shadow_blur:4|shadow_spread:0|box_shadow_color:rgba(0%2C0%2C0%2C0.2)&#8221; box_hover_shadow=&#8221;box_shadow_enable:disable|shadow_horizontal:2|shadow_vertical:2|shadow_blur:7|shadow_spread:0|box_shadow_color:rgba(0%2C0%2C0%2C0.2)&#8221; button_text_color_h=&#8221;#000000&#8243; button_shape=&#8221;square&#8221; button_link=&#8221;url:https%3A%2F%2Fthe-rsgroup.com%2Fit%2Frauscher-stoecklin%2F|title:About&#8221;][\/vc_column_inner][vc_column_inner width=&#8221;1\/4&#8243; offset=&#8221;vc_col-md-3&#8243;][vc_single_image image=&#8221;23065&#8243; img_size=&#8221;full&#8221; alignment=&#8221;center&#8221; css=&#8221;&#8221;][vc_column_text css=&#8221;&#8221;]<\/p>\n<h5 style=\"text-align: center;\"><span style=\"color: #6980b4;\">ZREW<\/span><\/h5>\n<p style=\"text-align: center;\">Il principale produttore di trasformatori di potenza in Polonia<\/p>\n<p>[\/vc_column_text][apress_button button_text=&#8221;Scopri di pi\u00f9&#8221; button_size=&#8221;large&#8221; button_alignment=&#8221;center&#8221; box_shadow=&#8221;box_shadow_enable:disable|shadow_horizontal:1|shadow_vertical:2|shadow_blur:4|shadow_spread:0|box_shadow_color:rgba(0%2C0%2C0%2C0.2)&#8221; box_hover_shadow=&#8221;box_shadow_enable:disable|shadow_horizontal:2|shadow_vertical:2|shadow_blur:7|shadow_spread:0|box_shadow_color:rgba(0%2C0%2C0%2C0.2)&#8221; button_text_color_h=&#8221;#000000&#8243; button_shape=&#8221;square&#8221; button_link=&#8221;url:https%3A%2F%2Fthe-rsgroup.com%2Fit%2Frs-zrew%2F|title:About&#8221;][\/vc_column_inner][vc_column_inner width=&#8221;1\/4&#8243;][vc_single_image image=&#8221;23027&#8243; img_size=&#8221;full&#8221; alignment=&#8221;center&#8221; css=&#8221;&#8221;][vc_column_text css=&#8221;&#8221;]<\/p>\n<h5 style=\"text-align: center;\"><span style=\"color: #483374;\">KytePowertech<\/span><\/h5>\n<p style=\"text-align: center;\">Esperto nell\u2019innovazione dei trasformatori di distribuzione<\/p>\n<p>[\/vc_column_text][apress_button button_text=&#8221;Scopri di pi\u00f9&#8221; button_size=&#8221;large&#8221; button_alignment=&#8221;center&#8221; box_shadow=&#8221;box_shadow_enable:disable|shadow_horizontal:1|shadow_vertical:2|shadow_blur:4|shadow_spread:0|box_shadow_color:rgba(0%2C0%2C0%2C0.2)&#8221; box_hover_shadow=&#8221;box_shadow_enable:disable|shadow_horizontal:2|shadow_vertical:2|shadow_blur:7|shadow_spread:0|box_shadow_color:rgba(0%2C0%2C0%2C0.2)&#8221; button_text_color_h=&#8221;#000000&#8243; button_shape=&#8221;square&#8221; button_link=&#8221;url:https%3A%2F%2Fthe-rsgroup.com%2Fit%2Fkyte-powertech%2F|title:About&#8221;][\/vc_column_inner][vc_column_inner width=&#8221;1\/4&#8243;][vc_single_image image=&#8221;23092&#8243; img_size=&#8221;full&#8221; alignment=&#8221;center&#8221; css=&#8221;&#8221;][vc_column_text css=&#8221;&#8221;]<\/p>\n<h5 style=\"text-align: center;\"><span style=\"color: #ff0843;\">TESAR<\/span><\/h5>\n<p style=\"text-align: center;\">Specialista in trasformatori in resina colata per ambienti gravosi<\/p>\n<p>[\/vc_column_text][apress_button button_text=&#8221;Scopri di pi\u00f9&#8221; button_size=&#8221;large&#8221; button_alignment=&#8221;center&#8221; box_shadow=&#8221;box_shadow_enable:disable|shadow_horizontal:1|shadow_vertical:2|shadow_blur:4|shadow_spread:0|box_shadow_color:rgba(0%2C0%2C0%2C0.2)&#8221; box_hover_shadow=&#8221;box_shadow_enable:disable|shadow_horizontal:2|shadow_vertical:2|shadow_blur:7|shadow_spread:0|box_shadow_color:rgba(0%2C0%2C0%2C0.2)&#8221; button_text_color_h=&#8221;#000000&#8243; button_shape=&#8221;square&#8221; button_link=&#8221;url:https%3A%2F%2Fthe-rsgroup.com%2Fit%2Ftesar%2F|title:About&#8221;][\/vc_column_inner][\/vc_row_inner][\/vc_column][\/vc_row][vc_section full_width=&#8221;stretch_row&#8221; css=&#8221;.vc_custom_1766561738997{padding-top: 50px !important;padding-bottom: 85px !important;background-color: #F8F8F8 !important;}&#8221; el_class=&#8221;our-project-section&#8221; el_id=&#8221;margin-adjust&#8221;][vc_row full_width=&#8221;stretch_row&#8221; css=&#8221;.vc_custom_1758539102665{margin-top: 0px !important;padding-top: 80px !important;padding-bottom: 80px !important;background-color: #f8f8f8 !important;}&#8221; el_class=&#8221;related-product-info-box with-white-bg-pro&#8221;][vc_column][apress_heading sub_title=&#8221;&#8221; content_alignment=&#8221;left&#8221; enable_delimiter=&#8221;&#8221; color_scheme=&#8221;color_scheme1&#8243; style=&#8221;heading_style6&#8243; title_font_options=&#8221;tag:h2|letter_spacing:0&#8243; subtitle_font_options=&#8221;tag:div|letter_spacing:3&#8243; heading_margin=&#8221;margin-top:10|margin-bottom:30&#8243; class=&#8221;heading-css&#8221;]I nostri trasformatori[\/apress_heading][vc_row_inner][vc_column_inner el_class=&#8221;custom_sidebar&#8221; width=&#8221;1\/2&#8243;]\r\n<!--Image Box Start-->\r\n<div class=\"zolo_imagebox_new_swing new_imagebox_style4\"><div class=\"zolo_imagebox_new_wrapper zolo_imagebox_new_59741969869ecac74b6af1 new_imagebox_style4 noanimation\" data-animation =\"No Animation\" data-delay =\"500\" data-id =\"zolo_imagebox_new_59741969869ecac74b6af1\">\r\n    <a title=\"Trasformatori di distribuzione\" href=\"\/it\/prodotti\/trasformatori\/trasformatori-di-distribuzione\" target=\"_self\" rel=\"\">\r\n    <div class=\"zolo_imagebox_new_box\">\r\n        <div class=\"zolo_thumbnail\" style=\"background:url(https:\/\/the-rsgroup.com\/wp-content\/uploads\/2025\/10\/distribution-transformers-rs-1.jpg) no-repeat center center; -moz-background-size:cover;-webkit-background-size:cover;-o-background-size:cover;-ms-background-size:cover;background-size:cover; height:300px;\"><\/div>\r\n        <div class=\"zolo_imagebox_new_content\">\r\n            <div class=\"zolo_imagebox_new_title_des\">\r\n        <h3 class=\"entry-title zolo_imagebox_new_title\" style=\"color:#000000; \">        Trasformatori di distribuzione <\/h3>                <span class=\"zolo_imagebox_description\" style=\"color:#000000; \">        Scopri di pi\u00f9 sui nostri trasformatori di distribuzione a olio con una potenza nominale massima di 10 MVA. <\/span>        <div class=\"zolo_imagebox_icon_button_element alignment_inline zolo_imagebox_icon_button_59741969869ecac74b6af1\"><span class=\"zolo_iconbutton_tag iconbutton_style1 button_style_none\"><span class=\"zolo_button_icon zolo_arrow_icon\"><\/span><\/span><\/div>      <\/div>\r\n    <\/div>\r\n          <\/div>\r\n    <\/a>\r\n  <\/div>\r\n<\/div><!--Image Box End-->\r\n\r\n[\/vc_column_inner][vc_column_inner el_class=&#8221;custom_sidebar&#8221; width=&#8221;1\/2&#8243;]\r\n<!--Image Box Start-->\r\n<div class=\"zolo_imagebox_new_swing new_imagebox_style4\"><div class=\"zolo_imagebox_new_wrapper zolo_imagebox_new_133781852869ecac74b77cd new_imagebox_style4 noanimation\" data-animation =\"No Animation\" data-delay =\"500\" data-id =\"zolo_imagebox_new_133781852869ecac74b77cd\">\r\n    <a title=\"Trasformatori di potenza\" href=\"\/it\/prodotti\/trasformatori\/trasformatori-di-potenza\" target=\"_self\" rel=\"\">\r\n    <div class=\"zolo_imagebox_new_box\">\r\n        <div class=\"zolo_thumbnail\" style=\"background:url(https:\/\/the-rsgroup.com\/wp-content\/uploads\/2025\/10\/power-transformer-zrew-1.jpg) no-repeat center center; -moz-background-size:cover;-webkit-background-size:cover;-o-background-size:cover;-ms-background-size:cover;background-size:cover; height:300px;\"><\/div>\r\n        <div class=\"zolo_imagebox_new_content\">\r\n            <div class=\"zolo_imagebox_new_title_des\">\r\n        <h3 class=\"entry-title zolo_imagebox_new_title\" style=\"color:#000000; \">        Trasformatori di potenza <\/h3>                <span class=\"zolo_imagebox_description\" style=\"color:#000000; \">        Produciamo trasformatori di potenza ad alta efficienza con una potenza nominale massima di 160 MVA. <\/span>        <div class=\"zolo_imagebox_icon_button_element alignment_inline zolo_imagebox_icon_button_133781852869ecac74b77cd\"><span class=\"zolo_iconbutton_tag iconbutton_style1 button_style_none\"><span class=\"zolo_button_icon zolo_arrow_icon\"><\/span><\/span><\/div>      <\/div>\r\n    <\/div>\r\n          <\/div>\r\n    <\/a>\r\n  <\/div>\r\n<\/div><!--Image Box End-->\r\n\r\n[\/vc_column_inner][\/vc_row_inner][vc_row_inner][vc_column_inner el_class=&#8221;custom_sidebar&#8221; width=&#8221;1\/2&#8243;]\r\n<!--Image Box Start-->\r\n<div class=\"zolo_imagebox_new_swing new_imagebox_style4\"><div class=\"zolo_imagebox_new_wrapper zolo_imagebox_new_214244007269ecac74b7e69 new_imagebox_style4 noanimation\" data-animation =\"No Animation\" data-delay =\"500\" data-id =\"zolo_imagebox_new_214244007269ecac74b7e69\">\r\n    <a title=\"Trasformatori in resina\" href=\"\/it\/prodotti\/trasformatori\/trasformatori-a-secco\" target=\"_self\" rel=\"\">\r\n    <div class=\"zolo_imagebox_new_box\">\r\n        <div class=\"zolo_thumbnail\" style=\"background:url(https:\/\/the-rsgroup.com\/wp-content\/uploads\/2025\/10\/Cast-resin-transformer-for-Finland-1.jpg) no-repeat center center; -moz-background-size:cover;-webkit-background-size:cover;-o-background-size:cover;-ms-background-size:cover;background-size:cover; height:300px;\"><\/div>\r\n        <div class=\"zolo_imagebox_new_content\">\r\n            <div class=\"zolo_imagebox_new_title_des\">\r\n        <h3 class=\"entry-title zolo_imagebox_new_title\" style=\"color:#000000; \">        Trasformatori in resina <\/h3>                <span class=\"zolo_imagebox_description\" style=\"color:#000000; \">        Con pi\u00f9 di 100.000 unit\u00e0 installate, R&amp;S propone i migliori trasformatori in resina con una potenza nominale massima di 20 MVA. <\/span>        <div class=\"zolo_imagebox_icon_button_element alignment_inline zolo_imagebox_icon_button_214244007269ecac74b7e69\"><span class=\"zolo_iconbutton_tag iconbutton_style1 button_style_none\"><span class=\"zolo_button_icon zolo_arrow_icon\"><\/span><\/span><\/div>      <\/div>\r\n    <\/div>\r\n          <\/div>\r\n    <\/a>\r\n  <\/div>\r\n<\/div><!--Image Box End-->\r\n\r\n[\/vc_column_inner][vc_column_inner el_class=&#8221;custom_sidebar&#8221; width=&#8221;1\/2&#8243;]\r\n<!--Image Box Start-->\r\n<div class=\"zolo_imagebox_new_swing new_imagebox_style4\"><div class=\"zolo_imagebox_new_wrapper zolo_imagebox_new_123559321969ecac74b844f new_imagebox_style4 noanimation\" data-animation =\"No Animation\" data-delay =\"500\" data-id =\"zolo_imagebox_new_123559321969ecac74b844f\">\r\n    <a title=\"Trasformatori di misura\" href=\"\/it\/prodotti\/trasformatori\/trasformatori-di-corrente-e-di-tensione\" target=\"_self\" rel=\"\">\r\n    <div class=\"zolo_imagebox_new_box\">\r\n        <div class=\"zolo_thumbnail\" style=\"background:url(https:\/\/the-rsgroup.com\/wp-content\/uploads\/2025\/10\/instrument-transformer-rs-1.jpg) no-repeat center center; -moz-background-size:cover;-webkit-background-size:cover;-o-background-size:cover;-ms-background-size:cover;background-size:cover; height:300px;\"><\/div>\r\n        <div class=\"zolo_imagebox_new_content\">\r\n            <div class=\"zolo_imagebox_new_title_des\">\r\n        <h3 class=\"entry-title zolo_imagebox_new_title\" style=\"color:#000000; \">        Trasformatori di misura <\/h3>                <span class=\"zolo_imagebox_description\" style=\"color:#000000; \">        Esplora la nostra gamma di trasformatori di corrente e di tensione, in grado di garantire la massima precisione. <\/span>        <div class=\"zolo_imagebox_icon_button_element alignment_inline zolo_imagebox_icon_button_123559321969ecac74b844f\"><span class=\"zolo_iconbutton_tag iconbutton_style1 button_style_none\"><span class=\"zolo_button_icon zolo_arrow_icon\"><\/span><\/span><\/div>      <\/div>\r\n    <\/div>\r\n          <\/div>\r\n    <\/a>\r\n  <\/div>\r\n<\/div><!--Image Box End-->\r\n\r\n[\/vc_column_inner][\/vc_row_inner][\/vc_column][\/vc_row][\/vc_section][vc_row apcore_row_stretch_opt=&#8221;stretch_row_and_content&#8221; full_width=&#8221;stretch_row_content&#8221; content_placement=&#8221;middle&#8221; bg_type=&#8221;image&#8221; parallax_style=&#8221;vcpb-default&#8221; bg_image_new=&#8221;id^25409|url^https:\/\/the-rsgroup.com\/wp-content\/uploads\/2025\/10\/ulli.webp|caption^null|alt^null|title^ulli|description^null&#8221; bg_image_repeat=&#8221;no-repeat&#8221; bg_override=&#8221;full&#8221; css=&#8221;.vc_custom_1760417822644{padding-top: 50px !important;padding-bottom: 100px !important;background-color: #F2F5FA !important;background-position: center !important;background-repeat: no-repeat !important;background-size: cover !important;}&#8221; el_class=&#8221;full-width-content-section testimonial&#8221; el_id=&#8221;row5&#8243;][vc_column][vc_row_inner][vc_column_inner][vc_single_image image=&#8221;31319&#8243; img_size=&#8221;full&#8221; css=&#8221;&#8221; el_class=&#8221;test-desktop-hide&#8221;][vc_column_text css=&#8221;&#8221; el_class=&#8221;full-width-content full-width-content-left&#8221;]<\/p>\n<h5><span data-teams=\"true\"><strong>Forte orientamento al cliente<\/strong><\/span><\/h5>\n<p><em>\u201e<span data-teams=\"true\">Ci distinguiamo presso i nostri clienti grazie alla professionalit\u00e0 e all\u2019affidabilit\u00e0.<\/span>\u201c<\/em><\/p>\n<h6><span data-teams=\"true\">\u2014 Ulrich Voss, CSO R&amp;S Group<\/span><\/h6>\n<p>[\/vc_column_text][\/vc_column_inner][\/vc_row_inner][\/vc_column][\/vc_row]<\/p>\n<\/div>","protected":false},"excerpt":{"rendered":"<p>[vc_section full_width=&#8221;stretch_row&#8221; content_placement=&#8221;middle&#8221; css=&#8221;.vc_custom_1773064429785{padding-top: -60px !important;background-image: url(https:\/\/the-rsgroup.com\/wp-content\/uploads\/revslider\/video-media\/Mein-Film2_365.jpeg?id=25151) !important;background-position: center !important;background-repeat: no-repeat !important;background-size: cover !important;}&#8221; el_class=&#8221;home-container&#8221;][vc_row][vc_column][\/vc_column][\/vc_row][\/vc_section][vc_row css=&#8221;.vc_custom_1747980810238{padding-top: 50px !important;padding-bottom: 100px !important;}&#8221; el_id=&#8221;row1&#8243;][vc_column width=&#8221;1\/3&#8243; el_class=&#8221;custom_sidebar&#8221;][vc_single_image image=&#8221;21483&#8243; img_size=&#8221;full&#8221; css=&#8221;&#8221;][\/vc_column][vc_column width=&#8221;2\/3&#8243; apress_zindex=&#8221;9&#8243; css=&#8221;.vc_custom_1744888257690{background-color: #ffffff !important;}&#8221; el_class=&#8221;custom_sidebar high_zIndex&#8221;][apress_heading sub_title=&#8221;&#8221; content_alignment=&#8221;left&#8221; enable_delimiter=&#8221;&#8221; color_scheme=&#8221;color_scheme2&#8243; style=&#8221;heading_style6&#8243; title_font_options=&#8221;tag:h2|letter_spacing:0&#8243; subtitle_font_options=&#8221;tag:div|letter_spacing:3&#8243;&hellip;<\/p>\n","protected":false},"author":1,"featured_media":0,"parent":0,"menu_order":0,"comment_status":"closed","ping_status":"closed","template":"","meta":{"_acf_changed":false,"_monsterinsights_skip_tracking":false,"_monsterinsights_sitenote_active":false,"_monsterinsights_sitenote_note":"","_monsterinsights_sitenote_category":0,"footnotes":""},"class_list":["post-2440","page","type-page","status-publish","hentry"],"acf":[],"_links":{"self":[{"href":"https:\/\/the-rsgroup.com\/it\/wp-json\/wp\/v2\/pages\/2440","targetHints":{"allow":["GET"]}}],"collection":[{"href":"https:\/\/the-rsgroup.com\/it\/wp-json\/wp\/v2\/pages"}],"about":[{"href":"https:\/\/the-rsgroup.com\/it\/wp-json\/wp\/v2\/types\/page"}],"author":[{"embeddable":true,"href":"https:\/\/the-rsgroup.com\/it\/wp-json\/wp\/v2\/users\/1"}],"replies":[{"embeddable":true,"href":"https:\/\/the-rsgroup.com\/it\/wp-json\/wp\/v2\/comments?post=2440"}],"version-history":[{"count":47,"href":"https:\/\/the-rsgroup.com\/it\/wp-json\/wp\/v2\/pages\/2440\/revisions"}],"predecessor-version":[{"id":36123,"href":"https:\/\/the-rsgroup.com\/it\/wp-json\/wp\/v2\/pages\/2440\/revisions\/36123"}],"wp:attachment":[{"href":"https:\/\/the-rsgroup.com\/it\/wp-json\/wp\/v2\/media?parent=2440"}],"curies":[{"name":"wp","href":"https:\/\/api.w.org\/{rel}","templated":true}]}}