{"id":29503,"date":"2025-11-27T02:28:27","date_gmt":"2025-11-27T02:28:27","guid":{"rendered":"https:\/\/the-rsgroup.com\/?page_id=29503"},"modified":"2025-11-28T11:04:57","modified_gmt":"2025-11-28T11:04:57","slug":"compliance","status":"publish","type":"page","link":"https:\/\/the-rsgroup.com\/it\/compliance\/","title":{"rendered":"Compliance"},"content":{"rendered":"<div class=\"wpb-content-wrapper\"><p>[vc_section full_width=&#8221;stretch_row&#8221; content_placement=&#8221;middle&#8221; min_height=&#8221;480&#8243; css=&#8221;.vc_custom_1764209699613{background-image: url(https:\/\/the-rsgroup.com\/wp-content\/uploads\/2025\/11\/Compliance_background_mont.jpg?id=29448) !important;background-position: center !important;background-repeat: no-repeat !important;background-size: cover !important;}&#8221; el_class=&#8221;inner-page-banner-section&#8221;][vc_row][vc_column][apress_heading sub_title=&#8221;La responsabilit\u00e0 come principio&#8221; content_alignment=&#8221;left&#8221; data_animation=&#8221;fadeInRight&#8221; enable_delimiter=&#8221;&#8221; style=&#8221;heading_style1&#8243; title_font_options=&#8221;tag:h1&#8243; subtitle_font_options=&#8221;tag:div&#8221;]Compliance nel Gruppo R&amp;S[\/apress_heading][\/vc_column][\/vc_row][\/vc_section][vc_row full_width=&#8221;stretch_row&#8221; content_placement=&#8221;middle&#8221; css=&#8221;.vc_custom_1763526145060{padding-top: 20px !important;padding-bottom: 40px !important;background-color: #FFFFFF !important;background-position: center !important;background-repeat: no-repeat !important;background-size: cover !important;}&#8221; min_height=&#8221;480&#8243; el_class=&#8221;page-title-section mx-0&#8243; el_id=&#8221;indus_row2&#8243; responsive_css=&#8221;padding_top_smartphones:0px|padding_top_small:0px&#8221;][vc_column apress_zindex=&#8221;9&#8243; el_class=&#8221;custom_sidebar high_zIndex&#8221;][apress_heading sub_title=&#8221;&#8221; content_alignment=&#8221;left&#8221; enable_delimiter=&#8221;&#8221; color_scheme=&#8221;design_your_own&#8221; main_heading_color=&#8221;#6980B4&#8243; style=&#8221;heading_style1&#8243; title_font_options=&#8221;tag:h2|font_size:46|line_height:50|letter_spacing:1&#8243; subtitle_font_options=&#8221;tag:div|color:%23ffffff&#8221; heading_margin=&#8221;margin-top:10|margin-bottom:30&#8243; class=&#8221;heading-custom&#8221;]Per noi la compliance significa molto pi\u00f9 del semplice rispetto delle regole \u2013 rappresenta una cultura aziendale in cui valori, integrit\u00e0 e comportamento responsabile definiscono il quadro di ogni decisione e di ogni forma di collaborazione.[\/apress_heading][vc_column_text css=&#8221;&#8221;]Una cultura aziendale basate sull&#8217;integrit\u00e0 \u00e8 un prerequisito fondamentale per un&#8217;azienda di eccellenza. Noi di R&amp;S ci impegniamo a rispettare i pi\u00f9 elevati standard, non solo nei prodotti che sviluppiamo e realizziamo per i nostri clienti, ma anche nel modo in cui collaboriamo inter-namente e con gli stakeholder esterni. <strong>Per saperne di pi\u00f9, consulta il nostro Codice di Condotta.<\/strong>[\/vc_column_text][vc_single_image image=&#8221;29463&#8243; img_size=&#8221;medium&#8221; alignment=&#8221;center&#8221; onclick=&#8221;custom_link&#8221; img_link_target=&#8221;_blank&#8221; css=&#8221;&#8221; link=&#8221;https:\/\/the-rsgroup.com\/wp-content\/uploads\/2025\/11\/20250613-Code-of-Conduct_RS-Group_IT_final_signed.pdf&#8221;][vc_column_text css=&#8221;&#8221;]<\/p>\n<h3><strong>Segnalare criticit\u00e0 \u2013 in modo riservato e responsabile<\/strong><\/h3>\n<p>I collaboratori e gli stakeholder esterni possono inoltre utilizzare la Speak Up Line come canale di segnalazione. La Speak Up Line \u00e8 un canale sicuro attraverso il quale \u00e8 possibile fornire segnalazioni online, se necessario anche in forma anonima. La Speak Up Line \u00e8 disponibile in tutte e quattro le lingue aziendali.<\/p>\n<p><a href=\"https:\/\/app.sygnanet.pl\/the-rsgroup\/it\" target=\"_blank\" rel=\"noopener\">https:\/\/app.sygnanet.pl\/the-rsgroup\/it<\/a><\/p>\n<p>Tutte le segnalazioni vengono elaborate dal reparto Legal &amp; Compliance del Gruppo R&amp;S e trattate con la massima riservatezza. I collaboratori che effettuano segnalazioni godono di una protezione speciale in conformit\u00e0 con le disposizioni di legge locali applicabili.<\/p>\n<p><strong>Contatto:<\/strong><\/p>\n<p>Beda Br\u00fclhart<br \/>\nGroup General Counsel &amp; Compliance Officer<\/p>\n<p>R&amp;S Group Holding AG<br \/>\nc\/o R&amp;S International Holding AG<br \/>\nReuslistrasse 32<br \/>\nCH-4450 Sissach<br \/>\nSvizzera<\/p>\n<p><a href=\"beda.bruelhart@the-rsgroup.com\">beda.bruelhart(at)the-rsgroup.com<\/a>[\/vc_column_text][\/vc_column][\/vc_row]<\/p>\n<\/div>","protected":false},"excerpt":{"rendered":"<p>[vc_section full_width=&#8221;stretch_row&#8221; content_placement=&#8221;middle&#8221; min_height=&#8221;480&#8243; css=&#8221;.vc_custom_1764209699613{background-image: url(https:\/\/the-rsgroup.com\/wp-content\/uploads\/2025\/11\/Compliance_background_mont.jpg?id=29448) !important;background-position: center !important;background-repeat: no-repeat !important;background-size: cover !important;}&#8221; el_class=&#8221;inner-page-banner-section&#8221;][vc_row][vc_column][apress_heading sub_title=&#8221;La responsabilit\u00e0 come principio&#8221; content_alignment=&#8221;left&#8221; data_animation=&#8221;fadeInRight&#8221; enable_delimiter=&#8221;&#8221; style=&#8221;heading_style1&#8243; title_font_options=&#8221;tag:h1&#8243; subtitle_font_options=&#8221;tag:div&#8221;]Compliance nel Gruppo R&amp;S[\/apress_heading][\/vc_column][\/vc_row][\/vc_section][vc_row full_width=&#8221;stretch_row&#8221; content_placement=&#8221;middle&#8221; css=&#8221;.vc_custom_1763526145060{padding-top: 20px !important;padding-bottom: 40px !important;background-color: #FFFFFF !important;background-position: center !important;background-repeat: no-repeat !important;background-size:&hellip;<\/p>\n","protected":false},"author":14,"featured_media":0,"parent":0,"menu_order":0,"comment_status":"closed","ping_status":"closed","template":"template-fullwidth-page.php","meta":{"_acf_changed":false,"_monsterinsights_skip_tracking":false,"_monsterinsights_sitenote_active":false,"_monsterinsights_sitenote_note":"","_monsterinsights_sitenote_category":0,"footnotes":""},"class_list":["post-29503","page","type-page","status-publish","hentry"],"acf":[],"_links":{"self":[{"href":"https:\/\/the-rsgroup.com\/it\/wp-json\/wp\/v2\/pages\/29503","targetHints":{"allow":["GET"]}}],"collection":[{"href":"https:\/\/the-rsgroup.com\/it\/wp-json\/wp\/v2\/pages"}],"about":[{"href":"https:\/\/the-rsgroup.com\/it\/wp-json\/wp\/v2\/types\/page"}],"author":[{"embeddable":true,"href":"https:\/\/the-rsgroup.com\/it\/wp-json\/wp\/v2\/users\/14"}],"replies":[{"embeddable":true,"href":"https:\/\/the-rsgroup.com\/it\/wp-json\/wp\/v2\/comments?post=29503"}],"version-history":[{"count":7,"href":"https:\/\/the-rsgroup.com\/it\/wp-json\/wp\/v2\/pages\/29503\/revisions"}],"predecessor-version":[{"id":29536,"href":"https:\/\/the-rsgroup.com\/it\/wp-json\/wp\/v2\/pages\/29503\/revisions\/29536"}],"wp:attachment":[{"href":"https:\/\/the-rsgroup.com\/it\/wp-json\/wp\/v2\/media?parent=29503"}],"curies":[{"name":"wp","href":"https:\/\/api.w.org\/{rel}","templated":true}]}}