{"id":31232,"date":"2025-12-09T10:55:38","date_gmt":"2025-12-09T10:55:38","guid":{"rendered":"https:\/\/the-rsgroup.com\/rauscher-stoecklin\/rauscher-stoecklin-schweiz\/"},"modified":"2025-12-15T09:54:14","modified_gmt":"2025-12-15T09:54:14","slug":"rauscher-stoecklin-svizzera","status":"publish","type":"page","link":"https:\/\/the-rsgroup.com\/it\/rauscher-stoecklin\/rauscher-stoecklin-svizzera\/","title":{"rendered":"Rauscher &#038; Stoecklin Svizzera"},"content":{"rendered":"<div class=\"wpb-content-wrapper\"><p>[vc_section full_width=&#8221;stretch_row&#8221; content_placement=&#8221;middle&#8221; min_height=&#8221;480&#8243; css=&#8221;.vc_custom_1765277734452{background-image: url(https:\/\/the-rsgroup.com\/wp-content\/uploads\/2025\/12\/Header_RS_Schweiz.jpg?id=30697) !important;background-position: center !important;background-repeat: no-repeat !important;background-size: cover !important;}&#8221; el_class=&#8221;inner-page-banner-section&#8221;][vc_row][vc_column][apress_heading sub_title=&#8221;Trasformatori di distribuzione in olio Swiss Made&#8221; content_alignment=&#8221;left&#8221; data_animation=&#8221;fadeInRight&#8221; enable_delimiter=&#8221;&#8221; style=&#8221;heading_style1&#8243; title_font_options=&#8221;tag:h1&#8243; subtitle_font_options=&#8221;tag:div&#8221;]Rauscher &amp; Stoecklin Svizzera[\/apress_heading][\/vc_column][\/vc_row][\/vc_section][vc_row css=&#8221;.vc_custom_1754110673091{padding-top: 80px !important;padding-bottom: 80px !important;}&#8221;][vc_column apress_zindex=&#8221;9&#8243; el_class=&#8221;custom_sidebar high_zIndex&#8221;][apress_heading sub_title=&#8221;&#8221; content_alignment=&#8221;left&#8221; enable_delimiter=&#8221;&#8221; color_scheme=&#8221;color_scheme2&#8243; style=&#8221;heading_style1&#8243; title_font_options=&#8221;tag:h2|letter_spacing:1&#8243; subtitle_font_options=&#8221;tag:div&#8221; heading_margin=&#8221;margin-bottom:30&#8243; class=&#8221;heading-custom&#8221;]Trasformatori di distribuzione in olio per la distribuzione dell\u2019energia[\/apress_heading][vc_column_text css=&#8221;.vc_custom_1765541347265{margin-bottom: 0px !important;}&#8221;]Dalla sua fondazione nel 1919, Rauscher &amp; Stoecklin, con sede a Sissach (Svizzera), \u00e8 sinonimo di massima qualit\u00e0 e affidabilit\u00e0 nella produzione di trasformatori in olio e di altri prodotti elettrotecnici di fascia alta. Con la precisione svizzera nascono componenti e sistemi elettrici progettati per un\u2019alimentazione elettrica sicura, efficiente ed economicamente vantaggiosa \u2013 dal collegamento alla rete alla distribuzione, fino alle applicazioni infrastrutturali e industriali pi\u00f9 esigenti.<\/p>\n<p>Dal 2012 l\u2019azienda fa parte del gruppo R&amp;S, realt\u00e0 di successo a livello internazionale e fornitore leader di prodotti per l\u2019infrastruttura elettrica nei principali mercati globali. La combinazione tra il forte radicamento locale in Svizzera e una rete internazionale di produzione e ingegneria rende Rauscher &amp; Stoecklin un importante centro di competenza per trasformatori di distribuzione in olio all\u2019interno del gruppo. La clientela spazia dai produttori di energie rinnovabili (parchi eolici e fotovoltaici) ai gestori regionali e sovraregionali delle reti di trasmissione e distribuzione, fino a clienti nei pi\u00f9 diversi settori industriali e infrastrutturali \u2013 tra cui progettisti ed esercenti di data center, alimentazioni di trazione ferroviaria, impianti chimici e di produzione, grandi ospedali, aeroporti, reti di metropolitana e tram, nonch\u00e9 infrastrutture di ricarica per la mobilit\u00e0 elettrica e molto altro ancora.[\/vc_column_text][\/vc_column][\/vc_row][vc_row css=&#8221;.vc_custom_1764930440890{padding-top: 80px !important;padding-bottom: 80px !important;background-color: #E6E7E9 !important;}&#8221;][vc_column][vc_row_inner el_class=&#8221;location-expertise-section brand-page&#8221;][vc_column_inner][apress_heading sub_title=&#8221;&#8221; content_alignment=&#8221;left&#8221; enable_delimiter=&#8221;&#8221; color_scheme=&#8221;color_scheme2&#8243; style=&#8221;heading_style5&#8243; title_font_options=&#8221;tag:h2|letter_spacing:0&#8243; subtitle_font_options=&#8221;tag:div|letter_spacing:3&#8243;]Il nostro portafoglio di fornitura:[\/apress_heading][vc_column_text css=&#8221;&#8221;]Trasformatori di distribuzione in olio fino a 2.500 kVA e 36 kV<br \/>\nQuadri elettrici, sezionatori per linee aeree, sezionatori ferroviari, connettori elettrici industriali, sistemi di allaccio alla rete sicuri e affidabili[\/vc_column_text][\/vc_column_inner][\/vc_row_inner][vc_row_inner el_class=&#8221;location-expertise-section brand-page&#8221;][vc_column_inner][apress_heading sub_title=&#8221;&#8221; content_alignment=&#8221;left&#8221; enable_delimiter=&#8221;&#8221; color_scheme=&#8221;color_scheme2&#8243; style=&#8221;heading_style5&#8243; title_font_options=&#8221;tag:h2|letter_spacing:0&#8243; subtitle_font_options=&#8221;tag:div|letter_spacing:3&#8243;]Service &amp; Support \u2013 Soluzioni su misura da un unico fornitore[\/apress_heading][vc_column_text css=&#8221;&#8221;]Offriamo un servizio completo e supporto tecnico per i nostri trasformatori in olio e prodotti elettrotecnici. I nostri esperti affiancano i vostri progetti dalla fase di pianificazione alla messa in servizio e oltre.[\/vc_column_text][\/vc_column_inner][\/vc_row_inner][\/vc_column][\/vc_row][vc_row full_width=&#8221;stretch_row_content&#8221; content_placement=&#8221;middle&#8221; bg_type=&#8221;image&#8221; parallax_style=&#8221;vcpb-default&#8221; bg_image_new=&#8221;id^27638|url^https:\/\/the-rsgroup.com\/wp-content\/uploads\/2025\/11\/Mirjana-Milinkovic_3.jpg|caption^null|alt^null|title^Mirjana-Milinkovic_3|description^null&#8221; bg_image_repeat=&#8221;no-repeat&#8221; bg_override=&#8221;full&#8221; css=&#8221;.vc_custom_1763539503638{padding-top: 50px !important;padding-bottom: 100px !important;background-position: center !important;background-repeat: no-repeat !important;background-size: cover !important;}&#8221; el_class=&#8221;full-width-content-section testimonial&#8221; el_id=&#8221;row3&#8243;][vc_column][vc_row_inner][vc_column_inner][vc_single_image image=&#8221;31352&#8243; img_size=&#8221;full&#8221; css=&#8221;&#8221; el_class=&#8221;test-desktop-hide&#8221;][vc_column_text css=&#8221;&#8221; el_class=&#8221;full-width-content full-width-content-right rs&#8221;]<\/p>\n<h5>Logistica end-to-end che rispetta le scadenze<\/h5>\n<p><em>\u201eGestiamo i flussi di materiali e informazioni end-to-end \u2013 basandoci sui dati, in modo trasparente e con priorit\u00e0 chiare, per garantire tempi di attraversamento prevedibili e consegne puntuali.\u201c<\/em><\/p>\n<h6>Mirjana Milinkovic, Responsabile Logistica e Controllo Produzione, Rauscher &amp; Stoecklin AG<\/h6>\n<p>[\/vc_column_text][\/vc_column_inner][\/vc_row_inner][\/vc_column][\/vc_row]<\/p>\n<\/div>","protected":false},"excerpt":{"rendered":"<p>[vc_section full_width=&#8221;stretch_row&#8221; content_placement=&#8221;middle&#8221; min_height=&#8221;480&#8243; css=&#8221;.vc_custom_1765277734452{background-image: url(https:\/\/the-rsgroup.com\/wp-content\/uploads\/2025\/12\/Header_RS_Schweiz.jpg?id=30697) !important;background-position: center !important;background-repeat: no-repeat !important;background-size: cover !important;}&#8221; el_class=&#8221;inner-page-banner-section&#8221;][vc_row][vc_column][apress_heading sub_title=&#8221;Trasformatori di distribuzione in olio Swiss Made&#8221; content_alignment=&#8221;left&#8221; data_animation=&#8221;fadeInRight&#8221; enable_delimiter=&#8221;&#8221; style=&#8221;heading_style1&#8243; title_font_options=&#8221;tag:h1&#8243; subtitle_font_options=&#8221;tag:div&#8221;]Rauscher &amp; Stoecklin Svizzera[\/apress_heading][\/vc_column][\/vc_row][\/vc_section][vc_row css=&#8221;.vc_custom_1754110673091{padding-top: 80px !important;padding-bottom: 80px !important;}&#8221;][vc_column apress_zindex=&#8221;9&#8243; el_class=&#8221;custom_sidebar high_zIndex&#8221;][apress_heading sub_title=&#8221;&#8221; content_alignment=&#8221;left&#8221;&hellip;<\/p>\n","protected":false},"author":14,"featured_media":0,"parent":8345,"menu_order":0,"comment_status":"closed","ping_status":"closed","template":"template-fullwidth-page.php","meta":{"_acf_changed":false,"_monsterinsights_skip_tracking":false,"_monsterinsights_sitenote_active":false,"_monsterinsights_sitenote_note":"","_monsterinsights_sitenote_category":0,"footnotes":""},"class_list":["post-31232","page","type-page","status-publish","hentry"],"acf":[],"_links":{"self":[{"href":"https:\/\/the-rsgroup.com\/it\/wp-json\/wp\/v2\/pages\/31232","targetHints":{"allow":["GET"]}}],"collection":[{"href":"https:\/\/the-rsgroup.com\/it\/wp-json\/wp\/v2\/pages"}],"about":[{"href":"https:\/\/the-rsgroup.com\/it\/wp-json\/wp\/v2\/types\/page"}],"author":[{"embeddable":true,"href":"https:\/\/the-rsgroup.com\/it\/wp-json\/wp\/v2\/users\/14"}],"replies":[{"embeddable":true,"href":"https:\/\/the-rsgroup.com\/it\/wp-json\/wp\/v2\/comments?post=31232"}],"version-history":[{"count":5,"href":"https:\/\/the-rsgroup.com\/it\/wp-json\/wp\/v2\/pages\/31232\/revisions"}],"predecessor-version":[{"id":31431,"href":"https:\/\/the-rsgroup.com\/it\/wp-json\/wp\/v2\/pages\/31232\/revisions\/31431"}],"up":[{"embeddable":true,"href":"https:\/\/the-rsgroup.com\/it\/wp-json\/wp\/v2\/pages\/8345"}],"wp:attachment":[{"href":"https:\/\/the-rsgroup.com\/it\/wp-json\/wp\/v2\/media?parent=31232"}],"curies":[{"name":"wp","href":"https:\/\/api.w.org\/{rel}","templated":true}]}}