{"id":8023,"date":"2020-01-30T10:00:24","date_gmt":"2020-01-30T10:00:24","guid":{"rendered":"http:\/\/the-rsgroup.com\/chi-siamo"},"modified":"2026-01-15T13:41:54","modified_gmt":"2026-01-15T13:41:54","slug":"chi-siamo","status":"publish","type":"page","link":"https:\/\/the-rsgroup.com\/it\/riguardo-a-noi\/chi-siamo\/","title":{"rendered":"Chi siamo"},"content":{"rendered":"<div class=\"wpb-content-wrapper\"><p>[vc_section full_width=&#8221;stretch_row&#8221; content_placement=&#8221;middle&#8221; min_height=&#8221;480&#8243; css=&#8221;.vc_custom_1759580409226{background-image: url(https:\/\/the-rsgroup.com\/wp-content\/uploads\/2019\/11\/DSC01021_smaller-scaled.jpg?id=3941) !important;background-position: center !important;background-repeat: no-repeat !important;background-size: cover !important;}&#8221; el_class=&#8221;inner-page-banner-section&#8221;][vc_row][vc_column][apress_heading sub_title=&#8221;Un Gruppo forte con una bruciante ambizione&#8221; content_alignment=&#8221;left&#8221; data_animation=&#8221;fadeInRight&#8221; enable_delimiter=&#8221;&#8221; style=&#8221;heading_style1&#8243; title_font_options=&#8221;tag:h1&#8243; subtitle_font_options=&#8221;tag:div&#8221;]Chi siamo[\/apress_heading][\/vc_column][\/vc_row][\/vc_section][vc_row css=&#8221;.vc_custom_1754312742321{padding-top: 80px !important;padding-bottom: 50px !important;}&#8221;][vc_column apress_zindex=&#8221;9&#8243; css=&#8221;.vc_custom_1702308806458{padding-top: 0px !important;padding-bottom: 0px !important;}&#8221; el_class=&#8221;custom_sidebar high_zIndex&#8221;][apress_heading sub_title=&#8221;&#8221; content_alignment=&#8221;left&#8221; enable_delimiter=&#8221;&#8221; color_scheme=&#8221;color_scheme1&#8243; style=&#8221;heading_style6&#8243; title_font_options=&#8221;tag:h2|letter_spacing:0&#8243; subtitle_font_options=&#8221;tag:div|letter_spacing:3&#8243; heading_margin=&#8221;margin-top:10|margin-bottom:30&#8243; class=&#8221;h2-heading-custom&#8221;]Garantiamo che l&#8217;energia \u00e8 sinonimo di:<br \/>\nQualit\u00e0. Flessibilit\u00e0. Disponibilit\u00e0.[\/apress_heading][vc_column_text css=&#8221;&#8221;]Il gruppo R&amp;S offre trasformatori affidabili per infrastrutture elettriche per mercati di nicchia in tutto il mondo. Con la promessa &#8220;Garantiamo energia&#8221; non siamo solo sinonimo di innovazione tecnologica, ma anche di precisione, di qualit\u00e0 svizzera, e dibrevi processi decisionali e elevata flessibilit\u00e0. I nostri clienti beneficiano di una combinazione unica di servizi globali Competenza e presenza locale, supportate da gerarchie piatte e forti con comprovata conoscenza del mercato.<br \/>\nLa nostra gamma di prodotti comprende trasformatori di potenza, trasformatori immersi in olio, trasformatori di distribuzione, trasformatori in resina e altri componenti elettrici.<\/p>\n<h4>Guarda qui il nostro <a href=\"https:\/\/youtu.be\/N1Vwf2dyFUE\" target=\"_blank\" rel=\"noopener\">filmato<\/a> aziendale e scopri di pi\u00f9.<\/h4>\n<p>[\/vc_column_text][\/vc_column][\/vc_row][vc_row full_width=&#8221;stretch_row&#8221; equal_height=&#8221;yes&#8221; css=&#8221;.vc_custom_1754366812779{padding-bottom: 0px !important;}&#8221;][vc_column][vc_row_inner equal_height=&#8221;yes&#8221; gap=&#8221;35&#8243; el_class=&#8221;looking-trend-section&#8221;][vc_column_inner el_class=&#8221;custom_sidebar&#8221;][apress_gradient_icon_box icon_alignment=&#8221;left&#8221; description=&#8221;&#8221; box_bg_color=&#8221;&#8221; color_scheme=&#8221;gradient_scheme1&#8243; highlight_border_width=&#8221;0&#8243; highlight_border_color=&#8221;&#8221; border_hover_color_scheme=&#8221;gradient_scheme1&#8243; box_hover_shadow=&#8221;box_shadow_enable:disable|shadow_horizontal:0|shadow_vertical:7|shadow_blur:90|shadow_spread:-38|box_shadow_color:rgba(0%2C0%2C0%2C0.1)&#8221; icon_type=&#8221;image&#8221; icon_image=&#8221;22536&#8243; gradient_icon_size=&#8221;80&#8243; style=&#8221;iconbox_style8&#8243; title_font_options=&#8221;tag:h5&#8243; class=&#8221;no-padding&#8221;]<\/p>\n<h3>La nostra missione<\/h3>\n<p>L&#8217;energia elettrica alimenta le nostre societ\u00e0 moderne e la transizione energetica sta cambiando le reti elettriche , le infrastrutture e le strategie di fornitura in tutto il mondo: richiede nuove risposte in termini di efficienza, flessibilit\u00e0 , stabilit\u00e0 della rete e sicurezza dell&#8217;approvvigionamento.<\/p>\n<p>Il nostro obiettivo \u00e8 garantire energia offrendo ai nostri clienti un portafoglio prodotti affidabile, ai nostri dipendenti un ambiente di lavoro stimolante e ai nostri azionisti una creazione di valore costante.<br \/>\nLa nostra missione \u00e8 chiaramente dichiarata:<br \/>\n\u2022 I clienti ricevono la massima qualit\u00e0 del prodotto nei tempi previsti e in modo affidabile.<br \/>\n\u2022 Offriamo ai dipendenti un ambiente di lavoro internazionale e stimolante.<br \/>\n\u2022 Gli azionisti beneficiano di una creazione di valore sostenibile e stabile.[\/apress_gradient_icon_box][\/vc_column_inner][\/vc_row_inner][\/vc_column][\/vc_row][vc_row full_width=&#8221;stretch_row&#8221; equal_height=&#8221;yes&#8221; css=&#8221;.vc_custom_1754366823249{padding-top: 80px !important;padding-bottom: 0px !important;}&#8221;][vc_column][apress_heading sub_title=&#8221;&#8221; enable_delimiter=&#8221;&#8221; color_scheme=&#8221;color_scheme2&#8243; style=&#8221;heading_style5&#8243; title_font_options=&#8221;tag:h2|letter_spacing:0&#8243; subtitle_font_options=&#8221;tag:div|letter_spacing:3&#8243; heading_margin=&#8221;margin-top:10|margin-bottom:30&#8243;]Dati e cifre chiave[\/apress_heading]<div class=\"ult-spacer spacer-69e9daf98015a\" data-id=\"69e9daf98015a\" data-height=\"30\" data-height-mobile=\"30\" data-height-tab=\"30\" data-height-tab-portrait=\"\" data-height-mobile-landscape=\"\" style=\"clear:both;display:block;\"><\/div>[vc_row_inner equal_height=&#8221;yes&#8221; gap=&#8221;35&#8243; el_class=&#8221;benefits-column-row&#8221;][vc_column_inner el_class=&#8221;custom_sidebar&#8221; width=&#8221;1\/3&#8243;][apress_gradient_icon_box description=&#8221;&#8221; box_bg_color=&#8221;&#8221; color_scheme=&#8221;gradient_scheme1&#8243; highlight_border_width=&#8221;0&#8243; highlight_border_color=&#8221;#ffffff&#8221; border_hover_color_scheme=&#8221;gradient_scheme1&#8243; box_hover_shadow=&#8221;box_shadow_enable:disable|shadow_horizontal:0|shadow_vertical:7|shadow_blur:90|shadow_spread:-38|box_shadow_color:rgba(0%2C0%2C0%2C0.1)&#8221; box_top_padding=&#8221;&#8221; box_right_padding=&#8221;&#8221; box_bottom_padding=&#8221;&#8221; box_left_padding=&#8221;&#8221; icon_type=&#8221;image&#8221; icon_image=&#8221;22549&#8243; gradient_icon_size=&#8221;70&#8243; style=&#8221;iconbox_style8&#8243; title_font_options=&#8221;tag:h5&#8243; class=&#8221;no-padding&#8221;]Sede centrale: Sissach, Svizzera[\/apress_gradient_icon_box][vc_column_text css=&#8221;&#8221;]Con radici in Svizzera, di casa in Europa:<br \/>\nLa nostra tradizione \u00e8 sinonimo di valori quali qualit\u00e0, affidabilit\u00e0 e rispetto delle scadenze. Allo stesso tempo, li combiniamo con la diversit\u00e0 e la forza innovativa dei nostri diversi siti produttivi europei.[\/vc_column_text][\/vc_column_inner][vc_column_inner el_class=&#8221;custom_sidebar&#8221; width=&#8221;1\/3&#8243;][apress_gradient_icon_box description=&#8221;La nostra reputazione di azienda leader nella produzione di prodotti per la tecnologia energetica si basa sulla profonda competenza dei nostri team impegnati a livello globale, provenienti da diversi paesi e discipline.&#8221; box_bg_color=&#8221;&#8221; color_scheme=&#8221;gradient_scheme1&#8243; highlight_border_width=&#8221;0&#8243; highlight_border_color=&#8221;#ffffff&#8221; border_hover_color_scheme=&#8221;gradient_scheme1&#8243; box_hover_shadow=&#8221;box_shadow_enable:disable|shadow_horizontal:0|shadow_vertical:7|shadow_blur:90|shadow_spread:-38|box_shadow_color:rgba(0%2C0%2C0%2C0.1)&#8221; box_top_padding=&#8221;&#8221; box_right_padding=&#8221;&#8221; box_bottom_padding=&#8221;&#8221; box_left_padding=&#8221;&#8221; icon_type=&#8221;image&#8221; icon_image=&#8221;22555&#8243; gradient_icon_size=&#8221;70&#8243; style=&#8221;iconbox_style8&#8243; title_font_options=&#8221;tag:h5&#8243; class=&#8221;no-padding&#8221;]Numero di dipendenti: oltre 1.000 dipendenti in tutto il mondo con elevati livelli di competenza tecnica.[\/apress_gradient_icon_box][\/vc_column_inner][vc_column_inner el_class=&#8221;custom_sidebar&#8221; width=&#8221;1\/3&#8243;][apress_gradient_icon_box description=&#8221;Il nostro modello di vendita si basa su processi decisionali brevi, gerarchie piatte e il principio &#8220;un solo volto per il cliente&#8220;. Consideriamo le garanzie non solo come una promessa di prodotto, ma come un impegno nei confronti dei nostri clienti.&#8221; box_bg_color=&#8221;&#8221; color_scheme=&#8221;gradient_scheme1&#8243; highlight_border_width=&#8221;0&#8243; highlight_border_color=&#8221;#ffffff&#8221; border_hover_color_scheme=&#8221;gradient_scheme1&#8243; box_hover_shadow=&#8221;box_shadow_enable:disable|shadow_horizontal:0|shadow_vertical:7|shadow_blur:90|shadow_spread:-38|box_shadow_color:rgba(0%2C0%2C0%2C0.1)&#8221; box_top_padding=&#8221;&#8221; box_right_padding=&#8221;&#8221; box_bottom_padding=&#8221;&#8221; box_left_padding=&#8221;&#8221; icon_type=&#8221;image&#8221; icon_image=&#8221;21996&#8243; gradient_icon_size=&#8221;70&#8243; style=&#8221;iconbox_style8&#8243; title_font_options=&#8221;tag:h5&#8243; class=&#8221;no-padding&#8221;]Vendite: personalizzate, affidabili, rapide[\/apress_gradient_icon_box][\/vc_column_inner][\/vc_row_inner][vc_row_inner equal_height=&#8221;yes&#8221; gap=&#8221;35&#8243; el_class=&#8221;benefits-column-row&#8221;][vc_column_inner el_class=&#8221;custom_sidebar&#8221; width=&#8221;1\/3&#8243;][apress_gradient_icon_box description=&#8221;prodotti di tecnologia energetica con oltre 50 partner in pi\u00f9 di 75 paesi, otto siti produttivi e dieci uffici commerciali internazionali.&#8221; box_bg_color=&#8221;&#8221; color_scheme=&#8221;gradient_scheme1&#8243; highlight_border_width=&#8221;0&#8243; highlight_border_color=&#8221;#ffffff&#8221; border_hover_color_scheme=&#8221;gradient_scheme1&#8243; box_hover_shadow=&#8221;box_shadow_enable:disable|shadow_horizontal:0|shadow_vertical:7|shadow_blur:90|shadow_spread:-38|box_shadow_color:rgba(0%2C0%2C0%2C0.1)&#8221; box_top_padding=&#8221;&#8221; box_right_padding=&#8221;&#8221; box_bottom_padding=&#8221;&#8221; box_left_padding=&#8221;&#8221; icon_type=&#8221;image&#8221; icon_image=&#8221;22561&#8243; gradient_icon_size=&#8221;70&#8243; style=&#8221;iconbox_style8&#8243; title_font_options=&#8221;tag:h5&#8243; class=&#8221;no-padding&#8221;]Presenza globale:[\/apress_gradient_icon_box][\/vc_column_inner][vc_column_inner el_class=&#8221;custom_sidebar&#8221; width=&#8221;1\/3&#8243;][apress_gradient_icon_box description=&#8221;&#8221; box_bg_color=&#8221;&#8221; color_scheme=&#8221;gradient_scheme1&#8243; highlight_border_width=&#8221;0&#8243; highlight_border_color=&#8221;#ffffff&#8221; border_hover_color_scheme=&#8221;gradient_scheme1&#8243; box_hover_shadow=&#8221;box_shadow_enable:disable|shadow_horizontal:0|shadow_vertical:7|shadow_blur:90|shadow_spread:-38|box_shadow_color:rgba(0%2C0%2C0%2C0.1)&#8221; box_top_padding=&#8221;&#8221; box_right_padding=&#8221;&#8221; box_bottom_padding=&#8221;&#8221; box_left_padding=&#8221;&#8221; icon_type=&#8221;image&#8221; icon_image=&#8221;22008&#8243; gradient_icon_size=&#8221;70&#8243; style=&#8221;iconbox_style8&#8243; title_font_options=&#8221;tag:h5&#8243; class=&#8221;no-padding&#8221;]Vendite ed EBIT:[\/apress_gradient_icon_box][vc_column_text css=&#8221;&#8221;]Vendite (a giugno 2025): CHF 206,3 milioni<br data-start=\"300\" data-end=\"303\" \/>Obiettivo EBITDA (a dicembre 2025): 19%\u201321%[\/vc_column_text][\/vc_column_inner][vc_column_inner el_class=&#8221;custom_sidebar&#8221; width=&#8221;1\/3&#8243;][apress_gradient_icon_box description=&#8221;le aziende del gruppo R&amp;S vantano oltre 200 anni di esperienza complessiva nel tecnologia energetica.&#8221; box_bg_color=&#8221;&#8221; color_scheme=&#8221;gradient_scheme1&#8243; highlight_border_width=&#8221;0&#8243; highlight_border_color=&#8221;#ffffff&#8221; border_hover_color_scheme=&#8221;gradient_scheme1&#8243; box_hover_shadow=&#8221;box_shadow_enable:disable|shadow_horizontal:0|shadow_vertical:7|shadow_blur:90|shadow_spread:-38|box_shadow_color:rgba(0%2C0%2C0%2C0.1)&#8221; box_top_padding=&#8221;&#8221; box_right_padding=&#8221;&#8221; box_bottom_padding=&#8221;&#8221; box_left_padding=&#8221;&#8221; icon_type=&#8221;image&#8221; icon_image=&#8221;22567&#8243; gradient_icon_size=&#8221;70&#8243; style=&#8221;iconbox_style8&#8243; title_font_options=&#8221;tag:h5&#8243; class=&#8221;no-padding&#8221;]Esperienza nel settore:[\/apress_gradient_icon_box][\/vc_column_inner][\/vc_row_inner][\/vc_column][\/vc_row][vc_row apress_enable_row_overlay=&#8221;&#8221; css=&#8221;.vc_custom_1702468779566{padding-top: 60px !important;padding-bottom: 40px !important;background-position: center !important;background-repeat: no-repeat !important;background-size: cover !important;}&#8221; el_class=&#8221;history&#8221;][vc_column][vc_row_inner gap=&#8221;20&#8243;][vc_column_inner][apress_heading sub_title=&#8221;&#8221; enable_delimiter=&#8221;&#8221; color_scheme=&#8221;color_scheme1&#8243; style=&#8221;heading_style5&#8243; title_font_options=&#8221;tag:h2|letter_spacing:0&#8243; subtitle_font_options=&#8221;tag:div|letter_spacing:3&#8243; heading_margin=&#8221;margin-top:10|margin-bottom:30&#8243;]Pietre miliari nella storia della nostra azienda[\/apress_heading]\t\t\t<!-- Cool Timeline Free V3.2 -->\n\t\t\t<div class=\"ctl-wrapper\" role=\"region\" aria-label=\"Timeline\">\n\t\t\t\t\t\t\t\t<div id=\"cool_timeline_1\" class=\"cool-timeline-wrapper ctl-one-sided ctl-vertical-wrapper\" >\n\t\t\t\t\t<div class=\"ctl-start\"><\/div>\n\t\t\t\t\t<!-- Timeline Container -->\n\t\t\t\t\t<div class=\"ctl-timeline ctl-timeline-container\" data-animation=\"fadeInUp\">\n\t\t\t\t\t\t<!-- Center Line -->\n\t\t\t\t\t\t<div class=\"ctl-inner-line\" role=\"presentation\"><\/div>\n\t\t\t\t\t\t<!-- Story Year Section --><div data-cls=\"sc-nv-light vertical\" class=\"timeline-year scrollable-section ctl-year ctl-year-container light-year\" data-section-title=\"2024\" id=\"year-2024\"><div class=\"ctl-year-label ctl-year-text\"><span>2024<\/span><\/div><\/div><!-- Timeline Content --><div  id=\"ctl-story-24233\" class=\"ctl-story ctl-story-dot-icon odd ctl-story-right\" data-aos=\"fadeInUp\"   data-story-index=\"1\" role=\"article\"><!-- Story Date --><div class=\"ctl-labels\"><div class=\"ctl-label-big story-date\">2024<\/div><\/div><!-- Story IconDot --><div class=\"ctl-icondot\"><\/div> <!-- Story Arrow --><div class=\"ctl-arrow\"><\/div><!-- Story Content --><div class=\"ctl-content\"><!-- Story Title --><div class=\"ctl-title story-24233\" aria-label=\"2\">8<\/div><!-- Story Description --><div class=\"ctl-description\"><p>Acquisizione di Kyte Powertech Ltd. (Irlanda), azienda specializzata in trasformatori di distribuzione.<\/p>\n<\/div><\/div><\/div><!-- Story Year Section --><div data-cls=\"sc-nv-light vertical\" class=\"timeline-year scrollable-section ctl-year ctl-year-container light-year\" data-section-title=\"2023\" id=\"year-2023\"><div class=\"ctl-year-label ctl-year-text\"><span>2023<\/span><\/div><\/div><!-- Timeline Content --><div  id=\"ctl-story-24223\" class=\"ctl-story ctl-story-dot-icon even ctl-story-right\" data-aos=\"fadeInUp\"   data-story-index=\"2\" role=\"article\"><!-- Story Date --><div class=\"ctl-labels\"><div class=\"ctl-label-big story-date\">2023<\/div><\/div><!-- Story IconDot --><div class=\"ctl-icondot\"><\/div> <!-- Story Arrow --><div class=\"ctl-arrow\"><\/div><!-- Story Content --><div class=\"ctl-content\"><!-- Story Title --><div class=\"ctl-title story-24223\" aria-label=\"2\">7<\/div><!-- Story Description --><div class=\"ctl-description\"><p>IPO alla borsa svizzera SIX.<\/p>\n<\/div><\/div><\/div><!-- Story Year Section --><div data-cls=\"sc-nv-light vertical\" class=\"timeline-year scrollable-section ctl-year ctl-year-container light-year\" data-section-title=\"2020\" id=\"year-2020\"><div class=\"ctl-year-label ctl-year-text\"><span>2020<\/span><\/div><\/div><!-- Timeline Content --><div  id=\"ctl-story-24216\" class=\"ctl-story ctl-story-dot-icon odd ctl-story-right\" data-aos=\"fadeInUp\"   data-story-index=\"3\" role=\"article\"><!-- Story Date --><div class=\"ctl-labels\"><div class=\"ctl-label-big story-date\">2020<\/div><\/div><!-- Story IconDot --><div class=\"ctl-icondot\"><\/div> <!-- Story Arrow --><div class=\"ctl-arrow\"><\/div><!-- Story Content --><div class=\"ctl-content\"><!-- Story Title --><div class=\"ctl-title story-24216\" aria-label=\"2\">6<\/div><!-- Story Description --><div class=\"ctl-description\"><p>Introduzione della nuova promessa del marchio &#8220;Garantiamo energia&#8221; per un chiaro orientamento al cliente e un&#8217;identit\u00e0 di gruppo coerente.<\/p>\n<\/div><\/div><\/div><!-- Story Year Section --><div data-cls=\"sc-nv-light vertical\" class=\"timeline-year scrollable-section ctl-year ctl-year-container light-year\" data-section-title=\"2017\" id=\"year-2017\"><div class=\"ctl-year-label ctl-year-text\"><span>2017<\/span><\/div><\/div><!-- Timeline Content --><div  id=\"ctl-story-24208\" class=\"ctl-story ctl-story-dot-icon even ctl-story-right\" data-aos=\"fadeInUp\"   data-story-index=\"4\" role=\"article\"><!-- Story Date --><div class=\"ctl-labels\"><div class=\"ctl-label-big story-date\">2017<\/div><\/div><!-- Story IconDot --><div class=\"ctl-icondot\"><\/div> <!-- Story Arrow --><div class=\"ctl-arrow\"><\/div><!-- Story Content --><div class=\"ctl-content\"><!-- Story Title --><div class=\"ctl-title story-24208\" aria-label=\"2\">5<\/div><!-- Story Description --><div class=\"ctl-description\"><p>Vision definita come fornitore leader di prodotti per infrastrutture elettriche di alta qualit\u00e0.<\/p>\n<\/div><\/div><\/div><!-- Story Year Section --><div data-cls=\"sc-nv-light vertical\" class=\"timeline-year scrollable-section ctl-year ctl-year-container light-year\" data-section-title=\"2016\" id=\"year-2016\"><div class=\"ctl-year-label ctl-year-text\"><span>2016<\/span><\/div><\/div><!-- Timeline Content --><div  id=\"ctl-story-24200\" class=\"ctl-story ctl-story-dot-icon odd ctl-story-right\" data-aos=\"fadeInUp\"   data-story-index=\"5\" role=\"article\"><!-- Story Date --><div class=\"ctl-labels\"><div class=\"ctl-label-big story-date\">2016<\/div><\/div><!-- Story IconDot --><div class=\"ctl-icondot\"><\/div> <!-- Story Arrow --><div class=\"ctl-arrow\"><\/div><!-- Story Content --><div class=\"ctl-content\"><!-- Story Title --><div class=\"ctl-title story-24200\" aria-label=\"2\">4<\/div><!-- Story Description --><div class=\"ctl-description\"><p>Acquisizione del produttore italiano Tesar (trasformatori in resina, trasformatori di misura) con siti produttivi in Italia, Polonia ed Emirati Arabi Uniti.<\/p>\n<\/div><\/div><\/div><!-- Story Year Section --><div data-cls=\"sc-nv-light vertical\" class=\"timeline-year scrollable-section ctl-year ctl-year-container light-year\" data-section-title=\"2015\" id=\"year-2015\"><div class=\"ctl-year-label ctl-year-text\"><span>2015<\/span><\/div><\/div><!-- Timeline Content --><div  id=\"ctl-story-24191\" class=\"ctl-story ctl-story-dot-icon even ctl-story-right\" data-aos=\"fadeInUp\"   data-story-index=\"6\" role=\"article\"><!-- Story Date --><div class=\"ctl-labels\"><div class=\"ctl-label-big story-date\">2015<\/div><\/div><!-- Story IconDot --><div class=\"ctl-icondot\"><\/div> <!-- Story Arrow --><div class=\"ctl-arrow\"><\/div><!-- Story Content --><div class=\"ctl-content\"><!-- Story Title --><div class=\"ctl-title story-24191\" aria-label=\"2\">3<\/div><!-- Story Description --><div class=\"ctl-description\"><p>Integrazione di ZREW (Polonia), specializzata in trasformatori di potenza.<\/p>\n<\/div><\/div><\/div><!-- Story Year Section --><div data-cls=\"sc-nv-light vertical\" class=\"timeline-year scrollable-section ctl-year ctl-year-container light-year\" data-section-title=\"2014\" id=\"year-2014\"><div class=\"ctl-year-label ctl-year-text\"><span>2014<\/span><\/div><\/div><!-- Timeline Content --><div  id=\"ctl-story-24178\" class=\"ctl-story ctl-story-dot-icon odd ctl-story-right\" data-aos=\"fadeInUp\"   data-story-index=\"7\" role=\"article\"><!-- Story Date --><div class=\"ctl-labels\"><div class=\"ctl-label-big story-date\">2014<\/div><\/div><!-- Story IconDot --><div class=\"ctl-icondot\"><\/div> <!-- Story Arrow --><div class=\"ctl-arrow\"><\/div><!-- Story Content --><div class=\"ctl-content\"><!-- Story Title --><div class=\"ctl-title story-24178\" aria-label=\"2\">2<\/div><!-- Story Description --><div class=\"ctl-description\"><p>Acquisizione di SERW (Repubblica Ceca), azienda specializzata in interruttori di media e alta tensione.<\/p>\n<\/div><\/div><\/div><!-- Story Year Section --><div data-cls=\"sc-nv-light vertical\" class=\"timeline-year scrollable-section ctl-year ctl-year-container light-year\" data-section-title=\"2012\" id=\"year-2012\"><div class=\"ctl-year-label ctl-year-text\"><span>2012<\/span><\/div><\/div><!-- Timeline Content --><div  id=\"ctl-story-24170\" class=\"ctl-story ctl-story-dot-icon even ctl-story-right\" data-aos=\"fadeInUp\"   data-story-index=\"8\" role=\"article\"><!-- Story Date --><div class=\"ctl-labels\"><div class=\"ctl-label-big story-date\">2012<\/div><\/div><!-- Story IconDot --><div class=\"ctl-icondot\"><\/div> <!-- Story Arrow --><div class=\"ctl-arrow\"><\/div><!-- Story Content --><div class=\"ctl-content\"><!-- Story Title --><div class=\"ctl-title story-24170\" aria-label=\"2\">1<\/div><!-- Story Description --><div class=\"ctl-description\"><p>Fondazione dell&#8217;attuale gruppo R&amp;S mediante l&#8217;acquisizione della tradizionale azienda svizzera Rauscher &amp; Stoecklin, specializzata in trasformatori di distribuzione in olio e componenti elettrici.<\/p>\n<\/div><\/div><\/div>\t\t\t\t\t<\/div>\n\t\t\t\t\t<div class=\"ctl-end\"><\/div>\n\t\t\t\t\t\t\t\t\t<\/div>\n\t\t\t<\/div>\n\t\t\t[\/vc_column_inner][\/vc_row_inner][\/vc_column][\/vc_row][vc_row apress_enable_row_overlay=&#8221;&#8221; css=&#8221;.vc_custom_1702468668816{padding-bottom: 50px !important;background-position: center !important;background-repeat: no-repeat !important;background-size: cover !important;}&#8221; el_class=&#8221;map-row&#8221;][vc_column css=&#8221;.vc_custom_1570530079001{margin-bottom: 0px !important;}&#8221;][apress_heading sub_title=&#8221;&#8221; enable_delimiter=&#8221;&#8221; color_scheme=&#8221;color_scheme1&#8243; style=&#8221;heading_style1&#8243; title_font_options=&#8221;tag:h2|font_size:35|line_height:50|letter_spacing:1&#8243; subtitle_font_options=&#8221;tag:div&#8221; subheading_margin=&#8221;margin-bottom:70&#8243;]Sedi[\/apress_heading]<div class=\"ult-spacer spacer-69e9daf9873f8\" data-id=\"69e9daf9873f8\" data-height=\"30\" data-height-mobile=\"30\" data-height-tab=\"30\" data-height-tab-portrait=\"\" data-height-mobile-landscape=\"\" style=\"clear:both;display:block;\"><\/div><div class=\"ult-spacer spacer-69e9daf98745c\" data-id=\"69e9daf98745c\" data-height=\"30\" data-height-mobile=\"30\" data-height-tab=\"30\" data-height-tab-portrait=\"\" data-height-mobile-landscape=\"\" style=\"clear:both;display:block;\"><\/div>[vc_column_text css=&#8221;.vc_custom_1758776673104{margin-bottom: 0px !important;}&#8221;]<div id=\"mapsvg-9118\" data-id=\"9118\" class=\"mapsvg\" data-autoload=\"true\" data-load-db=\"true\" data-loading-text=\"Loading map...\" style=\"width: 100%; height: 0; padding-bottom: 48.68%\"><\/div>[\/vc_column_text][\/vc_column][\/vc_row]<\/p>\n<\/div>","protected":false},"excerpt":{"rendered":"<p>[vc_section full_width=&#8221;stretch_row&#8221; content_placement=&#8221;middle&#8221; min_height=&#8221;480&#8243; css=&#8221;.vc_custom_1759580409226{background-image: url(https:\/\/the-rsgroup.com\/wp-content\/uploads\/2019\/11\/DSC01021_smaller-scaled.jpg?id=3941) !important;background-position: center !important;background-repeat: no-repeat !important;background-size: cover !important;}&#8221; el_class=&#8221;inner-page-banner-section&#8221;][vc_row][vc_column][apress_heading sub_title=&#8221;Un Gruppo forte con una bruciante ambizione&#8221; content_alignment=&#8221;left&#8221; data_animation=&#8221;fadeInRight&#8221; enable_delimiter=&#8221;&#8221; style=&#8221;heading_style1&#8243; title_font_options=&#8221;tag:h1&#8243; subtitle_font_options=&#8221;tag:div&#8221;]Chi siamo[\/apress_heading][\/vc_column][\/vc_row][\/vc_section][vc_row css=&#8221;.vc_custom_1754312742321{padding-top: 80px !important;padding-bottom: 50px !important;}&#8221;][vc_column apress_zindex=&#8221;9&#8243; css=&#8221;.vc_custom_1702308806458{padding-top: 0px !important;padding-bottom: 0px !important;}&#8221; el_class=&#8221;custom_sidebar&hellip;<\/p>\n","protected":false},"author":5,"featured_media":0,"parent":8013,"menu_order":0,"comment_status":"closed","ping_status":"closed","template":"template-fullwidth-page.php","meta":{"_acf_changed":false,"_monsterinsights_skip_tracking":false,"_monsterinsights_sitenote_active":false,"_monsterinsights_sitenote_note":"","_monsterinsights_sitenote_category":0,"footnotes":""},"class_list":["post-8023","page","type-page","status-publish","hentry"],"acf":[],"_links":{"self":[{"href":"https:\/\/the-rsgroup.com\/it\/wp-json\/wp\/v2\/pages\/8023","targetHints":{"allow":["GET"]}}],"collection":[{"href":"https:\/\/the-rsgroup.com\/it\/wp-json\/wp\/v2\/pages"}],"about":[{"href":"https:\/\/the-rsgroup.com\/it\/wp-json\/wp\/v2\/types\/page"}],"author":[{"embeddable":true,"href":"https:\/\/the-rsgroup.com\/it\/wp-json\/wp\/v2\/users\/5"}],"replies":[{"embeddable":true,"href":"https:\/\/the-rsgroup.com\/it\/wp-json\/wp\/v2\/comments?post=8023"}],"version-history":[{"count":36,"href":"https:\/\/the-rsgroup.com\/it\/wp-json\/wp\/v2\/pages\/8023\/revisions"}],"predecessor-version":[{"id":35753,"href":"https:\/\/the-rsgroup.com\/it\/wp-json\/wp\/v2\/pages\/8023\/revisions\/35753"}],"up":[{"embeddable":true,"href":"https:\/\/the-rsgroup.com\/it\/wp-json\/wp\/v2\/pages\/8013"}],"wp:attachment":[{"href":"https:\/\/the-rsgroup.com\/it\/wp-json\/wp\/v2\/media?parent=8023"}],"curies":[{"name":"wp","href":"https:\/\/api.w.org\/{rel}","templated":true}]}}