{"id":8053,"date":"2020-01-30T10:40:36","date_gmt":"2020-01-30T10:40:36","guid":{"rendered":"http:\/\/the-rsgroup.com\/lavora-con-noi\/lavorare-in-rs"},"modified":"2025-11-18T11:00:47","modified_gmt":"2025-11-18T11:00:47","slug":"lavorare-in-rs","status":"publish","type":"page","link":"https:\/\/the-rsgroup.com\/it\/lavora-con-noi\/lavorare-in-rs\/","title":{"rendered":"Lavorare in R&#038;S"},"content":{"rendered":"<div class=\"wpb-content-wrapper\"><p>[vc_section full_width=&#8221;stretch_row&#8221; content_placement=&#8221;middle&#8221; min_height=&#8221;480&#8243; css=&#8221;.vc_custom_1759585488217{background-image: url(https:\/\/the-rsgroup.com\/wp-content\/uploads\/2019\/12\/rs-employees-communicating.jpg?id=5076) !important;background-position: center !important;background-repeat: no-repeat !important;background-size: cover !important;}&#8221; el_class=&#8221;inner-page-banner-section&#8221;][vc_row][vc_column][apress_heading sub_title=&#8221;Supportiamo la diversit\u00e0&#8221; content_alignment=&#8221;left&#8221; data_animation=&#8221;fadeInRight&#8221; enable_delimiter=&#8221;&#8221; style=&#8221;heading_style1&#8243; title_font_options=&#8221;tag:h1&#8243; subtitle_font_options=&#8221;tag:div&#8221;]Lavorare in R&amp;S[\/apress_heading][\/vc_column][\/vc_row][\/vc_section][vc_row css=&#8221;.vc_custom_1754397038214{padding-top: 80px !important;padding-bottom: 80px !important;}&#8221;][vc_column apress_zindex=&#8221;9&#8243; css=&#8221;.vc_custom_1574377236432{background-color: #ffffff !important;}&#8221; el_class=&#8221;custom_sidebar high_zIndex&#8221;][apress_heading sub_title=&#8221;&#8221; content_alignment=&#8221;left&#8221; enable_delimiter=&#8221;&#8221; color_scheme=&#8221;color_scheme1&#8243; style=&#8221;heading_style6&#8243; title_font_options=&#8221;tag:h2|letter_spacing:0&#8243; subtitle_font_options=&#8221;tag:div|letter_spacing:3&#8243; heading_margin=&#8221;margin-top:10|margin-bottom:30&#8243; class=&#8221;h2-heading-custom&#8221;]Essendo un Gruppo internazionale, vogliamo rispettare ed offrire nel nostro ambiente di lavoro la stessa diversit\u00e0 esistente nel mondo.[\/apress_heading][vc_column_text]Non \u00e8 necessario conformarsi ad un determinato modello. Siamo un\u2019organizzazione intelligente, e sosteniamo una cultura che promuova l\u2019apprendimento e la condivisione continui.[\/vc_column_text][\/vc_column][\/vc_row][vc_row apcore_row_stretch_opt=&#8221;stretch_row_and_content&#8221; full_width=&#8221;stretch_row&#8221; equal_height=&#8221;yes&#8221; el_class=&#8221;full-width-half-content&#8221; css=&#8221;.vc_custom_1753947166731{padding-top: 0px !important;padding-bottom: 0px !important;}&#8221;][vc_column width=&#8221;1\/2&#8243;][vc_single_image image=&#8221;5256&#8243; img_size=&#8221;full&#8221; css=&#8221;.vc_custom_1754396698355{padding-top: 0px !important;padding-right: 0px !important;padding-bottom: 0px !important;padding-left: 0px !important;}&#8221;][\/vc_column][vc_column width=&#8221;1\/2&#8243; el_class=&#8221;half-content-column&#8221;][apress_heading sub_title=&#8221;&#8221; content_alignment=&#8221;left&#8221; enable_delimiter=&#8221;&#8221; color_scheme=&#8221;color_scheme2&#8243; style=&#8221;heading_style5&#8243; title_font_options=&#8221;tag:h2&#8243; subtitle_font_options=&#8221;tag:div&#8221; heading_margin=&#8221;margin-top:10|margin-bottom:30&#8243;]Punta pi\u00f9 in alto \u2013 ti aiutiamo a svilupparti![\/apress_heading]<div class=\"ult-spacer spacer-69ec942f7f3fd\" data-id=\"69ec942f7f3fd\" data-height=\"20\" data-height-mobile=\"20\" data-height-tab=\"20\" data-height-tab-portrait=\"\" data-height-mobile-landscape=\"\" style=\"clear:both;display:block;\"><\/div>[vc_column_text css=&#8221;&#8221;]Sappiamo che i nostri collaboratori sono il nostro capitale pi\u00f9 prezioso. Ecco perch\u00e9 li incoraggiamo a svilupparsi e a raggiungere i loro obiettivi personali. La nostra presenza internazionale ti consente di scegliere tra un ampio ventaglio di opportunit\u00e0 a livello globale.[\/vc_column_text][\/vc_column][\/vc_row][vc_row apcore_row_stretch_opt=&#8221;stretch_row_and_content&#8221; full_width=&#8221;stretch_row&#8221; equal_height=&#8221;yes&#8221; el_class=&#8221;full-width-half-content&#8221; css=&#8221;.vc_custom_1763463638399{padding-top: 0px !important;padding-bottom: 0px !important;}&#8221; el_id=&#8221;col-reverse&#8221;][vc_column width=&#8221;1\/2&#8243; el_class=&#8221;half-content-column&#8221;][apress_heading sub_title=&#8221;&#8221; content_alignment=&#8221;left&#8221; enable_delimiter=&#8221;&#8221; color_scheme=&#8221;color_scheme2&#8243; style=&#8221;heading_style5&#8243; title_font_options=&#8221;tag:h2&#8243; subtitle_font_options=&#8221;tag:div&#8221; heading_margin=&#8221;margin-top:10|margin-bottom:30&#8243;]Un clima lavorativo stimolante[\/apress_heading]<div class=\"ult-spacer spacer-69ec942f7f4d7\" data-id=\"69ec942f7f4d7\" data-height=\"20\" data-height-mobile=\"20\" data-height-tab=\"20\" data-height-tab-portrait=\"\" data-height-mobile-landscape=\"\" style=\"clear:both;display:block;\"><\/div>[vc_column_text css=&#8221;&#8221;]<\/p>\n<div class=\"zolo_heading_element zolo_heading_element_136283926768cd5e25eabd5 heading_style6 noanimation \" data-animation=\"No Animation\" data-delay=\"500\">\n<div class=\"zolo_heading_element_text\">\n<p>Un buon clima lavorativo \u00e8 indispensabile per la soddisfazione del personale. Tenendo regolarmente eventi, ad esempio corsi di cucina o iniziative come \u2018Cycle to work\u2019, favoriamo il mantenimento di un ambiente amichevole in cui si \u00e8 felici di lavorare, giorno dopo giorno. I nostri valori fondamentali garantiscono lo stesso livello per tutti:<\/p>\n<ul>\n<li>Collaborazione: reagiamo con grande rapidit\u00e0 alle esigenze della clientela, siamo organizzati in team, ci comportiamo con umilt\u00e0 e rispetto \u2013 e cerchiamo di elaborare soluzioni sempre migliori.<\/li>\n<li>Artigianalit\u00e0: sviluppiamo e realizziamo i nostri prodotti con passione e flessibilit\u00e0 per fornire un\u2019elevata qualit\u00e0 e l\u2019eccellenza tecnica.<\/li>\n<li>Affidabilit\u00e0: soddisfiamo le aspettative e manteniamo le promesse con la nostra condotta e i nostri prodotti.<\/li>\n<li>Integrit\u00e0: costruiamo la fiducia con l\u2019onest\u00e0 e la conformit\u00e0 in tutto quello che facciamo.<\/li>\n<li>Sostenibilit\u00e0: contribuiamo a rendere il mondo un posto migliore con la nostra grande consapevolezza nei confronti delle questioni ambientali e della sicurezza.<\/li>\n<\/ul>\n<\/div>\n<\/div>\n<p>[\/vc_column_text][\/vc_column][vc_column width=&#8221;1\/2&#8243;][vc_single_image image=&#8221;2938&#8243; img_size=&#8221;full&#8221; css=&#8221;.vc_custom_1754396780908{padding-top: 0px !important;padding-right: 0px !important;padding-bottom: 0px !important;padding-left: 0px !important;}&#8221;][\/vc_column][\/vc_row][vc_row apcore_row_stretch_opt=&#8221;stretch_row_and_content&#8221; full_width=&#8221;stretch_row&#8221; equal_height=&#8221;yes&#8221; el_class=&#8221;full-width-half-content&#8221; css=&#8221;.vc_custom_1753947166731{padding-top: 0px !important;padding-bottom: 0px !important;}&#8221;][vc_column width=&#8221;1\/2&#8243;][vc_single_image image=&#8221;2931&#8243; img_size=&#8221;full&#8221; css=&#8221;.vc_custom_1754396862401{padding-top: 0px !important;padding-right: 0px !important;padding-bottom: 0px !important;padding-left: 0px !important;}&#8221;][\/vc_column][vc_column width=&#8221;1\/2&#8243; el_class=&#8221;half-content-column&#8221;][apress_heading sub_title=&#8221;&#8221; content_alignment=&#8221;left&#8221; enable_delimiter=&#8221;&#8221; color_scheme=&#8221;color_scheme2&#8243; style=&#8221;heading_style5&#8243; title_font_options=&#8221;tag:h2&#8243; subtitle_font_options=&#8221;tag:div&#8221; heading_margin=&#8221;margin-top:10|margin-bottom:30&#8243;]Grandi opportunit\u00e0 per i giovani[\/apress_heading]<div class=\"ult-spacer spacer-69ec942f7f545\" data-id=\"69ec942f7f545\" data-height=\"20\" data-height-mobile=\"20\" data-height-tab=\"20\" data-height-tab-portrait=\"\" data-height-mobile-landscape=\"\" style=\"clear:both;display:block;\"><\/div>[vc_column_text css=&#8221;&#8221;]Vuoi mettere a frutto i tuoi studi? Offriamo un ambiente internazionale e una vasta gamma di posizioni aperte per studenti, laureati e apprendisti. Mostraci le tue potenzialit\u00e0, e sfrutta al massimo l\u2019occasione per aumentare le tue competenze e far crescere la tua rete con i professionisti di tutto il mondo. Noi di R&amp;S vogliamo imparare dalle tue idee fresche e innovative.[\/vc_column_text][\/vc_column][\/vc_row][vc_row full_width=&#8221;stretch_row&#8221; equal_height=&#8221;yes&#8221; css=&#8221;.vc_custom_1758288703995{padding-top: 80px !important;padding-bottom: 80px !important;background-color: #F2F2F2 !important;}&#8221; el_class=&#8221;testimonial-wrap&#8221;][vc_column centered_text=&#8221;true&#8221;][vc_row_inner gap=&#8221;30&#8243; el_class=&#8221;testimonial-wrap-row&#8221;][vc_column_inner width=&#8221;1\/6&#8243;][vc_single_image image=&#8221;21745&#8243; img_size=&#8221;full&#8221; alignment=&#8221;right&#8221; css=&#8221;&#8221;][\/vc_column_inner][vc_column_inner width=&#8221;5\/6&#8243;][vc_column_text css=&#8221;&#8221;]<\/p>\n<p class=\"quotation\">La variet\u00e0 del mio lavoro \u00e8 fantastica. Ho trascorso oltre quattro anni a Dubai, citt\u00e0 vibrante che offre moltissime opportunit\u00e0. Ora sono tornato in Italia, dove posso mettere in pratica le mie nuove abilit\u00e0 e svilupparmi ulteriormente. \u00c8 molto divertente!<\/p>\n<p><strong>Luca Procino \u2013 Area Sales Manager per il Medio Oriente<\/strong>[\/vc_column_text][\/vc_column_inner][\/vc_row_inner][vc_row_inner gap=&#8221;30&#8243; el_class=&#8221;testimonial-wrap-row&#8221; css=&#8221;.vc_custom_1754399966544{margin-top: 50px !important;}&#8221;][vc_column_inner width=&#8221;1\/6&#8243;][vc_single_image image=&#8221;21745&#8243; img_size=&#8221;full&#8221; alignment=&#8221;right&#8221; css=&#8221;&#8221;][\/vc_column_inner][vc_column_inner width=&#8221;5\/6&#8243;][vc_column_text css=&#8221;&#8221;]<\/p>\n<p class=\"quotation\">Il supporto completo che ricevo dal supervisore e dai colleghi mi consente non solo di acquisire conoscenze in materia di elettrotecnica, ma anche di sviluppare la mia cerchia di conoscenze. In questo modo applico quanto ho appeso anche al di fuori del mio apprendistato.<\/p>\n<p><strong>Robin Imhof \u2013 apprendista perito<\/strong>[\/vc_column_text][\/vc_column_inner][\/vc_row_inner]<div class=\"ult-spacer spacer-69ec942f7f5c9\" data-id=\"69ec942f7f5c9\" data-height=\"80\" data-height-mobile=\"80\" data-height-tab=\"80\" data-height-tab-portrait=\"\" data-height-mobile-landscape=\"\" style=\"clear:both;display:block;\"><\/div>[apress_button button_text=&#8221;Dai un\u2019occhiata alle posizioni ancora aperte&#8221; button_size=&#8221;medium&#8221; button_alignment=&#8221;center&#8221; box_shadow=&#8221;box_shadow_enable:disable|shadow_horizontal:1|shadow_vertical:2|shadow_blur:4|shadow_spread:0|box_shadow_color:rgba(0%2C0%2C0%2C0.2)&#8221; box_hover_shadow=&#8221;box_shadow_enable:disable|shadow_horizontal:2|shadow_vertical:2|shadow_blur:7|shadow_spread:0|box_shadow_color:rgba(0%2C0%2C0%2C0.2)&#8221; button_swing=&#8221;yes&#8221; button_shape=&#8221;square&#8221; button_link=&#8221;url:%2Fit%2Flavora-con-noi%2Fopportunita-di-carriera%2F|title:Reference%20projects&#8221;][\/vc_column][\/vc_row]<\/p>\n<\/div>","protected":false},"excerpt":{"rendered":"<p>[vc_section full_width=&#8221;stretch_row&#8221; content_placement=&#8221;middle&#8221; min_height=&#8221;480&#8243; css=&#8221;.vc_custom_1759585488217{background-image: url(https:\/\/the-rsgroup.com\/wp-content\/uploads\/2019\/12\/rs-employees-communicating.jpg?id=5076) !important;background-position: center !important;background-repeat: no-repeat !important;background-size: cover !important;}&#8221; el_class=&#8221;inner-page-banner-section&#8221;][vc_row][vc_column][apress_heading sub_title=&#8221;Supportiamo la diversit\u00e0&#8221; content_alignment=&#8221;left&#8221; data_animation=&#8221;fadeInRight&#8221; enable_delimiter=&#8221;&#8221; style=&#8221;heading_style1&#8243; title_font_options=&#8221;tag:h1&#8243; subtitle_font_options=&#8221;tag:div&#8221;]Lavorare in R&amp;S[\/apress_heading][\/vc_column][\/vc_row][\/vc_section][vc_row css=&#8221;.vc_custom_1754397038214{padding-top: 80px !important;padding-bottom: 80px !important;}&#8221;][vc_column apress_zindex=&#8221;9&#8243; css=&#8221;.vc_custom_1574377236432{background-color: #ffffff !important;}&#8221; el_class=&#8221;custom_sidebar high_zIndex&#8221;][apress_heading sub_title=&#8221;&#8221; content_alignment=&#8221;left&#8221; enable_delimiter=&#8221;&#8221; color_scheme=&#8221;color_scheme1&#8243;&hellip;<\/p>\n","protected":false},"author":1,"featured_media":0,"parent":8033,"menu_order":0,"comment_status":"closed","ping_status":"closed","template":"template-fullwidth-page.php","meta":{"_acf_changed":false,"_monsterinsights_skip_tracking":false,"_monsterinsights_sitenote_active":false,"_monsterinsights_sitenote_note":"","_monsterinsights_sitenote_category":0,"footnotes":""},"class_list":["post-8053","page","type-page","status-publish","hentry"],"acf":[],"_links":{"self":[{"href":"https:\/\/the-rsgroup.com\/it\/wp-json\/wp\/v2\/pages\/8053","targetHints":{"allow":["GET"]}}],"collection":[{"href":"https:\/\/the-rsgroup.com\/it\/wp-json\/wp\/v2\/pages"}],"about":[{"href":"https:\/\/the-rsgroup.com\/it\/wp-json\/wp\/v2\/types\/page"}],"author":[{"embeddable":true,"href":"https:\/\/the-rsgroup.com\/it\/wp-json\/wp\/v2\/users\/1"}],"replies":[{"embeddable":true,"href":"https:\/\/the-rsgroup.com\/it\/wp-json\/wp\/v2\/comments?post=8053"}],"version-history":[{"count":11,"href":"https:\/\/the-rsgroup.com\/it\/wp-json\/wp\/v2\/pages\/8053\/revisions"}],"predecessor-version":[{"id":27195,"href":"https:\/\/the-rsgroup.com\/it\/wp-json\/wp\/v2\/pages\/8053\/revisions\/27195"}],"up":[{"embeddable":true,"href":"https:\/\/the-rsgroup.com\/it\/wp-json\/wp\/v2\/pages\/8033"}],"wp:attachment":[{"href":"https:\/\/the-rsgroup.com\/it\/wp-json\/wp\/v2\/media?parent=8053"}],"curies":[{"name":"wp","href":"https:\/\/api.w.org\/{rel}","templated":true}]}}