{"id":8113,"date":"2020-01-30T13:13:07","date_gmt":"2020-01-30T13:13:07","guid":{"rendered":"http:\/\/the-rsgroup.com\/settori\/energie-rinnovabili"},"modified":"2025-11-19T07:42:22","modified_gmt":"2025-11-19T07:42:22","slug":"energie-rinnovabili","status":"publish","type":"page","link":"https:\/\/the-rsgroup.com\/it\/settori\/energie-rinnovabili\/","title":{"rendered":"Energie rinnovabili"},"content":{"rendered":"<div class=\"wpb-content-wrapper\"><p>[vc_section full_width=&#8221;stretch_row&#8221; content_placement=&#8221;middle&#8221; min_height=&#8221;480&#8243; css=&#8221;.vc_custom_1759588072330{background-image: url(https:\/\/the-rsgroup.com\/wp-content\/uploads\/2019\/12\/renewable-energy-wind-grid.jpg?id=5064) !important;background-position: center !important;background-repeat: no-repeat !important;background-size: cover !important;}&#8221; el_class=&#8221;inner-page-banner-section&#8221;][vc_row][vc_column][apress_heading sub_title=&#8221;trasformatori per eolico, fotovoltaico, idroelettrico e bioenergia&#8221; content_alignment=&#8221;left&#8221; data_animation=&#8221;fadeInRight&#8221; enable_delimiter=&#8221;&#8221; style=&#8221;heading_style1&#8243; title_font_options=&#8221;tag:h1&#8243; subtitle_font_options=&#8221;tag:div&#8221;]Energia verde in modo affidabile[\/apress_heading][\/vc_column][\/vc_row][\/vc_section][vc_row full_width=&#8221;stretch_row&#8221; content_placement=&#8221;middle&#8221; css=&#8221;.vc_custom_1763471193611{padding-top: 20px !important;padding-right: 20px !important;padding-bottom: 60px !important;padding-left: 20px !important;background-color: #FFFFFF !important;background-position: center !important;background-repeat: no-repeat !important;background-size: cover !important;}&#8221; min_height=&#8221;480&#8243; el_class=&#8221;page-title-section mx-0&#8243; el_id=&#8221;indus_row2&#8243;][vc_column apress_zindex=&#8221;9&#8243; el_class=&#8221;custom_sidebar high_zIndex&#8221;][vc_row_inner][vc_column_inner][vc_column_text css=&#8221;&#8221;]<span style=\"color: #265c91;\"><strong>Reti elettriche stabili nonostante un\u2019immissione variabile: il gruppo R&amp;S fornisce trasformatori ad alta efficienza per produttori di energia rinnovabile. Progettati per infrastrutture energetiche sostenibili \u2013 in uso in tutto il mondo.<\/strong><\/span>[\/vc_column_text][\/vc_column_inner][\/vc_row_inner][vc_row_inner gap=&#8221;30&#8243;][vc_column_inner][apress_heading sub_title=&#8221;&#8221; content_alignment=&#8221;left&#8221; enable_delimiter=&#8221;&#8221; color_scheme=&#8221;design_your_own&#8221; main_heading_color=&#8221;#000000&#8243; style=&#8221;heading_style1&#8243; title_font_options=&#8221;tag:div|font_size:46|line_height:50|letter_spacing:1&#8243; subtitle_font_options=&#8221;tag:div|color:%23ffffff&#8221; heading_margin=&#8221;margin-top:10|margin-bottom:30&#8243; class=&#8221;h2-heading-custom&#8221;]Le energie rinnovabili richiedono una tecnologia affidabile[\/apress_heading][vc_column_text css=&#8221;&#8221;]<strong>La sfida pi\u00f9 grande del nostro tempo \u00e8 la realizzazione di un\u2019infrastruttura performante per le energie rinnovabili \u2013 dai parchi eolici alle centrali idroelettriche fino agli impianti di bioenergia. Vale una regola chiara:<\/strong><\/p>\n<p><span lang=\"DE\" style=\"font-family: 'Calibri',sans-serif;\">pi\u00f9 l\u2019energia \u00e8 verde, pi\u00f9 complessa \u00e8 la sua integrazione in rete.<\/span><\/p>\n<p><span lang=\"DE\" style=\"font-family: 'Calibri',sans-serif;\">Che si tratti di immissione decentrata, regolazione di rete o microreti, conosciamo bene le sfide di gestori di impianti, utility e sviluppatori di progetti.<br \/>\nCon soluzioni di trasformazione su misura e oltre 100.000 unit\u00e0 installate a livello globale contribuiamo in modo attivo alla transizione energetica \u2013 per reti stabili e un futuro verde e sicuro.<\/span>[\/vc_column_text][\/vc_column_inner][\/vc_row_inner][\/vc_column][\/vc_row][vc_row full_width=&#8221;stretch_row&#8221; equal_height=&#8221;yes&#8221; css=&#8221;.vc_custom_1763373625507{padding-top: 80px !important;padding-bottom: 80px !important;background-color: #F8F8F8 !important;}&#8221;][vc_column][vc_row_inner][vc_column_inner][apress_heading sub_title=&#8221;&#8221; content_alignment=&#8221;left&#8221; enable_delimiter=&#8221;&#8221; color_scheme=&#8221;design_your_own&#8221; main_heading_color=&#8221;#000000&#8243; style=&#8221;heading_style1&#8243; title_font_options=&#8221;tag:div|font_size:46|line_height:50|letter_spacing:1&#8243; subtitle_font_options=&#8221;tag:div|color:%23ffffff&#8221; heading_margin=&#8221;margin-top:10|margin-bottom:30&#8243; class=&#8221;h2-heading-custom&#8221;]Perch\u00e9 R&amp;S per le energie rinnovabili?[\/apress_heading][vc_column_text css=&#8221;&#8221;]<strong>Ottimizzati per un\u2019immissione variabile<br \/>\n<\/strong>I nostri trasformatori sono progettati per condizioni meteorologiche mutevoli e profili di generazione variabili \u2013 ideali per eolico, fotovoltaico, idroelettrico e biomassa.<\/p>\n<p><strong>Efficienza energetica con nuclei amorfi o a basse perdite<br \/>\n<\/strong>Riducete le perdite di trasformazione grazie a materiali e design altamente efficienti \u2013 per la massima efficienza di rete con emissioni di CO\u2082 minime.<\/p>\n<p><strong>Total Cost of Ownership al centro<br \/>\n<\/strong>Strutture robuste, manutenzione ridotta e tecnologia durevole assicurano bassi costi operativi lungo l\u2019intero ciclo di vita.<\/p>\n<p><strong>Pronti per accumuli e Smart Grid<br \/>\n<\/strong>Le nostre soluzioni supportano sistemi di accumulo, regolazione di frequenza e tecnologie di rete digitali \u2013 pronte per il futuro e facilmente aggiornabili.<\/p>\n<p><strong>Competenza internazionale con forza locale<br \/>\n<\/strong>Produzione e servizio tramite Rauscher &amp; Stoecklin, ZREW, Tesar (IT\/PL\/Gulf) e Kyte Powertech \u2013 per una rapida implementazione in tutto il mondo.[\/vc_column_text][\/vc_column_inner][\/vc_row_inner][\/vc_column][\/vc_row][vc_row full_width=&#8221;stretch_row&#8221; equal_height=&#8221;yes&#8221; css=&#8221;.vc_custom_1763374038584{padding-top: 80px !important;padding-bottom: 80px !important;}&#8221;][vc_column][vc_row_inner equal_height=&#8221;yes&#8221; gap=&#8221;35&#8243; el_class=&#8221;looking-trend-section&#8221;][vc_column_inner el_class=&#8221;custom_sidebar&#8221;][apress_gradient_icon_box icon_alignment=&#8221;left&#8221; description=&#8221;L\u2019espansione globale delle energie rinnovabili procede rapidamente. Iniziative come il Green Deal o gli obiettivi Net Zero generano un forte fabbisogno di infrastrutture affidabili \u2013 R&amp;S fornisce i trasformatori adeguati.&#8221; box_bg_color=&#8221;&#8221; color_scheme=&#8221;gradient_scheme1&#8243; highlight_border_width=&#8221;0&#8243; highlight_border_color=&#8221;&#8221; border_hover_color_scheme=&#8221;gradient_scheme1&#8243; box_hover_shadow=&#8221;box_shadow_enable:disable|shadow_horizontal:0|shadow_vertical:7|shadow_blur:90|shadow_spread:-38|box_shadow_color:rgba(0%2C0%2C0%2C0.1)&#8221; icon_type=&#8221;image&#8221; gradient_icon_size=&#8221;80&#8243; style=&#8221;iconbox_style8&#8243; title_font_options=&#8221;tag:h5&#8243; class=&#8221;no-padding&#8221;]Crescente domanda[\/apress_gradient_icon_box][\/vc_column_inner][\/vc_row_inner][vc_row_inner equal_height=&#8221;yes&#8221; gap=&#8221;35&#8243; el_class=&#8221;looking-trend-section&#8221;][vc_column_inner el_class=&#8221;custom_sidebar&#8221;][apress_gradient_icon_box icon_alignment=&#8221;left&#8221; description=&#8221;La produzione di energia basata sul meteo \u00e8 soggetta a forti oscillazioni. La nostra tecnologia garantisce tensione e frequenza stabili \u2013 con sole, vento o nuvolosit\u00e0.&#8221; box_bg_color=&#8221;&#8221; color_scheme=&#8221;gradient_scheme1&#8243; highlight_border_width=&#8221;0&#8243; highlight_border_color=&#8221;&#8221; border_hover_color_scheme=&#8221;gradient_scheme1&#8243; box_hover_shadow=&#8221;box_shadow_enable:disable|shadow_horizontal:0|shadow_vertical:7|shadow_blur:90|shadow_spread:-38|box_shadow_color:rgba(0%2C0%2C0%2C0.1)&#8221; icon_type=&#8221;image&#8221; gradient_icon_size=&#8221;80&#8243; style=&#8221;iconbox_style8&#8243; title_font_options=&#8221;tag:h5&#8243; class=&#8221;no-padding&#8221;]Modelli meteorologici variabili[\/apress_gradient_icon_box][\/vc_column_inner][\/vc_row_inner][vc_row_inner equal_height=&#8221;yes&#8221; gap=&#8221;35&#8243; el_class=&#8221;looking-trend-section&#8221;][vc_column_inner el_class=&#8221;custom_sidebar&#8221;][apress_gradient_icon_box icon_alignment=&#8221;left&#8221; description=&#8221;Produzione e consumo si avvicinano sempre di pi\u00f9. Le microreti cambiano l\u2019architettura delle reti. I nostri trasformatori sono progettati per soluzioni decentralizzate e per le ricadute sulla rete \u2013 inclusi componenti di protezione e regolazione.&#8221; box_bg_color=&#8221;&#8221; color_scheme=&#8221;gradient_scheme1&#8243; highlight_border_width=&#8221;0&#8243; highlight_border_color=&#8221;&#8221; border_hover_color_scheme=&#8221;gradient_scheme1&#8243; box_hover_shadow=&#8221;box_shadow_enable:disable|shadow_horizontal:0|shadow_vertical:7|shadow_blur:90|shadow_spread:-38|box_shadow_color:rgba(0%2C0%2C0%2C0.1)&#8221; icon_type=&#8221;image&#8221; gradient_icon_size=&#8221;150&#8243; style=&#8221;iconbox_style8&#8243; title_font_options=&#8221;tag:h5&#8243; class=&#8221;no-padding&#8221;]Microreti e decentralizzazione[\/apress_gradient_icon_box][\/vc_column_inner][\/vc_row_inner][\/vc_column][\/vc_row][vc_row full_width=&#8221;stretch_row&#8221; css=&#8221;.vc_custom_1763442924493{margin-top: 0px !important;padding-top: 0px !important;padding-bottom: 80px !important;background-color: #FFFFFF !important;}&#8221; el_class=&#8221;related-product-info-box&#8221;][vc_column][vc_row_inner][vc_column_inner el_class=&#8221;custom_sidebar&#8221; width=&#8221;1\/2&#8243;]\r\n<!--Image Box Start-->\r\n<div class=\"zolo_imagebox_new_swing new_imagebox_style4\"><div class=\"zolo_imagebox_new_wrapper zolo_imagebox_new_36093386469ecac7ca3553 new_imagebox_style4 noanimation\" data-animation =\"No Animation\" data-delay =\"500\" data-id =\"zolo_imagebox_new_36093386469ecac7ca3553\">\r\n    <a title=\"Trasformatori di distribuzione\" href=\"\/it\/prodotti\/trasformatori\/trasformatori-di-distribuzione\" target=\"_self\" rel=\"\">\r\n    <div class=\"zolo_imagebox_new_box\">\r\n        <div class=\"zolo_thumbnail\" style=\"background:url(https:\/\/the-rsgroup.com\/wp-content\/uploads\/2025\/10\/transformatoren-rs-1.jpg) no-repeat center center; -moz-background-size:cover;-webkit-background-size:cover;-o-background-size:cover;-ms-background-size:cover;background-size:cover; height:300px;\"><\/div>\r\n        <div class=\"zolo_imagebox_new_content\">\r\n            <div class=\"zolo_imagebox_new_title_des\">\r\n        <h3 class=\"entry-title zolo_imagebox_new_title\" style=\"color:#000000; \">        Trasformatori di distribuzione <\/h3>                <span class=\"zolo_imagebox_description\" style=\"color:#000000; \">        Isolati in olio, a bassa manutenzione, fino a 10.000 kVA \u2013 ideali per reti di media tensione <\/span>        <div class=\"zolo_imagebox_icon_button_element alignment_inline zolo_imagebox_icon_button_36093386469ecac7ca3553\"><span class=\"zolo_iconbutton_tag iconbutton_style1 button_style_none\"><span class=\"zolo_button_icon zolo_arrow_icon\"><\/span><\/span><\/div>      <\/div>\r\n    <\/div>\r\n          <\/div>\r\n    <\/a>\r\n  <\/div>\r\n<\/div><!--Image Box End-->\r\n\r\n[\/vc_column_inner][vc_column_inner el_class=&#8221;custom_sidebar&#8221; width=&#8221;1\/2&#8243;]\r\n<!--Image Box Start-->\r\n<div class=\"zolo_imagebox_new_swing new_imagebox_style4\"><div class=\"zolo_imagebox_new_wrapper zolo_imagebox_new_50682308269ecac7ca5a91 new_imagebox_style4 noanimation\" data-animation =\"No Animation\" data-delay =\"500\" data-id =\"zolo_imagebox_new_50682308269ecac7ca5a91\">\r\n    <a title=\"Trasformatori di potenza\" href=\"\/it\/prodotti\/trasformatori\/trasformatori-di-potenza\" target=\"_self\" rel=\"\">\r\n    <div class=\"zolo_imagebox_new_box\">\r\n        <div class=\"zolo_thumbnail\" style=\"background:url(https:\/\/the-rsgroup.com\/wp-content\/uploads\/2025\/10\/power-transformer-zrew-1.jpg) no-repeat center center; -moz-background-size:cover;-webkit-background-size:cover;-o-background-size:cover;-ms-background-size:cover;background-size:cover; height:300px;\"><\/div>\r\n        <div class=\"zolo_imagebox_new_content\">\r\n            <div class=\"zolo_imagebox_new_title_des\">\r\n        <h3 class=\"entry-title zolo_imagebox_new_title\" style=\"color:#000000; \">        Trasformatori di potenza <\/h3>                <span class=\"zolo_imagebox_description\" style=\"color:#000000; \">        Efficienti e robusti, fino a 160 MVA \u2013 per stazioni di trasformazione, grandi progetti e collegamenti industriali <\/span>        <div class=\"zolo_imagebox_icon_button_element alignment_inline zolo_imagebox_icon_button_50682308269ecac7ca5a91\"><span class=\"zolo_iconbutton_tag iconbutton_style1 button_style_none\"><span class=\"zolo_button_icon zolo_arrow_icon\"><\/span><\/span><\/div>      <\/div>\r\n    <\/div>\r\n          <\/div>\r\n    <\/a>\r\n  <\/div>\r\n<\/div><!--Image Box End-->\r\n\r\n[\/vc_column_inner][\/vc_row_inner][vc_row_inner][vc_column_inner el_class=&#8221;custom_sidebar&#8221; width=&#8221;1\/2&#8243;]\r\n<!--Image Box Start-->\r\n<div class=\"zolo_imagebox_new_swing new_imagebox_style4\"><div class=\"zolo_imagebox_new_wrapper zolo_imagebox_new_43551523369ecac7ca643a new_imagebox_style4 noanimation\" data-animation =\"No Animation\" data-delay =\"500\" data-id =\"zolo_imagebox_new_43551523369ecac7ca643a\">\r\n    <a title=\"Trasformatori in resina\" href=\"\/it\/prodotti\/trasformatori\/trasformatori-a-secco\" target=\"_self\" rel=\"\">\r\n    <div class=\"zolo_imagebox_new_box\">\r\n        <div class=\"zolo_thumbnail\" style=\"background:url(https:\/\/the-rsgroup.com\/wp-content\/uploads\/2025\/10\/Cast-resin-transformer-with-red1-1.png) no-repeat center center; -moz-background-size:cover;-webkit-background-size:cover;-o-background-size:cover;-ms-background-size:cover;background-size:cover; height:300px;\"><\/div>\r\n        <div class=\"zolo_imagebox_new_content\">\r\n            <div class=\"zolo_imagebox_new_title_des\">\r\n        <h3 class=\"entry-title zolo_imagebox_new_title\" style=\"color:#000000; \">        Trasformatori in resina colata <\/h3>                <span class=\"zolo_imagebox_description\" style=\"color:#000000; \">        A secco, sicuri, adatti per ambienti interni, gallerie e infrastrutture sensibili <\/span>        <div class=\"zolo_imagebox_icon_button_element alignment_inline zolo_imagebox_icon_button_43551523369ecac7ca643a\"><span class=\"zolo_iconbutton_tag iconbutton_style1 button_style_none\"><span class=\"zolo_button_icon zolo_arrow_icon\"><\/span><\/span><\/div>      <\/div>\r\n    <\/div>\r\n          <\/div>\r\n    <\/a>\r\n  <\/div>\r\n<\/div><!--Image Box End-->\r\n\r\n[\/vc_column_inner][vc_column_inner el_class=&#8221;custom_sidebar&#8221; width=&#8221;1\/2&#8243;]\r\n<!--Image Box Start-->\r\n<div class=\"zolo_imagebox_new_swing new_imagebox_style4\"><div class=\"zolo_imagebox_new_wrapper zolo_imagebox_new_195938779469ecac7ca7500 new_imagebox_style4 noanimation\" data-animation =\"No Animation\" data-delay =\"500\" data-id =\"zolo_imagebox_new_195938779469ecac7ca7500\">\r\n    <a title=\"Trasformatori di misura\" href=\"\/it\/prodotti\/trasformatori\/trasformatori-di-corrente-e-di-tensione\" target=\"_self\" rel=\"\">\r\n    <div class=\"zolo_imagebox_new_box\">\r\n        <div class=\"zolo_thumbnail\" style=\"background:url(https:\/\/the-rsgroup.com\/wp-content\/uploads\/2025\/10\/instrument-transformer-rs-1.jpg) no-repeat center center; -moz-background-size:cover;-webkit-background-size:cover;-o-background-size:cover;-ms-background-size:cover;background-size:cover; height:300px;\"><\/div>\r\n        <div class=\"zolo_imagebox_new_content\">\r\n            <div class=\"zolo_imagebox_new_title_des\">\r\n        <h3 class=\"entry-title zolo_imagebox_new_title\" style=\"color:#000000; \">        Trasformatori di misura <\/h3>                <span class=\"zolo_imagebox_description\" style=\"color:#000000; \">        Trasformatori di corrente e di tensione per un monitoraggio di rete preciso e sistemi di protezione <\/span>        <div class=\"zolo_imagebox_icon_button_element alignment_inline zolo_imagebox_icon_button_195938779469ecac7ca7500\"><span class=\"zolo_iconbutton_tag iconbutton_style1 button_style_none\"><span class=\"zolo_button_icon zolo_arrow_icon\"><\/span><\/span><\/div>      <\/div>\r\n    <\/div>\r\n          <\/div>\r\n    <\/a>\r\n  <\/div>\r\n<\/div><!--Image Box End-->\r\n\r\n[\/vc_column_inner][\/vc_row_inner][\/vc_column][\/vc_row][vc_row overflow_visible=&#8221;true&#8221; full_width=&#8221;stretch_row&#8221; bg_type=&#8221;bg_color&#8221; bg_override=&#8221;full&#8221; css=&#8221;.vc_custom_1747986623103{padding-top: 50px !important;padding-bottom: 100px !important;}&#8221; el_class=&#8221;brand-column-section&#8221; bg_color_value=&#8221;#F2F5FA&#8221;][vc_column][apress_heading sub_title=&#8221;Competenza globale per progetti green&#8221; content_alignment=&#8221;left&#8221; enable_delimiter=&#8221;&#8221; color_scheme=&#8221;color_scheme1&#8243; style=&#8221;heading_style1&#8243; title_font_options=&#8221;tag:h2|letter_spacing:0&#8243; subtitle_font_options=&#8221;tag:div|font_size:18|color:%230a0a0a|line_height:20|letter_spacing:0&#8243; heading_margin=&#8221;margin-top:10|margin-bottom:10px&#8221; class=&#8221;heading-css&#8221; subheading_margin=&#8221;margin-top:10|margin-bottom:40px&#8221;]I NOSTRI MARCHI[\/apress_heading][vc_row_inner equal_height=&#8221;yes&#8221; gap=&#8221;30&#8243; el_class=&#8221;brand-column-row&#8221; css=&#8221;.vc_custom_1763376371467{margin-top: 30px !important;}&#8221;][vc_column_inner width=&#8221;1\/4&#8243; offset=&#8221;vc_col-lg-3 vc_col-md-offset-0 vc_col-md-3&#8243;][vc_single_image image=&#8221;22091&#8243; img_size=&#8221;full&#8221; alignment=&#8221;center&#8221; css=&#8221;&#8221;][vc_column_text css=&#8221;&#8221;]<\/p>\n<h5 style=\"text-align: center;\"><span style=\"color: #6980b4;\">Rauscher &amp; Stoecklin<br \/>\n<strong>(Svizzera, Polonia)<\/strong>\u00a0<\/span><\/h5>\n<p style=\"text-align: center;\"><span lang=\"DE\" style=\"font-family: 'Calibri',sans-serif;\">Trasformatori di distribuzione in olio e soluzioni elettrotecniche speciali per infrastrutture critiche<\/span><\/p>\n<p>[\/vc_column_text][apress_button button_text=&#8221;Scopri di pi\u00f9&#8221; button_size=&#8221;large&#8221; button_alignment=&#8221;center&#8221; box_shadow=&#8221;box_shadow_enable:disable|shadow_horizontal:1|shadow_vertical:2|shadow_blur:4|shadow_spread:0|box_shadow_color:rgba(0%2C0%2C0%2C0.2)&#8221; box_hover_shadow=&#8221;box_shadow_enable:disable|shadow_horizontal:2|shadow_vertical:2|shadow_blur:7|shadow_spread:0|box_shadow_color:rgba(0%2C0%2C0%2C0.2)&#8221; button_text_color_h=&#8221;#000000&#8243; button_shape=&#8221;square&#8221; button_link=&#8221;url:https%3A%2F%2Fthe-rsgroup.com%2Fit%2Frauscher-stoecklin%2F|title:About&#8221;][\/vc_column_inner][vc_column_inner width=&#8221;1\/4&#8243; offset=&#8221;vc_col-md-3&#8243;][vc_single_image image=&#8221;23065&#8243; img_size=&#8221;full&#8221; alignment=&#8221;center&#8221; css=&#8221;&#8221;][vc_column_text css=&#8221;&#8221;]<\/p>\n<h5 style=\"text-align: center;\"><span style=\"color: #6980b4;\">ZREW<br \/>\n(<strong>Polonia<\/strong>) <\/span><\/h5>\n<p style=\"text-align: center;\"><span lang=\"DE\" style=\"font-family: 'Calibri',sans-serif;\">Trasformatori di potenza \u2013 ideali per parchi eolici e impianti idroelettrici<\/span><\/p>\n<p>[\/vc_column_text][apress_button button_text=&#8221;Scopri di pi\u00f9&#8221; button_size=&#8221;large&#8221; button_alignment=&#8221;center&#8221; box_shadow=&#8221;box_shadow_enable:disable|shadow_horizontal:1|shadow_vertical:2|shadow_blur:4|shadow_spread:0|box_shadow_color:rgba(0%2C0%2C0%2C0.2)&#8221; box_hover_shadow=&#8221;box_shadow_enable:disable|shadow_horizontal:2|shadow_vertical:2|shadow_blur:7|shadow_spread:0|box_shadow_color:rgba(0%2C0%2C0%2C0.2)&#8221; button_text_color_h=&#8221;#000000&#8243; button_shape=&#8221;square&#8221; button_link=&#8221;url:https%3A%2F%2Fthe-rsgroup.com%2Fit%2Frs-zrew%2F|title:About&#8221;][\/vc_column_inner][vc_column_inner width=&#8221;1\/4&#8243;][vc_single_image image=&#8221;23027&#8243; img_size=&#8221;full&#8221; alignment=&#8221;center&#8221; css=&#8221;&#8221;][vc_column_text css=&#8221;&#8221;]<\/p>\n<h5 style=\"text-align: center;\"><span style=\"color: #483374;\">Kyte Powertech<br \/>\n(<strong>Irlanda<\/strong>)<\/span><\/h5>\n<p style=\"text-align: center;\">Trasformatori di distribuzione di alta qualit\u00e0 \u2013 per reti decentralizzate e sostenibili<\/p>\n<p>[\/vc_column_text][apress_button button_text=&#8221;Scopri di pi\u00f9&#8221; button_size=&#8221;large&#8221; button_alignment=&#8221;center&#8221; box_shadow=&#8221;box_shadow_enable:disable|shadow_horizontal:1|shadow_vertical:2|shadow_blur:4|shadow_spread:0|box_shadow_color:rgba(0%2C0%2C0%2C0.2)&#8221; box_hover_shadow=&#8221;box_shadow_enable:disable|shadow_horizontal:2|shadow_vertical:2|shadow_blur:7|shadow_spread:0|box_shadow_color:rgba(0%2C0%2C0%2C0.2)&#8221; button_text_color_h=&#8221;#000000&#8243; button_shape=&#8221;square&#8221; button_link=&#8221;url:https%3A%2F%2Fthe-rsgroup.com%2Fit%2Fkyte-powertech%2F|title:About&#8221;][\/vc_column_inner][vc_column_inner width=&#8221;1\/4&#8243;][vc_single_image image=&#8221;23092&#8243; img_size=&#8221;full&#8221; alignment=&#8221;center&#8221; css=&#8221;&#8221;][vc_column_text css=&#8221;&#8221;]<\/p>\n<h5 style=\"text-align: center;\"><span style=\"color: #ff0843;\">TESAR<br \/>\n(<strong>Italia, Polonia, regione del Golfo<\/strong>) <\/span><\/h5>\n<p style=\"text-align: center;\">Trasformatori in resina colata \u2013 privi di olio, sicuri e rispettosi dell\u2019ambiente<\/p>\n<p>[\/vc_column_text][apress_button button_text=&#8221;Scopri di pi\u00f9&#8221; button_size=&#8221;large&#8221; button_alignment=&#8221;center&#8221; box_shadow=&#8221;box_shadow_enable:disable|shadow_horizontal:1|shadow_vertical:2|shadow_blur:4|shadow_spread:0|box_shadow_color:rgba(0%2C0%2C0%2C0.2)&#8221; box_hover_shadow=&#8221;box_shadow_enable:disable|shadow_horizontal:2|shadow_vertical:2|shadow_blur:7|shadow_spread:0|box_shadow_color:rgba(0%2C0%2C0%2C0.2)&#8221; button_text_color_h=&#8221;#000000&#8243; button_shape=&#8221;square&#8221; button_link=&#8221;url:https%3A%2F%2Fthe-rsgroup.com%2Fit%2Ftesar%2F|title:About&#8221;][\/vc_column_inner][\/vc_row_inner][\/vc_column][\/vc_row][vc_row full_width=&#8221;stretch_row&#8221; equal_height=&#8221;yes&#8221; css=&#8221;.vc_custom_1751452269035{margin-top: 0px !important;padding-top: 60px !important;padding-bottom: 60px !important;background-image: url(https:\/\/the-rsgroup.com\/wp-content\/uploads\/2025\/07\/bg1.jpg?id=21829) !important;background-position: center !important;background-repeat: no-repeat !important;background-size: cover !important;}&#8221;][vc_column][vc_row_inner css=&#8221;.vc_custom_1751452264802{background-position: center !important;background-repeat: no-repeat !important;background-size: cover !important;}&#8221;][vc_column_inner width=&#8221;1\/2&#8243;][\/vc_column_inner][vc_column_inner width=&#8221;1\/2&#8243;][apress_heading sub_title=&#8221;&#8221; content_alignment=&#8221;left&#8221; enable_delimiter=&#8221;&#8221; color_scheme=&#8221;design_your_own&#8221; main_heading_color=&#8221;#000000&#8243; style=&#8221;heading_style5&#8243; title_font_options=&#8221;tag:h2&#8243; subtitle_font_options=&#8221;tag:div&#8221; heading_margin=&#8221;margin-top:10|margin-bottom:30&#8243;]<span lang=\"DE\" style=\"font-family: 'Calibri',sans-serif;\">Le nostre soluzioni per le energie rinnovabili vengono utilizzate in tutto il mondo in:<\/span>[\/apress_heading][vc_column_text css=&#8221;.vc_custom_1763457336039{padding-top: 30px !important;padding-right: 30px !important;padding-bottom: 30px !important;padding-left: 30px !important;background-color: #95999E !important;}&#8221; el_class=&#8221;white-text&#8221;]<\/p>\n<ul>\n<li>Parchi eolici (onshore e offshore)<\/li>\n<li>Impianti fotovoltaici e parchi solari<\/li>\n<li>Centrali idroelettriche<\/li>\n<li>Impianti di bioenergia<\/li>\n<li>Microreti e soluzioni ibride<\/li>\n<li>Impianti di accumulo e sistemi di peak shaving<\/li>\n<li>Reti di distribuzione con immissione da fonti rinnovabili<\/li>\n<\/ul>\n<p>[\/vc_column_text][\/vc_column_inner][\/vc_row_inner][\/vc_column][\/vc_row]<\/p>\n<\/div>","protected":false},"excerpt":{"rendered":"<p>[vc_section full_width=&#8221;stretch_row&#8221; content_placement=&#8221;middle&#8221; min_height=&#8221;480&#8243; css=&#8221;.vc_custom_1759588072330{background-image: url(https:\/\/the-rsgroup.com\/wp-content\/uploads\/2019\/12\/renewable-energy-wind-grid.jpg?id=5064) !important;background-position: center !important;background-repeat: no-repeat !important;background-size: cover !important;}&#8221; el_class=&#8221;inner-page-banner-section&#8221;][vc_row][vc_column][apress_heading sub_title=&#8221;trasformatori per eolico, fotovoltaico, idroelettrico e bioenergia&#8221; content_alignment=&#8221;left&#8221; data_animation=&#8221;fadeInRight&#8221; enable_delimiter=&#8221;&#8221; style=&#8221;heading_style1&#8243; title_font_options=&#8221;tag:h1&#8243; subtitle_font_options=&#8221;tag:div&#8221;]Energia verde in modo affidabile[\/apress_heading][\/vc_column][\/vc_row][\/vc_section][vc_row full_width=&#8221;stretch_row&#8221; content_placement=&#8221;middle&#8221; css=&#8221;.vc_custom_1763471193611{padding-top: 20px !important;padding-right: 20px !important;padding-bottom: 60px !important;padding-left:&hellip;<\/p>\n","protected":false},"author":1,"featured_media":0,"parent":8073,"menu_order":0,"comment_status":"closed","ping_status":"closed","template":"template-fullwidth-page.php","meta":{"_acf_changed":false,"_monsterinsights_skip_tracking":false,"_monsterinsights_sitenote_active":false,"_monsterinsights_sitenote_note":"","_monsterinsights_sitenote_category":0,"footnotes":""},"class_list":["post-8113","page","type-page","status-publish","hentry"],"acf":[],"_links":{"self":[{"href":"https:\/\/the-rsgroup.com\/it\/wp-json\/wp\/v2\/pages\/8113","targetHints":{"allow":["GET"]}}],"collection":[{"href":"https:\/\/the-rsgroup.com\/it\/wp-json\/wp\/v2\/pages"}],"about":[{"href":"https:\/\/the-rsgroup.com\/it\/wp-json\/wp\/v2\/types\/page"}],"author":[{"embeddable":true,"href":"https:\/\/the-rsgroup.com\/it\/wp-json\/wp\/v2\/users\/1"}],"replies":[{"embeddable":true,"href":"https:\/\/the-rsgroup.com\/it\/wp-json\/wp\/v2\/comments?post=8113"}],"version-history":[{"count":21,"href":"https:\/\/the-rsgroup.com\/it\/wp-json\/wp\/v2\/pages\/8113\/revisions"}],"predecessor-version":[{"id":27613,"href":"https:\/\/the-rsgroup.com\/it\/wp-json\/wp\/v2\/pages\/8113\/revisions\/27613"}],"up":[{"embeddable":true,"href":"https:\/\/the-rsgroup.com\/it\/wp-json\/wp\/v2\/pages\/8073"}],"wp:attachment":[{"href":"https:\/\/the-rsgroup.com\/it\/wp-json\/wp\/v2\/media?parent=8113"}],"curies":[{"name":"wp","href":"https:\/\/api.w.org\/{rel}","templated":true}]}}