{"id":8123,"date":"2020-01-30T13:33:05","date_gmt":"2020-01-30T13:33:05","guid":{"rendered":"http:\/\/the-rsgroup.com\/settori\/trasporti"},"modified":"2025-10-14T13:33:40","modified_gmt":"2025-10-14T13:33:40","slug":"trasporti","status":"publish","type":"page","link":"https:\/\/the-rsgroup.com\/it\/settori\/trasporti\/","title":{"rendered":"Trasporti"},"content":{"rendered":"<div class=\"wpb-content-wrapper\"><p>[vc_section full_width=&#8221;stretch_row&#8221; content_placement=&#8221;middle&#8221; min_height=&#8221;480&#8243; css=&#8221;.vc_custom_1759588880498{background-image: url(https:\/\/the-rsgroup.com\/wp-content\/uploads\/2019\/12\/railway-electrification.jpg?id=5140) !important;background-position: center !important;background-repeat: no-repeat !important;background-size: cover !important;}&#8221; el_class=&#8221;inner-page-banner-section&#8221;][vc_row][vc_column][apress_heading sub_title=&#8221;Soluzioni a supporto dei sistemi di trasporto e di mobilit\u00e0 elettrica del futuro&#8221; content_alignment=&#8221;left&#8221; data_animation=&#8221;fadeInRight&#8221; enable_delimiter=&#8221;&#8221; style=&#8221;heading_style1&#8243; title_font_options=&#8221;tag:h1&#8243; subtitle_font_options=&#8221;tag:div&#8221;]Trasporti[\/apress_heading][\/vc_column][\/vc_row][\/vc_section][vc_row css=&#8221;.vc_custom_1759588906996{padding-top: 80px !important;padding-bottom: 80px !important;}&#8221;][vc_column apress_zindex=&#8221;9&#8243; css=&#8221;.vc_custom_1754307853633{background-color: #FFFFFF00 !important;}&#8221; el_class=&#8221;custom_sidebar high_zIndex&#8221;][vc_row_inner][vc_column_inner][apress_heading sub_title=&#8221;&#8221; content_alignment=&#8221;left&#8221; enable_delimiter=&#8221;&#8221; color_scheme=&#8221;color_scheme1&#8243; style=&#8221;heading_style6&#8243; title_font_options=&#8221;tag:h2|letter_spacing:0&#8243; subtitle_font_options=&#8221;tag:div|letter_spacing:3&#8243; heading_margin=&#8221;margin-top:10|margin-bottom:30&#8243; class=&#8221;h2-heading-custom&#8221;]Entro il 2050, quasi il 70% della popolazione globale, rispetto all\u2019attuale 54%, risieder\u00e0 nelle citt\u00e0.[\/apress_heading][\/vc_column_inner][\/vc_row_inner][vc_row_inner gap=&#8221;30&#8243;][vc_column_inner width=&#8221;1\/3&#8243;][vc_single_image image=&#8221;24759&#8243; img_size=&#8221;full&#8221; css=&#8221;&#8221;][\/vc_column_inner][vc_column_inner width=&#8221;2\/3&#8243;][vc_column_text]In tutto il mondo, la popolazione urbana cresce di 50 milioni di unit\u00e0 all\u2019anno. Si assiste di conseguenza ad un boom di investimenti nelle infrastrutture per il trasporto pubblico, in quanto le citt\u00e0 intendono creare sistemi ferroviari e di mobilit\u00e0 elettrica in grado di fornire servizi affidabili, sostenibili ed efficienti sul piano dei costi.<\/p>\n<p>Grazie all\u2019esperienza acquisita negli anni nel campo dell\u2019elettrificazione ferroviaria, R&amp;S comprende le sfide insite nella costruzione dei sistemi di trasporto del futuro, ed \u00e8 in grado di fornire soluzioni affidabili che possano soddisfare la domanda crescente.[\/vc_column_text][\/vc_column_inner][\/vc_row_inner][\/vc_column][\/vc_row][vc_row full_width=&#8221;stretch_row&#8221; equal_height=&#8221;yes&#8221; css=&#8221;.vc_custom_1759588916950{padding-top: 0px !important;padding-bottom: 80px !important;}&#8221;][vc_column][vc_row_inner equal_height=&#8221;yes&#8221; gap=&#8221;35&#8243; el_class=&#8221;looking-trend-section&#8221;][vc_column_inner el_class=&#8221;custom_sidebar&#8221;][apress_gradient_icon_box icon_alignment=&#8221;left&#8221; description=&#8221;I treni ad alta velocit\u00e0 che collegano le principali citt\u00e0 europee ed asiatiche sono una modalit\u00e0 di trasporto sempre pi\u00f9 popolare. Poich\u00e9 la domanda in questo senso continua a crescere, un\u2019alimentazione elettrica altamente affidabile e sicura per i treni \u00e8 fondamentale per gli operatori che intendono espandere la portata e la capacit\u00e0 dei loro servizi.&#8221; box_bg_color=&#8221;&#8221; color_scheme=&#8221;gradient_scheme1&#8243; highlight_border_width=&#8221;0&#8243; highlight_border_color=&#8221;&#8221; border_hover_color_scheme=&#8221;gradient_scheme1&#8243; box_hover_shadow=&#8221;box_shadow_enable:disable|shadow_horizontal:0|shadow_vertical:7|shadow_blur:90|shadow_spread:-38|box_shadow_color:rgba(0%2C0%2C0%2C0.1)&#8221; icon_type=&#8221;image&#8221; icon_image=&#8221;21808&#8243; gradient_icon_size=&#8221;80&#8243; style=&#8221;iconbox_style8&#8243; title_font_options=&#8221;tag:h5&#8243; class=&#8221;no-padding&#8221;]Ferrovie ad alta velocit\u00e0[\/apress_gradient_icon_box][\/vc_column_inner][\/vc_row_inner][vc_row_inner equal_height=&#8221;yes&#8221; gap=&#8221;35&#8243; el_class=&#8221;looking-trend-section&#8221;][vc_column_inner el_class=&#8221;custom_sidebar&#8221;][apress_gradient_icon_box icon_alignment=&#8221;right&#8221; description=&#8221;Con la crescente popolarit\u00e0 dei veicoli elettrici e una previsione di crescita della mobilit\u00e0 elettrica del 20% per il 2025, \u00e8 necessario creare una vasta rete di stazioni di ricarica in modo da garantire procedure rapide e di conseguenza assenze di interruzioni nei viaggi.&#8221; box_bg_color=&#8221;&#8221; color_scheme=&#8221;gradient_scheme1&#8243; highlight_border_width=&#8221;0&#8243; highlight_border_color=&#8221;&#8221; border_hover_color_scheme=&#8221;gradient_scheme1&#8243; box_hover_shadow=&#8221;box_shadow_enable:disable|shadow_horizontal:0|shadow_vertical:7|shadow_blur:90|shadow_spread:-38|box_shadow_color:rgba(0%2C0%2C0%2C0.1)&#8221; icon_type=&#8221;image&#8221; icon_image=&#8221;21814&#8243; gradient_icon_size=&#8221;150&#8243; style=&#8221;iconbox_style8&#8243; title_font_options=&#8221;tag:h5&#8243; class=&#8221;no-padding&#8221;]Mobilit\u00e0 elettrica[\/apress_gradient_icon_box][\/vc_column_inner][\/vc_row_inner][\/vc_column][\/vc_row][vc_row full_width=&#8221;stretch_row&#8221; equal_height=&#8221;yes&#8221; css=&#8221;.vc_custom_1751452269035{margin-top: 0px !important;padding-top: 60px !important;padding-bottom: 60px !important;background-image: url(https:\/\/the-rsgroup.com\/wp-content\/uploads\/2025\/07\/bg1.jpg?id=21829) !important;background-position: center !important;background-repeat: no-repeat !important;background-size: cover !important;}&#8221;][vc_column][vc_row_inner css=&#8221;.vc_custom_1751452264802{background-position: center !important;background-repeat: no-repeat !important;background-size: cover !important;}&#8221;][vc_column_inner width=&#8221;1\/2&#8243;][\/vc_column_inner][vc_column_inner width=&#8221;1\/2&#8243;][apress_heading sub_title=&#8221;&#8221; content_alignment=&#8221;left&#8221; enable_delimiter=&#8221;&#8221; color_scheme=&#8221;design_your_own&#8221; main_heading_color=&#8221;#000000&#8243; style=&#8221;heading_style5&#8243; title_font_options=&#8221;tag:h2&#8243; subtitle_font_options=&#8221;tag:div&#8221; heading_margin=&#8221;margin-top:10|margin-bottom:30&#8243;]Ti aiutiamo a vincere le tue sfide[\/apress_heading][vc_column_text css=&#8221;.vc_custom_1759498936601{padding-top: 30px !important;padding-right: 30px !important;padding-bottom: 30px !important;padding-left: 30px !important;background-color: #95999E !important;}&#8221; el_class=&#8221;white-text&#8221;]La massima efficienza \u00e8 fondamentale ove si intraveda un aumento della domanda. I nostri interruttori CA e CC per le applicazioni ferroviarie sono altamente efficienti, e si adattano alle esigenze specifiche di ciascun progetto. Gli interruttori R&amp;S sono concepiti per fornire prestazioni elevate e affidabili negli ambienti pi\u00f9 difficili.<\/p>\n<p>Speciali connettori per correnti elevate garantiscono il funzionamento regolare, sicuro ed efficiente dei depositi ferroviari e delle applicazioni elettriche industriali.<\/p>\n<p>Infine, i nostri trasformatori per raddrizzatori e le applicazioni per la trazione e la mobilit\u00e0 elettrica garantiscono un\u2019alimentazione ininterrotta.[\/vc_column_text][\/vc_column_inner][\/vc_row_inner][\/vc_column][\/vc_row][vc_row full_width=&#8221;stretch_row&#8221; css=&#8221;.vc_custom_1758533484688{margin-top: 0px !important;padding-top: 0px !important;padding-bottom: 80px !important;background-color: #FFFFFF !important;}&#8221; el_class=&#8221;related-product-info-box&#8221;][vc_column][vc_row_inner][vc_column_inner el_class=&#8221;custom_sidebar&#8221; width=&#8221;1\/3&#8243;]\r\n<!--Image Box Start-->\r\n<div class=\"zolo_imagebox_new_swing new_imagebox_style4\"><div class=\"zolo_imagebox_new_wrapper zolo_imagebox_new_150274325969ec96506310c new_imagebox_style4 noanimation\" data-animation =\"No Animation\" data-delay =\"500\" data-id =\"zolo_imagebox_new_150274325969ec96506310c\">\r\n    <a title=\"Interruttori per applicazioni ferroviarie\" href=\"\/it\/prodotti\/interruttori\/elettrificazione-ferroviaria\" target=\"_self\" rel=\"nofollow\">\r\n    <div class=\"zolo_imagebox_new_box\">\r\n        <div class=\"zolo_thumbnail\" style=\"background:url(https:\/\/the-rsgroup.com\/wp-content\/uploads\/2025\/10\/railway-switches-rs.png) no-repeat center center; -moz-background-size:cover;-webkit-background-size:cover;-o-background-size:cover;-ms-background-size:cover;background-size:cover; height:300px;\"><\/div>\r\n        <div class=\"zolo_imagebox_new_content\">\r\n            <div class=\"zolo_imagebox_new_title_des\">\r\n        <h3 class=\"entry-title zolo_imagebox_new_title\" style=\"color:#000000; \">        Interruttori per applicazioni ferroviarie <\/h3>                <span class=\"zolo_imagebox_description\" style=\"color:#000000; \">        Scopri i nostri affidabili interruttori CA e CC per applicazioni ferroviarie. Grazie a oltre 100 anni di esperienza nel settore siamo in grado di fornire anche valide soluzioni personalizzate. <\/span>        <div class=\"zolo_imagebox_icon_button_element alignment_inline zolo_imagebox_icon_button_150274325969ec96506310c\"><span class=\"zolo_iconbutton_tag iconbutton_style1 button_style_none\"><span class=\"zolo_button_icon zolo_arrow_icon\"><\/span><\/span><\/div>      <\/div>\r\n    <\/div>\r\n          <\/div>\r\n    <\/a>\r\n  <\/div>\r\n<\/div><!--Image Box End-->\r\n\r\n[\/vc_column_inner][vc_column_inner el_class=&#8221;custom_sidebar&#8221; width=&#8221;1\/3&#8243;]\r\n<!--Image Box Start-->\r\n<div class=\"zolo_imagebox_new_swing new_imagebox_style4\"><div class=\"zolo_imagebox_new_wrapper zolo_imagebox_new_117371440769ec96506436d new_imagebox_style4 noanimation\" data-animation =\"No Animation\" data-delay =\"500\" data-id =\"zolo_imagebox_new_117371440769ec96506436d\">\r\n    <a title=\"Connettori elettrici industriali\" href=\"\/it\/prodotti\/connettori-industriali\" target=\"_self\" rel=\"\">\r\n    <div class=\"zolo_imagebox_new_box\">\r\n        <div class=\"zolo_thumbnail\" style=\"background:url(https:\/\/the-rsgroup.com\/wp-content\/uploads\/2025\/10\/industrial-electrical-connectors-rauscher.jpg) no-repeat center center; -moz-background-size:cover;-webkit-background-size:cover;-o-background-size:cover;-ms-background-size:cover;background-size:cover; height:300px;\"><\/div>\r\n        <div class=\"zolo_imagebox_new_content\">\r\n            <div class=\"zolo_imagebox_new_title_des\">\r\n        <h3 class=\"entry-title zolo_imagebox_new_title\" style=\"color:#000000; \">        Connettori elettrici industriali <\/h3>                <span class=\"zolo_imagebox_description\" style=\"color:#000000; \">        Robusti connettori e prese industriali garantiscono la massima sicurezza e affidabilit\u00e0. <\/span>        <div class=\"zolo_imagebox_icon_button_element alignment_inline zolo_imagebox_icon_button_117371440769ec96506436d\"><span class=\"zolo_iconbutton_tag iconbutton_style1 button_style_none\"><span class=\"zolo_button_icon zolo_arrow_icon\"><\/span><\/span><\/div>      <\/div>\r\n    <\/div>\r\n          <\/div>\r\n    <\/a>\r\n  <\/div>\r\n<\/div><!--Image Box End-->\r\n\r\n[\/vc_column_inner][vc_column_inner width=&#8221;1\/3&#8243;]\r\n<!--Image Box Start-->\r\n<div class=\"zolo_imagebox_new_swing new_imagebox_style4\"><div class=\"zolo_imagebox_new_wrapper zolo_imagebox_new_40723890969ec965064f6c new_imagebox_style4 noanimation\" data-animation =\"No Animation\" data-delay =\"500\" data-id =\"zolo_imagebox_new_40723890969ec965064f6c\">\r\n    <a title=\"Trasformatori di distribuzione\" href=\"\/it\/prodotti\/trasformatori\/trasformatori-di-distribuzione\" target=\"_self\" rel=\"\">\r\n    <div class=\"zolo_imagebox_new_box\">\r\n        <div class=\"zolo_thumbnail\" style=\"background:url(https:\/\/the-rsgroup.com\/wp-content\/uploads\/2025\/10\/transformatoren-rs-1.jpg) no-repeat center center; -moz-background-size:cover;-webkit-background-size:cover;-o-background-size:cover;-ms-background-size:cover;background-size:cover; height:300px;\"><\/div>\r\n        <div class=\"zolo_imagebox_new_content\">\r\n            <div class=\"zolo_imagebox_new_title_des\">\r\n        <h3 class=\"entry-title zolo_imagebox_new_title\" style=\"color:#000000; \">        Trasformatori di distribuzione <\/h3>                <span class=\"zolo_imagebox_description\" style=\"color:#000000; \">        Scopri di pi\u00f9 sui nostri trasformatori di distribuzione a olio con una potenza nominale massima di 2.500 kVA. <\/span>        <div class=\"zolo_imagebox_icon_button_element alignment_inline zolo_imagebox_icon_button_40723890969ec965064f6c\"><span class=\"zolo_iconbutton_tag iconbutton_style1 button_style_none\"><span class=\"zolo_button_icon zolo_arrow_icon\"><\/span><\/span><\/div>      <\/div>\r\n    <\/div>\r\n          <\/div>\r\n    <\/a>\r\n  <\/div>\r\n<\/div><!--Image Box End-->\r\n\r\n[\/vc_column_inner][\/vc_row_inner][vc_row_inner][vc_column_inner el_class=&#8221;custom_sidebar&#8221; width=&#8221;1\/3&#8243;]\r\n<!--Image Box Start-->\r\n<div class=\"zolo_imagebox_new_swing new_imagebox_style4\"><div class=\"zolo_imagebox_new_wrapper zolo_imagebox_new_30744716069ec965065da2 new_imagebox_style4 noanimation\" data-animation =\"No Animation\" data-delay =\"500\" data-id =\"zolo_imagebox_new_30744716069ec965065da2\">\r\n    <a title=\"Trasformatori di potenza\" href=\"\/it\/prodotti\/trasformatori\/trasformatori-di-potenza\" target=\"_self\" rel=\"\">\r\n    <div class=\"zolo_imagebox_new_box\">\r\n        <div class=\"zolo_thumbnail\" style=\"background:url(https:\/\/the-rsgroup.com\/wp-content\/uploads\/2025\/10\/power-transformer-zrew-1.jpg) no-repeat center center; -moz-background-size:cover;-webkit-background-size:cover;-o-background-size:cover;-ms-background-size:cover;background-size:cover; height:300px;\"><\/div>\r\n        <div class=\"zolo_imagebox_new_content\">\r\n            <div class=\"zolo_imagebox_new_title_des\">\r\n        <h3 class=\"entry-title zolo_imagebox_new_title\" style=\"color:#000000; \">        Trasformatori di potenza <\/h3>                <span class=\"zolo_imagebox_description\" style=\"color:#000000; \">        Produciamo trasformatori di potenza ad alta efficienza con una potenza nominale massima di 120 MVA. <\/span>        <div class=\"zolo_imagebox_icon_button_element alignment_inline zolo_imagebox_icon_button_30744716069ec965065da2\"><span class=\"zolo_iconbutton_tag iconbutton_style1 button_style_none\"><span class=\"zolo_button_icon zolo_arrow_icon\"><\/span><\/span><\/div>      <\/div>\r\n    <\/div>\r\n          <\/div>\r\n    <\/a>\r\n  <\/div>\r\n<\/div><!--Image Box End-->\r\n\r\n[\/vc_column_inner][vc_column_inner el_class=&#8221;custom_sidebar&#8221; width=&#8221;1\/3&#8243;]\r\n<!--Image Box Start-->\r\n<div class=\"zolo_imagebox_new_swing new_imagebox_style4\"><div class=\"zolo_imagebox_new_wrapper zolo_imagebox_new_136576668069ec9650665e4 new_imagebox_style4 noanimation\" data-animation =\"No Animation\" data-delay =\"500\" data-id =\"zolo_imagebox_new_136576668069ec9650665e4\">\r\n    <a title=\"Trasformatori in resina\" href=\"\/it\/prodotti\/trasformatori\/trasformatori-a-secco\" target=\"_self\" rel=\"\">\r\n    <div class=\"zolo_imagebox_new_box\">\r\n        <div class=\"zolo_thumbnail\" style=\"background:url(https:\/\/the-rsgroup.com\/wp-content\/uploads\/2025\/10\/cast-resin-transformer-tesar-1.jpg) no-repeat center center; -moz-background-size:cover;-webkit-background-size:cover;-o-background-size:cover;-ms-background-size:cover;background-size:cover; height:300px;\"><\/div>\r\n        <div class=\"zolo_imagebox_new_content\">\r\n            <div class=\"zolo_imagebox_new_title_des\">\r\n        <h3 class=\"entry-title zolo_imagebox_new_title\" style=\"color:#000000; \">        Trasformatori in resina <\/h3>                <span class=\"zolo_imagebox_description\" style=\"color:#000000; \">        Con pi\u00f9 di 100.000 unit\u00e0 installate, R&amp;S propone i migliori trasformatori in resina con una potenza nominale massima di 20 MVA. <\/span>        <div class=\"zolo_imagebox_icon_button_element alignment_inline zolo_imagebox_icon_button_136576668069ec9650665e4\"><span class=\"zolo_iconbutton_tag iconbutton_style1 button_style_none\"><span class=\"zolo_button_icon zolo_arrow_icon\"><\/span><\/span><\/div>      <\/div>\r\n    <\/div>\r\n          <\/div>\r\n    <\/a>\r\n  <\/div>\r\n<\/div><!--Image Box End-->\r\n\r\n[\/vc_column_inner][\/vc_row_inner][\/vc_column][\/vc_row]<\/p>\n<\/div>","protected":false},"excerpt":{"rendered":"<p>[vc_section full_width=&#8221;stretch_row&#8221; content_placement=&#8221;middle&#8221; min_height=&#8221;480&#8243; css=&#8221;.vc_custom_1759588880498{background-image: url(https:\/\/the-rsgroup.com\/wp-content\/uploads\/2019\/12\/railway-electrification.jpg?id=5140) !important;background-position: center !important;background-repeat: no-repeat !important;background-size: cover !important;}&#8221; el_class=&#8221;inner-page-banner-section&#8221;][vc_row][vc_column][apress_heading sub_title=&#8221;Soluzioni a supporto dei sistemi di trasporto e di mobilit\u00e0 elettrica del futuro&#8221; content_alignment=&#8221;left&#8221; data_animation=&#8221;fadeInRight&#8221; enable_delimiter=&#8221;&#8221; style=&#8221;heading_style1&#8243; title_font_options=&#8221;tag:h1&#8243; subtitle_font_options=&#8221;tag:div&#8221;]Trasporti[\/apress_heading][\/vc_column][\/vc_row][\/vc_section][vc_row css=&#8221;.vc_custom_1759588906996{padding-top: 80px !important;padding-bottom: 80px !important;}&#8221;][vc_column apress_zindex=&#8221;9&#8243; css=&#8221;.vc_custom_1754307853633{background-color:&hellip;<\/p>\n","protected":false},"author":1,"featured_media":0,"parent":8073,"menu_order":0,"comment_status":"closed","ping_status":"closed","template":"template-fullwidth-page.php","meta":{"_acf_changed":false,"_monsterinsights_skip_tracking":false,"_monsterinsights_sitenote_active":false,"_monsterinsights_sitenote_note":"","_monsterinsights_sitenote_category":0,"footnotes":""},"class_list":["post-8123","page","type-page","status-publish","hentry"],"acf":[],"_links":{"self":[{"href":"https:\/\/the-rsgroup.com\/it\/wp-json\/wp\/v2\/pages\/8123","targetHints":{"allow":["GET"]}}],"collection":[{"href":"https:\/\/the-rsgroup.com\/it\/wp-json\/wp\/v2\/pages"}],"about":[{"href":"https:\/\/the-rsgroup.com\/it\/wp-json\/wp\/v2\/types\/page"}],"author":[{"embeddable":true,"href":"https:\/\/the-rsgroup.com\/it\/wp-json\/wp\/v2\/users\/1"}],"replies":[{"embeddable":true,"href":"https:\/\/the-rsgroup.com\/it\/wp-json\/wp\/v2\/comments?post=8123"}],"version-history":[{"count":11,"href":"https:\/\/the-rsgroup.com\/it\/wp-json\/wp\/v2\/pages\/8123\/revisions"}],"predecessor-version":[{"id":25710,"href":"https:\/\/the-rsgroup.com\/it\/wp-json\/wp\/v2\/pages\/8123\/revisions\/25710"}],"up":[{"embeddable":true,"href":"https:\/\/the-rsgroup.com\/it\/wp-json\/wp\/v2\/pages\/8073"}],"wp:attachment":[{"href":"https:\/\/the-rsgroup.com\/it\/wp-json\/wp\/v2\/media?parent=8123"}],"curies":[{"name":"wp","href":"https:\/\/api.w.org\/{rel}","templated":true}]}}