{"id":8133,"date":"2020-01-30T13:46:05","date_gmt":"2020-01-30T13:46:05","guid":{"rendered":"http:\/\/the-rsgroup.com\/sedi"},"modified":"2025-12-22T06:38:35","modified_gmt":"2025-12-22T06:38:35","slug":"sedi","status":"publish","type":"page","link":"https:\/\/the-rsgroup.com\/it\/riguardo-a-noi\/sedi\/","title":{"rendered":"Sedi"},"content":{"rendered":"<div class=\"wpb-content-wrapper\"><p>[vc_section full_width=&#8221;stretch_row&#8221; content_placement=&#8221;middle&#8221; min_height=&#8221;480&#8243; css=&#8221;.vc_custom_1759581518232{background-image: url(https:\/\/the-rsgroup.com\/wp-content\/uploads\/2019\/11\/shutterstock_479686717-scaled.jpg?id=3979) !important;background-position: center !important;background-repeat: no-repeat !important;background-size: cover !important;}&#8221; el_class=&#8221;inner-page-banner-section&#8221;][vc_row][vc_column][apress_heading sub_title=&#8221;Sempre vicino a te&#8221; content_alignment=&#8221;left&#8221; data_animation=&#8221;fadeInRight&#8221; enable_delimiter=&#8221;&#8221; style=&#8221;heading_style1&#8243; title_font_options=&#8221;tag:h1&#8243; subtitle_font_options=&#8221;tag:div&#8221;]Le nostre sedi[\/apress_heading][\/vc_column][\/vc_row][\/vc_section][vc_row css=&#8221;.vc_custom_1758104368140{padding-top: 80px !important;padding-bottom: 80px !important;}&#8221;][vc_column apress_zindex=&#8221;9&#8243; css=&#8221;.vc_custom_1574376169714{padding-top: 0px !important;padding-bottom: 0px !important;background-color: #ffffff !important;}&#8221; el_class=&#8221;custom_sidebar high_zIndex&#8221;][apress_heading sub_title=&#8221;Con stabilimenti di produzione e uffici in Europa, Sud America e in Medio Oriente, ed una vasta rete globale di partner, siamo in grado di supportarti ovunque tu sia.&#8221; content_alignment=&#8221;left&#8221; enable_delimiter=&#8221;&#8221; color_scheme=&#8221;color_scheme2&#8243; style=&#8221;heading_style1&#8243; title_font_options=&#8221;tag:h2|letter_spacing:1&#8243; subtitle_font_options=&#8221;tag:div&#8221; heading_margin=&#8221;margin-bottom:30&#8243; class=&#8221;h2-heading-custom&#8221;]Forniamo le migliori soluzioni alle sedi di tutto il mondo.[\/apress_heading][\/vc_column][\/vc_row][vc_row full_width=&#8221;stretch_row&#8221; equal_height=&#8221;yes&#8221; bg_type=&#8221;grad&#8221; css=&#8221;.vc_custom_1758104565440{margin-top: 0px !important;padding-top: 70px !important;padding-bottom: 100px !important;background-color: #F3F3F3 !important;}&#8221; row_name=&#8221;locations&#8221; el_id=&#8221;locations&#8221; bg_grad=&#8221;background: -webkit-gradient(linear, left top, left bottom, color-stop(0%, #5587C8), color-stop(100%, #64BEBE));background: -moz-linear-gradient(left,#5587C8 0%,#64BEBE 100%);background: -webkit-linear-gradient(left,#5587C8 0%,#64BEBE 100%);background: -o-linear-gradient(left,#5587C8 0%,#64BEBE 100%);background: -ms-linear-gradient(left,#5587C8 0%,#64BEBE 100%);background: linear-gradient(left,#5587C8 0%,#64BEBE 100%);&#8221; el_class=&#8221;location-info-box&#8221;][vc_column][apress_heading sub_title=&#8221;&#8221; enable_delimiter=&#8221;&#8221; color_scheme=&#8221;color_scheme2&#8243; style=&#8221;heading_style5&#8243; title_font_options=&#8221;tag:h2|letter_spacing:1&#8243; subtitle_font_options=&#8221;tag:div&#8221;]Le nostre sedi[\/apress_heading]<div class=\"ult-spacer spacer-69ecc451332eb\" data-id=\"69ecc451332eb\" data-height=\"40\" data-height-mobile=\"40\" data-height-tab=\"40\" data-height-tab-portrait=\"\" data-height-mobile-landscape=\"\" style=\"clear:both;display:block;\"><\/div>[vc_row_inner equal_height=&#8221;yes&#8221;][vc_column_inner el_class=&#8221;custom_sidebar&#8221; width=&#8221;1\/3&#8243;]<div class=\"aio-icon-component    style_3\"><div id=\"Info-box-wrap-7347\" class=\"aio-icon-box square_box-icon\" style=\"background-color:#ffffff;\"  ><div class=\"aio-icon-header\" ><h3 class=\"aio-icon-title ult-responsive\"  data-ultimate-target='#Info-box-wrap-7347 .aio-icon-title'  data-responsive-json-new='{\"font-size\":\"\",\"line-height\":\"\"}'  style=\"\">Svizzera<\/h3><\/div> <!-- header --><div class=\"aio-icon-description ult-responsive\"  data-ultimate-target='#Info-box-wrap-7347 .aio-icon-description'  data-responsive-json-new='{\"font-size\":\"\",\"line-height\":\"\"}'  style=\"\">R&amp;S International Holding AG<br \/>\nReuslistrasse 32<br \/>\n4450 Sissach<br \/>\n+41 61 976 34 66<br \/>\n<a href=\"mailto:info@https:\/\/the-rsgroup.com\">info@https:\/\/the-rsgroup.com<\/a><br \/>\n<a href=\"https:\/\/www.google.com\/maps\/place\/R%26S+Group\/@47.4618331,7.813374,15z\/data=!4m5!3m4!1s0x0:0xe8a56fe7e99d30e9!8m2!3d47.4618331!4d7.813374\" target=\"_blank\" rel=\"noopener noreferrer\">Google Maps<\/a><\/div> <!-- description --><\/div> <!-- aio-icon-box --><\/div> <!-- aio-icon-component -->[\/vc_column_inner][vc_column_inner el_class=&#8221;custom_sidebar&#8221; width=&#8221;1\/3&#8243;]<div class=\"aio-icon-component    style_3\"><div id=\"Info-box-wrap-2167\" class=\"aio-icon-box square_box-icon\" style=\"background-color:#ffffff;\"  ><div class=\"aio-icon-header\" ><h3 class=\"aio-icon-title ult-responsive\"  data-ultimate-target='#Info-box-wrap-2167 .aio-icon-title'  data-responsive-json-new='{\"font-size\":\"\",\"line-height\":\"\"}'  style=\"\">Svizzera<\/h3><\/div> <!-- header --><div class=\"aio-icon-description ult-responsive\"  data-ultimate-target='#Info-box-wrap-2167 .aio-icon-description'  data-responsive-json-new='{\"font-size\":\"\",\"line-height\":\"\"}'  style=\"\">Rauscher &amp; Stoecklin AG<br \/>\nReuslistrasse 32<br \/>\n4450 Sissach<br \/>\n+41 61 976 34 66<br \/>\n<a href=\"mailto:info@raustoc.ch\">info@raustoc.ch<\/a><br \/>\n<a href=\"https:\/\/www.google.com\/maps\/place\/Rauscher+%26+Stoecklin+AG\/@47.4621031,7.8131469,15z\/data=!4m5!3m4!1s0x0:0x8b527219b51bc839!8m2!3d47.4621031!4d7.8131469\" target=\"_blank\" rel=\"noopener noreferrer\">Google Maps<\/a><\/div> <!-- description --><\/div> <!-- aio-icon-box --><\/div> <!-- aio-icon-component -->[\/vc_column_inner][vc_column_inner el_class=&#8221;custom_sidebar&#8221; width=&#8221;1\/3&#8243;]<div class=\"aio-icon-component    style_3\"><div id=\"Info-box-wrap-4139\" class=\"aio-icon-box square_box-icon\" style=\"background-color:#ffffff;\"  ><div class=\"aio-icon-header\" ><h3 class=\"aio-icon-title ult-responsive\"  data-ultimate-target='#Info-box-wrap-4139 .aio-icon-title'  data-responsive-json-new='{\"font-size\":\"\",\"line-height\":\"\"}'  style=\"\">Italia<\/h3><\/div> <!-- header --><div class=\"aio-icon-description ult-responsive\"  data-ultimate-target='#Info-box-wrap-4139 .aio-icon-description'  data-responsive-json-new='{\"font-size\":\"\",\"line-height\":\"\"}'  style=\"\">Tesar S.r.l.<br \/>\nLoc. Chiaveretto 37\/B<br \/>\n52010 Subbiano \u2013 Arezzo<br \/>\n+39 0575 3171<br \/>\n<a href=\"mailto:info@tesar.eu\">info@tesar.eu<\/a><br \/>\n<a href=\"https:\/\/www.google.com\/maps\/place\/Tesar+S.r.l.\/@43.5482976,11.9234622,16.3z\/data=!4m5!3m4!1s0x0:0x95bae72feee2d0b0!8m2!3d43.5472884!4d11.92464\" target=\"_blank\" rel=\"noopener noreferrer\">Google Maps<\/a><\/div> <!-- description --><\/div> <!-- aio-icon-box --><\/div> <!-- aio-icon-component -->[\/vc_column_inner][\/vc_row_inner][vc_row_inner equal_height=&#8221;yes&#8221;][vc_column_inner el_class=&#8221;custom_sidebar&#8221; width=&#8221;1\/3&#8243;]<div class=\"aio-icon-component    style_3\"><div id=\"Info-box-wrap-1097\" class=\"aio-icon-box square_box-icon\" style=\"background-color:#ffffff;\"  ><div class=\"aio-icon-header\" ><h3 class=\"aio-icon-title ult-responsive\"  data-ultimate-target='#Info-box-wrap-1097 .aio-icon-title'  data-responsive-json-new='{\"font-size\":\"\",\"line-height\":\"\"}'  style=\"\">Polonia<\/h3><\/div> <!-- header --><div class=\"aio-icon-description ult-responsive\"  data-ultimate-target='#Info-box-wrap-1097 .aio-icon-description'  data-responsive-json-new='{\"font-size\":\"\",\"line-height\":\"\"}'  style=\"\">ZREW Transformatory S.A.<br \/>\nul. Rokici\u0144ska 144<br \/>\n92-412 \u0141\u00f3d\u017a<br \/>\n+48 42 671 86 00<br \/>\n<a href=\"mailto:transformatory@zrew-tr.pl\">transformatory@zrew-tr.pl<\/a><br \/>\n<a href=\"https:\/\/www.google.com\/maps\/place\/ZREW+Transformers+SA\/@51.7586499,19.5586521,15z\/data=!4m5!3m4!1s0x0:0x7b494e5a7ac81d62!8m2!3d51.7586499!4d19.5586521\" target=\"_blank\" rel=\"noopener noreferrer\">Google Maps<\/a><\/div> <!-- description --><\/div> <!-- aio-icon-box --><\/div> <!-- aio-icon-component -->[\/vc_column_inner][vc_column_inner el_class=&#8221;custom_sidebar&#8221; width=&#8221;1\/3&#8243;]<div class=\"aio-icon-component    style_3\"><div id=\"Info-box-wrap-9080\" class=\"aio-icon-box square_box-icon\" style=\"background-color:#ffffff;\"  ><div class=\"aio-icon-header\" ><h3 class=\"aio-icon-title ult-responsive\"  data-ultimate-target='#Info-box-wrap-9080 .aio-icon-title'  data-responsive-json-new='{\"font-size\":\"\",\"line-height\":\"\"}'  style=\"\">Polonia<\/h3><\/div> <!-- header --><div class=\"aio-icon-description ult-responsive\"  data-ultimate-target='#Info-box-wrap-9080 .aio-icon-description'  data-responsive-json-new='{\"font-size\":\"\",\"line-height\":\"\"}'  style=\"\">Tesar Polska Sp. z o.o.<br \/>\nul. Skarbowa 34<br \/>\n32-005 Niepo\u0142omice<br \/>\n+48 12\u00a0312 90 41<br \/>\n<a href=\"mailto:info@tesarpolska.pl\">info@tesarpolska.pl<\/a><br \/>\n<a href=\"https:\/\/www.google.com\/maps\/place\/TESAR\/@50.0389353,20.1942353,18.3z\/data=!4m8!1m2!2m1!1stesar+polska!3m4!1s0x471647a37786c8f5:0x28e45523ffb407c4!8m2!3d50.0389434!4d20.1945314\" target=\"_blank\" rel=\"noopener noreferrer\">Google Maps<\/a><\/div> <!-- description --><\/div> <!-- aio-icon-box --><\/div> <!-- aio-icon-component -->[\/vc_column_inner][vc_column_inner el_class=&#8221;custom_sidebar&#8221; width=&#8221;1\/3&#8243;]<div class=\"aio-icon-component    style_3\"><div id=\"Info-box-wrap-1583\" class=\"aio-icon-box square_box-icon\" style=\"background-color:#ffffff;\"  ><div class=\"aio-icon-header\" ><h3 class=\"aio-icon-title ult-responsive\"  data-ultimate-target='#Info-box-wrap-1583 .aio-icon-title'  data-responsive-json-new='{\"font-size\":\"\",\"line-height\":\"\"}'  style=\"\">Polonia<\/h3><\/div> <!-- header --><div class=\"aio-icon-description ult-responsive\"  data-ultimate-target='#Info-box-wrap-1583 .aio-icon-description'  data-responsive-json-new='{\"font-size\":\"\",\"line-height\":\"\"}'  style=\"\">Rauscher&amp; Stoecklin Polska Sp z o.o.<br \/>\nD\u0119bowa 16<br \/>\nPL 32-700 Krzecz\u00f3w<\/div> <!-- description --><\/div> <!-- aio-icon-box --><\/div> <!-- aio-icon-component -->[\/vc_column_inner][\/vc_row_inner][vc_row_inner equal_height=&#8221;yes&#8221;][vc_column_inner el_class=&#8221;custom_sidebar&#8221; width=&#8221;1\/3&#8243;]<div class=\"aio-icon-component    style_3\"><div id=\"Info-box-wrap-5025\" class=\"aio-icon-box square_box-icon\" style=\"background-color:#ffffff;\"  ><div class=\"aio-icon-header\" ><h3 class=\"aio-icon-title ult-responsive\"  data-ultimate-target='#Info-box-wrap-5025 .aio-icon-title'  data-responsive-json-new='{\"font-size\":\"\",\"line-height\":\"\"}'  style=\"\">Emirati Arabi Uniti<\/h3><\/div> <!-- header --><div class=\"aio-icon-description ult-responsive\"  data-ultimate-target='#Info-box-wrap-5025 .aio-icon-description'  data-responsive-json-new='{\"font-size\":\"\",\"line-height\":\"\"}'  style=\"\">Tesar Gulf<br \/>\nP.O. Box #13898<br \/>\nAl Ain<br \/>\n+971 3 7847900<br \/>\n<a href=\"mailto:tesargulf@tesar.eu\">tesargulf@tesar.eu<\/a><br \/>\n<a href=\"https:\/\/www.google.com\/maps\/place\/Tesar+Gulf.\/@24.0780686,55.6522537,15z\/data=!4m5!3m4!1s0x0:0x2469ae93311c290!8m2!3d24.0780686!4d55.6522537\" target=\"_blank\" rel=\"noopener noreferrer\">Google Maps<\/a><\/div> <!-- description --><\/div> <!-- aio-icon-box --><\/div> <!-- aio-icon-component -->[\/vc_column_inner][vc_column_inner el_class=&#8221;custom_sidebar&#8221; width=&#8221;1\/3&#8243;]<div class=\"aio-icon-component    style_3\"><div id=\"Info-box-wrap-3046\" class=\"aio-icon-box square_box-icon\" style=\"background-color:#ffffff;\"  ><div class=\"aio-icon-header\" ><h3 class=\"aio-icon-title ult-responsive\"  data-ultimate-target='#Info-box-wrap-3046 .aio-icon-title'  data-responsive-json-new='{\"font-size\":\"\",\"line-height\":\"\"}'  style=\"\">Emirati Arabi Uniti<\/h3><\/div> <!-- header --><div class=\"aio-icon-description ult-responsive\"  data-ultimate-target='#Info-box-wrap-3046 .aio-icon-description'  data-responsive-json-new='{\"font-size\":\"\",\"line-height\":\"\"}'  style=\"\">Tesar Gulf<br \/>\nLevel 3, Spacebox, Tesar<br \/>\nConvention Tower, Trade Centre<br \/>\nDubai, UAE<br \/>\n+971 4 2045305\/06<br \/>\n<a href=\"mailto:tesargulf@tesar.eu\">tesargulf@tesar.eu<\/a><br \/>\n<a href=\"https:\/\/www.google.com\/maps\/search\/Convention+Tower\/@25.2222109,55.2864664,17z\/data=!3m1!4b1?entry=ttu\" target=\"_blank\" rel=\"noopener noreferrer\">Google Maps<\/a><\/div> <!-- description --><\/div> <!-- aio-icon-box --><\/div> <!-- aio-icon-component -->[\/vc_column_inner][vc_column_inner el_class=&#8221;custom_sidebar&#8221; width=&#8221;1\/3&#8243;]<div class=\"aio-icon-component    style_3\"><div id=\"Info-box-wrap-6781\" class=\"aio-icon-box square_box-icon\" style=\"background-color:#ffffff;\"  ><div class=\"aio-icon-header\" ><h3 class=\"aio-icon-title ult-responsive\"  data-ultimate-target='#Info-box-wrap-6781 .aio-icon-title'  data-responsive-json-new='{\"font-size\":\"\",\"line-height\":\"\"}'  style=\"\">Argentina<\/h3><\/div> <!-- header --><div class=\"aio-icon-description ult-responsive\"  data-ultimate-target='#Info-box-wrap-6781 .aio-icon-description'  data-responsive-json-new='{\"font-size\":\"\",\"line-height\":\"\"}'  style=\"\">Tadeo Czerweny &#8211; Tesar S.A.<br \/>\nAv. Rep\u00fablica 328 (S2252BQQ)<br \/>\nG\u00e1lvez, Santa Fe<br \/>\n+54 3404 48 7200<br \/>\n<a href=\"mailto:info@tesar.eu\">info@tesar.eu<\/a><br \/>\n<a href=\"https:\/\/www.google.com\/maps\/place\/Tadeo+Czerweny+Sa+Transformers\/@-32.0416455,-61.2124821,15z\/data=!4m5!3m4!1s0x0:0x403ecd093d80674a!8m2!3d-32.0416455!4d-61.2124821\" target=\"_blank\" rel=\"noopener noreferrer\">Google Maps<\/a><\/div> <!-- description --><\/div> <!-- aio-icon-box --><\/div> <!-- aio-icon-component -->[\/vc_column_inner][\/vc_row_inner][vc_row_inner equal_height=&#8221;yes&#8221;][vc_column_inner el_class=&#8221;custom_sidebar&#8221; width=&#8221;1\/3&#8243;]<div class=\"aio-icon-component    style_3\"><div id=\"Info-box-wrap-8275\" class=\"aio-icon-box square_box-icon\" style=\"background-color:#ffffff;\"  ><div class=\"aio-icon-header\" ><h3 class=\"aio-icon-title ult-responsive\"  data-ultimate-target='#Info-box-wrap-8275 .aio-icon-title'  data-responsive-json-new='{\"font-size\":\"\",\"line-height\":\"\"}'  style=\"\">Irlanda<\/h3><\/div> <!-- header --><div class=\"aio-icon-description ult-responsive\"  data-ultimate-target='#Info-box-wrap-8275 .aio-icon-description'  data-responsive-json-new='{\"font-size\":\"\",\"line-height\":\"\"}'  style=\"\">Kyte Powertech Ltd<br \/>\nAddress: Dublin Rd<br \/>\nCavan H12 KV20<br \/>\nPhone: +353 494331588<br \/>\n<a href=\"https:\/\/maps.app.goo.gl\/853CFhgAgFVUUwfC9\" target=\"_blank\" rel=\"noopener noreferrer\">Google Maps<\/a><\/div> <!-- description --><\/div> <!-- aio-icon-box --><\/div> <!-- aio-icon-component -->[\/vc_column_inner][vc_column_inner el_class=&#8221;custom_sidebar&#8221; width=&#8221;1\/3&#8243;][\/vc_column_inner][vc_column_inner width=&#8221;1\/3&#8243;][\/vc_column_inner][\/vc_row_inner][\/vc_column][\/vc_row]<\/p>\n<\/div>","protected":false},"excerpt":{"rendered":"<p>[vc_section full_width=&#8221;stretch_row&#8221; content_placement=&#8221;middle&#8221; min_height=&#8221;480&#8243; css=&#8221;.vc_custom_1759581518232{background-image: url(https:\/\/the-rsgroup.com\/wp-content\/uploads\/2019\/11\/shutterstock_479686717-scaled.jpg?id=3979) !important;background-position: center !important;background-repeat: no-repeat !important;background-size: cover !important;}&#8221; el_class=&#8221;inner-page-banner-section&#8221;][vc_row][vc_column][apress_heading sub_title=&#8221;Sempre vicino a te&#8221; content_alignment=&#8221;left&#8221; data_animation=&#8221;fadeInRight&#8221; enable_delimiter=&#8221;&#8221; style=&#8221;heading_style1&#8243; title_font_options=&#8221;tag:h1&#8243; subtitle_font_options=&#8221;tag:div&#8221;]Le nostre sedi[\/apress_heading][\/vc_column][\/vc_row][\/vc_section][vc_row css=&#8221;.vc_custom_1758104368140{padding-top: 80px !important;padding-bottom: 80px !important;}&#8221;][vc_column apress_zindex=&#8221;9&#8243; css=&#8221;.vc_custom_1574376169714{padding-top: 0px !important;padding-bottom: 0px !important;background-color: #ffffff !important;}&#8221; el_class=&#8221;custom_sidebar&hellip;<\/p>\n","protected":false},"author":1,"featured_media":0,"parent":8013,"menu_order":0,"comment_status":"closed","ping_status":"closed","template":"template-fullwidth-page.php","meta":{"_acf_changed":false,"_monsterinsights_skip_tracking":false,"_monsterinsights_sitenote_active":false,"_monsterinsights_sitenote_note":"","_monsterinsights_sitenote_category":0,"footnotes":""},"class_list":["post-8133","page","type-page","status-publish","hentry"],"acf":[],"_links":{"self":[{"href":"https:\/\/the-rsgroup.com\/it\/wp-json\/wp\/v2\/pages\/8133","targetHints":{"allow":["GET"]}}],"collection":[{"href":"https:\/\/the-rsgroup.com\/it\/wp-json\/wp\/v2\/pages"}],"about":[{"href":"https:\/\/the-rsgroup.com\/it\/wp-json\/wp\/v2\/types\/page"}],"author":[{"embeddable":true,"href":"https:\/\/the-rsgroup.com\/it\/wp-json\/wp\/v2\/users\/1"}],"replies":[{"embeddable":true,"href":"https:\/\/the-rsgroup.com\/it\/wp-json\/wp\/v2\/comments?post=8133"}],"version-history":[{"count":12,"href":"https:\/\/the-rsgroup.com\/it\/wp-json\/wp\/v2\/pages\/8133\/revisions"}],"predecessor-version":[{"id":31777,"href":"https:\/\/the-rsgroup.com\/it\/wp-json\/wp\/v2\/pages\/8133\/revisions\/31777"}],"up":[{"embeddable":true,"href":"https:\/\/the-rsgroup.com\/it\/wp-json\/wp\/v2\/pages\/8013"}],"wp:attachment":[{"href":"https:\/\/the-rsgroup.com\/it\/wp-json\/wp\/v2\/media?parent=8133"}],"curies":[{"name":"wp","href":"https:\/\/api.w.org\/{rel}","templated":true}]}}