{"id":8335,"date":"2020-01-31T14:52:03","date_gmt":"2020-01-31T14:52:03","guid":{"rendered":"http:\/\/the-rsgroup.com\/prodotti\/trasformatori\/trasformatori-di-potenza"},"modified":"2026-02-25T12:15:07","modified_gmt":"2026-02-25T12:15:07","slug":"trasformatori-di-potenza","status":"publish","type":"page","link":"https:\/\/the-rsgroup.com\/it\/prodotti\/trasformatori\/trasformatori-di-potenza\/","title":{"rendered":"Trasformatori di potenza"},"content":{"rendered":"<div class=\"wpb-content-wrapper\"><p>[vc_section full_width=&#8221;stretch_row&#8221; content_placement=&#8221;middle&#8221; min_height=&#8221;480&#8243; css=&#8221;.vc_custom_1752657582295{background-image: url(https:\/\/the-rsgroup.com\/wp-content\/uploads\/2025\/07\/products-transformers-power_transformers_banner-1.jpg?id=21981) !important;background-position: center !important;background-repeat: no-repeat !important;background-size: cover !important;}&#8221; el_class=&#8221;inner-page-banner-section&#8221;][vc_row][vc_column][apress_heading sub_title=&#8221;Fai lavorare i tuoi impianti a pieno ritmo con i nostri trasformatori ad alta efficienza&#8221; content_alignment=&#8221;left&#8221; data_animation=&#8221;fadeInRight&#8221; enable_delimiter=&#8221;&#8221; style=&#8221;heading_style1&#8243; title_font_options=&#8221;tag:h1&#8243; subtitle_font_options=&#8221;tag:div&#8221;]Trasformatori di potenza[\/apress_heading][\/vc_column][\/vc_row][\/vc_section][vc_row full_width=&#8221;stretch_row&#8221; content_placement=&#8221;middle&#8221; css=&#8221;.vc_custom_1763529067580{padding-top: 80px !important;padding-right: 20px !important;padding-bottom: 0px !important;padding-left: 20px !important;background-color: #FFFFFF !important;background-position: center !important;background-repeat: no-repeat !important;background-size: cover !important;}&#8221; min_height=&#8221;480&#8243; el_class=&#8221;page-title-section mx-0&#8243; el_id=&#8221;indus_row2&#8243;][vc_column apress_zindex=&#8221;9&#8243; el_class=&#8221;custom_sidebar high_zIndex&#8221;][apress_heading sub_title=&#8221;&#8221; content_alignment=&#8221;left&#8221; enable_delimiter=&#8221;&#8221; color_scheme=&#8221;color_scheme1&#8243; style=&#8221;heading_style1&#8243; title_font_options=&#8221;tag:div|font_size:46|line_height:50|letter_spacing:1&#8243; subtitle_font_options=&#8221;tag:div|color:%23ffffff&#8221; heading_margin=&#8221;margin-top:10|margin-bottom:30&#8243; class=&#8221;h2-heading-custom&#8221;]R&amp;S propone trasformatori di potenza altamente efficienti e personalizzati.[\/apress_heading][vc_row_inner][vc_column_inner width=&#8221;1\/4&#8243;][vc_single_image image=&#8221;4028&#8243; img_size=&#8221;full&#8221; css=&#8221;&#8221;][\/vc_column_inner][vc_column_inner width=&#8221;3\/4&#8243;][apress_heading sub_title=&#8221;&#8221; content_alignment=&#8221;left&#8221; enable_delimiter=&#8221;&#8221; color_scheme=&#8221;design_your_own&#8221; main_heading_color=&#8221;#0a0a0a&#8221; style=&#8221;heading_style6&#8243; title_font_options=&#8221;tag:h2|font_size:30|line_height:30|letter_spacing:0&#8243; subtitle_font_options=&#8221;tag:div|letter_spacing:3&#8243; heading_margin=&#8221;margin-top:10|margin-bottom:30&#8243;]Potenza nominale fino a 160 MVA<br \/>\nTensione fino a 220 kV[\/apress_heading][vc_column_text css=&#8221;&#8221;]Produciamo trasformatori per reti di distribuzione, trasformatori innalzatori per centrali elettriche, di cogenerazione e di produzione combinata di energia e calore, e trasformatori speciali per scopi industriali e per il trasporto ferroviario. L\u2019esperienza acquisita in oltre 60 anni di attivit\u00e0 e in oltre 1.000 installazioni ci rende un partner affidabile.[\/vc_column_text][\/vc_column_inner][\/vc_row_inner][\/vc_column][\/vc_row][vc_row full_width=&#8221;stretch_row&#8221; equal_height=&#8221;yes&#8221; css=&#8221;.vc_custom_1754113285991{padding-top: 80px !important;padding-bottom: 80px !important;}&#8221;][vc_column][apress_heading sub_title=&#8221;&#8221; enable_delimiter=&#8221;&#8221; color_scheme=&#8221;color_scheme2&#8243; style=&#8221;heading_style5&#8243; title_font_options=&#8221;tag:h2|letter_spacing:0&#8243; subtitle_font_options=&#8221;tag:div|letter_spacing:3&#8243;]Vantaggi che parlano da soli[\/apress_heading]<div class=\"ult-spacer spacer-69ec946388ba7\" data-id=\"69ec946388ba7\" data-height=\"30\" data-height-mobile=\"30\" data-height-tab=\"30\" data-height-tab-portrait=\"\" data-height-mobile-landscape=\"\" style=\"clear:both;display:block;\"><\/div>[vc_row_inner equal_height=&#8221;yes&#8221; gap=&#8221;20&#8243; el_class=&#8221;benefits-column-row&#8221;][vc_column_inner el_class=&#8221;custom_sidebar&#8221; width=&#8221;1\/3&#8243;][apress_gradient_icon_box description=&#8221;Tutti i nostri materiali e componenti provengono esclusivamente dai principali produttori mondiali, in modo da fornire alla clientela esclusivamente prodotti di alta qualit\u00e0 ed assolutamente affidabili, per consentirti di ottenere un elevato livello di efficienza.&#8221; box_bg_color=&#8221;&#8221; color_scheme=&#8221;gradient_scheme1&#8243; highlight_border_width=&#8221;0&#8243; highlight_border_color=&#8221;#ffffff&#8221; border_hover_color_scheme=&#8221;gradient_scheme1&#8243; box_hover_shadow=&#8221;box_shadow_enable:disable|shadow_horizontal:0|shadow_vertical:7|shadow_blur:90|shadow_spread:-38|box_shadow_color:rgba(0%2C0%2C0%2C0.1)&#8221; box_top_padding=&#8221;&#8221; box_right_padding=&#8221;&#8221; box_bottom_padding=&#8221;&#8221; box_left_padding=&#8221;&#8221; icon_type=&#8221;image&#8221; icon_image=&#8221;21996&#8243; gradient_icon_size=&#8221;70&#8243; style=&#8221;iconbox_style8&#8243; title_font_options=&#8221;tag:h5&#8243; class=&#8221;no-padding&#8221;]Raggiungi la massima efficienza[\/apress_gradient_icon_box][\/vc_column_inner][vc_column_inner el_class=&#8221;custom_sidebar&#8221; width=&#8221;1\/3&#8243;][apress_gradient_icon_box description=&#8221;Ciascun trasformatore \u00e8 unico e progettato appositamente, e ti permette di implementare la soluzione perfettamente adattata ai tuoi requisiti in quanto a tensione, potenza, condizioni climatiche, pressione sonora e altri criteri.&#8221; box_bg_color=&#8221;&#8221; color_scheme=&#8221;gradient_scheme1&#8243; highlight_border_width=&#8221;0&#8243; highlight_border_color=&#8221;#ffffff&#8221; border_hover_color_scheme=&#8221;gradient_scheme1&#8243; box_hover_shadow=&#8221;box_shadow_enable:disable|shadow_horizontal:0|shadow_vertical:7|shadow_blur:90|shadow_spread:-38|box_shadow_color:rgba(0%2C0%2C0%2C0.1)&#8221; box_top_padding=&#8221;&#8221; box_right_padding=&#8221;&#8221; box_bottom_padding=&#8221;&#8221; box_left_padding=&#8221;&#8221; icon_type=&#8221;image&#8221; icon_image=&#8221;22020&#8243; gradient_icon_size=&#8221;70&#8243; style=&#8221;iconbox_style8&#8243; title_font_options=&#8221;tag:h5&#8243; class=&#8221;no-padding&#8221;]La soluzione perfetta per te[\/apress_gradient_icon_box][\/vc_column_inner][vc_column_inner el_class=&#8221;custom_sidebar&#8221; width=&#8221;1\/3&#8243;][apress_gradient_icon_box description=&#8221;Approfitta della lunga vita utile dei nostri trasformatori. Grazie a componenti di alta qualit\u00e0 e a processi perfezionati, la loro vita utile media fino alla necessit\u00e0 di sostituzione \u00e8 superiore ai 30 anni.&#8221; box_bg_color=&#8221;&#8221; color_scheme=&#8221;gradient_scheme1&#8243; highlight_border_width=&#8221;0&#8243; highlight_border_color=&#8221;#ffffff&#8221; border_hover_color_scheme=&#8221;gradient_scheme1&#8243; box_hover_shadow=&#8221;box_shadow_enable:disable|shadow_horizontal:0|shadow_vertical:7|shadow_blur:90|shadow_spread:-38|box_shadow_color:rgba(0%2C0%2C0%2C0.1)&#8221; box_top_padding=&#8221;&#8221; box_right_padding=&#8221;&#8221; box_bottom_padding=&#8221;&#8221; box_left_padding=&#8221;&#8221; icon_type=&#8221;image&#8221; icon_image=&#8221;22002&#8243; gradient_icon_size=&#8221;70&#8243; style=&#8221;iconbox_style8&#8243; title_font_options=&#8221;tag:h5&#8243; class=&#8221;no-padding&#8221;]Taglia i costi di investimento[\/apress_gradient_icon_box][\/vc_column_inner][\/vc_row_inner][vc_row_inner equal_height=&#8221;yes&#8221; gap=&#8221;20&#8243; el_class=&#8221;benefits-column-row&#8221;][vc_column_inner el_class=&#8221;custom_sidebar&#8221; width=&#8221;1\/3&#8243;][apress_gradient_icon_box description=&#8221;Ti offriamo un pacchetto completo. Dai servizi di consulenza, progettazione e produzione, fino alla riparazione e alla diagnostica, ci occupiamo di ogni aspetto, cos\u00ec tu puoi concentrarti sul tuo core business.&#8221; box_bg_color=&#8221;&#8221; color_scheme=&#8221;gradient_scheme1&#8243; highlight_border_width=&#8221;0&#8243; highlight_border_color=&#8221;#ffffff&#8221; border_hover_color_scheme=&#8221;gradient_scheme1&#8243; box_hover_shadow=&#8221;box_shadow_enable:disable|shadow_horizontal:0|shadow_vertical:7|shadow_blur:90|shadow_spread:-38|box_shadow_color:rgba(0%2C0%2C0%2C0.1)&#8221; box_top_padding=&#8221;&#8221; box_right_padding=&#8221;&#8221; box_bottom_padding=&#8221;&#8221; box_left_padding=&#8221;&#8221; icon_type=&#8221;image&#8221; icon_image=&#8221;22014&#8243; gradient_icon_size=&#8221;70&#8243; style=&#8221;iconbox_style8&#8243; title_font_options=&#8221;tag:h5&#8243; class=&#8221;no-padding&#8221;]Risparmia tempo ed evita i problemi[\/apress_gradient_icon_box][\/vc_column_inner][vc_column_inner el_class=&#8221;custom_sidebar&#8221; width=&#8221;1\/3&#8243;][apress_gradient_icon_box description=&#8221;I nostri trasformatori resistono a temperature ambiente comprese tra -40\u00b0C e +40\u00b0C, garantendo cos\u00ec l\u2019alimentazione continua e il funzionamento del sistema a pieno regime 24 ore al giorno, sette giorni su sette.&#8221; box_bg_color=&#8221;&#8221; color_scheme=&#8221;gradient_scheme1&#8243; highlight_border_width=&#8221;0&#8243; highlight_border_color=&#8221;#ffffff&#8221; border_hover_color_scheme=&#8221;gradient_scheme1&#8243; box_hover_shadow=&#8221;box_shadow_enable:disable|shadow_horizontal:0|shadow_vertical:7|shadow_blur:90|shadow_spread:-38|box_shadow_color:rgba(0%2C0%2C0%2C0.1)&#8221; box_top_padding=&#8221;&#8221; box_right_padding=&#8221;&#8221; box_bottom_padding=&#8221;&#8221; box_left_padding=&#8221;&#8221; icon_type=&#8221;image&#8221; icon_image=&#8221;22008&#8243; gradient_icon_size=&#8221;70&#8243; style=&#8221;iconbox_style8&#8243; title_font_options=&#8221;tag:h5&#8243; class=&#8221;no-padding&#8221;]Aumenta l\u2019affidabilit\u00e0 del tuo impianto[\/apress_gradient_icon_box][\/vc_column_inner][\/vc_row_inner][\/vc_column][\/vc_row][vc_row full_width=&#8221;stretch_row_content&#8221; content_placement=&#8221;middle&#8221; bg_type=&#8221;image&#8221; parallax_style=&#8221;vcpb-default&#8221; bg_image_new=&#8221;id^29184|url^https:\/\/the-rsgroup.com\/wp-content\/uploads\/2025\/11\/rs.tc-host.de_power-transformers_ZREW-1.jpg|caption^null|alt^null|title^rs.tc-host.de_power-transformers_ZREW|description^null&#8221; bg_image_repeat=&#8221;no-repeat&#8221; bg_override=&#8221;full&#8221; css=&#8221;.vc_custom_1763970688950{padding-top: 50px !important;padding-bottom: 150px !important;background-position: center !important;background-repeat: no-repeat !important;background-size: cover !important;}&#8221; el_class=&#8221;full-width-content-section testimonial&#8221; el_id=&#8221;row3&#8243;][vc_column][vc_row_inner][vc_column_inner][vc_single_image image=&#8221;31364&#8243; img_size=&#8221;full&#8221; css=&#8221;&#8221; el_class=&#8221;test-desktop-hide&#8221;][vc_column_text css=&#8221;&#8221; el_class=&#8221;full-width-content full-width-content-left zrew&#8221;]<\/p>\n<h5>Prestazioni su cui i nostri clienti possono contare<\/h5>\n<p><em><i>\u201eIl nostro obiettivo in ZREW \u00e8 chiaro: costruire trasformatori che funzionino in modo affidabile per decenni nelle reali condizioni di rete.\u201c<\/i><\/em><\/p>\n<h6>Volodymyr Zaytsev &#8211; Expert Research &amp; Development Engineering<\/h6>\n<p>[\/vc_column_text][\/vc_column_inner][\/vc_row_inner][\/vc_column][\/vc_row][vc_row full_width=&#8221;stretch_row&#8221; equal_height=&#8221;yes&#8221; css=&#8221;.vc_custom_1751369662705{padding-top: 80px !important;padding-bottom: 100px !important;background-color: #F2F2F2 !important;}&#8221; el_class=&#8221;testimonial-wrap&#8221;][vc_column centered_text=&#8221;true&#8221;][apress_button button_text=&#8221;Scopri di pi\u00f9 nei nostri progetti di riferimento&#8221; button_size=&#8221;medium&#8221; button_alignment=&#8221;center&#8221; box_shadow=&#8221;box_shadow_enable:disable|shadow_horizontal:1|shadow_vertical:2|shadow_blur:4|shadow_spread:0|box_shadow_color:rgba(0%2C0%2C0%2C0.2)&#8221; box_hover_shadow=&#8221;box_shadow_enable:disable|shadow_horizontal:2|shadow_vertical:2|shadow_blur:7|shadow_spread:0|box_shadow_color:rgba(0%2C0%2C0%2C0.2)&#8221; button_swing=&#8221;yes&#8221; button_shape=&#8221;square&#8221; button_link=&#8221;url:https%3A%2F%2Fthe-rsgroup.com%2Fit%2Fprogetti-di-riferimento%2F|title:Reference%20projects%20power%20transformers&#8221;][\/vc_column][\/vc_row][vc_row full_width=&#8221;stretch_row&#8221; equal_height=&#8221;yes&#8221; css=&#8221;.vc_custom_1574722697905{padding-top: 80px !important;padding-bottom: 80px !important;}&#8221;][vc_column][apress_heading sub_title=&#8221;Consulta la nostra brochure, oppure contatta oggi stesso un membro del nostro staff.&#8221; content_alignment=&#8221;left&#8221; enable_delimiter=&#8221;&#8221; color_scheme=&#8221;design_your_own&#8221; main_heading_color=&#8221;#000000&#8243; style=&#8221;heading_style5&#8243; title_font_options=&#8221;tag:h2&#8243; subtitle_font_options=&#8221;tag:div|color:%236980b4&#8243; heading_margin=&#8221;margin-top:10|margin-bottom:30&#8243;]<strong>Desideri maggiori dettagli tecnici?<\/strong>[\/apress_heading]<div class=\"ult-spacer spacer-69ec946388c61\" data-id=\"69ec946388c61\" data-height=\"80\" data-height-mobile=\"80\" data-height-tab=\"80\" data-height-tab-portrait=\"\" data-height-mobile-landscape=\"\" style=\"clear:both;display:block;\"><\/div>[vc_row_inner el_class=&#8221;action-btn-with-img&#8221;][vc_column_inner width=&#8221;1\/3&#8243;]\r\n<!--Image Box Start-->\r\n<div class=\"zolo_imagebox_new_wrapper zolo_imagebox_new_177802752769ec946388d2a new_imagebox_style5 noanimation\" data-animation =\"No Animation\" data-delay =\"500\" data-id =\"zolo_imagebox_new_177802752769ec946388d2a\">\r\n    <a title=\"\" href=\"https:\/\/the-rsgroup.com\/wp-content\/uploads\/2020\/01\/RS-ZREW_Image-Brochure_EN.pdf\" target=\"_blank\" rel=\"\">\r\n    <div class=\"zolo_imagebox_new_box\">\r\n        <div class=\"img_thumbnail\"><img decoding=\"async\" src=\"https:\/\/the-rsgroup.com\/wp-content\/uploads\/2025\/07\/icon6.png\"\/><\/div>\r\n        <div class=\"zolo_imagebox_new_content\">\r\n            <div class=\"zolo_imagebox_new_title_des\">\r\n        <h2 class=\"entry-title zolo_imagebox_new_title\" style=\"color:#ffffff; \">        Brochure trasformatori di potenza (solo Inglese) <\/h2>                              <\/div>\r\n    <\/div>\r\n          <\/div>\r\n    <\/a>\r\n  <\/div>\r\n<!--Image Box End-->\r\n\r\n[\/vc_column_inner][vc_column_inner width=&#8221;1\/3&#8243;]\r\n<!--Image Box Start-->\r\n<div class=\"zolo_imagebox_new_wrapper zolo_imagebox_new_104634422369ec94638af65 new_imagebox_style5 noanimation\" data-animation =\"No Animation\" data-delay =\"500\" data-id =\"zolo_imagebox_new_104634422369ec94638af65\">\r\n    <a title=\"\" href=\"https:\/\/the-rsgroup.com\/it\/prodotti\/download-centre\/\" target=\"_blank\" rel=\"\">\r\n    <div class=\"zolo_imagebox_new_box\">\r\n        <div class=\"img_thumbnail\"><img decoding=\"async\" src=\"https:\/\/the-rsgroup.com\/wp-content\/uploads\/2025\/07\/icon7.png\"\/><\/div>\r\n        <div class=\"zolo_imagebox_new_content\">\r\n            <div class=\"zolo_imagebox_new_title_des\">\r\n        <h2 class=\"entry-title zolo_imagebox_new_title\" style=\"color:#ffffff; \">        Download centre <\/h2>                              <\/div>\r\n    <\/div>\r\n          <\/div>\r\n    <\/a>\r\n  <\/div>\r\n<!--Image Box End-->\r\n\r\n[\/vc_column_inner][vc_column_inner width=&#8221;1\/3&#8243;][\/vc_column_inner][\/vc_row_inner]<div class=\"ult-spacer spacer-69ec94638b64d\" data-id=\"69ec94638b64d\" data-height=\"80\" data-height-mobile=\"80\" data-height-tab=\"80\" data-height-tab-portrait=\"\" data-height-mobile-landscape=\"\" style=\"clear:both;display:block;\"><\/div>[vc_separator color=&#8221;custom&#8221; css=&#8221;&#8221; accent_color=&#8221;#D7D7D7&#8243;]<div class=\"ult-spacer spacer-69ec94638b6c4\" data-id=\"69ec94638b6c4\" data-height=\"60\" data-height-mobile=\"60\" data-height-tab=\"60\" data-height-tab-portrait=\"\" data-height-mobile-landscape=\"\" style=\"clear:both;display:block;\"><\/div>[apress_heading sub_title=&#8221;&#8221; content_alignment=&#8221;left&#8221; enable_delimiter=&#8221;&#8221; color_scheme=&#8221;color_scheme2&#8243; style=&#8221;heading_style5&#8243; title_font_options=&#8221;tag:h2&#8243; subtitle_font_options=&#8221;tag:div&#8221; heading_margin=&#8221;margin-top:10|margin-bottom:30&#8243;]Soluzioni innovative e personalizzate[\/apress_heading][vc_column_text css=&#8221;&#8221;]Crediamo fermamente che l\u2019unico modo per offrirti i prodotti pi\u00f9 innovativi e di qualit\u00e0 per i requisiti dei tuoi progetti \u00e8 essere all\u2019avanguardia nelle nuove tecnologie. Lo speciale design dei nostri trasformatori di potenza e gli oltre 60 anni di esperienza ci consentono di proporre soluzioni completamente personalizzabili.[\/vc_column_text][\/vc_column][\/vc_row][vc_row full_width=&#8221;stretch_row_content&#8221; equal_height=&#8221;yes&#8221; content_placement=&#8221;middle&#8221; el_class=&#8221;product-info-column&#8221; css=&#8221;.vc_custom_1758691670097{padding-top: 80px !important;padding-bottom: 80px !important;background-color: #F2F2F2 !important;}&#8221;][vc_column css=&#8221;.vc_custom_1766400992478{padding-top: 0px !important;padding-right: 0px !important;padding-bottom: 0px !important;padding-left: 0px !important;}&#8221; el_id=&#8221;transformatory&#8221;][vc_row_inner][vc_column_inner width=&#8221;1\/4&#8243;]\r\n<!--Image Box Start-->\r\n<div class=\"zolo_imagebox_new_wrapper zolo_imagebox_new_178130640369ec94638b7e4 new_imagebox_style3 noanimation\" data-animation =\"No Animation\" data-delay =\"500\" data-id =\"zolo_imagebox_new_178130640369ec94638b7e4\">\r\n    <div class=\"zolo_imagebox_new_box\">\r\n            <div class=\"img_thumbnail\"><img decoding=\"async\" src=\"https:\/\/the-rsgroup.com\/wp-content\/uploads\/2019\/12\/gsu-power-transformer.png\"\/><\/div>\r\n        <div class=\"zolo_imagebox_new_content\">\r\n      <div class=\"zolo_imagebox_new_title_des\">\r\n        <h2 class=\"entry-title zolo_imagebox_new_title\" style=\"color:#000000; \">        Trasformatore di potenza innalzatore <\/h2>                <span class=\"zolo_imagebox_description\" style=\"color:#000000; \">        - Per aumentare la tensione nelle centrali elettriche e di cogenerazione<br \/>\n- Collabora principalmente con le fonti di produzione <\/span> <\/div>\r\n    <\/div>\r\n          <\/div>\r\n  <\/div>\r\n<!--Image Box End-->\r\n\r\n[\/vc_column_inner][vc_column_inner width=&#8221;1\/4&#8243;]\r\n<!--Image Box Start-->\r\n<div class=\"zolo_imagebox_new_wrapper zolo_imagebox_new_80142458169ec94638becb new_imagebox_style3 noanimation\" data-animation =\"No Animation\" data-delay =\"500\" data-id =\"zolo_imagebox_new_80142458169ec94638becb\">\r\n    <div class=\"zolo_imagebox_new_box\">\r\n            <div class=\"img_thumbnail\"><img decoding=\"async\" src=\"https:\/\/the-rsgroup.com\/wp-content\/uploads\/2019\/12\/network-power-transformer.png\"\/><\/div>\r\n        <div class=\"zolo_imagebox_new_content\">\r\n      <div class=\"zolo_imagebox_new_title_des\">\r\n        <h2 class=\"entry-title zolo_imagebox_new_title\" style=\"color:#000000; \">        Trasformatore di potenza per reti <\/h2>                <span class=\"zolo_imagebox_description\" style=\"color:#000000; \">        - Utilizzato per ridurre la tensione nelle reti di distribuzione<br \/>\n- Comunemente utilizzato dalle societ\u00e0 di distribuzione e dalla grande industria <\/span> <\/div>\r\n    <\/div>\r\n          <\/div>\r\n  <\/div>\r\n<!--Image Box End-->\r\n\r\n[\/vc_column_inner][vc_column_inner width=&#8221;1\/4&#8243;]\r\n<!--Image Box Start-->\r\n<div class=\"zolo_imagebox_new_wrapper zolo_imagebox_new_61132635569ec94638c5a1 new_imagebox_style3 noanimation\" data-animation =\"No Animation\" data-delay =\"500\" data-id =\"zolo_imagebox_new_61132635569ec94638c5a1\">\r\n    <div class=\"zolo_imagebox_new_box\">\r\n            <div class=\"img_thumbnail\"><img decoding=\"async\" src=\"https:\/\/the-rsgroup.com\/wp-content\/uploads\/2019\/12\/special-power-transformer.png\"\/><\/div>\r\n        <div class=\"zolo_imagebox_new_content\">\r\n      <div class=\"zolo_imagebox_new_title_des\">\r\n        <h2 class=\"entry-title zolo_imagebox_new_title\" style=\"color:#000000; \">        Trasformatore di potenza speciale <\/h2>                <span class=\"zolo_imagebox_description\" style=\"color:#000000; \">        - Utilizzato nelle acciaierie per alimentare gli altiforni<br \/>\n- Utilizzato negli stabilimenti industriali per collaborare con i sistemi convertitori<br \/>\n- Utilizzato nei sistemi di trasmissione ferroviaria per alimentare i sistemi raddrizzatori <\/span> <\/div>\r\n    <\/div>\r\n          <\/div>\r\n  <\/div>\r\n<!--Image Box End-->\r\n\r\n[\/vc_column_inner][\/vc_row_inner][\/vc_column][\/vc_row]<\/p>\n<\/div>","protected":false},"excerpt":{"rendered":"<p>[vc_section full_width=&#8221;stretch_row&#8221; content_placement=&#8221;middle&#8221; min_height=&#8221;480&#8243; css=&#8221;.vc_custom_1752657582295{background-image: url(https:\/\/the-rsgroup.com\/wp-content\/uploads\/2025\/07\/products-transformers-power_transformers_banner-1.jpg?id=21981) !important;background-position: center !important;background-repeat: no-repeat !important;background-size: cover !important;}&#8221; el_class=&#8221;inner-page-banner-section&#8221;][vc_row][vc_column][apress_heading sub_title=&#8221;Fai lavorare i tuoi impianti a pieno ritmo con i nostri trasformatori ad alta efficienza&#8221; content_alignment=&#8221;left&#8221; data_animation=&#8221;fadeInRight&#8221; enable_delimiter=&#8221;&#8221; style=&#8221;heading_style1&#8243; title_font_options=&#8221;tag:h1&#8243; subtitle_font_options=&#8221;tag:div&#8221;]Trasformatori di potenza[\/apress_heading][\/vc_column][\/vc_row][\/vc_section][vc_row full_width=&#8221;stretch_row&#8221; content_placement=&#8221;middle&#8221; css=&#8221;.vc_custom_1763529067580{padding-top:&hellip;<\/p>\n","protected":false},"author":1,"featured_media":0,"parent":8295,"menu_order":0,"comment_status":"closed","ping_status":"closed","template":"template-fullwidth-page.php","meta":{"_acf_changed":false,"_monsterinsights_skip_tracking":false,"_monsterinsights_sitenote_active":false,"_monsterinsights_sitenote_note":"","_monsterinsights_sitenote_category":0,"footnotes":""},"class_list":["post-8335","page","type-page","status-publish","hentry"],"acf":[],"_links":{"self":[{"href":"https:\/\/the-rsgroup.com\/it\/wp-json\/wp\/v2\/pages\/8335","targetHints":{"allow":["GET"]}}],"collection":[{"href":"https:\/\/the-rsgroup.com\/it\/wp-json\/wp\/v2\/pages"}],"about":[{"href":"https:\/\/the-rsgroup.com\/it\/wp-json\/wp\/v2\/types\/page"}],"author":[{"embeddable":true,"href":"https:\/\/the-rsgroup.com\/it\/wp-json\/wp\/v2\/users\/1"}],"replies":[{"embeddable":true,"href":"https:\/\/the-rsgroup.com\/it\/wp-json\/wp\/v2\/comments?post=8335"}],"version-history":[{"count":29,"href":"https:\/\/the-rsgroup.com\/it\/wp-json\/wp\/v2\/pages\/8335\/revisions"}],"predecessor-version":[{"id":36019,"href":"https:\/\/the-rsgroup.com\/it\/wp-json\/wp\/v2\/pages\/8335\/revisions\/36019"}],"up":[{"embeddable":true,"href":"https:\/\/the-rsgroup.com\/it\/wp-json\/wp\/v2\/pages\/8295"}],"wp:attachment":[{"href":"https:\/\/the-rsgroup.com\/it\/wp-json\/wp\/v2\/media?parent=8335"}],"curies":[{"name":"wp","href":"https:\/\/api.w.org\/{rel}","templated":true}]}}