{"id":11834,"date":"2020-04-24T12:07:11","date_gmt":"2020-04-24T12:07:11","guid":{"rendered":"https:\/\/the-rsgroup.com\/tesar-polska\/"},"modified":"2025-10-03T11:18:20","modified_gmt":"2025-10-03T11:18:20","slug":"tesar-polska","status":"publish","type":"page","link":"https:\/\/the-rsgroup.com\/pl\/tesar-polska\/","title":{"rendered":"Tesar Polska"},"content":{"rendered":"<div class=\"wpb-content-wrapper\"><p>[vc_row css=&#8221;.vc_custom_1575405437154{padding-top: 20px !important;padding-bottom: 80px !important;}&#8221;][vc_column apress_zindex=&#8221;9&#8243; el_class=&#8221;custom_sidebar high_zIndex&#8221;][apress_heading sub_title=&#8221;&#8221; content_alignment=&#8221;left&#8221; enable_delimiter=&#8221;&#8221; color_scheme=&#8221;color_scheme2&#8243; style=&#8221;heading_style1&#8243; title_font_options=&#8221;tag:h2|letter_spacing:1&#8243; subtitle_font_options=&#8221;tag:div&#8221; heading_margin=&#8221;margin-bottom:30&#8243; class=&#8221;h2-heading-custom&#8221;]Mieszcz\u0105ca si\u0119 w Niepo\u0142omicach, Tesar Polska projektuje i produkuje transformatory \u017cywiczne i przek\u0142adniki pr\u0105dowe od 2013 roku.[\/apress_heading][vc_column_text css=&#8221;.vc_custom_1591187396838{margin-bottom: 0px !important;}&#8221;]Tesar Polska jest cz\u0119\u015bci\u0105 znanego producenta transformator\u00f3w Tesar, pierwszej w\u0142oskiej firmy, kt\u00f3ra wdro\u017cy\u0142a technik\u0119 odlewania \u017cywicy do transformator\u00f3w.<\/p>\n<p>Po wielu latach dzia\u0142alno\u015bci z biurem handlowym w Polsce, Tesar zdecydowa\u0142 si\u0119 na budow\u0119 nowego zak\u0142adu produkcyjnego przy green field w przemys\u0142owej cz\u0119\u015bci Krakowa, kt\u00f3ry dzia\u0142a od 2013 roku pod w\u0142asn\u0105 nazw\u0105 Tesar Polska.<\/p>\n<p>W 2016 roku, Tesar i Tesar Polska sta\u0142y si\u0119 cz\u0119\u015bci\u0105 R&amp;S, wiod\u0105cego dostawcy produkt\u00f3w infrastruktury elektrycznej na kluczowych rynkach na ca\u0142ym \u015bwiecie.[\/vc_column_text][\/vc_column][\/vc_row][vc_row full_width=&#8221;stretch_row&#8221; css=&#8221;.vc_custom_1587016913495{margin-top: 0px !important;padding-top: 60px !important;padding-bottom: 60px !important;background-color: #f8f8f8 !important;}&#8221;][vc_column][vc_row_inner][vc_column_inner el_class=&#8221;custom_sidebar&#8221; width=&#8221;1\/2&#8243;]\r\n<!--Image Box Start-->\r\n<div class=\"zolo_imagebox_new_swing new_imagebox_style4\"><div class=\"zolo_imagebox_new_wrapper zolo_imagebox_new_76509684769e8a91bcf885 new_imagebox_style4 noanimation\" data-animation =\"No Animation\" data-delay =\"500\" data-id =\"zolo_imagebox_new_76509684769e8a91bcf885\">\r\n    <a title=\"Transformatory \u017cywiczne\" href=\"\/pl\/produkty\/transformatory\/transformatory-suche\/\" target=\"_self\" rel=\"\">\r\n    <div class=\"zolo_imagebox_new_box\">\r\n        <div class=\"zolo_thumbnail\" style=\"background:url(https:\/\/the-rsgroup.com\/wp-content\/uploads\/2020\/01\/cast-resin-transformer-tesar.png) no-repeat center center; -moz-background-size:cover;-webkit-background-size:cover;-o-background-size:cover;-ms-background-size:cover;background-size:cover; height:300px;\"><\/div>\r\n        <div class=\"zolo_imagebox_new_content\">\r\n            <div class=\"zolo_imagebox_new_title_des\">\r\n        <h3 class=\"entry-title zolo_imagebox_new_title\" style=\"color:#000000; \">        Transformatory \u017cywiczne <\/h3>                <span class=\"zolo_imagebox_description\" style=\"color:#000000; \">        Firma R&amp;S, kt\u00f3ra zainstalowa\u0142a ju\u017c ponad 100 000 transformator\u00f3w, oferuje najlepsze w swojej klasie transformatory \u017cywiczne o mocy do 20 MVA. <\/span>        <div class=\"zolo_imagebox_icon_button_element alignment_inline zolo_imagebox_icon_button_76509684769e8a91bcf885\"><span class=\"zolo_iconbutton_tag iconbutton_style1 button_style_none\"><span class=\"zolo_button_icon zolo_arrow_icon\"><\/span><\/span><\/div>      <\/div>\r\n    <\/div>\r\n          <\/div>\r\n    <\/a>\r\n  <\/div>\r\n<\/div><!--Image Box End-->\r\n\r\n[\/vc_column_inner][vc_column_inner el_class=&#8221;custom_sidebar&#8221; width=&#8221;1\/2&#8243;]\r\n<!--Image Box Start-->\r\n<div class=\"zolo_imagebox_new_swing new_imagebox_style4\"><div class=\"zolo_imagebox_new_wrapper zolo_imagebox_new_207461961669e8a91bd0c78 new_imagebox_style4 noanimation\" data-animation =\"No Animation\" data-delay =\"500\" data-id =\"zolo_imagebox_new_207461961669e8a91bd0c78\">\r\n    <a title=\"Przek\u0142adniki\" href=\"\/pl\/produkty\/transformatory\/przekladniki-pradowe-i-napieciowe\/\" target=\"_self\" rel=\"\">\r\n    <div class=\"zolo_imagebox_new_box\">\r\n        <div class=\"zolo_thumbnail\" style=\"background:url(https:\/\/the-rsgroup.com\/wp-content\/uploads\/2020\/01\/instrument-transformer-rs.png) no-repeat center center; -moz-background-size:cover;-webkit-background-size:cover;-o-background-size:cover;-ms-background-size:cover;background-size:cover; height:300px;\"><\/div>\r\n        <div class=\"zolo_imagebox_new_content\">\r\n            <div class=\"zolo_imagebox_new_title_des\">\r\n        <h3 class=\"entry-title zolo_imagebox_new_title\" style=\"color:#000000; \">        Przek\u0142adniki <\/h3>                <span class=\"zolo_imagebox_description\" style=\"color:#000000; \">        Poznaj nasz asortyment przek\u0142adnik\u00f3w pr\u0105dowych i napi\u0119ciowych, kt\u00f3re zapewniaj\u0105 precyzyjne pomiary. <\/span>        <div class=\"zolo_imagebox_icon_button_element alignment_inline zolo_imagebox_icon_button_207461961669e8a91bd0c78\"><span class=\"zolo_iconbutton_tag iconbutton_style1 button_style_none\"><span class=\"zolo_button_icon zolo_arrow_icon\"><\/span><\/span><\/div>      <\/div>\r\n    <\/div>\r\n          <\/div>\r\n    <\/a>\r\n  <\/div>\r\n<\/div><!--Image Box End-->\r\n\r\n[\/vc_column_inner][\/vc_row_inner][\/vc_column][\/vc_row][vc_row full_width=&#8221;stretch_row&#8221; css=&#8221;.vc_custom_1587016905820{margin-top: 0px !important;padding-bottom: 60px !important;background-color: #f8f8f8 !important;}&#8221;][vc_column][vc_row_inner][vc_column_inner el_class=&#8221;custom_sidebar&#8221; width=&#8221;1\/2&#8243;]\r\n<!--Image Box Start-->\r\n<div class=\"zolo_imagebox_new_swing new_imagebox_style4\"><div class=\"zolo_imagebox_new_wrapper zolo_imagebox_new_64786965269e8a91bd13d3 new_imagebox_style4 noanimation\" data-animation =\"No Animation\" data-delay =\"500\" data-id =\"zolo_imagebox_new_64786965269e8a91bd13d3\">\r\n    <a title=\"Materia\u0142y do pobrania\" href=\"\/pl\/produkty\/materialy-do-pobrania\/\" target=\"_self\" rel=\"\">\r\n    <div class=\"zolo_imagebox_new_box\">\r\n        <div class=\"zolo_thumbnail\" style=\"background:url(https:\/\/the-rsgroup.com\/wp-content\/uploads\/2020\/04\/Products-with-Bows_3.jpg) no-repeat center center; -moz-background-size:cover;-webkit-background-size:cover;-o-background-size:cover;-ms-background-size:cover;background-size:cover; height:300px;\"><\/div>\r\n        <div class=\"zolo_imagebox_new_content\">\r\n            <div class=\"zolo_imagebox_new_title_des\">\r\n        <h3 class=\"entry-title zolo_imagebox_new_title\" style=\"color:#000000; \">        Materia\u0142y do pobrania <\/h3>                <span class=\"zolo_imagebox_description\" style=\"color:#000000; \">        Szukasz dodatkowych informacji na temat produkt\u00f3w i danych technicznych? <\/span>        <div class=\"zolo_imagebox_icon_button_element alignment_inline zolo_imagebox_icon_button_64786965269e8a91bd13d3\"><span class=\"zolo_iconbutton_tag iconbutton_style1 button_style_none\"><span class=\"zolo_button_icon zolo_arrow_icon\"><\/span><\/span><\/div>      <\/div>\r\n    <\/div>\r\n          <\/div>\r\n    <\/a>\r\n  <\/div>\r\n<\/div><!--Image Box End-->\r\n\r\n[\/vc_column_inner][vc_column_inner el_class=&#8221;custom_sidebar&#8221; width=&#8221;1\/2&#8243;]\r\n<!--Image Box Start-->\r\n<div class=\"zolo_imagebox_new_swing new_imagebox_style4\"><div class=\"zolo_imagebox_new_wrapper zolo_imagebox_new_109602751269e8a91bd1ad1 new_imagebox_style4 noanimation\" data-animation =\"No Animation\" data-delay =\"500\" data-id =\"zolo_imagebox_new_109602751269e8a91bd1ad1\">\r\n    <a title=\"Serwis i wsparcie\" href=\"\/pl\/produkty\/serwis-i-wsparcie\/\" target=\"_self\" rel=\"\">\r\n    <div class=\"zolo_imagebox_new_box\">\r\n        <div class=\"zolo_thumbnail\" style=\"background:url(https:\/\/the-rsgroup.com\/wp-content\/uploads\/2020\/01\/service-rs.jpg) no-repeat center center; -moz-background-size:cover;-webkit-background-size:cover;-o-background-size:cover;-ms-background-size:cover;background-size:cover; height:300px;\"><\/div>\r\n        <div class=\"zolo_imagebox_new_content\">\r\n            <div class=\"zolo_imagebox_new_title_des\">\r\n        <h3 class=\"entry-title zolo_imagebox_new_title\" style=\"color:#000000; \">        Serwis i wsparcie <\/h3>                <span class=\"zolo_imagebox_description\" style=\"color:#000000; \">        R&amp;S oferuje swoim klientom pe\u0142ne wsparcie. Dowiedz si\u0119 wi\u0119cej na temat naszego wsparcia i rozwi\u0105za\u0144 serwisowych. <\/span>        <div class=\"zolo_imagebox_icon_button_element alignment_inline zolo_imagebox_icon_button_109602751269e8a91bd1ad1\"><span class=\"zolo_iconbutton_tag iconbutton_style1 button_style_none\"><span class=\"zolo_button_icon zolo_arrow_icon\"><\/span><\/span><\/div>      <\/div>\r\n    <\/div>\r\n          <\/div>\r\n    <\/a>\r\n  <\/div>\r\n<\/div><!--Image Box End-->\r\n\r\n[\/vc_column_inner][\/vc_row_inner][\/vc_column][\/vc_row][vc_row css=&#8221;.vc_custom_1575405437154{padding-top: 20px !important;padding-bottom: 80px !important;}&#8221;][vc_column apress_zindex=&#8221;9&#8243; el_class=&#8221;custom_sidebar high_zIndex&#8221;][vc_column_text css=&#8221;.vc_custom_1676645630183{margin-bottom: 0px !important;}&#8221;]Tesar Polska Sp. z o.o., z siedzib\u0105 w Niepo\u0142omicach, ul. Skarbowa 34, 32-005 Niepo\u0142omice, wpisana do rejestru przedsi\u0119biorc\u00f3w prowadzonego przez S\u0105d Rejonowy dla Krakowa \u015ar\u00f3dmie\u015bcia w Krakowie pod numerem KRS 0000341614, XII Wydzia\u0142 Gospodarczy Krajowego Rejestru S\u0105dowego, posiadaj\u0105ca nr NIP 634\u00a0273 09 34, REGON 241386501, o kapitale zak\u0142adowym w ca\u0142o\u015bci wp\u0142aconym w wysoko\u015bci 100\u00a0000 z\u0142 (s\u0142ownie: sto tysi\u0119cy z\u0142otych).[\/vc_column_text][vc_column_text css=&#8221;.vc_custom_1740139291447{margin-bottom: 0px !important;}&#8221;]Komunikaty:<\/p>\n<p><a href=\"https:\/\/the-rsgroup.com\/pl\/plan-podzialu\/\" target=\"_blank\" rel=\"noopener\">Informacja o przyj\u0119ciu planu podzia\u0142u Sp\u00f3\u0142ki<\/a><\/p>\n<p>[\/vc_column_text][\/vc_column][\/vc_row]<\/p>\n<\/div>","protected":false},"excerpt":{"rendered":"<p>[vc_row css=&#8221;.vc_custom_1575405437154{padding-top: 20px !important;padding-bottom: 80px !important;}&#8221;][vc_column apress_zindex=&#8221;9&#8243; el_class=&#8221;custom_sidebar high_zIndex&#8221;][apress_heading sub_title=&#8221;&#8221; content_alignment=&#8221;left&#8221; enable_delimiter=&#8221;&#8221; color_scheme=&#8221;color_scheme2&#8243; style=&#8221;heading_style1&#8243; title_font_options=&#8221;tag:h2|letter_spacing:1&#8243; subtitle_font_options=&#8221;tag:div&#8221; heading_margin=&#8221;margin-bottom:30&#8243; class=&#8221;h2-heading-custom&#8221;]Mieszcz\u0105ca si\u0119 w Niepo\u0142omicach, Tesar Polska projektuje i produkuje transformatory \u017cywiczne i przek\u0142adniki pr\u0105dowe od 2013 roku.[\/apress_heading][vc_column_text css=&#8221;.vc_custom_1591187396838{margin-bottom: 0px !important;}&#8221;]Tesar Polska jest cz\u0119\u015bci\u0105&hellip;<\/p>\n","protected":false},"author":1,"featured_media":0,"parent":0,"menu_order":0,"comment_status":"closed","ping_status":"closed","template":"template-fullwidth-page.php","meta":{"_acf_changed":false,"_monsterinsights_skip_tracking":false,"_monsterinsights_sitenote_active":false,"_monsterinsights_sitenote_note":"","_monsterinsights_sitenote_category":0,"footnotes":""},"class_list":["post-11834","page","type-page","status-publish","hentry"],"acf":[],"_links":{"self":[{"href":"https:\/\/the-rsgroup.com\/pl\/wp-json\/wp\/v2\/pages\/11834","targetHints":{"allow":["GET"]}}],"collection":[{"href":"https:\/\/the-rsgroup.com\/pl\/wp-json\/wp\/v2\/pages"}],"about":[{"href":"https:\/\/the-rsgroup.com\/pl\/wp-json\/wp\/v2\/types\/page"}],"author":[{"embeddable":true,"href":"https:\/\/the-rsgroup.com\/pl\/wp-json\/wp\/v2\/users\/1"}],"replies":[{"embeddable":true,"href":"https:\/\/the-rsgroup.com\/pl\/wp-json\/wp\/v2\/comments?post=11834"}],"version-history":[{"count":6,"href":"https:\/\/the-rsgroup.com\/pl\/wp-json\/wp\/v2\/pages\/11834\/revisions"}],"predecessor-version":[{"id":24680,"href":"https:\/\/the-rsgroup.com\/pl\/wp-json\/wp\/v2\/pages\/11834\/revisions\/24680"}],"wp:attachment":[{"href":"https:\/\/the-rsgroup.com\/pl\/wp-json\/wp\/v2\/media?parent=11834"}],"curies":[{"name":"wp","href":"https:\/\/api.w.org\/{rel}","templated":true}]}}