{"id":17889,"date":"2023-12-06T15:38:20","date_gmt":"2023-12-06T15:38:20","guid":{"rendered":"https:\/\/the-rsgroup.com\/o\/zrownowazony-rozwoj\/"},"modified":"2025-12-22T07:20:15","modified_gmt":"2025-12-22T07:20:15","slug":"zrownowazony-rozwoj","status":"publish","type":"page","link":"https:\/\/the-rsgroup.com\/pl\/o\/zrownowazony-rozwoj\/","title":{"rendered":"Zr\u00f3wnowa\u017cony rozw\u00f3j"},"content":{"rendered":"<div class=\"wpb-content-wrapper\"><p>[vc_section full_width=&#8221;stretch_row&#8221; content_placement=&#8221;middle&#8221; min_height=&#8221;480&#8243; css=&#8221;.vc_custom_1759583953168{background-image: url(https:\/\/the-rsgroup.com\/wp-content\/uploads\/2021\/06\/shutterstock_526986238-scaled.jpg?id=14430) !important;background-position: center !important;background-repeat: no-repeat !important;background-size: cover !important;}&#8221; el_class=&#8221;inner-page-banner-section&#8221;][vc_row][vc_column][apress_heading sub_title=&#8221;Wspieranie przej\u015bcia na<br \/>\nprodukcj\u0119 energii odnawialnej&#8221; content_alignment=&#8221;left&#8221; data_animation=&#8221;fadeInRight&#8221; enable_delimiter=&#8221;&#8221; style=&#8221;heading_style1&#8243; title_font_options=&#8221;tag:h1&#8243; subtitle_font_options=&#8221;tag:div&#8221;]Zr\u00f3wnowa\u017cony rozw\u00f3j[\/apress_heading][\/vc_column][\/vc_row][\/vc_section][vc_row css=&#8221;.vc_custom_1758271935231{padding-top: 80px !important;padding-bottom: 80px !important;}&#8221;][vc_column apress_zindex=&#8221;9&#8243; css=&#8221;.vc_custom_1701013509166{padding-top: 0px !important;padding-bottom: 0px !important;}&#8221; el_class=&#8221;custom_sidebar high_zIndex&#8221;][apress_heading sub_title=&#8221;&#8221; content_alignment=&#8221;left&#8221; enable_delimiter=&#8221;&#8221; color_scheme=&#8221;color_scheme1&#8243; style=&#8221;heading_style1&#8243; title_font_options=&#8221;tag:h2|letter_spacing:1&#8243; subtitle_font_options=&#8221;tag:div&#8221; heading_margin=&#8221;margin-bottom:30&#8243; subheading_margin=&#8221;margin-bottom:30&#8243; class=&#8221;h2-heading-custom&#8221;]Zr\u00f3wnowa\u017cony rozw\u00f3j w R&amp;S[\/apress_heading][vc_column_text css=&#8221;&#8221;]Jako wiod\u0105cy dostawca komponent\u00f3w infrastruktury elektrycznej, Grupa R&amp;S aktywnie anga\u017cuje si\u0119 w transformacj\u0119 energetyczn\u0105. Nasz\u0105 misj\u0105 jest dostarczanie niezawodnej energii, wspieraj\u0105c jednocze\u015bnie przej\u015bcie na odnawialne \u017ar\u00f3d\u0142a energii i ich efektywn\u0105 dystrybucj\u0119. Zr\u00f3wnowa\u017cony rozw\u00f3j jest zatem centralnym elementem naszej strategii korporacyjnej i kszta\u0142tuje zar\u00f3wno nasze obecne, jak i przysz\u0142e dzia\u0142ania.<\/p>\n<p>Stosujemy holistyczne podej\u015bcie do integracji zasad zr\u00f3wnowa\u017conego rozwoju w ca\u0142ym naszym \u0142a\u0144cuchu warto\u015bci. Opieramy si\u0119 na modelu gospodarki o obiegu zamkni\u0119tym, kt\u00f3ry uwzgl\u0119dnia ca\u0142y cykl \u017cycia naszych produkt\u00f3w \u2013 od doboru materia\u0142\u00f3w i projektowania, po u\u017cytkowanie i recykling. Naszym celem jest ci\u0105g\u0142a poprawa efektywno\u015bci energetycznej naszych produkt\u00f3w i promowanie stosowania materia\u0142\u00f3w oszcz\u0119dzaj\u0105cych zasoby.<\/p>\n<p>Jednym z przyk\u0142ad\u00f3w naszego zaanga\u017cowania jest rozw\u00f3j transformator\u00f3w nowej generacji. Dzi\u0119ki zastosowaniu materia\u0142\u00f3w przyjaznych dla klimatu, takich jak stal niskow\u0119glowa, oraz optymalizacji konstrukcji, uda\u0142o nam si\u0119 zwi\u0119kszy\u0107 efektywno\u015b\u0107 energetyczn\u0105 naszych obecnych modeli o ponad 25% w por\u00f3wnaniu z poprzednimi generacjami. Co wi\u0119cej, ponad 80% surowc\u00f3w wykorzystywanych w naszych transformatorach sk\u0142ada si\u0119 z r\u00f3\u017cnorodnych metali, w du\u017cej mierze nadaj\u0105cych si\u0119 do recyklingu.<\/p>\n<p>W Grupie R&amp;S zdefiniowali\u015bmy konkretne cele, procesy i wska\u017aniki efektywno\u015bci, aby mierzy\u0107 i stale doskonali\u0107 nasze post\u0119py w obszarach \u015brodowiskowych, spo\u0142ecznych i \u0142adu korporacyjnego (ESG). Obecnie pracujemy nad dalsz\u0105 integracj\u0105 zasad ESG z naszymi procesami biznesowymi i modelami wynagrodze\u0144, aby zapewni\u0107 zr\u00f3wnowa\u017cony \u0142ad korporacyjny.<\/p>\n<p>Nasze sukcesy w roku obrotowym 2024, w tym 40% wzrost przychod\u00f3w do 282,6 mln CHF i rekordowy portfel zam\u00f3wie\u0144 w wysoko\u015bci 278 mln CHF, potwierdzaj\u0105 skuteczno\u015b\u0107 naszej strategii zr\u00f3wnowa\u017conego rozwoju. Jeste\u015bmy przekonani, \u017ce sukces ekonomiczny i odpowiedzialno\u015b\u0107 ekologiczna id\u0105 w parze i nadal anga\u017cujemy si\u0119 w rozw\u00f3j innowacyjnych rozwi\u0105za\u0144 dla zr\u00f3wnowa\u017conej przysz\u0142o\u015bci energetycznej.[\/vc_column_text][\/vc_column][\/vc_row][vc_row full_width=&#8221;stretch_row&#8221; equal_height=&#8221;yes&#8221; css=&#8221;.vc_custom_1758271866994{margin-top: 0px !important;padding-top: 0px !important;padding-bottom: 80px !important;}&#8221;][vc_column][vc_row_inner equal_height=&#8221;yes&#8221; gap=&#8221;20&#8243; el_class=&#8221;benefits-column-row&#8221;][vc_column_inner el_class=&#8221;custom_sidebar&#8221; width=&#8221;1\/3&#8243;][apress_gradient_icon_box description=&#8221;&#8221; color_scheme=&#8221;gradient_scheme1&#8243; icon_type=&#8221;image&#8221; icon_image=&#8221;22567&#8243; gradient_icon_size=&#8221;70&#8243; style=&#8221;iconbox_style1&#8243; class=&#8221;no-padding&#8221; title_font_options=&#8221;tag:h2|letter_spacing:1&#8243;]Strategia[\/apress_gradient_icon_box][vc_column_text css=&#8221;&#8221;]<\/p>\n<ul>\n<li>Ambicja, strategia zr\u00f3wnowa\u017conego rozwoju i plan dzia\u0142ania<\/li>\n<li>Produkty i us\u0142ugi<\/li>\n<li>Klienci<\/li>\n<\/ul>\n<p>[\/vc_column_text][\/vc_column_inner][vc_column_inner el_class=&#8221;custom_sidebar&#8221; width=&#8221;1\/3&#8243;][apress_gradient_icon_box description=&#8221;&#8221; color_scheme=&#8221;gradient_scheme1&#8243; icon_type=&#8221;image&#8221; icon_image=&#8221;22008&#8243; gradient_icon_size=&#8221;70&#8243; style=&#8221;iconbox_style1&#8243; class=&#8221;no-padding&#8221; title_font_options=&#8221;tag:h2|letter_spacing:1&#8243;]Ryzyko i zgodno\u015b\u0107[\/apress_gradient_icon_box][vc_column_text css=&#8221;&#8221;]<\/p>\n<ul>\n<li>Ocena ryzyka<\/li>\n<li>Dane i technologia<\/li>\n<li>regulacja<\/li>\n<\/ul>\n<p>[\/vc_column_text][\/vc_column_inner][vc_column_inner el_class=&#8221;custom_sidebar&#8221; width=&#8221;1\/3&#8243;][apress_gradient_icon_box description=&#8221;&#8221; color_scheme=&#8221;gradient_scheme1&#8243; icon_type=&#8221;image&#8221; icon_image=&#8221;21719&#8243; gradient_icon_size=&#8221;70&#8243; style=&#8221;iconbox_style1&#8243; class=&#8221;no-padding&#8221; title_font_options=&#8221;tag:h2|letter_spacing:1&#8243;]Zarz\u0105dzanie \u015brodowiskowe[\/apress_gradient_icon_box][vc_column_text css=&#8221;&#8221;]<\/p>\n<ul>\n<li>Emisja gaz\u00f3w cieplarnianych<\/li>\n<li>Efektywno\u015b\u0107 zasob\u00f3w<\/li>\n<\/ul>\n<p>[\/vc_column_text][\/vc_column_inner][\/vc_row_inner][vc_row_inner equal_height=&#8221;yes&#8221; gap=&#8221;20&#8243; el_class=&#8221;benefits-column-row&#8221;][vc_column_inner el_class=&#8221;custom_sidebar&#8221; width=&#8221;1\/3&#8243;][apress_gradient_icon_box description=&#8221;&#8221; color_scheme=&#8221;gradient_scheme1&#8243; icon_type=&#8221;image&#8221; icon_image=&#8221;21996&#8243; gradient_icon_size=&#8221;70&#8243; style=&#8221;iconbox_style1&#8243; class=&#8221;no-padding&#8221; title_font_options=&#8221;tag:h2|letter_spacing:1&#8243;]\u0141a\u0144cuch warto\u015bci[\/apress_gradient_icon_box][vc_column_text css=&#8221;&#8221;]<\/p>\n<ul>\n<li>\u0142a\u0144cuch dostaw<\/li>\n<li>Relacje edukacyjne<\/li>\n<\/ul>\n<p>[\/vc_column_text][\/vc_column_inner][vc_column_inner el_class=&#8221;custom_sidebar&#8221; width=&#8221;1\/3&#8243;][apress_gradient_icon_box description=&#8221;&#8221; color_scheme=&#8221;gradient_scheme1&#8243; icon_type=&#8221;image&#8221; icon_image=&#8221;22555&#8243; gradient_icon_size=&#8221;70&#8243; style=&#8221;iconbox_style1&#8243; class=&#8221;no-padding&#8221; title_font_options=&#8221;tag:h2|letter_spacing:1&#8243;]Pracownicy i \u015brodowisko pracy[\/apress_gradient_icon_box][vc_column_text css=&#8221;&#8221;]<\/p>\n<ul>\n<li>Zdrowie i bezpiecze\u0144stwo<\/li>\n<li>Etyka i zachowanie w miejscu pracy&nbsp;<\/li>\n<\/ul>\n<p>[\/vc_column_text][\/vc_column_inner][vc_column_inner el_class=&#8221;custom_sidebar&#8221; width=&#8221;1\/3&#8243;][apress_gradient_icon_box description=&#8221;&#8221; color_scheme=&#8221;gradient_scheme1&#8243; icon_type=&#8221;image&#8221; icon_image=&#8221;22020&#8243; gradient_icon_size=&#8221;70&#8243; style=&#8221;iconbox_style1&#8243; class=&#8221;no-padding&#8221; title_font_options=&#8221;tag:h2|letter_spacing:1&#8243;]przewodnik[\/apress_gradient_icon_box][vc_column_text css=&#8221;&#8221;]<\/p>\n<ul>\n<li>Role i obowi\u0105zki<\/li>\n<li>Systemy zarz\u0105dzania<\/li>\n<li>R\u00f3wno\u015b\u0107<\/li>\n<\/ul>\n<p>[\/vc_column_text][\/vc_column_inner][\/vc_row_inner][\/vc_column][\/vc_row]<\/p>\n<\/div>","protected":false},"excerpt":{"rendered":"<p>[vc_section full_width=&#8221;stretch_row&#8221; content_placement=&#8221;middle&#8221; min_height=&#8221;480&#8243; css=&#8221;.vc_custom_1759583953168{background-image: url(https:\/\/the-rsgroup.com\/wp-content\/uploads\/2021\/06\/shutterstock_526986238-scaled.jpg?id=14430) !important;background-position: center !important;background-repeat: no-repeat !important;background-size: cover !important;}&#8221; el_class=&#8221;inner-page-banner-section&#8221;][vc_row][vc_column][apress_heading sub_title=&#8221;Wspieranie przej\u015bcia na produkcj\u0119 energii odnawialnej&#8221; content_alignment=&#8221;left&#8221; data_animation=&#8221;fadeInRight&#8221; enable_delimiter=&#8221;&#8221; style=&#8221;heading_style1&#8243; title_font_options=&#8221;tag:h1&#8243; subtitle_font_options=&#8221;tag:div&#8221;]Zr\u00f3wnowa\u017cony rozw\u00f3j[\/apress_heading][\/vc_column][\/vc_row][\/vc_section][vc_row css=&#8221;.vc_custom_1758271935231{padding-top: 80px !important;padding-bottom: 80px !important;}&#8221;][vc_column apress_zindex=&#8221;9&#8243; css=&#8221;.vc_custom_1701013509166{padding-top: 0px !important;padding-bottom: 0px !important;}&#8221; el_class=&#8221;custom_sidebar high_zIndex&#8221;][apress_heading&hellip;<\/p>\n","protected":false},"author":1,"featured_media":0,"parent":8015,"menu_order":0,"comment_status":"closed","ping_status":"closed","template":"template-fullwidth-page.php","meta":{"_acf_changed":false,"_monsterinsights_skip_tracking":false,"_monsterinsights_sitenote_active":false,"_monsterinsights_sitenote_note":"","_monsterinsights_sitenote_category":0,"footnotes":""},"class_list":["post-17889","page","type-page","status-publish","hentry"],"acf":[],"_links":{"self":[{"href":"https:\/\/the-rsgroup.com\/pl\/wp-json\/wp\/v2\/pages\/17889","targetHints":{"allow":["GET"]}}],"collection":[{"href":"https:\/\/the-rsgroup.com\/pl\/wp-json\/wp\/v2\/pages"}],"about":[{"href":"https:\/\/the-rsgroup.com\/pl\/wp-json\/wp\/v2\/types\/page"}],"author":[{"embeddable":true,"href":"https:\/\/the-rsgroup.com\/pl\/wp-json\/wp\/v2\/users\/1"}],"replies":[{"embeddable":true,"href":"https:\/\/the-rsgroup.com\/pl\/wp-json\/wp\/v2\/comments?post=17889"}],"version-history":[{"count":29,"href":"https:\/\/the-rsgroup.com\/pl\/wp-json\/wp\/v2\/pages\/17889\/revisions"}],"predecessor-version":[{"id":31793,"href":"https:\/\/the-rsgroup.com\/pl\/wp-json\/wp\/v2\/pages\/17889\/revisions\/31793"}],"up":[{"embeddable":true,"href":"https:\/\/the-rsgroup.com\/pl\/wp-json\/wp\/v2\/pages\/8015"}],"wp:attachment":[{"href":"https:\/\/the-rsgroup.com\/pl\/wp-json\/wp\/v2\/media?parent=17889"}],"curies":[{"name":"wp","href":"https:\/\/api.w.org\/{rel}","templated":true}]}}