{"id":17892,"date":"2023-12-06T19:28:42","date_gmt":"2023-12-06T19:28:42","guid":{"rendered":"https:\/\/the-rsgroup.com\/o\/nasze-lokalizacje\/"},"modified":"2025-12-06T09:14:28","modified_gmt":"2025-12-06T09:14:28","slug":"obszary-dzialalnosci","status":"publish","type":"page","link":"https:\/\/the-rsgroup.com\/pl\/o\/obszary-dzialalnosci\/","title":{"rendered":"Obszary dzia\u0142alno\u015bci"},"content":{"rendered":"<div class=\"wpb-content-wrapper\"><p>[vc_section full_width=&#8221;stretch_row&#8221; content_placement=&#8221;middle&#8221; min_height=&#8221;480&#8243; css=&#8221;.vc_custom_1765012030029{background-image: url(https:\/\/the-rsgroup.com\/wp-content\/uploads\/2025\/12\/f3180ede-4dd9-46e3-a083-a1e8c4528abe.jpg?id=29634) !important;background-position: center !important;background-repeat: no-repeat !important;background-size: cover !important;}&#8221; el_class=&#8221;inner-page-banner-section&#8221;][vc_row][vc_column][apress_heading sub_title=&#8221;&#8221; content_alignment=&#8221;left&#8221; data_animation=&#8221;fadeInRight&#8221; enable_delimiter=&#8221;&#8221; style=&#8221;heading_style1&#8243; title_font_options=&#8221;tag:h1&#8243; subtitle_font_options=&#8221;tag:div&#8221;]Obszary dzia\u0142alno\u015bci[\/apress_heading][\/vc_column][\/vc_row][\/vc_section][vc_row css=&#8221;.vc_custom_1764930559177{padding-top: 80px !important;padding-bottom: 80px !important;}&#8221;][vc_column][vc_row_inner][vc_column_inner][vc_column_text css=&#8221;&#8221;]Wspieramy naszych klient\u00f3w na ca\u0142ej \u015bcie\u017cce warto\u015bci energii elektrycznej \u2013 od wytwarzania, poprzez przesy\u0142 i dystrybucj\u0119, a\u017c po magazynowanie oraz zastosowania krytyczne, takie jak centra danych, zak\u0142ady przemys\u0142owe, projekty kolejowe i infrastrukturalne.<\/p>\n<p>Transformacja energetyczna zasadniczo zmienia wymagania wobec infrastruktury elektrycznej. Dla nas, jako producenta transformator\u00f3w, oznacza to przede wszystkim:<br \/>\nw coraz kr\u00f3tszym czasie dostarcza\u0107 znacznie wi\u0119cej transformator\u00f3w, kt\u00f3re s\u0105 jednocze\u015bnie bardziej efektywne i bardziej zr\u00f3wnowa\u017cone \u2013 do sieci, kt\u00f3re staj\u0105 si\u0119 technicznie bardziej z\u0142o\u017cone i bardziej wymagaj\u0105ce regulacyjnie.[\/vc_column_text]<div class=\"apress-spacer spacer-69ecdb43e131b\" data-id=\"69ecdb43e131b\" data-height=\"50\" data-height-mobile=\"50\" data-height-tab=\"50\" data-height-tab-portrait=\"\" data-height-mobile-landscape=\"\" style=\"clear:both;display:block;\"><\/div>[apress_heading sub_title=&#8221;&#8221; content_alignment=&#8221;left&#8221; enable_delimiter=&#8221;&#8221; color_scheme=&#8221;color_scheme2&#8243; style=&#8221;heading_style5&#8243; title_font_options=&#8221;tag:h2|letter_spacing:0&#8243; subtitle_font_options=&#8221;tag:div|letter_spacing:3&#8243;]Kluczowe wyzwania to:[\/apress_heading]<div class=\"apress-spacer spacer-69ecdb43e1403\" data-id=\"69ecdb43e1403\" data-height=\"20\" data-height-mobile=\"20\" data-height-tab=\"20\" data-height-tab-portrait=\"\" data-height-mobile-landscape=\"\" style=\"clear:both;display:block;\"><\/div>[vc_column_text css=&#8221;&#8221;]<\/p>\n<ul>\n<li>Rosn\u0105ce zapotrzebowanie na transformatory wynikaj\u0105ce z r\u00f3wnoczesnej rozbudowy, wzmocnienia i modernizacji sieci.<\/li>\n<li>Integracja odnawialnych \u017ar\u00f3de\u0142 energii (np. wiatr, fotowoltaika, magazyny bateryjne) z cz\u0119\u015bciowo bardzo zmiennymi profilami obci\u0105\u017cenia.<\/li>\n<li>Restrykcyjne wymagania dotycz\u0105ce efektywno\u015bci i zr\u00f3wnowa\u017conego rozwoju (np. dyrektywy Ecodesign, redukcja CO\u2082, wymagania ha\u0142asowe i bezpiecze\u0144stwa).<\/li>\n<li>Napi\u0119te \u0142a\u0144cuchy dostaw surowc\u00f3w i materia\u0142\u00f3w.<\/li>\n<\/ul>\n<p>[\/vc_column_text][\/vc_column_inner][\/vc_row_inner][\/vc_column][\/vc_row][vc_row css=&#8221;.vc_custom_1764929364238{padding-top: 80px !important;padding-bottom: 80px !important;background-color: #E6E7E9 !important;}&#8221;][vc_column][vc_row_inner gap=&#8221;35&#8243;][vc_column_inner width=&#8221;3\/5&#8243;][apress_heading sub_title=&#8221;&#8221; content_alignment=&#8221;left&#8221; enable_delimiter=&#8221;&#8221; color_scheme=&#8221;color_scheme2&#8243; style=&#8221;heading_style5&#8243; title_font_options=&#8221;tag:h2|letter_spacing:0&#8243; subtitle_font_options=&#8221;tag:div|letter_spacing:3&#8243;]Nasze rozwi\u0105zania s\u0105 ukierunkowane bezpo\u015brednio na te zagadnienia:[\/apress_heading]<div class=\"apress-spacer spacer-69ecdb43e1477\" data-id=\"69ecdb43e1477\" data-height=\"50\" data-height-mobile=\"50\" data-height-tab=\"50\" data-height-tab-portrait=\"\" data-height-mobile-landscape=\"\" style=\"clear:both;display:block;\"><\/div>[vc_column_text css=&#8221;&#8221;]<\/p>\n<ul>\n<li>Rozbudowa zdolno\u015bci produkcyjnych: w 2025 roku uruchomili\u015bmy w Krzeczowie ko\u0142o Bochni (Polska) nowy zak\u0142ad marki Rauscher &amp; Stoecklin do produkcji transformator\u00f3w rozdzielczych olejowych o powierzchni ok. 10 000 m\u00b2.<\/li>\n<li>Szerokie portfolio niskostratnych transformator\u00f3w rozdzielczych i mocy dla sieci przesy\u0142owych i dystrybucyjnych.<\/li>\n<li>Transformatory \u017cywiczne dla przemys\u0142u, centr\u00f3w danych oraz projekt\u00f3w budowlanych i infrastrukturalnych.<\/li>\n<li>Wykonania specjalne dla kolejnictwa, sektora morskiego, g\u00f3rnictwa, ropy i gazu, e-mobilno\u015bci, magazyn\u00f3w energii i innych wymagaj\u0105cych zastosowa\u0144.<\/li>\n<li>Przek\u0142adniki pomiarowe i aparatura \u0142\u0105czeniowa do monitoringu i zabezpieczenia sieci.<\/li>\n<\/ul>\n<p>[\/vc_column_text][\/vc_column_inner][vc_column_inner width=&#8221;2\/5&#8243;][vc_single_image image=&#8221;29648&#8243; img_size=&#8221;large&#8221; css=&#8221;&#8221;][\/vc_column_inner][\/vc_row_inner][\/vc_column][\/vc_row][vc_row css=&#8221;.vc_custom_1764930678922{padding-top: 80px !important;padding-bottom: 80px !important;}&#8221;][vc_column][vc_row_inner][vc_column_inner][apress_heading sub_title=&#8221;&#8221; content_alignment=&#8221;left&#8221; enable_delimiter=&#8221;&#8221; color_scheme=&#8221;color_scheme2&#8243; style=&#8221;heading_style5&#8243; title_font_options=&#8221;tag:h2|letter_spacing:0&#8243; subtitle_font_options=&#8221;tag:div|letter_spacing:3&#8243;]Orientacja na klienta[\/apress_heading]<div class=\"apress-spacer spacer-69ecdb43e14e4\" data-id=\"69ecdb43e14e4\" data-height=\"50\" data-height-mobile=\"50\" data-height-tab=\"50\" data-height-tab-portrait=\"\" data-height-mobile-landscape=\"\" style=\"clear:both;display:block;\"><\/div>[vc_column_text css=&#8221;&#8221;]Dla kadry zarz\u0105dzaj\u0105cej naszych klient\u00f3w kluczowe s\u0105 trzy cele: bezpiecze\u0144stwo dostaw, ekonomika oraz spe\u0142nienie wymog\u00f3w regulacyjnych i zr\u00f3wnowa\u017conego rozwoju.<\/p>\n<p><strong>Bezpiecze\u0144stwo dostaw i stabilno\u015b\u0107 sieci:<\/strong><br \/>\nsolidnie zaprojektowane transformatory i komponenty, dostosowane do zmian obci\u0105\u017cenia, wy\u017cszych harmonicznych i nowych profili pracy, zwi\u0119kszaj\u0105 dost\u0119pno\u015b\u0107 i redukuj\u0105 ryzyko awarii.<\/p>\n<p><strong>Ekonomika w ca\u0142ym cyklu \u017cycia:<\/strong><br \/>\nenergooszcz\u0119dne konstrukcje ograniczaj\u0105 straty i koszty eksploatacji, a d\u0142uga \u017cywotno\u015b\u0107 i niewielkie wymagania serwisowe zabezpieczaj\u0105 inwestycje na dziesi\u0119ciolecia.<\/p>\n<p><strong>Zr\u00f3wnowa\u017cony rozw\u00f3j i regulacje:<\/strong><br \/>\nnasze produkty spe\u0142niaj\u0105 obecne i przewidywane wymagania dotycz\u0105ce efektywno\u015bci, \u015brodowiska i bezpiecze\u0144stwa \u2013 od europejskich wymog\u00f3w Ecodesign po normy i specyfikacje indywidualne klienta.[\/vc_column_text][\/vc_column_inner][\/vc_row_inner][\/vc_column][\/vc_row][vc_row css=&#8221;.vc_custom_1764930440890{padding-top: 80px !important;padding-bottom: 80px !important;background-color: #E6E7E9 !important;}&#8221;][vc_column][apress_heading sub_title=&#8221;Nasze kompetencje bran\u017cowe dziel\u0105 si\u0119 na trzy segmenty:&#8221; content_alignment=&#8221;left&#8221; enable_delimiter=&#8221;&#8221; color_scheme=&#8221;color_scheme2&#8243; style=&#8221;heading_style5&#8243; title_font_options=&#8221;tag:h2|letter_spacing:0&#8243; subtitle_font_options=&#8221;tag:div|letter_spacing:3&#8243;]Kompetencje bran\u017cowe[\/apress_heading][vc_row_inner el_class=&#8221;location-expertise-section&#8221;][vc_column_inner width=&#8221;2\/3&#8243;][apress_heading sub_title=&#8221;&#8221; content_alignment=&#8221;left&#8221; enable_delimiter=&#8221;&#8221; color_scheme=&#8221;color_scheme2&#8243; style=&#8221;heading_style5&#8243; title_font_options=&#8221;tag:h2|letter_spacing:0&#8243; subtitle_font_options=&#8221;tag:div|letter_spacing:3&#8243;]Dystrybucja energii[\/apress_heading][vc_column_text css=&#8221;&#8221;]Wytwarzanie, przesy\u0142, dystrybucja i magazynowanie energii elektrycznej \u2013 od elektrowni, przez sie\u0107 przesy\u0142ow\u0105, a\u017c po zdecentralizowan\u0105 generacj\u0119.[\/vc_column_text][apress_button button_text=&#8221;Erfahren Sie mehr&#8221; button_shape=&#8221;square&#8221; class=&#8221;more-link&#8221; button_link=&#8221;url:https%3A%2F%2Fthe-rsgroup.com%2Fpl%2Fprzemysly%2Fdystrybucja-energii%2F|title:Energieverteilung&#8221;][\/vc_column_inner][vc_column_inner width=&#8221;1\/3&#8243;][vc_single_image image=&#8221;29675&#8243; img_size=&#8221;large&#8221; css=&#8221;&#8221;][\/vc_column_inner][\/vc_row_inner][vc_row_inner el_class=&#8221;location-expertise-section&#8221;][vc_column_inner width=&#8221;2\/3&#8243;][apress_heading sub_title=&#8221;&#8221; content_alignment=&#8221;left&#8221; enable_delimiter=&#8221;&#8221; color_scheme=&#8221;color_scheme2&#8243; style=&#8221;heading_style5&#8243; title_font_options=&#8221;tag:h2|letter_spacing:0&#8243; subtitle_font_options=&#8221;tag:div|letter_spacing:3&#8243;]Odnawialne \u017ar\u00f3d\u0142a energii (Renewables)[\/apress_heading][vc_column_text css=&#8221;&#8221;]Produkcja energii z wiatru, s\u0142o\u0144ca, fotowoltaiki, geotermii i hydroenergetyki \u2013 w\u0142\u0105cznie z przy\u0142\u0105czeniem do sieci, zarz\u0105dzaniem wprowadzaniem energii i integracj\u0105 magazyn\u00f3w.[\/vc_column_text][apress_button button_text=&#8221;Erfahren Sie mehr&#8221; button_shape=&#8221;square&#8221; class=&#8221;more-link&#8221; button_link=&#8221;url:https%3A%2F%2Fthe-rsgroup.com%2Fpl%2Fprzemysly%2Fzrodla-odnawialne%2F|title:Erneuerbare%20Energien&#8221;][\/vc_column_inner][vc_column_inner width=&#8221;1\/3&#8243;][vc_single_image image=&#8221;29669&#8243; img_size=&#8221;large&#8221; css=&#8221;&#8221;][\/vc_column_inner][\/vc_row_inner][vc_row_inner el_class=&#8221;location-expertise-section&#8221;][vc_column_inner width=&#8221;2\/3&#8243;][apress_heading sub_title=&#8221;&#8221; content_alignment=&#8221;left&#8221; enable_delimiter=&#8221;&#8221; color_scheme=&#8221;color_scheme2&#8243; style=&#8221;heading_style5&#8243; title_font_options=&#8221;tag:h2|letter_spacing:0&#8243; subtitle_font_options=&#8221;tag:div|letter_spacing:3&#8243;]Przemys\u0142 i zastosowania przemys\u0142owe[\/apress_heading][vc_column_text css=&#8221;&#8221;]Nasze produkty i rozwi\u0105zania s\u0105 stosowane m.in. w:<\/p>\n<ul>\n<li>\u017begludze i portach (elektryfikacja)<\/li>\n<li>Transporcie kolejowym (systemy zasilania trakcyjnego, zasilanie sieci trakcyjnej, technika sygnalizacyjna)<\/li>\n<li>Centrach danych (nieprzerwane, wysoce dost\u0119pne zasilanie)<\/li>\n<li>G\u00f3rnictwie (zapylone, wilgotne i mechanicznie wymagaj\u0105ce \u015brodowiska)<\/li>\n<li>Sektorze ropy i gazu (trudne warunki, wysokie wymagania bezpiecze\u0144stwa)<\/li>\n<li>Systemach bateryjnych i magazynach energii (szybka integracja, stabilno\u015b\u0107 cieplna)<\/li>\n<li>E-mobilno\u015bci i infrastrukturze \u0142adowania (szybkie \u0142adowanie samochod\u00f3w, ci\u0119\u017car\u00f3wek i autobus\u00f3w, sieci miejskie)<\/li>\n<li>Systemach ciep\u0142owniczych i ch\u0142odniczych (zasilanie energetyczne nowoczesnych system\u00f3w HVAC)<\/li>\n<li>Przemy\u015ble chemicznym i tworzyw sztucznych (wysokie wymagania w zakresie ochrony)<\/li>\n<li>Przemy\u015ble celulozowo-papierniczym (wysokie skoki obci\u0105\u017cenia, dynamiczne zmiany)<\/li>\n<li>Szpitalach, lotniskach, stadionach, muzeach oraz innych obiektach publicznych i infrastrukturze krytycznej<\/li>\n<\/ul>\n<p>&nbsp;<\/p>\n<p>Dzi\u0119ki naszym urz\u0105dzeniom elektrotechnicznym i rozwi\u0105zaniom szytym na miar\u0119 pomagamy klientom przeku\u0107 wyzwania transformacji energetycznej w wymierne korzy\u015bci \u2013 w sieci, w zak\u0142adzie i w bilansie.[\/vc_column_text][apress_button button_text=&#8221;Erfahren Sie mehr&#8221; button_shape=&#8221;square&#8221; class=&#8221;more-link&#8221; button_link=&#8221;url:https%3A%2F%2Fthe-rsgroup.com%2Fpl%2Fprzemysly%2Fprzemysl%2F|title:T%C3%A4tigkeitsbereiche&#8221;][\/vc_column_inner][vc_column_inner width=&#8221;1\/3&#8243;][vc_single_image image=&#8221;29688&#8243; img_size=&#8221;large&#8221; css=&#8221;&#8221;][\/vc_column_inner][\/vc_row_inner][\/vc_column][\/vc_row]<\/p>\n<\/div>","protected":false},"excerpt":{"rendered":"<p>[vc_section full_width=&#8221;stretch_row&#8221; content_placement=&#8221;middle&#8221; min_height=&#8221;480&#8243; css=&#8221;.vc_custom_1765012030029{background-image: url(https:\/\/the-rsgroup.com\/wp-content\/uploads\/2025\/12\/f3180ede-4dd9-46e3-a083-a1e8c4528abe.jpg?id=29634) !important;background-position: center !important;background-repeat: no-repeat !important;background-size: cover !important;}&#8221; el_class=&#8221;inner-page-banner-section&#8221;][vc_row][vc_column][apress_heading sub_title=&#8221;&#8221; content_alignment=&#8221;left&#8221; data_animation=&#8221;fadeInRight&#8221; enable_delimiter=&#8221;&#8221; style=&#8221;heading_style1&#8243; title_font_options=&#8221;tag:h1&#8243; subtitle_font_options=&#8221;tag:div&#8221;]Obszary dzia\u0142alno\u015bci[\/apress_heading][\/vc_column][\/vc_row][\/vc_section][vc_row css=&#8221;.vc_custom_1764930559177{padding-top: 80px !important;padding-bottom: 80px !important;}&#8221;][vc_column][vc_row_inner][vc_column_inner][vc_column_text css=&#8221;&#8221;]Wspieramy naszych klient\u00f3w na ca\u0142ej \u015bcie\u017cce warto\u015bci energii elektrycznej \u2013 od wytwarzania, poprzez&hellip;<\/p>\n","protected":false},"author":1,"featured_media":0,"parent":8015,"menu_order":0,"comment_status":"closed","ping_status":"closed","template":"template-fullwidth-page.php","meta":{"_acf_changed":false,"_monsterinsights_skip_tracking":false,"_monsterinsights_sitenote_active":false,"_monsterinsights_sitenote_note":"","_monsterinsights_sitenote_category":0,"footnotes":""},"class_list":["post-17892","page","type-page","status-publish","hentry"],"acf":[],"_links":{"self":[{"href":"https:\/\/the-rsgroup.com\/pl\/wp-json\/wp\/v2\/pages\/17892","targetHints":{"allow":["GET"]}}],"collection":[{"href":"https:\/\/the-rsgroup.com\/pl\/wp-json\/wp\/v2\/pages"}],"about":[{"href":"https:\/\/the-rsgroup.com\/pl\/wp-json\/wp\/v2\/types\/page"}],"author":[{"embeddable":true,"href":"https:\/\/the-rsgroup.com\/pl\/wp-json\/wp\/v2\/users\/1"}],"replies":[{"embeddable":true,"href":"https:\/\/the-rsgroup.com\/pl\/wp-json\/wp\/v2\/comments?post=17892"}],"version-history":[{"count":28,"href":"https:\/\/the-rsgroup.com\/pl\/wp-json\/wp\/v2\/pages\/17892\/revisions"}],"predecessor-version":[{"id":29968,"href":"https:\/\/the-rsgroup.com\/pl\/wp-json\/wp\/v2\/pages\/17892\/revisions\/29968"}],"up":[{"embeddable":true,"href":"https:\/\/the-rsgroup.com\/pl\/wp-json\/wp\/v2\/pages\/8015"}],"wp:attachment":[{"href":"https:\/\/the-rsgroup.com\/pl\/wp-json\/wp\/v2\/media?parent=17892"}],"curies":[{"name":"wp","href":"https:\/\/api.w.org\/{rel}","templated":true}]}}