{"id":17899,"date":"2023-12-06T20:09:28","date_gmt":"2023-12-06T20:09:28","guid":{"rendered":"https:\/\/the-rsgroup.com\/o\/strategia\/"},"modified":"2025-12-22T07:10:50","modified_gmt":"2025-12-22T07:10:50","slug":"strategia","status":"publish","type":"page","link":"https:\/\/the-rsgroup.com\/pl\/o\/strategia\/","title":{"rendered":"Strategia"},"content":{"rendered":"<div class=\"wpb-content-wrapper\"><p>[vc_section full_width=&#8221;stretch_row&#8221; content_placement=&#8221;middle&#8221; min_height=&#8221;480&#8243; css=&#8221;.vc_custom_1763460168267{background-image: url(https:\/\/the-rsgroup.com\/wp-content\/uploads\/2025\/11\/Slider_Strategy.jpg?id=27177) !important;background-position: center !important;background-repeat: no-repeat !important;background-size: cover !important;}&#8221; el_class=&#8221;inner-page-banner-section&#8221;][vc_row][vc_column][apress_heading sub_title=&#8221;&#8221; content_alignment=&#8221;left&#8221; data_animation=&#8221;fadeInRight&#8221; enable_delimiter=&#8221;&#8221; style=&#8221;heading_style1&#8243; title_font_options=&#8221;tag:h1&#8243; subtitle_font_options=&#8221;tag:div&#8221;]Strategia[\/apress_heading][\/vc_column][\/vc_row][\/vc_section][vc_row css=&#8221;.vc_custom_1758271263889{padding-top: 80px !important;padding-bottom: 80px !important;}&#8221;][vc_column apress_zindex=&#8221;9&#8243; css=&#8221;.vc_custom_1701013509166{padding-top: 0px !important;padding-bottom: 0px !important;}&#8221; el_class=&#8221;custom_sidebar high_zIndex&#8221;][apress_heading sub_title=&#8221;Nasza strategia jest zgodna z megatrendem elektryfikacji i opiera si\u0119 na czterech kluczowych filarach:&#8221; content_alignment=&#8221;left&#8221; enable_delimiter=&#8221;&#8221; color_scheme=&#8221;color_scheme1&#8243; style=&#8221;heading_style1&#8243; title_font_options=&#8221;tag:h2|letter_spacing:1&#8243; subtitle_font_options=&#8221;tag:div&#8221; heading_margin=&#8221;margin-bottom:30&#8243; subheading_margin=&#8221;margin-bottom:30&#8243; class=&#8221;h2-heading-custom&#8221;]Grupa R&amp;S d\u0105\u017cy do generowania zysk\u00f3w i zwi\u0119kszania warto\u015bci firmy.[\/apress_heading][vc_column_text]<\/p>\n<ol>\n<li>Najlepsze w swojej klasie i dostosowane do indywidualnych potrzeb produkty i projekty.<\/li>\n<li>Koncentracja na rozwijaj\u0105cych si\u0119 sektorach przemys\u0142u, takich jak centra danych, e-mobilno\u015b\u0107 i odnawialne \u017ar\u00f3d\u0142a energii.<\/li>\n<li>Ekspansja geograficzna na nowe i wschodz\u0105ce rynki.<\/li>\n<li>Zwi\u0119kszanie wydajno\u015bci i produkcji poprzez ci\u0105g\u0142\u0105 optymalizacj\u0119 proces\u00f3w.<\/li>\n<\/ol>\n<p>[\/vc_column_text][\/vc_column][\/vc_row][vc_row full_width=&#8221;stretch_row&#8221; equal_height=&#8221;yes&#8221; css=&#8221;.vc_custom_1758271645370{margin-top: 0px !important;padding-top: 0px !important;padding-bottom: 80px !important;background-color: #FFFFFF !important;}&#8221; row_name=&#8221;locations&#8221; el_id=&#8221;locations&#8221;][vc_column][vc_row_inner equal_height=&#8221;yes&#8221; gap=&#8221;20&#8243; el_class=&#8221;benefits-column-row&#8221;][vc_column_inner el_class=&#8221;custom_sidebar&#8221; width=&#8221;1\/2&#8243;][apress_gradient_icon_box description=&#8221;&#8221; color_scheme=&#8221;gradient_scheme1&#8243; icon_type=&#8221;image&#8221; icon_image=&#8221;2662&#8243; gradient_icon_size=&#8221;70&#8243; style=&#8221;iconbox_style1&#8243; class=&#8221;no-padding&#8221; title_font_options=&#8221;tag:h2|letter_spacing:1&#8243;]Strategia[\/apress_gradient_icon_box][vc_column_text css=&#8221;&#8221;]Grupa R&amp;S d\u0105\u017cy do rentownego wzrostu i ci\u0105g\u0142ego zwi\u0119kszania warto\u015bci firmy.<br \/>\nNasza strategia jest zgodna z megatrendem elektryfikacji i opiera si\u0119 na czterech g\u0142\u00f3wnych filarach:<br \/>\nProdukty i projekty najwy\u017cszej jako\u015bci, dost\u0119pne i dostosowane do indywidualnych potrzeb. (To tylko 3 z nich?)<br \/>\nSkupienie si\u0119 na rozwijaj\u0105cych si\u0119 sektorach przemys\u0142u, takich jak centra danych, e-mobilno\u015b\u0107 i odnawialne \u017ar\u00f3d\u0142a energii.<br \/>\nEkspansja geograficzna na nowe i rozwijaj\u0105ce si\u0119 rynki.<br \/>\nWzrost efektywno\u015bci i poprawa wynik\u00f3w poprzez ci\u0105g\u0142\u0105 optymalizacj\u0119 proces\u00f3w.[\/vc_column_text][\/vc_column_inner][vc_column_inner el_class=&#8221;custom_sidebar&#8221; width=&#8221;1\/2&#8243;][apress_gradient_icon_box description=&#8221;W R&amp;S innowacja oznacza tworzenie nowych produkt\u00f3w w celu zwi\u0119kszenia wydajno\u015bci, obni\u017cenia koszt\u00f3w, poprawy jako\u015bci i ograniczenia wp\u0142ywu na \u015brodowisko. W ten spos\u00f3b stajemy si\u0119 bardziej konkurencyjni, rozwijamy nasz\u0105 dzia\u0142alno\u015b\u0107 i przyczyniamy si\u0119 do zr\u00f3wnowa\u017conego rozwoju naszej planety.&#8221; color_scheme=&#8221;gradient_scheme1&#8243; icon_type=&#8221;image&#8221; icon_image=&#8221;2662&#8243; gradient_icon_size=&#8221;70&#8243; style=&#8221;iconbox_style1&#8243; class=&#8221;no-padding&#8221; title_font_options=&#8221;tag:h2|letter_spacing:1&#8243;]innowacja[\/apress_gradient_icon_box][\/vc_column_inner][\/vc_row_inner][vc_row_inner equal_height=&#8221;yes&#8221; gap=&#8221;20&#8243; el_class=&#8221;benefits-column-row&#8221;][vc_column_inner el_class=&#8221;custom_sidebar&#8221; width=&#8221;1\/2&#8243;][apress_gradient_icon_box description=&#8221;Nasza firma posiada certyfikaty zgodno\u015bci z obowi\u0105zuj\u0105cymi normami zarz\u0105dzania jako\u015bci\u0105. Grupa R&amp;S to synonim jako\u015bci, wiod\u0105cej pozycji technologicznej, kompetencji technicznych oraz partnerstwa i blisko\u015bci z klientem.&#8221; color_scheme=&#8221;gradient_scheme1&#8243; icon_type=&#8221;image&#8221; icon_image=&#8221;2644&#8243; gradient_icon_size=&#8221;70&#8243; style=&#8221;iconbox_style1&#8243; class=&#8221;no-padding&#8221; title_font_options=&#8221;tag:h2|letter_spacing:1&#8243;]Jako\u015b\u0107 i marka[\/apress_gradient_icon_box][\/vc_column_inner][vc_column_inner el_class=&#8221;custom_sidebar&#8221; width=&#8221;1\/2&#8243;][apress_gradient_icon_box description=&#8221;Jako wiod\u0105cy dostawca komponent\u00f3w infrastruktury elektrycznej, Grupa R&amp;S aktywnie anga\u017cuje si\u0119 w transformacj\u0119 energetyczn\u0105. Nasz\u0105 misj\u0105 jest dostarczanie niezawodnej energii, wspieraj\u0105c jednocze\u015bnie przej\u015bcie na odnawialne \u017ar\u00f3d\u0142a energii i ich efektywn\u0105 dystrybucj\u0119. Zr\u00f3wnowa\u017cony rozw\u00f3j jest zatem centralnym elementem naszej strategii korporacyjnej i kszta\u0142tuje zar\u00f3wno nasze obecne, jak i przysz\u0142e dzia\u0142ania.&#8221; color_scheme=&#8221;gradient_scheme1&#8243; icon_type=&#8221;image&#8221; icon_image=&#8221;2644&#8243; gradient_icon_size=&#8221;70&#8243; style=&#8221;iconbox_style1&#8243; class=&#8221;no-padding&#8221; title_font_options=&#8221;tag:h2|letter_spacing:1&#8243;]Zr\u00f3wnowa\u017cony rozw\u00f3j:[\/apress_gradient_icon_box][\/vc_column_inner][\/vc_row_inner][vc_row_inner equal_height=&#8221;yes&#8221; gap=&#8221;20&#8243; el_class=&#8221;benefits-column-row&#8221;][vc_column_inner el_class=&#8221;custom_sidebar&#8221; width=&#8221;1\/2&#8243;][apress_gradient_icon_box description=&#8221;&#8221; color_scheme=&#8221;gradient_scheme1&#8243; icon_type=&#8221;image&#8221; icon_image=&#8221;2662&#8243; gradient_icon_size=&#8221;70&#8243; style=&#8221;iconbox_style1&#8243; class=&#8221;no-padding&#8221; title_font_options=&#8221;tag:h2|letter_spacing:1&#8243;]Cele[\/apress_gradient_icon_box][vc_column_text css=&#8221;&#8221;]Grupa R&amp;S realizuje konsekwentn\u0105 strategi\u0119 rozwoju opart\u0105 na inteligentnym rozwoju i ekspansji na przysz\u0142e rynki. Celem jest zr\u00f3wnowa\u017cone umacnianie pozycji lidera rynku produkt\u00f3w infrastruktury elektrycznej poprzez innowacje i strategiczne przej\u0119cia, szczeg\u00f3lnie w Europie (Szwajcaria, Niemcy, Polska, Wielka Brytania\/Irlandia i W\u0142ochy).<\/p>\n<p>Opieraj\u0105c si\u0119 na szwajcarskiej precyzji i jako\u015bci, d\u0105\u017cymy do bycia liderem bran\u017cy w dziedzinie zr\u00f3wnowa\u017conego rozwoju (\u201epierwszy w swojej klasie\u201d). Konsekwentnie d\u0105\u017cymy do tego celu, oferuj\u0105c przyjazne dla \u015brodowiska produkty i zr\u00f3wnowa\u017cone procesy produkcyjne.[\/vc_column_text][\/vc_column_inner][vc_column_inner el_class=&#8221;custom_sidebar&#8221; width=&#8221;1\/2&#8243;][apress_gradient_icon_box description=&#8221;Grupa R&amp;S oferuje niezawodne produkty infrastruktury elektrycznej dla rynk\u00f3w niszowych (tak, je\u015bli chodzi o produkty infrastrukturalne \u2013 nie tylko niszowe, je\u015bli chodzi o transformatory) na ca\u0142ym \u015bwiecie. Z nasz\u0105 obietnic\u0105 \u201eGwarantujemy energi\u0119\u201d stawiamy nie tylko na innowacyjne technologie, ale przede wszystkim na szwajcarsk\u0105 precyzj\u0119, jako\u015b\u0107, kr\u00f3tkie procesy decyzyjne i wysok\u0105 elastyczno\u015b\u0107. Nasi klienci korzystaj\u0105 z unikalnego po\u0142\u0105czenia globalnego do\u015bwiadczenia i lokalnej obecno\u015bci \u2013 wspieranych przez p\u0142askie struktury i silne lokalne marki z dog\u0142\u0119bn\u0105 znajomo\u015bci\u0105 rynku.&#8221; color_scheme=&#8221;gradient_scheme1&#8243; icon_type=&#8221;image&#8221; icon_image=&#8221;2662&#8243; gradient_icon_size=&#8221;70&#8243; style=&#8221;iconbox_style1&#8243; class=&#8221;no-padding&#8221; title_font_options=&#8221;tag:h2|letter_spacing:1&#8243;]rozr\u00f3\u017cnianie[\/apress_gradient_icon_box][\/vc_column_inner][\/vc_row_inner][\/vc_column][\/vc_row]<\/p>\n<\/div>","protected":false},"excerpt":{"rendered":"<p>[vc_section full_width=&#8221;stretch_row&#8221; content_placement=&#8221;middle&#8221; min_height=&#8221;480&#8243; css=&#8221;.vc_custom_1763460168267{background-image: url(https:\/\/the-rsgroup.com\/wp-content\/uploads\/2025\/11\/Slider_Strategy.jpg?id=27177) !important;background-position: center !important;background-repeat: no-repeat !important;background-size: cover !important;}&#8221; el_class=&#8221;inner-page-banner-section&#8221;][vc_row][vc_column][apress_heading sub_title=&#8221;&#8221; content_alignment=&#8221;left&#8221; data_animation=&#8221;fadeInRight&#8221; enable_delimiter=&#8221;&#8221; style=&#8221;heading_style1&#8243; title_font_options=&#8221;tag:h1&#8243; subtitle_font_options=&#8221;tag:div&#8221;]Strategia[\/apress_heading][\/vc_column][\/vc_row][\/vc_section][vc_row css=&#8221;.vc_custom_1758271263889{padding-top: 80px !important;padding-bottom: 80px !important;}&#8221;][vc_column apress_zindex=&#8221;9&#8243; css=&#8221;.vc_custom_1701013509166{padding-top: 0px !important;padding-bottom: 0px !important;}&#8221; el_class=&#8221;custom_sidebar high_zIndex&#8221;][apress_heading sub_title=&#8221;Nasza strategia jest zgodna z megatrendem&hellip;<\/p>\n","protected":false},"author":1,"featured_media":0,"parent":8015,"menu_order":0,"comment_status":"closed","ping_status":"closed","template":"template-fullwidth-page.php","meta":{"_acf_changed":false,"_monsterinsights_skip_tracking":false,"_monsterinsights_sitenote_active":false,"_monsterinsights_sitenote_note":"","_monsterinsights_sitenote_category":0,"footnotes":""},"class_list":["post-17899","page","type-page","status-publish","hentry"],"acf":[],"_links":{"self":[{"href":"https:\/\/the-rsgroup.com\/pl\/wp-json\/wp\/v2\/pages\/17899","targetHints":{"allow":["GET"]}}],"collection":[{"href":"https:\/\/the-rsgroup.com\/pl\/wp-json\/wp\/v2\/pages"}],"about":[{"href":"https:\/\/the-rsgroup.com\/pl\/wp-json\/wp\/v2\/types\/page"}],"author":[{"embeddable":true,"href":"https:\/\/the-rsgroup.com\/pl\/wp-json\/wp\/v2\/users\/1"}],"replies":[{"embeddable":true,"href":"https:\/\/the-rsgroup.com\/pl\/wp-json\/wp\/v2\/comments?post=17899"}],"version-history":[{"count":19,"href":"https:\/\/the-rsgroup.com\/pl\/wp-json\/wp\/v2\/pages\/17899\/revisions"}],"predecessor-version":[{"id":31788,"href":"https:\/\/the-rsgroup.com\/pl\/wp-json\/wp\/v2\/pages\/17899\/revisions\/31788"}],"up":[{"embeddable":true,"href":"https:\/\/the-rsgroup.com\/pl\/wp-json\/wp\/v2\/pages\/8015"}],"wp:attachment":[{"href":"https:\/\/the-rsgroup.com\/pl\/wp-json\/wp\/v2\/media?parent=17899"}],"curies":[{"name":"wp","href":"https:\/\/api.w.org\/{rel}","templated":true}]}}