{"id":20554,"date":"2024-10-14T09:56:01","date_gmt":"2024-10-14T09:56:01","guid":{"rendered":"https:\/\/the-rsgroup.com\/kyte-powertech\/"},"modified":"2025-12-23T09:26:56","modified_gmt":"2025-12-23T09:26:56","slug":"kyte-powertech","status":"publish","type":"page","link":"https:\/\/the-rsgroup.com\/pl\/kyte-powertech\/","title":{"rendered":"Kyte Powertech"},"content":{"rendered":"<div class=\"wpb-content-wrapper\"><p>[vc_section full_width=&#8221;stretch_row&#8221; content_placement=&#8221;middle&#8221; min_height=&#8221;480&#8243; css=&#8221;.vc_custom_1759589314219{background-image: url(https:\/\/the-rsgroup.com\/wp-content\/uploads\/2024\/10\/Kyte.jpg?id=20686) !important;background-position: center !important;background-repeat: no-repeat !important;background-size: cover !important;}&#8221; el_class=&#8221;inner-page-banner-section&#8221;][vc_row][vc_column][apress_heading sub_title=&#8221;Producent transformator\u00f3w dystrybucyjnych z siedzib\u0105 w Irlandii&#8221; content_alignment=&#8221;left&#8221; data_animation=&#8221;fadeInRight&#8221; enable_delimiter=&#8221;&#8221; style=&#8221;heading_style1&#8243; title_font_options=&#8221;tag:h1&#8243; subtitle_font_options=&#8221;tag:div&#8221;]Kyte Powertech[\/apress_heading][\/vc_column][\/vc_row][\/vc_section][vc_row css=&#8221;.vc_custom_1758534199915{padding-top: 80px !important;padding-bottom: 80px !important;}&#8221;][vc_column apress_zindex=&#8221;9&#8243; el_class=&#8221;custom_sidebar high_zIndex&#8221;][apress_heading sub_title=&#8221;&#8221; content_alignment=&#8221;left&#8221; enable_delimiter=&#8221;&#8221; color_scheme=&#8221;color_scheme1&#8243; style=&#8221;heading_style1&#8243; title_font_options=&#8221;tag:h2|letter_spacing:1&#8243; subtitle_font_options=&#8221;tag:div&#8221; heading_margin=&#8221;margin-bottom:30&#8243; class=&#8221;h2-heading-custom&#8221;]Firma Kyte Powertech z siedzib\u0105 w Cavan w Irlandii projektuje i produkuje transformatory rozdzielcze od 1977 roku.[\/apress_heading][vc_column_text css=&#8221;.vc_custom_1728992467723{margin-bottom: 0px !important;}&#8221;]Sp\u00f3\u0142ka sta\u0142a si\u0119 liderem na rynku w bran\u017cy elektrycznej. Jej si\u0142\u0105 nap\u0119dow\u0105 jest innowacyjno\u015b\u0107 i zaanga\u017cowanie na rzecz zaspokojenia potrzeb klient\u00f3w. Dzi\u0119ki wieloletniemu do\u015bwiadczeniu specjalizuj\u0105 si\u0119 w dostarczaniu produkt\u00f3w wysokiej jako\u015bci i niestandardowych rozwi\u0105za\u0144.<\/p>\n<p>W zak\u0142adzie o powierzchni 17 500 m2 stworzyli niezawodny system produkcyjny, kt\u00f3ry pozwala wytwarza\u0107 ponad 16 000 transformator\u00f3w rozdzielczych rocznie, o mocy produkcyjnej 6500 MVA. Bogata oferta produkt\u00f3w i us\u0142ug zosta\u0142a zaprojektowana tak, aby sprosta\u0107 zr\u00f3\u017cnicowanym wymaganiom bran\u017cy.<\/p>\n<p>Jako globalny dostawca, firma przestrzega norm mi\u0119dzynarodowych (IEC, ANSI, BS, UL, ENATS). Ponadto lokalizacja firmy jest idealna z punktu widzenia obs\u0142ugi kluczowych rynk\u00f3w w Irlandii, Zjednoczonym Kr\u00f3lestwie i Europie Zachodniej.[\/vc_column_text][\/vc_column][\/vc_row][vc_row full_width=&#8221;stretch_row_content&#8221; content_placement=&#8221;middle&#8221; bg_type=&#8221;image&#8221; parallax_style=&#8221;vcpb-default&#8221; bg_image_new=&#8221;id^25723|url^https:\/\/the-rsgroup.com\/wp-content\/uploads\/2025\/10\/Foto-2.jpg|caption^null|alt^null|title^Foto-2|description^null&#8221; bg_image_repeat=&#8221;no-repeat&#8221; bg_override=&#8221;full&#8221; css=&#8221;.vc_custom_1760496164521{padding-top: 50px !important;padding-bottom: 150px !important;background-position: center !important;background-repeat: no-repeat !important;background-size: cover !important;}&#8221; el_class=&#8221;full-width-content-section testimonial&#8221; el_id=&#8221;row3&#8243;][vc_column][vc_row_inner][vc_column_inner][vc_single_image image=&#8221;31329&#8243; img_size=&#8221;full&#8221; css=&#8221;&#8221; el_class=&#8221;test-desktop-hide&#8221;][vc_column_text css=&#8221;&#8221; el_class=&#8221;full-width-content full-width-content-right kyte&#8221;]<\/p>\n<h5>Efektywno\u015b\u0107 w \u017cyciu codziennym<\/h5>\n<p><em><i>\u201eUtrzymujemy procesy w ryzach, aby m\u00f3c skupi\u0107 energi\u0119 na produkcie.\u201d<\/i><\/em><\/p>\n<h6>Anna Baranowicz, Kierownik ds. Sukcesu Klienta, KYTE Powertech<\/h6>\n<p>[\/vc_column_text][\/vc_column_inner][\/vc_row_inner][\/vc_column][\/vc_row][vc_row full_width=&#8221;stretch_row&#8221; css=&#8221;.vc_custom_1758534987388{margin-top: 0px !important;padding-top: 0px !important;padding-bottom: 80px !important;background-color: #FFFFFF !important;}&#8221; el_class=&#8221;related-product-info-box&#8221;][vc_column css=&#8221;.vc_custom_1766481790936{margin-top: 40px !important;}&#8221;][vc_row_inner][vc_column_inner el_class=&#8221;custom_sidebar&#8221; width=&#8221;1\/3&#8243;]\r\n<!--Image Box Start-->\r\n<div class=\"zolo_imagebox_new_swing new_imagebox_style4\"><div class=\"zolo_imagebox_new_wrapper zolo_imagebox_new_100450906769ec9485562e4 new_imagebox_style4 noanimation\" data-animation =\"No Animation\" data-delay =\"500\" data-id =\"zolo_imagebox_new_100450906769ec9485562e4\">\r\n    <a title=\"Products\" href=\"https:\/\/www.kytepowertech.com\/products-2\/\" target=\"_blank\" rel=\"noopener\">\r\n    <div class=\"zolo_imagebox_new_box\">\r\n        <div class=\"img_thumbnail\"><img decoding=\"async\" src=\"https:\/\/the-rsgroup.com\/wp-content\/uploads\/2024\/10\/kyte-products-scaled.jpg\"\/><\/div>\r\n        <div class=\"zolo_imagebox_new_content\">\r\n            <div class=\"zolo_imagebox_new_title_des\">\r\n        <h3 class=\"entry-title zolo_imagebox_new_title\" style=\"color:#000000; \">        Produkty <\/h3>                <span class=\"zolo_imagebox_description\" style=\"color:#000000; \">        Nasza oferta produkt\u00f3w zosta\u0142a zaprojektowana w celu optymalizacji wydajno\u015bci, zmniejszenia strat energii i poprawy og\u00f3lnej wydajno\u015bci. Poznaj nasz\u0105 wyj\u0105tkow\u0105 gam\u0119 produkt\u00f3w, kt\u00f3re ciesz\u0105 si\u0119 zaufaniem w bran\u017cach na ca\u0142ym \u015bwiecie: <\/span>        <div class=\"zolo_imagebox_icon_button_element alignment_inline zolo_imagebox_icon_button_100450906769ec9485562e4\"><span class=\"zolo_iconbutton_tag iconbutton_style1 button_style_none\"><span class=\"zolo_button_icon zolo_arrow_icon\"><\/span><\/span><\/div>      <\/div>\r\n    <\/div>\r\n          <\/div>\r\n    <\/a>\r\n  <\/div>\r\n<\/div><!--Image Box End-->\r\n\r\n[\/vc_column_inner][vc_column_inner el_class=&#8221;custom_sidebar&#8221; width=&#8221;1\/3&#8243;]\r\n<!--Image Box Start-->\r\n<div class=\"zolo_imagebox_new_swing new_imagebox_style4\"><div class=\"zolo_imagebox_new_wrapper zolo_imagebox_new_29913157169ec948557f8b new_imagebox_style4 noanimation\" data-animation =\"No Animation\" data-delay =\"500\" data-id =\"zolo_imagebox_new_29913157169ec948557f8b\">\r\n    <a title=\"\" href=\"\/pl\/produkty\/materialy-do-pobrania\/\" target=\"_self\" rel=\"\">\r\n    <div class=\"zolo_imagebox_new_box\">\r\n        <div class=\"zolo_thumbnail\" style=\"background:url(https:\/\/the-rsgroup.com\/wp-content\/uploads\/2025\/10\/Products-with-Bows_3.jpg) no-repeat center center; -moz-background-size:cover;-webkit-background-size:cover;-o-background-size:cover;-ms-background-size:cover;background-size:cover; height:300px;\"><\/div>\r\n        <div class=\"zolo_imagebox_new_content\">\r\n            <div class=\"zolo_imagebox_new_title_des\">\r\n        <h3 class=\"entry-title zolo_imagebox_new_title\" style=\"color:#000000; \">        Materia\u0142y do pobrania <\/h3>                <span class=\"zolo_imagebox_description\" style=\"color:#000000; \">        Szukasz dodatkowych informacji na temat produkt\u00f3w i danych technicznych? <\/span>        <div class=\"zolo_imagebox_icon_button_element alignment_inline zolo_imagebox_icon_button_29913157169ec948557f8b\"><span class=\"zolo_iconbutton_tag iconbutton_style1 button_style_none\"><span class=\"zolo_button_icon zolo_arrow_icon\"><\/span><\/span><\/div>      <\/div>\r\n    <\/div>\r\n          <\/div>\r\n    <\/a>\r\n  <\/div>\r\n<\/div><!--Image Box End-->\r\n\r\n[\/vc_column_inner][vc_column_inner el_class=&#8221;custom_sidebar&#8221; width=&#8221;1\/3&#8243;]\r\n<!--Image Box Start-->\r\n<div class=\"zolo_imagebox_new_swing new_imagebox_style4\"><div class=\"zolo_imagebox_new_wrapper zolo_imagebox_new_99916167969ec948559658 new_imagebox_style4 noanimation\" data-animation =\"No Animation\" data-delay =\"500\" data-id =\"zolo_imagebox_new_99916167969ec948559658\">\r\n    <a title=\"Service and support\" href=\"\/pl\/produkty\/serwis-i-wsparcie\/\" target=\"_self\" rel=\"\">\r\n    <div class=\"zolo_imagebox_new_box\">\r\n        <div class=\"zolo_thumbnail\" style=\"background:url(https:\/\/the-rsgroup.com\/wp-content\/uploads\/2025\/10\/Support-RS.png) no-repeat center center; -moz-background-size:cover;-webkit-background-size:cover;-o-background-size:cover;-ms-background-size:cover;background-size:cover; height:300px;\"><\/div>\r\n        <div class=\"zolo_imagebox_new_content\">\r\n            <div class=\"zolo_imagebox_new_title_des\">\r\n        <h3 class=\"entry-title zolo_imagebox_new_title\" style=\"color:#000000; \">        Serwis i wsparcie <\/h3>                <span class=\"zolo_imagebox_description\" style=\"color:#000000; \">        R&amp;S oferuje swoim klientom pe\u0142ne wsparcie. Dowiedz si\u0119 wi\u0119cej na temat naszego wsparcia i rozwi\u0105za\u0144 serwisowych. <\/span>        <div class=\"zolo_imagebox_icon_button_element alignment_inline zolo_imagebox_icon_button_99916167969ec948559658\"><span class=\"zolo_iconbutton_tag iconbutton_style1 button_style_none\"><span class=\"zolo_button_icon zolo_arrow_icon\"><\/span><\/span><\/div>      <\/div>\r\n    <\/div>\r\n          <\/div>\r\n    <\/a>\r\n  <\/div>\r\n<\/div><!--Image Box End-->\r\n\r\n[\/vc_column_inner][\/vc_row_inner][\/vc_column][\/vc_row]<\/p>\n<\/div>","protected":false},"excerpt":{"rendered":"<p>[vc_section full_width=&#8221;stretch_row&#8221; content_placement=&#8221;middle&#8221; min_height=&#8221;480&#8243; css=&#8221;.vc_custom_1759589314219{background-image: url(https:\/\/the-rsgroup.com\/wp-content\/uploads\/2024\/10\/Kyte.jpg?id=20686) !important;background-position: center !important;background-repeat: no-repeat !important;background-size: cover !important;}&#8221; el_class=&#8221;inner-page-banner-section&#8221;][vc_row][vc_column][apress_heading sub_title=&#8221;Producent transformator\u00f3w dystrybucyjnych z siedzib\u0105 w Irlandii&#8221; content_alignment=&#8221;left&#8221; data_animation=&#8221;fadeInRight&#8221; enable_delimiter=&#8221;&#8221; style=&#8221;heading_style1&#8243; title_font_options=&#8221;tag:h1&#8243; subtitle_font_options=&#8221;tag:div&#8221;]Kyte Powertech[\/apress_heading][\/vc_column][\/vc_row][\/vc_section][vc_row css=&#8221;.vc_custom_1758534199915{padding-top: 80px !important;padding-bottom: 80px !important;}&#8221;][vc_column apress_zindex=&#8221;9&#8243; el_class=&#8221;custom_sidebar high_zIndex&#8221;][apress_heading sub_title=&#8221;&#8221; content_alignment=&#8221;left&#8221; enable_delimiter=&#8221;&#8221; color_scheme=&#8221;color_scheme1&#8243;&hellip;<\/p>\n","protected":false},"author":1,"featured_media":0,"parent":0,"menu_order":0,"comment_status":"closed","ping_status":"closed","template":"template-fullwidth-page.php","meta":{"_acf_changed":false,"_monsterinsights_skip_tracking":false,"_monsterinsights_sitenote_active":false,"_monsterinsights_sitenote_note":"","_monsterinsights_sitenote_category":0,"footnotes":""},"class_list":["post-20554","page","type-page","status-publish","hentry"],"acf":[],"_links":{"self":[{"href":"https:\/\/the-rsgroup.com\/pl\/wp-json\/wp\/v2\/pages\/20554","targetHints":{"allow":["GET"]}}],"collection":[{"href":"https:\/\/the-rsgroup.com\/pl\/wp-json\/wp\/v2\/pages"}],"about":[{"href":"https:\/\/the-rsgroup.com\/pl\/wp-json\/wp\/v2\/types\/page"}],"author":[{"embeddable":true,"href":"https:\/\/the-rsgroup.com\/pl\/wp-json\/wp\/v2\/users\/1"}],"replies":[{"embeddable":true,"href":"https:\/\/the-rsgroup.com\/pl\/wp-json\/wp\/v2\/comments?post=20554"}],"version-history":[{"count":23,"href":"https:\/\/the-rsgroup.com\/pl\/wp-json\/wp\/v2\/pages\/20554\/revisions"}],"predecessor-version":[{"id":31905,"href":"https:\/\/the-rsgroup.com\/pl\/wp-json\/wp\/v2\/pages\/20554\/revisions\/31905"}],"wp:attachment":[{"href":"https:\/\/the-rsgroup.com\/pl\/wp-json\/wp\/v2\/media?parent=20554"}],"curies":[{"name":"wp","href":"https:\/\/api.w.org\/{rel}","templated":true}]}}