{"id":21062,"date":"2025-02-21T11:34:44","date_gmt":"2025-02-21T11:34:44","guid":{"rendered":"https:\/\/the-rsgroup.com\/?page_id=21062"},"modified":"2025-08-01T10:47:18","modified_gmt":"2025-08-01T10:47:18","slug":"plan-podzialu","status":"publish","type":"page","link":"https:\/\/the-rsgroup.com\/pl\/plan-podzialu\/","title":{"rendered":"Plan podzia\u0142u sp\u00f3\u0142ki Tesar Polska sp. z o.o."},"content":{"rendered":"<div class=\"wpb-content-wrapper\"><p>[vc_row][vc_column][vc_column_text css=&#8221;&#8221;]<strong>Tesar Polska sp. z o.o. \u2013 informacja o przyj\u0119ciu planu podzia\u0142u sp\u00f3\u0142ki <\/strong><strong>Tesar Polska sp. z o.o.<\/strong><\/p>\n<p>Zarz\u0105d sp\u00f3\u0142ki Tesar Polska sp. z o.o. z siedzib\u0105 w Niepo\u0142omicach (dalej jako: \u201e<strong>Sp\u00f3\u0142ka Dzielona<\/strong>\u201d) informuje, \u017ce w dniu 20 lutego 2025 r. zosta\u0142 uzgodniony i przyj\u0119ty plan podzia\u0142u Sp\u00f3\u0142ki Dzielonej.<\/p>\n<p>Podzia\u0142 zostanie dokonany w trybie art. 529 \u00a7 1 pkt 4 ustawy &#8211; Kodeks sp\u00f3\u0142ek handlowych (dalej jako: \u201e<strong>KSH<\/strong>\u201d), tj. przez przeniesienie cz\u0119\u015bci maj\u0105tku Sp\u00f3\u0142ki Dzielonej w postaci zorganizowanej cz\u0119\u015bci przedsi\u0119biorstwa na istniej\u0105c\u0105 sp\u00f3\u0142k\u0119 &#8211; Rauscher &amp; Stoecklin Polska sp. z o.o. z siedzib\u0105 w Krzeczowie, wpisan\u0105 do rejestru przedsi\u0119biorc\u00f3w Krajowego Rejestru S\u0105dowego przez S\u0105d Rejonowy dla Krakowa &#8211; \u015ar\u00f3dmie\u015bcia w Krakowie, XII Wydzia\u0142 Gospodarczy KRS pod numerem KRS: 0001155281 (dalej jako: \u201e<strong>Sp\u00f3\u0142ka Przejmuj\u0105c\u0105<\/strong>\u201d) (podzia\u0142 przez wydzielenie).<\/p>\n<p>W zwi\u0105zku z powy\u017cszym, dzia\u0142aj\u0105c na podstawie art. 535 \u00a7 3 KSH, Zarz\u0105d Sp\u00f3\u0142ki Dzielonej udost\u0119pnia przedmiotowy plan podzia\u0142u do publicznej wiadomo\u015bci.<\/p>\n<p><a href=\"https:\/\/the-rsgroup.com\/wp-content\/uploads\/2025\/02\/Plan-podzialu_20250220.pdf\" target=\"_blank\" rel=\"noopener\"><u>Plan podzia\u0142u z za\u0142\u0105cznikami<\/u><\/a>[\/vc_column_text][\/vc_column][\/vc_row][vc_row][vc_column][vc_column_text css=&#8221;&#8221;]<strong>Rauscher &amp; Stoecklin Polska sp. z o.o. \u2013 informacja o przyj\u0119ciu planu podzia\u0142u sp\u00f3\u0142ki <\/strong><strong>Tesar Polska sp. z o.o. <\/strong><\/p>\n<p>Zarz\u0105d sp\u00f3\u0142ki Rauscher &amp; Stoecklin Polska sp. z o.o. z siedzib\u0105 w Krzeczowie (dalej jako: \u201e<strong>Sp\u00f3\u0142ka Przejmuj\u0105ca<\/strong>\u201d) informuje, \u017ce w dniu 20lutego 2025 r. zosta\u0142 uzgodniony i przyj\u0119ty plan podzia\u0142u sp\u00f3\u0142ki Tesar Polska sp. z o.o. z\u00a0siedzib\u0105 w Niepo\u0142omicach, wpisanej do rejestru przedsi\u0119biorc\u00f3w Krajowego Rejestru S\u0105dowego przez S\u0105d Rejonowy dla Krakowa &#8211; \u015ar\u00f3dmie\u015bcia w Krakowie, XII Wydzia\u0142 Gospodarczy KRS pod numerem KRS: 000341614 (dalej jako \u201e<strong>Sp\u00f3\u0142ka Dzielona<\/strong>\u201d).<\/p>\n<p>Podzia\u0142 zostanie dokonany w trybie art. 529 \u00a7 1 pkt 4 ustawy &#8211; Kodeks sp\u00f3\u0142ek handlowych (dalej jako: \u201e<strong>KSH<\/strong>\u201d), tj. przez przeniesienie cz\u0119\u015bci maj\u0105tku Sp\u00f3\u0142ki Dzielonej w postaci zorganizowanej cz\u0119\u015bci przedsi\u0119biorstwa na istniej\u0105c\u0105 sp\u00f3\u0142k\u0119 &#8211; Sp\u00f3\u0142k\u0119 Przejmuj\u0105c\u0105 (podzia\u0142 przez wydzielenie).<\/p>\n<p>W zwi\u0105zku z powy\u017cszym, dzia\u0142aj\u0105c na podstawie art. 535 \u00a7 3 KSH, Zarz\u0105d Sp\u00f3\u0142ki Przejmuj\u0105cej udost\u0119pnia przedmiotowy plan podzia\u0142u do publicznej wiadomo\u015bci.<\/p>\n<p><a href=\"https:\/\/the-rsgroup.com\/wp-content\/uploads\/2025\/02\/Plan-podzialu_20250220.pdf\" target=\"_blank\" rel=\"noopener\"><u>Plan podzia\u0142u z za\u0142\u0105cznikami<\/u><\/a><\/p>\n<p>[\/vc_column_text][\/vc_column][\/vc_row]<\/p>\n<\/div>","protected":false},"excerpt":{"rendered":"<p>[vc_row][vc_column][vc_column_text css=&#8221;&#8221;]Tesar Polska sp. z o.o. \u2013 informacja o przyj\u0119ciu planu podzia\u0142u sp\u00f3\u0142ki Tesar Polska sp. z o.o. Zarz\u0105d sp\u00f3\u0142ki Tesar Polska sp. z o.o. z siedzib\u0105 w Niepo\u0142omicach (dalej jako: \u201eSp\u00f3\u0142ka Dzielona\u201d) informuje, \u017ce w dniu 20 lutego 2025&hellip;<\/p>\n","protected":false},"author":7,"featured_media":0,"parent":0,"menu_order":0,"comment_status":"closed","ping_status":"closed","template":"template-fullwidth-page.php","meta":{"_acf_changed":false,"_monsterinsights_skip_tracking":false,"_monsterinsights_sitenote_active":false,"_monsterinsights_sitenote_note":"","_monsterinsights_sitenote_category":0,"footnotes":""},"class_list":["post-21062","page","type-page","status-publish","hentry"],"acf":[],"_links":{"self":[{"href":"https:\/\/the-rsgroup.com\/pl\/wp-json\/wp\/v2\/pages\/21062","targetHints":{"allow":["GET"]}}],"collection":[{"href":"https:\/\/the-rsgroup.com\/pl\/wp-json\/wp\/v2\/pages"}],"about":[{"href":"https:\/\/the-rsgroup.com\/pl\/wp-json\/wp\/v2\/types\/page"}],"author":[{"embeddable":true,"href":"https:\/\/the-rsgroup.com\/pl\/wp-json\/wp\/v2\/users\/7"}],"replies":[{"embeddable":true,"href":"https:\/\/the-rsgroup.com\/pl\/wp-json\/wp\/v2\/comments?post=21062"}],"version-history":[{"count":7,"href":"https:\/\/the-rsgroup.com\/pl\/wp-json\/wp\/v2\/pages\/21062\/revisions"}],"predecessor-version":[{"id":21079,"href":"https:\/\/the-rsgroup.com\/pl\/wp-json\/wp\/v2\/pages\/21062\/revisions\/21079"}],"wp:attachment":[{"href":"https:\/\/the-rsgroup.com\/pl\/wp-json\/wp\/v2\/media?parent=21062"}],"curies":[{"name":"wp","href":"https:\/\/api.w.org\/{rel}","templated":true}]}}