{"id":26972,"date":"2025-11-18T02:53:09","date_gmt":"2025-11-18T02:53:09","guid":{"rendered":"https:\/\/rs.tc-host.de\/?page_id=26972"},"modified":"2025-12-23T07:59:27","modified_gmt":"2025-12-23T07:59:27","slug":"marki","status":"publish","type":"page","link":"https:\/\/the-rsgroup.com\/pl\/marki\/","title":{"rendered":"Marki"},"content":{"rendered":"<div class=\"wpb-content-wrapper\"><p>[vc_section full_width=&#8221;stretch_row&#8221; content_placement=&#8221;middle&#8221; min_height=&#8221;480&#8243; css=&#8221;.vc_custom_1763431766402{background-image: url(https:\/\/the-rsgroup.com\/wp-content\/uploads\/2025\/11\/Header_Brands.jpg?id=26911) !important;background-position: center !important;background-repeat: no-repeat !important;background-size: cover !important;}&#8221; el_class=&#8221;inner-page-banner-section&#8221;][vc_row][vc_column][apress_heading sub_title=&#8221;lokalna si\u0142a, globalna jako\u015b\u0107 \u2013 We guarantee energy&#8221; content_alignment=&#8221;left&#8221; data_animation=&#8221;fadeInRight&#8221; enable_delimiter=&#8221;&#8221; style=&#8221;heading_style1&#8243; title_font_options=&#8221;tag:h1&#8243; subtitle_font_options=&#8221;tag:div&#8221;]Marki Grupy R&amp;S[\/apress_heading][\/vc_column][\/vc_row][\/vc_section][vc_row full_width=&#8221;stretch_row&#8221; content_placement=&#8221;middle&#8221; css=&#8221;.vc_custom_1763526300660{padding-top: 20px !important;padding-bottom: 40px !important;background-color: #FFFFFF !important;background-position: center !important;background-repeat: no-repeat !important;background-size: cover !important;}&#8221; min_height=&#8221;480&#8243; el_class=&#8221;page-title-section mx-0&#8243; el_id=&#8221;indus_row2&#8243; responsive_css=&#8221;padding_top_smartphones:0px|padding_top_small:0px&#8221;][vc_column apress_zindex=&#8221;9&#8243; el_class=&#8221;custom_sidebar high_zIndex&#8221;][apress_heading sub_title=&#8221;&#8221; content_alignment=&#8221;left&#8221; enable_delimiter=&#8221;&#8221; color_scheme=&#8221;design_your_own&#8221; main_heading_color=&#8221;#6980B4&#8243; style=&#8221;heading_style1&#8243; title_font_options=&#8221;tag:h2|font_size:46|line_height:50|letter_spacing:1&#8243; subtitle_font_options=&#8221;tag:div|color:%23ffffff&#8221; heading_margin=&#8221;margin-top:10|margin-bottom:30&#8243; class=&#8221;heading-custom&#8221;]Dlaczego rodzina marek?[\/apress_heading][vc_column_text css=&#8221;&#8221;]Dzi\u0119ki lokalnie zakorzenionym markom \u0142\u0105czymy in\u017cynieri\u0119 blisko rynku z kompetencjami produkcyjnymi i jako\u015bciowymi ca\u0142ej grupy. Zmniejsza to ryzyko projektowe i przyspiesza realizacj\u0119 \u2013 od specyfikacji a\u017c po rozruch.<\/p>\n<h3><strong>Pa\u0144stwa korzy\u015bci w skr\u00f3cie<\/strong><\/h3>\n<ul>\n<li><strong>Blisko\u015b\u0107 rynku i zgodno\u015b\u0107 z normami:<\/strong> Lokalne zespo\u0142y znaj\u0105 przepisy sieciowe i budowlane (np. IEC\/EN\/ENATS\/ANSI) oraz procedury uzgodnie\u0144 \u2013 sprawne z\u0142o\u017cenie dokumentacji, szybsze decyzje urz\u0119d\u00f3w.<\/li>\n<li><strong>Wysoka zdolno\u015b\u0107 dostaw:<\/strong> Regionalna produkcja i wsp\u00f3lne moce w grupie zapewniaj\u0105 kr\u00f3tkie terminy realizacji i wysok\u0105 przewidywalno\u015b\u0107.<\/li>\n<li><strong>Du\u017ca g\u0142\u0119boko\u015b\u0107 techniczna:<\/strong> Ka\u017cda marka jest specjalist\u0105 (np. transformatory \u017cywiczne, rozdzielcze lub mocy) \u2013 precyzyjne dopasowanie zamiast kompromis\u00f3w.<\/li>\n<li><strong>Skupienie na ca\u0142kowitym koszcie posiadania (<\/strong><strong>Total Cost of Ownership\/TCO<\/strong><strong>):<\/strong> Konstrukcje o zminimalizowanych stratach, szeroka gama materia\u0142\u00f3w, serwis i zarz\u0105dzanie flot\u0105 \u2013 niskie koszty eksploatacji przez dziesi\u0119ciolecia.<\/li>\n<li><strong>Odporno\u015b\u0107 \u0142a\u0144cucha dostaw:<\/strong> Kilka europejskich zak\u0142ad\u00f3w, ujednolicone standardy, wsp\u00f3lne zapewnienie jako\u015bci oraz stabilna sie\u0107 poddostawc\u00f3w \u2013 ograniczenie zale\u017cno\u015bci.<\/li>\n<li><strong>\u201eWe guarantee energy\u201d:<\/strong> Wsp\u00f3lna obietnica niezawodno\u015bci, terminowo\u015bci i przewidywalnej realizacji projekt\u00f3w.<\/li>\n<\/ul>\n<p>[\/vc_column_text][\/vc_column][\/vc_row][vc_row full_width=&#8221;stretch_row&#8221; content_placement=&#8221;middle&#8221; css=&#8221;.vc_custom_1758531389746{padding-top: 20px !important;padding-bottom: 40px !important;background-color: #FFFFFF !important;background-position: center !important;background-repeat: no-repeat !important;background-size: cover !important;}&#8221; min_height=&#8221;480&#8243; el_class=&#8221;page-title-section&#8221; responsive_css=&#8221;padding_top_smartphones:0px|padding_top_small:0px&#8221;][vc_column apress_zindex=&#8221;9&#8243; el_class=&#8221;custom_sidebar high_zIndex&#8221;][apress_heading sub_title=&#8221;&#8221; content_alignment=&#8221;left&#8221; enable_delimiter=&#8221;&#8221; color_scheme=&#8221;design_your_own&#8221; main_heading_color=&#8221;#6980B4&#8243; style=&#8221;heading_style1&#8243; title_font_options=&#8221;tag:h2|font_size:46|line_height:50|letter_spacing:1&#8243; subtitle_font_options=&#8221;tag:div|color:%23ffffff&#8221; heading_margin=&#8221;margin-top:10|margin-bottom:30&#8243;]<\/p>\n<h2><strong>Nasze marki<\/strong><\/h2>\n<p>[\/apress_heading][\/vc_column][\/vc_row][vc_row apcore_row_stretch_opt=&#8221;stretch_row_and_content&#8221; full_width=&#8221;stretch_row_content_no_spaces&#8221; content_placement=&#8221;middle&#8221; css=&#8221;.vc_custom_1747141675568{padding-top: 0px !important;padding-bottom: 0px !important;background-color: #F2F2F2 !important;}&#8221; el_class=&#8221;full-width-image-section&#8221;][vc_column width=&#8221;1\/2&#8243; css=&#8221;.vc_custom_1747995257510{padding-top: 0px !important;padding-bottom: 0px !important;}&#8221; el_class=&#8221;img_col&#8221;][vc_single_image image=&#8221;26928&#8243; img_size=&#8221;full&#8221; css=&#8221;&#8221;][\/vc_column][vc_column width=&#8221;1\/2&#8243; el_class=&#8221;col_content&#8221;][vc_row_inner css=&#8221;.vc_custom_1755445598875{padding-top: 60px !important;padding-right: 60px !important;padding-bottom: 60px !important;padding-left: 60px !important;}&#8221; responsive_css=&#8221;padding_top_smartphones:30px|padding_top_small:40px&#8221; el_class=&#8221;left-right-content&#8221;][vc_column_inner][vc_column_text css=&#8221;&#8221;]<\/p>\n<h3>Rauscher &amp; Stoecklin (Szwajcaria | Polska)<\/h3>\n<p><em>Profil: transformatory rozdzielcze olejowe i komponenty elektrotechniczne<\/em><br \/>\nOd 1919 roku Rauscher &amp; Stoecklin oznacza szwajcarsk\u0105 precyzj\u0119 w dystrybucji energii. Dzi\u0119ki nowemu zak\u0142adowi w Krzeczowie (Polska) marka zwi\u0119ksza swoje moce produkcyjne transformator\u00f3w rozdzielczych olejowych \u2013 z pewnymi terminami dostaw dla Europy \u015arodkowej i szerok\u0105 gam\u0105 wykona\u0144.<br \/>\n<strong>Mocne strony:<\/strong> zwarte konstrukcje, niskostratne uk\u0142ady, dostosowanie projektowe (przy\u0142\u0105cza sieciowe, magazyny energii, PV\/wiatr, przemys\u0142).<\/p>\n<p><a href=\"https:\/\/the-rsgroup.com\/pl\/rauscher-stoecklin\/\">Dowiedz si\u0119 wi\u0119cej<\/a>[\/vc_column_text][\/vc_column_inner][\/vc_row_inner][\/vc_column][\/vc_row][vc_row apcore_row_stretch_opt=&#8221;stretch_row_and_content&#8221; full_width=&#8221;stretch_row_content_no_spaces&#8221; content_placement=&#8221;middle&#8221; apress_column_reverse=&#8221;yes&#8221; css=&#8221;.vc_custom_1755445169057{padding-top: 0px !important;padding-bottom: 0px !important;background-color: #FFFFFF !important;}&#8221; el_class=&#8221;full-width-image-section col_order&#8221;][vc_column width=&#8221;1\/2&#8243; el_class=&#8221;col_content&#8221;][vc_row_inner css=&#8221;.vc_custom_1755445612450{padding-top: 60px !important;padding-right: 60px !important;padding-bottom: 60px !important;padding-left: 60px !important;}&#8221; el_class=&#8221;left-right-content&#8221;][vc_column_inner][vc_column_text css=&#8221;&#8221;]<\/p>\n<h3>Tesar (W\u0142ochy | Polska | region Zatoki)<\/h3>\n<p><em>Profil: suche transformatory \u017cywiczne i przek\u0142adniki pomiarowe<\/em><br \/>\nTesar od 1979 roku projektuje i produkuje transformatory \u017cywiczne o wysokiej klasie odporno\u015bci ogniowej i minimalnych wymaganiach serwisowych. Od 2013 roku Tesar Polska w krakowskiej strefie przemys\u0142owej wytwarza transformatory \u017cywiczne oraz przek\u0142adniki pr\u0105dowe i napi\u0119ciowe. Tesar Gulf prowadzi zak\u0142ad produkcyjny w Al Ain (ZEA) obs\u0142uguj\u0105cy kraje Zatoki \u2013 idealne rozwi\u0105zanie dla kr\u00f3tkich \u0142a\u0144cuch\u00f3w dostaw i specyficznych wymaga\u0144 norm.<br \/>\n<strong>Mocne strony:<\/strong> bezpiecze\u0144stwo i ekologiczny charakter, praktycznie bezobs\u0142ugowa praca, ponad 100 000 suchych transformator\u00f3w zainstalowanych na ca\u0142ym \u015bwiecie; idealne rozwi\u0105zanie dla centr\u00f3w danych, przemys\u0142u, infrastruktury i energetyki odnawialnej.<\/p>\n<p><a href=\"https:\/\/the-rsgroup.com\/pl\/tesar\/\">Dowiedz si\u0119 wi\u0119cej<\/a>[\/vc_column_text][\/vc_column_inner][\/vc_row_inner][\/vc_column][vc_column width=&#8221;1\/2&#8243; css=&#8221;.vc_custom_1747995252391{padding-top: 0px !important;padding-bottom: 0px !important;}&#8221; el_class=&#8221;img_col&#8221;][vc_single_image image=&#8221;26934&#8243; img_size=&#8221;full&#8221; css=&#8221;&#8221;][\/vc_column][\/vc_row][vc_row apcore_row_stretch_opt=&#8221;stretch_row_and_content&#8221; full_width=&#8221;stretch_row_content_no_spaces&#8221; content_placement=&#8221;middle&#8221; apress_column_reverse=&#8221;yes&#8221; css=&#8221;.vc_custom_1766476756653{padding-top: 0px !important;padding-bottom: 0px !important;background-color: #F2F2F2 !important;}&#8221; el_class=&#8221;full-width-image-section col_order&#8221; el_id=&#8221;col-inverse&#8221;][vc_column width=&#8221;1\/2&#8243; css=&#8221;.vc_custom_1747995239755{padding-top: 0px !important;padding-bottom: 0px !important;}&#8221; el_class=&#8221;img_col&#8221;][vc_single_image image=&#8221;26922&#8243; img_size=&#8221;full&#8221; css=&#8221;&#8221;][\/vc_column][vc_column width=&#8221;1\/2&#8243; el_class=&#8221;col_content&#8221;][vc_row_inner css=&#8221;.vc_custom_1755445628490{padding-top: 60px !important;padding-right: 60px !important;padding-bottom: 60px !important;padding-left: 60px !important;}&#8221; el_class=&#8221;left-right-content&#8221;][vc_column_inner][vc_column_text css=&#8221;&#8221;]<\/p>\n<h3>Kyte Powertech (Irlandia)<\/h3>\n<p><em>Profil: transformatory rozdzielcze (s\u0142upowe, stacyjne, pad-mount)<\/em><br \/>\nZa\u0142o\u017cona w 1977 roku firma Kyte Powertech produkuje rocznie ponad 16 000 transformator\u00f3w rozdzielczych o mocy do 6 500 MVA, zoptymalizowanych pod k\u0105tem norm IEC\/EN\/BS\/ENATS\/ANSI. Wysokie moce produkcyjne, solidne konstrukcje i kr\u00f3tkie terminy dostaw dla Irlandii, Wielkiej Brytanii i Europy Zachodniej.<br \/>\n<strong>Mocne strony:<\/strong> przy\u0142\u0105cza sieciowe, miejskie i zak\u0142adowe sieci rozdzielcze, integracja OZE, niskie straty zgodnie z wymogami Ecodesign UE.<\/p>\n<p><a href=\"https:\/\/the-rsgroup.com\/pl\/kyte-powertech\/\">Dowiedz si\u0119 wi\u0119cej<\/a>[\/vc_column_text][\/vc_column_inner][\/vc_row_inner][\/vc_column][\/vc_row][vc_row apcore_row_stretch_opt=&#8221;stretch_row_and_content&#8221; full_width=&#8221;stretch_row_content_no_spaces&#8221; content_placement=&#8221;middle&#8221; apress_column_reverse=&#8221;yes&#8221; css=&#8221;.vc_custom_1755445169057{padding-top: 0px !important;padding-bottom: 0px !important;background-color: #FFFFFF !important;}&#8221; el_class=&#8221;full-width-image-section col_order&#8221;][vc_column width=&#8221;1\/2&#8243; el_class=&#8221;col_content&#8221;][vc_row_inner css=&#8221;.vc_custom_1755445612450{padding-top: 60px !important;padding-right: 60px !important;padding-bottom: 60px !important;padding-left: 60px !important;}&#8221; el_class=&#8221;left-right-content&#8221;][vc_column_inner][vc_column_text css=&#8221;&#8221;]<\/p>\n<h3>ZREW (Polska)<\/h3>\n<p><em>Profil: transformatory mocy do 160 MVA<\/em><br \/>\nZREW projektuje na zam\u00f3wienie transformatory mocy dla sieci przesy\u0142owych i rozdzielczych, wytwarzania energii (OZE, transformatory blokowe GSU) oraz przemys\u0142u \u2013 z uk\u0142adami ch\u0142odzenia ONAN\/ONAF\/OFAF\/ODAF, specjalnymi systemami izolacji i optymalizacj\u0105 akustyczn\u0105.<br \/>\n<strong>Mocne strony:<\/strong> in\u017cynieria projektowa wg IEC\/IEEE i wymaga\u0144 klienta, wysoka niezawodno\u015b\u0107, monitoring cyklu \u017cycia (np. analiza gaz\u00f3w rozpuszczonych DGA \/ condition monitoring); idealne rozwi\u0105zanie dla elektrowni, elektrociep\u0142owni, projekt\u00f3w PV, farm wiatrowych i sieci dystrybucyjnych.<\/p>\n<p><a href=\"https:\/\/the-rsgroup.com\/pl\/rs-zrew\/\">Dowiedz si\u0119 wi\u0119cej<\/a>[\/vc_column_text][\/vc_column_inner][\/vc_row_inner][\/vc_column][vc_column width=&#8221;1\/2&#8243; css=&#8221;.vc_custom_1747995252391{padding-top: 0px !important;padding-bottom: 0px !important;}&#8221; el_class=&#8221;img_col&#8221;][vc_single_image image=&#8221;26940&#8243; img_size=&#8221;full&#8221; css=&#8221;&#8221;][\/vc_column][\/vc_row]<\/p>\n<\/div>","protected":false},"excerpt":{"rendered":"<p>[vc_section full_width=&#8221;stretch_row&#8221; content_placement=&#8221;middle&#8221; min_height=&#8221;480&#8243; css=&#8221;.vc_custom_1763431766402{background-image: url(https:\/\/the-rsgroup.com\/wp-content\/uploads\/2025\/11\/Header_Brands.jpg?id=26911) !important;background-position: center !important;background-repeat: no-repeat !important;background-size: cover !important;}&#8221; el_class=&#8221;inner-page-banner-section&#8221;][vc_row][vc_column][apress_heading sub_title=&#8221;lokalna si\u0142a, globalna jako\u015b\u0107 \u2013 We guarantee energy&#8221; content_alignment=&#8221;left&#8221; data_animation=&#8221;fadeInRight&#8221; enable_delimiter=&#8221;&#8221; style=&#8221;heading_style1&#8243; title_font_options=&#8221;tag:h1&#8243; subtitle_font_options=&#8221;tag:div&#8221;]Marki Grupy R&amp;S[\/apress_heading][\/vc_column][\/vc_row][\/vc_section][vc_row full_width=&#8221;stretch_row&#8221; content_placement=&#8221;middle&#8221; css=&#8221;.vc_custom_1763526300660{padding-top: 20px !important;padding-bottom: 40px !important;background-color: #FFFFFF !important;background-position: center&hellip;<\/p>\n","protected":false},"author":14,"featured_media":0,"parent":0,"menu_order":0,"comment_status":"closed","ping_status":"closed","template":"template-fullwidth-page.php","meta":{"_acf_changed":false,"_monsterinsights_skip_tracking":false,"_monsterinsights_sitenote_active":false,"_monsterinsights_sitenote_note":"","_monsterinsights_sitenote_category":0,"footnotes":""},"class_list":["post-26972","page","type-page","status-publish","hentry"],"acf":[],"_links":{"self":[{"href":"https:\/\/the-rsgroup.com\/pl\/wp-json\/wp\/v2\/pages\/26972","targetHints":{"allow":["GET"]}}],"collection":[{"href":"https:\/\/the-rsgroup.com\/pl\/wp-json\/wp\/v2\/pages"}],"about":[{"href":"https:\/\/the-rsgroup.com\/pl\/wp-json\/wp\/v2\/types\/page"}],"author":[{"embeddable":true,"href":"https:\/\/the-rsgroup.com\/pl\/wp-json\/wp\/v2\/users\/14"}],"replies":[{"embeddable":true,"href":"https:\/\/the-rsgroup.com\/pl\/wp-json\/wp\/v2\/comments?post=26972"}],"version-history":[{"count":8,"href":"https:\/\/the-rsgroup.com\/pl\/wp-json\/wp\/v2\/pages\/26972\/revisions"}],"predecessor-version":[{"id":31882,"href":"https:\/\/the-rsgroup.com\/pl\/wp-json\/wp\/v2\/pages\/26972\/revisions\/31882"}],"wp:attachment":[{"href":"https:\/\/the-rsgroup.com\/pl\/wp-json\/wp\/v2\/media?parent=26972"}],"curies":[{"name":"wp","href":"https:\/\/api.w.org\/{rel}","templated":true}]}}