{"id":29507,"date":"2025-11-27T02:28:50","date_gmt":"2025-11-27T02:28:50","guid":{"rendered":"https:\/\/the-rsgroup.com\/?page_id=29507"},"modified":"2025-11-28T11:06:28","modified_gmt":"2025-11-28T11:06:28","slug":"compliance","status":"publish","type":"page","link":"https:\/\/the-rsgroup.com\/pl\/compliance\/","title":{"rendered":"compliance"},"content":{"rendered":"<div class=\"wpb-content-wrapper\"><p>[vc_section full_width=&#8221;stretch_row&#8221; content_placement=&#8221;middle&#8221; min_height=&#8221;480&#8243; css=&#8221;.vc_custom_1764209699613{background-image: url(https:\/\/the-rsgroup.com\/wp-content\/uploads\/2025\/11\/Compliance_background_mont.jpg?id=29448) !important;background-position: center !important;background-repeat: no-repeat !important;background-size: cover !important;}&#8221; el_class=&#8221;inner-page-banner-section&#8221;][vc_row][vc_column][apress_heading sub_title=&#8221;Odpowiedzialno\u015b\u0107 jako zasada&#8221; content_alignment=&#8221;left&#8221; data_animation=&#8221;fadeInRight&#8221; enable_delimiter=&#8221;&#8221; style=&#8221;heading_style1&#8243; title_font_options=&#8221;tag:h1&#8243; subtitle_font_options=&#8221;tag:div&#8221;]Compliance w R&amp;S Group[\/apress_heading][\/vc_column][\/vc_row][\/vc_section][vc_row full_width=&#8221;stretch_row&#8221; content_placement=&#8221;middle&#8221; css=&#8221;.vc_custom_1763526145060{padding-top: 20px !important;padding-bottom: 40px !important;background-color: #FFFFFF !important;background-position: center !important;background-repeat: no-repeat !important;background-size: cover !important;}&#8221; min_height=&#8221;480&#8243; el_class=&#8221;page-title-section mx-0&#8243; el_id=&#8221;indus_row2&#8243; responsive_css=&#8221;padding_top_smartphones:0px|padding_top_small:0px&#8221;][vc_column apress_zindex=&#8221;9&#8243; el_class=&#8221;custom_sidebar high_zIndex&#8221;][apress_heading sub_title=&#8221;&#8221; content_alignment=&#8221;left&#8221; enable_delimiter=&#8221;&#8221; color_scheme=&#8221;design_your_own&#8221; main_heading_color=&#8221;#6980B4&#8243; style=&#8221;heading_style1&#8243; title_font_options=&#8221;tag:h2|font_size:46|line_height:50|letter_spacing:1&#8243; subtitle_font_options=&#8221;tag:div|color:%23ffffff&#8221; heading_margin=&#8221;margin-top:10|margin-bottom:30&#8243; class=&#8221;heading-custom&#8221;]Dla nas compliance oznacza wi\u0119cej ni\u017c samo przestrzeganie przepis\u00f3w \u2013 oznacza kultur\u0119 organizacyjn\u0105, w kt\u00f3rej warto\u015bci, integrno\u015b\u0107 i odpowiedzialne dzia\u0142anie wyznaczaj\u0105 ramy ka\u017cdej decyzji i ka\u017cdej wsp\u00f3\u0142pracy.[\/apress_heading][vc_column_text css=&#8221;&#8221;]Kultura uczciwo\u015bci jest warunkiem koniecznym dla prowadzenia dzia\u0142alno\u015bci na najwy\u017cszym poziomie. W Grupie R&amp;S zobowi\u0105zujemy si\u0119 do przestrzegania najwy\u017cszych standard\u00f3w nie tylko w zakresie produkt\u00f3w, kt\u00f3re opracowujemy i tworzymy dla naszych klient\u00f3w, ale tak\u017ce w zakresie wsp\u00f3\u0142pracy wewn\u0119trznej i z zewn\u0119trznymi interesariuszami.\u00a0<strong>Wi\u0119cej informacji na ten temat mo\u017cna znale\u017a\u0107 w naszym Kodeksie post\u0119powania.<\/strong>[\/vc_column_text][vc_single_image image=&#8221;29464&#8243; img_size=&#8221;medium&#8221; alignment=&#8221;center&#8221; onclick=&#8221;custom_link&#8221; img_link_target=&#8221;_blank&#8221; css=&#8221;&#8221; link=&#8221;https:\/\/the-rsgroup.com\/wp-content\/uploads\/2025\/11\/20250613-Code-of-Conduct_RS-Group_PL_final_signed.pdf&#8221;][vc_column_text css=&#8221;&#8221;]<\/p>\n<h3><strong>Zg\u0142aszanie nieprawid\u0142owo\u015bci \u2013 poufnie i odpowiedzialnie<\/strong><\/h3>\n<p>Pracownicy oraz zewn\u0119trzni interesariusze mog\u0105 r\u00f3wnie\u017c zg\u0142asza\u0107 nieprawid\u0142owo\u015bci poprzez Speak Up Line \u2013 bezpieczny kana\u0142 online, umo\u017cliwiaj\u0105cy tak\u017ce zg\u0142oszenia anonimowe. Speak Up Line funkcjonuje we wszystkich czterech j\u0119zykach u\u017cywanych w firmie.<\/p>\n<p><a href=\"https:\/\/app.sygnanet.pl\/the-rsgroup\/pl\" target=\"_blank\" rel=\"noopener\">https:\/\/app.sygnanet.pl\/the-rsgroup\/pl<\/a><\/p>\n<p>Wszystkie zg\u0142oszenia s\u0105 przetwarzane przez dzia\u0142 Prawny i Zgodno\u015bci Grupy R&amp;S i traktowane z zachowaniem najwy\u017cszej poufno\u015bci. Pracownicy dokonuj\u0105cy takich zg\u0142osze\u0144 s\u0105 obj\u0119ci szczeg\u00f3ln\u0105 ochron\u0105 wynikaj\u0105c\u0105 z obowi\u0105zuj\u0105cych lokalnych przepis\u00f3w prawa.<\/p>\n<p><strong>Kontakt:<\/strong><\/p>\n<p>Beda Br\u00fclhart<br \/>\nGroup General Counsel &amp; Compliance Officer<\/p>\n<p>R&amp;S Group Holding AG<br \/>\nc\/o R&amp;S International Holding AG<br \/>\nReuslistrasse 32<br \/>\nCH-4450 Sissach<br \/>\nSzwajcaria<\/p>\n<p><a href=\"beda.bruelhart@the-rsgroup.com\">beda.bruelhart(at)the-rsgroup.com<\/a>[\/vc_column_text][\/vc_column][\/vc_row]<\/p>\n<\/div>","protected":false},"excerpt":{"rendered":"<p>[vc_section full_width=&#8221;stretch_row&#8221; content_placement=&#8221;middle&#8221; min_height=&#8221;480&#8243; css=&#8221;.vc_custom_1764209699613{background-image: url(https:\/\/the-rsgroup.com\/wp-content\/uploads\/2025\/11\/Compliance_background_mont.jpg?id=29448) !important;background-position: center !important;background-repeat: no-repeat !important;background-size: cover !important;}&#8221; el_class=&#8221;inner-page-banner-section&#8221;][vc_row][vc_column][apress_heading sub_title=&#8221;Odpowiedzialno\u015b\u0107 jako zasada&#8221; content_alignment=&#8221;left&#8221; data_animation=&#8221;fadeInRight&#8221; enable_delimiter=&#8221;&#8221; style=&#8221;heading_style1&#8243; title_font_options=&#8221;tag:h1&#8243; subtitle_font_options=&#8221;tag:div&#8221;]Compliance w R&amp;S Group[\/apress_heading][\/vc_column][\/vc_row][\/vc_section][vc_row full_width=&#8221;stretch_row&#8221; content_placement=&#8221;middle&#8221; css=&#8221;.vc_custom_1763526145060{padding-top: 20px !important;padding-bottom: 40px !important;background-color: #FFFFFF !important;background-position: center !important;background-repeat: no-repeat !important;background-size: cover&hellip;<\/p>\n","protected":false},"author":14,"featured_media":0,"parent":0,"menu_order":0,"comment_status":"closed","ping_status":"closed","template":"template-fullwidth-page.php","meta":{"_acf_changed":false,"_monsterinsights_skip_tracking":false,"_monsterinsights_sitenote_active":false,"_monsterinsights_sitenote_note":"","_monsterinsights_sitenote_category":0,"footnotes":""},"class_list":["post-29507","page","type-page","status-publish","hentry"],"acf":[],"_links":{"self":[{"href":"https:\/\/the-rsgroup.com\/pl\/wp-json\/wp\/v2\/pages\/29507","targetHints":{"allow":["GET"]}}],"collection":[{"href":"https:\/\/the-rsgroup.com\/pl\/wp-json\/wp\/v2\/pages"}],"about":[{"href":"https:\/\/the-rsgroup.com\/pl\/wp-json\/wp\/v2\/types\/page"}],"author":[{"embeddable":true,"href":"https:\/\/the-rsgroup.com\/pl\/wp-json\/wp\/v2\/users\/14"}],"replies":[{"embeddable":true,"href":"https:\/\/the-rsgroup.com\/pl\/wp-json\/wp\/v2\/comments?post=29507"}],"version-history":[{"count":9,"href":"https:\/\/the-rsgroup.com\/pl\/wp-json\/wp\/v2\/pages\/29507\/revisions"}],"predecessor-version":[{"id":29539,"href":"https:\/\/the-rsgroup.com\/pl\/wp-json\/wp\/v2\/pages\/29507\/revisions\/29539"}],"wp:attachment":[{"href":"https:\/\/the-rsgroup.com\/pl\/wp-json\/wp\/v2\/media?parent=29507"}],"curies":[{"name":"wp","href":"https:\/\/api.w.org\/{rel}","templated":true}]}}