{"id":31182,"date":"2025-12-12T11:03:23","date_gmt":"2025-12-12T11:03:23","guid":{"rendered":"https:\/\/the-rsgroup.com\/?page_id=31182"},"modified":"2025-12-20T01:25:23","modified_gmt":"2025-12-20T01:25:23","slug":"tesar-gulf","status":"publish","type":"page","link":"https:\/\/the-rsgroup.com\/pl\/tesar\/tesar-gulf\/","title":{"rendered":"Tesar Gulf"},"content":{"rendered":"<div class=\"wpb-content-wrapper\"><p>[vc_section full_width=&#8221;stretch_row&#8221; content_placement=&#8221;middle&#8221; min_height=&#8221;480&#8243; css=&#8221;.vc_custom_1766193909035{background-image: url(https:\/\/the-rsgroup.com\/wp-content\/uploads\/2025\/12\/Tesar_Gulf_Header.webp?id=31657) !important;background-position: center !important;background-repeat: no-repeat !important;background-size: cover !important;}&#8221; el_class=&#8221;inner-page-banner-section&#8221;][vc_row][vc_column][apress_heading sub_title=&#8221;Suche transformatory \u017cywiczne dla regionu Zatoki Perskiej&#8221; content_alignment=&#8221;left&#8221; data_animation=&#8221;fadeInRight&#8221; enable_delimiter=&#8221;&#8221; style=&#8221;heading_style1&#8243; title_font_options=&#8221;tag:h1&#8243; subtitle_font_options=&#8221;tag:div&#8221;]Tesar Gulf[\/apress_heading][\/vc_column][\/vc_row][\/vc_section][vc_row css=&#8221;.vc_custom_1754110673091{padding-top: 80px !important;padding-bottom: 80px !important;}&#8221;][vc_column apress_zindex=&#8221;9&#8243; el_class=&#8221;custom_sidebar high_zIndex&#8221;][apress_heading sub_title=&#8221;&#8221; content_alignment=&#8221;left&#8221; enable_delimiter=&#8221;&#8221; color_scheme=&#8221;color_scheme2&#8243; style=&#8221;heading_style1&#8243; title_font_options=&#8221;tag:h2|letter_spacing:1&#8243; subtitle_font_options=&#8221;tag:div&#8221; heading_margin=&#8221;margin-bottom:30&#8243; class=&#8221;heading-custom&#8221;]<strong>Tesar Gulf \u2013 Lokalna produkcja dla wymagaj\u0105cych stref klimatycznych<\/strong>[\/apress_heading][vc_column_text css=&#8221;.vc_custom_1766193578749{margin-bottom: 0px !important;}&#8221;]Tesar Gulf, z zak\u0142adem produkcyjnym w Al Ain (Zjednoczone Emiraty Arabskie), od 2012 roku opracowuje i produkuje transformatory \u017cywiczne (transformatory suche) do zastosowa\u0144 w \u015brednim napi\u0119ciu w regionie Zatoki oraz w szerszym regionie Bliskiego Wschodu. Jako cz\u0119\u015b\u0107 grupy Tesar, Tesar Gulf \u0142\u0105czy europejsk\u0105 wiedz\u0119 in\u017cyniersk\u0105 z lokaln\u0105 produkcj\u0105 \u2013 konstrukcyjnie dostosowan\u0105 do wysokich temperatur otoczenia, klimatu pustynnego, blisko\u015bci morza i \u015brodowisk korozyjnych.<\/p>\n<p>Obecno\u015b\u0107 lokalna wzmacnia blisko\u015b\u0107 z klientami oraz jako\u015b\u0107 serwisu w ZEA i w ca\u0142ym regionie Bliskiego Wschodu. Zak\u0142ad w Al Ain zosta\u0142 zaprojektowany tak, aby wspiera\u0107 projekty infrastrukturalne, przedsi\u0119biorstwa energetyczne oraz odbiorc\u00f3w przemys\u0142owych w krajach GCC i na rynkach s\u0105siednich, dostarczaj\u0105c zgodne z normami rozwi\u0105zania transformatorowe przy kr\u00f3tkich \u0142a\u0144cuchach dostaw.<\/p>\n<p>Od 2016 roku Tesar nale\u017cy do mi\u0119dzynarodowej Grupy R&amp;S, wiod\u0105cego dostawcy produkt\u00f3w infrastruktury elektrycznej na kluczowych rynkach \u015bwiatowych. Baza klient\u00f3w obejmuje wytw\u00f3rc\u00f3w energii odnawialnej (farmy wiatrowe i fotowoltaiczne), regionalnych i ponadregionalnych operator\u00f3w sieci przesy\u0142owych i dystrybucyjnych oraz klient\u00f3w z wielu sektor\u00f3w przemys\u0142u i infrastruktury \u2013 w tym projektant\u00f3w i operator\u00f3w centr\u00f3w danych, system\u00f3w zasilania trakcyjnego, zak\u0142ad\u00f3w chemicznych i produkcyjnych, du\u017cych szpitali, port\u00f3w lotniczych, system\u00f3w metra i tramwaj\u00f3w, a tak\u017ce infrastruktury \u0142adowania dla elektromobilno\u015bci i wielu innych.[\/vc_column_text][\/vc_column][\/vc_row][vc_row css=&#8221;.vc_custom_1764930440890{padding-top: 80px !important;padding-bottom: 80px !important;background-color: #E6E7E9 !important;}&#8221;][vc_column][vc_row_inner el_class=&#8221;location-expertise-section brand-page&#8221;][vc_column_inner][apress_heading sub_title=&#8221;&#8221; content_alignment=&#8221;left&#8221; enable_delimiter=&#8221;&#8221; color_scheme=&#8221;color_scheme2&#8243; style=&#8221;heading_style5&#8243; title_font_options=&#8221;tag:h2|letter_spacing:0&#8243; subtitle_font_options=&#8221;tag:div|letter_spacing:3&#8243;]Portfel dostaw Tesar Gulf[\/apress_heading][vc_column_text css=&#8221;&#8221;]<\/p>\n<ul>\n<li>Transformatory \u017cywiczne (suche) do 3 150 kVA i 33 kV dla sieci \u015bredniego napi\u0119cia, centr\u00f3w danych oraz innych projekt\u00f3w przemys\u0142owych i infrastrukturalnych<\/li>\n<\/ul>\n<p>[\/vc_column_text][\/vc_column_inner][\/vc_row_inner][vc_row_inner el_class=&#8221;location-expertise-section brand-page&#8221;][vc_column_inner][apress_heading sub_title=&#8221;&#8221; content_alignment=&#8221;left&#8221; enable_delimiter=&#8221;&#8221; color_scheme=&#8221;color_scheme2&#8243; style=&#8221;heading_style5&#8243; title_font_options=&#8221;tag:h2|letter_spacing:0&#8243; subtitle_font_options=&#8221;tag:div|letter_spacing:3&#8243;]Serwis i wsparcie \u2013 Rozwi\u0105zania z jednego \u017ar\u00f3d\u0142a[\/apress_heading][vc_column_text css=&#8221;&#8221;]Tesar Gulf oferuje wsparcie techniczne oraz projektowe w zakresie suchych transformator\u00f3w \u017cywicznych, a tak\u017ce przek\u0142adnik\u00f3w pr\u0105dowych i napi\u0119ciowych dla regionu Zatoki. Zespo\u0142y in\u017cynierskie i serwisowe towarzysz\u0105 projektom od etapu doboru parametr\u00f3w i specyfikacji, poprzez pomoc w spe\u0142nieniu regionalnych norm i wymaga\u0144 sieciowych, a\u017c do uruchomienia. Dodatkowo dost\u0119pne s\u0105 us\u0142ugi diagnostyczne, modernizacyjne i serwisowe w ca\u0142ym cyklu \u017cycia zainstalowanych transformator\u00f3w \u2013 dopasowane do potrzeb dostawc\u00f3w energii, przemys\u0142u, operator\u00f3w infrastruktury oraz partner\u00f3w EPC w krajach GCC i na rynkach s\u0105siednich.[\/vc_column_text][\/vc_column_inner][\/vc_row_inner][\/vc_column][\/vc_row][vc_row full_width=&#8221;stretch_row_content&#8221; content_placement=&#8221;middle&#8221; bg_type=&#8221;image&#8221; parallax_style=&#8221;vcpb-default&#8221; bg_image_new=&#8221;id^31482|url^https:\/\/the-rsgroup.com\/wp-content\/uploads\/2025\/12\/Frederico_Bianchini_2048_680.jpg|caption^null|alt^null|title^Frederico_Bianchini_2048_680|description^null&#8221; bg_image_repeat=&#8221;no-repeat&#8221; bg_override=&#8221;full&#8221; css=&#8221;.vc_custom_1765801828759{padding-top: 50px !important;padding-bottom: 100px !important;background-position: center !important;background-repeat: no-repeat !important;background-size: cover !important;}&#8221; el_class=&#8221;full-width-content-section testimonial&#8221; el_id=&#8221;row3&#8243;][vc_column][vc_row_inner][vc_column_inner][vc_single_image image=&#8221;31475&#8243; img_size=&#8221;full&#8221; css=&#8221;&#8221; el_class=&#8221;test-desktop-hide&#8221;][vc_column_text css=&#8221;&#8221; el_class=&#8221;full-width-content full-width-content-left tesar&#8221;]<\/p>\n<h5>Ka\u017cdy odlew to obietnica jako\u015bci<\/h5>\n<p><em>\u201e<i>Podczas odlewania naszych uzwoje\u0144 liczy si\u0119 ka\u017cda sekunda \u2013 nasze do\u015bwiadczenie decyduje o bezpiecze\u0144stwie i trwa\u0142o\u015bci\u201c<\/i><\/em><\/p>\n<h6>Wo\u0142odymyr Zajcew, Ekspert ds. Bada\u0144 i Rozwoju, Tesar Italia<\/h6>\n<p>[\/vc_column_text][\/vc_column_inner][\/vc_row_inner][\/vc_column][\/vc_row]<\/p>\n<\/div>","protected":false},"excerpt":{"rendered":"<p>[vc_section full_width=&#8221;stretch_row&#8221; content_placement=&#8221;middle&#8221; min_height=&#8221;480&#8243; css=&#8221;.vc_custom_1766193909035{background-image: url(https:\/\/the-rsgroup.com\/wp-content\/uploads\/2025\/12\/Tesar_Gulf_Header.webp?id=31657) !important;background-position: center !important;background-repeat: no-repeat !important;background-size: cover !important;}&#8221; el_class=&#8221;inner-page-banner-section&#8221;][vc_row][vc_column][apress_heading sub_title=&#8221;Suche transformatory \u017cywiczne dla regionu Zatoki Perskiej&#8221; content_alignment=&#8221;left&#8221; data_animation=&#8221;fadeInRight&#8221; enable_delimiter=&#8221;&#8221; style=&#8221;heading_style1&#8243; title_font_options=&#8221;tag:h1&#8243; subtitle_font_options=&#8221;tag:div&#8221;]Tesar Gulf[\/apress_heading][\/vc_column][\/vc_row][\/vc_section][vc_row css=&#8221;.vc_custom_1754110673091{padding-top: 80px !important;padding-bottom: 80px !important;}&#8221;][vc_column apress_zindex=&#8221;9&#8243; el_class=&#8221;custom_sidebar high_zIndex&#8221;][apress_heading sub_title=&#8221;&#8221; content_alignment=&#8221;left&#8221; enable_delimiter=&#8221;&#8221; color_scheme=&#8221;color_scheme2&#8243;&hellip;<\/p>\n","protected":false},"author":14,"featured_media":0,"parent":8377,"menu_order":0,"comment_status":"closed","ping_status":"closed","template":"template-fullwidth-page.php","meta":{"_acf_changed":false,"_monsterinsights_skip_tracking":false,"_monsterinsights_sitenote_active":false,"_monsterinsights_sitenote_note":"","_monsterinsights_sitenote_category":0,"footnotes":""},"class_list":["post-31182","page","type-page","status-publish","hentry"],"acf":[],"_links":{"self":[{"href":"https:\/\/the-rsgroup.com\/pl\/wp-json\/wp\/v2\/pages\/31182","targetHints":{"allow":["GET"]}}],"collection":[{"href":"https:\/\/the-rsgroup.com\/pl\/wp-json\/wp\/v2\/pages"}],"about":[{"href":"https:\/\/the-rsgroup.com\/pl\/wp-json\/wp\/v2\/types\/page"}],"author":[{"embeddable":true,"href":"https:\/\/the-rsgroup.com\/pl\/wp-json\/wp\/v2\/users\/14"}],"replies":[{"embeddable":true,"href":"https:\/\/the-rsgroup.com\/pl\/wp-json\/wp\/v2\/comments?post=31182"}],"version-history":[{"count":7,"href":"https:\/\/the-rsgroup.com\/pl\/wp-json\/wp\/v2\/pages\/31182\/revisions"}],"predecessor-version":[{"id":31663,"href":"https:\/\/the-rsgroup.com\/pl\/wp-json\/wp\/v2\/pages\/31182\/revisions\/31663"}],"up":[{"embeddable":true,"href":"https:\/\/the-rsgroup.com\/pl\/wp-json\/wp\/v2\/pages\/8377"}],"wp:attachment":[{"href":"https:\/\/the-rsgroup.com\/pl\/wp-json\/wp\/v2\/media?parent=31182"}],"curies":[{"name":"wp","href":"https:\/\/api.w.org\/{rel}","templated":true}]}}