{"id":31200,"date":"2025-12-12T10:20:58","date_gmt":"2025-12-12T10:20:58","guid":{"rendered":"https:\/\/the-rsgroup.com\/tesar\/tesar-polska\/"},"modified":"2025-12-20T01:28:03","modified_gmt":"2025-12-20T01:28:03","slug":"tesar-polska","status":"publish","type":"page","link":"https:\/\/the-rsgroup.com\/pl\/tesar\/tesar-polska\/","title":{"rendered":"Tesar Polska"},"content":{"rendered":"<div class=\"wpb-content-wrapper\"><p>[vc_section full_width=&#8221;stretch_row&#8221; content_placement=&#8221;middle&#8221; min_height=&#8221;480&#8243; css=&#8221;.vc_custom_1766194072421{background-image: url(https:\/\/the-rsgroup.com\/wp-content\/uploads\/2025\/12\/Tesar_Polska_header.webp?id=31669) !important;background-position: center !important;background-repeat: no-repeat !important;background-size: cover !important;}&#8221; el_class=&#8221;inner-page-banner-section&#8221;][vc_row][vc_column][apress_heading sub_title=&#8221;Centrum kompetencji w zakresie transformator\u00f3w \u017cywicznych&#8221; content_alignment=&#8221;left&#8221; data_animation=&#8221;fadeInRight&#8221; enable_delimiter=&#8221;&#8221; style=&#8221;heading_style1&#8243; title_font_options=&#8221;tag:h1&#8243; subtitle_font_options=&#8221;tag:div&#8221;]Tesar Polska[\/apress_heading][\/vc_column][\/vc_row][\/vc_section][vc_row css=&#8221;.vc_custom_1754110673091{padding-top: 80px !important;padding-bottom: 80px !important;}&#8221;][vc_column apress_zindex=&#8221;9&#8243; el_class=&#8221;custom_sidebar high_zIndex&#8221;][apress_heading sub_title=&#8221;&#8221; content_alignment=&#8221;left&#8221; enable_delimiter=&#8221;&#8221; color_scheme=&#8221;color_scheme2&#8243; style=&#8221;heading_style1&#8243; title_font_options=&#8221;tag:h2|letter_spacing:1&#8243; subtitle_font_options=&#8221;tag:div&#8221; heading_margin=&#8221;margin-bottom:30&#8243; class=&#8221;heading-custom&#8221;]Transformatory suche \u017cywiczne dla odbiorc\u00f3w europejskich[\/apress_heading][vc_column_text css=&#8221;.vc_custom_1766193585828{margin-bottom: 0px !important;}&#8221;]Tesar Polska z siedzib\u0105 w Niepo\u0142omicach, w przemys\u0142owym regionie Krakowa, od 2013 roku projektuje i produkuje suche transformatory \u017cywiczne oraz przek\u0142adniki pr\u0105dowe i napi\u0119ciowe do zastosowa\u0144 w \u015brednim napi\u0119ciu. Jako zak\u0142ad produkcyjny Grupy Tesar, Tesar Polska uzupe\u0142nia w\u0142osk\u0105 macierzyst\u0105 fabryk\u0119 o nowoczesn\u0105 baz\u0119 wytw\u00f3rcz\u0105 w Europie \u015arodkowej \u2013 dzi\u0119ki centralnemu po\u0142o\u017ceniu fabryka zapewnia optymalne zaopatrzenie rynk\u00f3w w Europie P\u00f3\u0142nocnej, Wschodniej oraz rynku niemieckiego. Tesar Polska jest cz\u0119\u015bci\u0105 marki Tesar, kt\u00f3ra jako jedno z pionierskich europejskich przedsi\u0119biorstw specjalizuje si\u0119 w technologii \u017cywicznej ju\u017c od 1979 roku.<\/p>\n<p>Od 2016 roku firma nale\u017cy do mi\u0119dzynarodowej Grupy R&amp;S, wiod\u0105cego dostawcy produkt\u00f3w infrastruktury elektrycznej na kluczowych rynkach na ca\u0142ym \u015bwiecie. Baza klient\u00f3w obejmuje wytw\u00f3rc\u00f3w energii odnawialnej (farmy wiatrowe i s\u0142oneczne), regionalnych i ponadregionalnych operator\u00f3w system\u00f3w przesy\u0142owych i dystrybucyjnych, a tak\u017ce klient\u00f3w z r\u00f3\u017cnych sektor\u00f3w przemys\u0142owych i infrastrukturalnych \u2013 w tym projektant\u00f3w i operator\u00f3w centr\u00f3w danych, zasilania trakcyjnego, zak\u0142ad\u00f3w chemicznych i produkcyjnych, du\u017cych szpitali, lotnisk, system\u00f3w metra i tramwaj\u00f3w oraz infrastruktury \u0142adowania dla elektromobilno\u015bci i wielu innych.[\/vc_column_text][\/vc_column][\/vc_row][vc_row css=&#8221;.vc_custom_1764930440890{padding-top: 80px !important;padding-bottom: 80px !important;background-color: #E6E7E9 !important;}&#8221;][vc_column][vc_row_inner el_class=&#8221;location-expertise-section brand-page&#8221;][vc_column_inner][apress_heading sub_title=&#8221;&#8221; content_alignment=&#8221;left&#8221; enable_delimiter=&#8221;&#8221; color_scheme=&#8221;color_scheme2&#8243; style=&#8221;heading_style5&#8243; title_font_options=&#8221;tag:h2|letter_spacing:0&#8243; subtitle_font_options=&#8221;tag:div|letter_spacing:3&#8243;]Zakres oferty Tesar Polska:[\/apress_heading][vc_column_text css=&#8221;&#8221;]<\/p>\n<ul>\n<li>Suche transformatory \u017cywiczne do zastosowa\u0144 w \u015brednim napi\u0119ciu do 3 150 kVA i 24 kV, w wykonaniach dla sieci dystrybucyjnych, przemys\u0142u, infrastruktury i \u017ar\u00f3de\u0142 odnawialnych<\/li>\n<li>Rozwi\u0105zania przeznaczone specjalnie do centr\u00f3w danych i innych wra\u017cliwych zastosowa\u0144 w budynkach<\/li>\n<li>Przek\u0142adniki pr\u0105dowe i napi\u0119ciowe do zastosowa\u0144 w \u015brednim napi\u0119ciu<\/li>\n<li><\/li>\n<\/ul>\n<p>[\/vc_column_text][\/vc_column_inner][\/vc_row_inner][vc_row_inner el_class=&#8221;location-expertise-section brand-page&#8221;][vc_column_inner][apress_heading sub_title=&#8221;&#8221; content_alignment=&#8221;left&#8221; enable_delimiter=&#8221;&#8221; color_scheme=&#8221;color_scheme2&#8243; style=&#8221;heading_style5&#8243; title_font_options=&#8221;tag:h2|letter_spacing:0&#8243; subtitle_font_options=&#8221;tag:div|letter_spacing:3&#8243;]Serwis i wsparcie \u2013 Rozwi\u0105zania z jednego \u017ar\u00f3d\u0142a[\/apress_heading][vc_column_text css=&#8221;&#8221;]Tesar Polska oferuje wsparcie techniczne oraz pomoc projektow\u0105 w zakresie transformator\u00f3w \u017cywicznych oraz przek\u0142adnik\u00f3w pr\u0105dowych i napi\u0119ciowych. Projekty wspierane s\u0105 od etapu doboru parametr\u00f3w i specyfikacji, poprzez pomoc w zakresie norm, wymaga\u0144 sieciowych i instalacyjnych, a\u017c do uruchomienia. Dodatkowo dost\u0119pne s\u0105 us\u0142ugi diagnostyczne, modernizacyjne i serwisowe przez ca\u0142y cykl \u017cycia zainstalowanych transformator\u00f3w i przek\u0142adnik\u00f3w \u2013 dostosowane do potrzeb operator\u00f3w system\u00f3w energetycznych, przemys\u0142u, operator\u00f3w infrastruktury oraz partner\u00f3w EPC w ca\u0142ej Europie.[\/vc_column_text][\/vc_column_inner][\/vc_row_inner][\/vc_column][\/vc_row][vc_row full_width=&#8221;stretch_row_content&#8221; content_placement=&#8221;middle&#8221; bg_type=&#8221;image&#8221; parallax_style=&#8221;vcpb-default&#8221; bg_image_new=&#8221;id^31482|url^https:\/\/the-rsgroup.com\/wp-content\/uploads\/2025\/12\/Frederico_Bianchini_2048_680.jpg|caption^null|alt^null|title^Frederico_Bianchini_2048_680|description^null&#8221; bg_image_repeat=&#8221;no-repeat&#8221; bg_override=&#8221;full&#8221; css=&#8221;.vc_custom_1765802541358{padding-top: 50px !important;padding-bottom: 100px !important;background-position: center !important;background-repeat: no-repeat !important;background-size: cover !important;}&#8221; el_class=&#8221;full-width-content-section testimonial&#8221; el_id=&#8221;row3&#8243;][vc_column][vc_row_inner][vc_column_inner][vc_single_image image=&#8221;31475&#8243; img_size=&#8221;full&#8221; css=&#8221;&#8221; el_class=&#8221;test-desktop-hide&#8221;][vc_column_text css=&#8221;&#8221; el_class=&#8221;full-width-content full-width-content-left tesar&#8221;]<\/p>\n<h5>Ka\u017cdy odlew to obietnica jako\u015bci<\/h5>\n<p><em>\u201e<i>Podczas odlewania naszych uzwoje\u0144 liczy si\u0119 ka\u017cda sekunda \u2013 nasze do\u015bwiadczenie decyduje o bezpiecze\u0144stwie i trwa\u0142o\u015bci\u201c<\/i><\/em><\/p>\n<h6>Wo\u0142odymyr Zajcew, Ekspert ds. Bada\u0144 i Rozwoju, Tesar Italia<\/h6>\n<p>[\/vc_column_text][\/vc_column_inner][\/vc_row_inner][\/vc_column][\/vc_row]<\/p>\n<\/div>","protected":false},"excerpt":{"rendered":"<p>[vc_section full_width=&#8221;stretch_row&#8221; content_placement=&#8221;middle&#8221; min_height=&#8221;480&#8243; css=&#8221;.vc_custom_1766194072421{background-image: url(https:\/\/the-rsgroup.com\/wp-content\/uploads\/2025\/12\/Tesar_Polska_header.webp?id=31669) !important;background-position: center !important;background-repeat: no-repeat !important;background-size: cover !important;}&#8221; el_class=&#8221;inner-page-banner-section&#8221;][vc_row][vc_column][apress_heading sub_title=&#8221;Centrum kompetencji w zakresie transformator\u00f3w \u017cywicznych&#8221; content_alignment=&#8221;left&#8221; data_animation=&#8221;fadeInRight&#8221; enable_delimiter=&#8221;&#8221; style=&#8221;heading_style1&#8243; title_font_options=&#8221;tag:h1&#8243; subtitle_font_options=&#8221;tag:div&#8221;]Tesar Polska[\/apress_heading][\/vc_column][\/vc_row][\/vc_section][vc_row css=&#8221;.vc_custom_1754110673091{padding-top: 80px !important;padding-bottom: 80px !important;}&#8221;][vc_column apress_zindex=&#8221;9&#8243; el_class=&#8221;custom_sidebar high_zIndex&#8221;][apress_heading sub_title=&#8221;&#8221; content_alignment=&#8221;left&#8221; enable_delimiter=&#8221;&#8221; color_scheme=&#8221;color_scheme2&#8243; style=&#8221;heading_style1&#8243;&hellip;<\/p>\n","protected":false},"author":14,"featured_media":0,"parent":8377,"menu_order":0,"comment_status":"closed","ping_status":"closed","template":"template-fullwidth-page.php","meta":{"_acf_changed":false,"_monsterinsights_skip_tracking":false,"_monsterinsights_sitenote_active":false,"_monsterinsights_sitenote_note":"","_monsterinsights_sitenote_category":0,"footnotes":""},"class_list":["post-31200","page","type-page","status-publish","hentry"],"acf":[],"_links":{"self":[{"href":"https:\/\/the-rsgroup.com\/pl\/wp-json\/wp\/v2\/pages\/31200","targetHints":{"allow":["GET"]}}],"collection":[{"href":"https:\/\/the-rsgroup.com\/pl\/wp-json\/wp\/v2\/pages"}],"about":[{"href":"https:\/\/the-rsgroup.com\/pl\/wp-json\/wp\/v2\/types\/page"}],"author":[{"embeddable":true,"href":"https:\/\/the-rsgroup.com\/pl\/wp-json\/wp\/v2\/users\/14"}],"replies":[{"embeddable":true,"href":"https:\/\/the-rsgroup.com\/pl\/wp-json\/wp\/v2\/comments?post=31200"}],"version-history":[{"count":7,"href":"https:\/\/the-rsgroup.com\/pl\/wp-json\/wp\/v2\/pages\/31200\/revisions"}],"predecessor-version":[{"id":31675,"href":"https:\/\/the-rsgroup.com\/pl\/wp-json\/wp\/v2\/pages\/31200\/revisions\/31675"}],"up":[{"embeddable":true,"href":"https:\/\/the-rsgroup.com\/pl\/wp-json\/wp\/v2\/pages\/8377"}],"wp:attachment":[{"href":"https:\/\/the-rsgroup.com\/pl\/wp-json\/wp\/v2\/media?parent=31200"}],"curies":[{"name":"wp","href":"https:\/\/api.w.org\/{rel}","templated":true}]}}