{"id":31219,"date":"2025-12-12T10:08:42","date_gmt":"2025-12-12T10:08:42","guid":{"rendered":"https:\/\/the-rsgroup.com\/tesar\/tesar-italia\/"},"modified":"2026-01-06T10:08:54","modified_gmt":"2026-01-06T10:08:54","slug":"tesar-italia","status":"publish","type":"page","link":"https:\/\/the-rsgroup.com\/pl\/tesar\/tesar-italia\/","title":{"rendered":"Tesar Italia"},"content":{"rendered":"<div class=\"wpb-content-wrapper\"><p>[vc_section full_width=&#8221;stretch_row&#8221; content_placement=&#8221;middle&#8221; min_height=&#8221;480&#8243; css=&#8221;.vc_custom_1767694128387{background-image: url(https:\/\/the-rsgroup.com\/wp-content\/uploads\/2025\/12\/Tesar_italia_header.webp?id=31680) !important;background-position: center !important;background-repeat: no-repeat !important;background-size: cover !important;}&#8221; el_class=&#8221;inner-page-banner-section center-bottom&#8221;][vc_row][vc_column][apress_heading sub_title=&#8221;Specjalista w zakresie suchych transformator\u00f3w \u017cywicznych&#8221; content_alignment=&#8221;left&#8221; data_animation=&#8221;fadeInRight&#8221; enable_delimiter=&#8221;&#8221; style=&#8221;heading_style1&#8243; title_font_options=&#8221;tag:h1&#8243; subtitle_font_options=&#8221;tag:div&#8221;]Tesar Italia[\/apress_heading][\/vc_column][\/vc_row][\/vc_section][vc_row css=&#8221;.vc_custom_1754110673091{padding-top: 80px !important;padding-bottom: 80px !important;}&#8221;][vc_column apress_zindex=&#8221;9&#8243; el_class=&#8221;custom_sidebar high_zIndex&#8221;][apress_heading sub_title=&#8221;&#8221; content_alignment=&#8221;left&#8221; enable_delimiter=&#8221;&#8221; color_scheme=&#8221;color_scheme2&#8243; style=&#8221;heading_style1&#8243; title_font_options=&#8221;tag:h2|letter_spacing:1&#8243; subtitle_font_options=&#8221;tag:div&#8221; heading_margin=&#8221;margin-bottom:30&#8243; class=&#8221;heading-custom&#8221;]Tesar Italia \u2013 pionier transformator\u00f3w \u017cywicznych od 1979 roku[\/apress_heading][vc_column_text css=&#8221;.vc_custom_1766193594447{margin-bottom: 0px !important;}&#8221;]Grupa Tesar, z siedzib\u0105 g\u0142\u00f3wn\u0105 w Subbiano we W\u0142oszech oraz zak\u0142adami produkcyjnymi w Polsce i Zjednoczonych Emiratach Arabskich, od ponad 40 lat rozwija i produkuje wysokiej jako\u015bci transformatory \u017cywiczne oraz przek\u0142adniki pr\u0105dowe i napi\u0119ciowe. Jako pierwsze w\u0142oskie przedsi\u0119biorstwo \u2013 i jeden z pionier\u00f3w w Europie \u2013 Tesar ju\u017c w 1979 roku z powodzeniem wprowadzi\u0142 technologi\u0119 suchych transformator\u00f3w izolowanych \u017cywic\u0105. Obecnie na ca\u0142ym \u015bwiecie zainstalowanych jest ponad 100 000 transformator\u00f3w Tesar. Tesar jest aktywnie reprezentowany w europejskich i mi\u0119dzynarodowych komitetach normalizacyjnych i \u015bci\u015ble wsp\u00f3\u0142pracuje z operatorami i dostawcami energii \u2013 od rozwi\u0105za\u0144 specjalnych dla miasta lagunowego Wenecja (transformatory przystosowane do zjawiska \u201eacqua alta\u201d) po du\u017ce projekty, takie jak stadiony Mistrzostw \u015awiata w pi\u0142ce no\u017cnej 2022 w Katarze.<\/p>\n<p>Certyfikowane systemy zarz\u0105dzania (ISO 9001, ISO 14001, ISO 45001) oraz nowoczesne zak\u0142ady produkcyjne i badawczo-pomiarowe zapewniaj\u0105 niezmiennie wysok\u0105 jako\u015b\u0107 produkt\u00f3w \u2013 \u201eItalian Engineering\u201d dla projekt\u00f3w na ca\u0142ym \u015bwiecie.<\/p>\n<p>Od 2016 roku firma nale\u017cy do mi\u0119dzynarodowej Grupy R&amp;S, wiod\u0105cego dostawcy produkt\u00f3w infrastruktury elektrycznej na kluczowych rynkach globalnych. Baza klient\u00f3w obejmuje wytw\u00f3rc\u00f3w energii odnawialnej (farmy wiatrowe i s\u0142oneczne), regionalnych i ponadregionalnych operator\u00f3w system\u00f3w przesy\u0142owych i dystrybucyjnych oraz klient\u00f3w z wielu sektor\u00f3w przemys\u0142owych i infrastrukturalnych \u2013 w tym projektant\u00f3w i operator\u00f3w centr\u00f3w danych, system\u00f3w zasilania trakcyjnego, zak\u0142ad\u00f3w chemicznych i produkcyjnych, du\u017cych szpitali, port\u00f3w lotniczych, system\u00f3w metra i tramwaj\u00f3w, a tak\u017ce infrastruktury \u0142adowania dla elektromobilno\u015bci i wielu innych.[\/vc_column_text][\/vc_column][\/vc_row][vc_row css=&#8221;.vc_custom_1764930440890{padding-top: 80px !important;padding-bottom: 80px !important;background-color: #E6E7E9 !important;}&#8221;][vc_column][vc_row_inner el_class=&#8221;location-expertise-section brand-page&#8221;][vc_column_inner][apress_heading sub_title=&#8221;&#8221; content_alignment=&#8221;left&#8221; enable_delimiter=&#8221;&#8221; color_scheme=&#8221;color_scheme2&#8243; style=&#8221;heading_style5&#8243; title_font_options=&#8221;tag:h2|letter_spacing:0&#8243; subtitle_font_options=&#8221;tag:div|letter_spacing:3&#8243;]Zakres oferty:[\/apress_heading][vc_column_text css=&#8221;&#8221;]<\/p>\n<ul>\n<li>Transformatory \u017cywiczne (transformatory suche) do 25 MVA i 52 kV<\/li>\n<li>Wykonania specjalne dla centr\u00f3w danych, port\u00f3w, kolejnictwa, tuneli, zastosowa\u0144 offshore, centr\u00f3w danych i infrastruktury krytycznej<\/li>\n<li>Rozwi\u0105zania dla energetyki odnawialnej (wiatr, energia s\u0142oneczna\/PV, BESS) oraz zastosowa\u0144 przemys\u0142owych<\/li>\n<li>Przek\u0142adniki pr\u0105dowe i napi\u0119ciowe do zastosowa\u0144 w \u015brednim napi\u0119ciu<\/li>\n<\/ul>\n<p>[\/vc_column_text][\/vc_column_inner][\/vc_row_inner][vc_row_inner el_class=&#8221;location-expertise-section brand-page&#8221;][vc_column_inner][apress_heading sub_title=&#8221;&#8221; content_alignment=&#8221;left&#8221; enable_delimiter=&#8221;&#8221; color_scheme=&#8221;color_scheme2&#8243; style=&#8221;heading_style5&#8243; title_font_options=&#8221;tag:h2|letter_spacing:0&#8243; subtitle_font_options=&#8221;tag:div|letter_spacing:3&#8243;]Serwis i wsparcie \u2013 Rozwi\u0105zania z jednego \u017ar\u00f3d\u0142a[\/apress_heading][vc_column_text css=&#8221;&#8221;]Tesar oferuje kompleksowy serwis i wsparcie techniczne w zakresie transformator\u00f3w \u017cywicznych oraz przek\u0142adnik\u00f3w pr\u0105dowych i napi\u0119ciowych. Zespo\u0142y ekspert\u00f3w wspieraj\u0105 projekty od etapu doboru parametr\u00f3w i specyfikacji, poprzez pomoc w wyborze norm i typ\u00f3w, a\u017c do uruchomienia \u2013 a tak\u017ce zapewniaj\u0105 diagnostyk\u0119, modernizacj\u0119 i us\u0142ugi serwisowe przez ca\u0142y cykl \u017cycia instalacji.[\/vc_column_text][\/vc_column_inner][\/vc_row_inner][\/vc_column][\/vc_row][vc_row full_width=&#8221;stretch_row_content&#8221; content_placement=&#8221;middle&#8221; bg_type=&#8221;image&#8221; parallax_style=&#8221;vcpb-default&#8221; bg_image_new=&#8221;id^31482|url^https:\/\/the-rsgroup.com\/wp-content\/uploads\/2025\/12\/Frederico_Bianchini_2048_680.jpg|caption^null|alt^null|title^Frederico_Bianchini_2048_680|description^null&#8221; bg_image_repeat=&#8221;no-repeat&#8221; bg_override=&#8221;full&#8221; css=&#8221;.vc_custom_1765801561007{padding-top: 50px !important;padding-bottom: 100px !important;background-position: center !important;background-repeat: no-repeat !important;background-size: cover !important;}&#8221; el_class=&#8221;full-width-content-section testimonial&#8221; el_id=&#8221;row3&#8243;][vc_column][vc_row_inner][vc_column_inner][vc_single_image image=&#8221;31475&#8243; img_size=&#8221;full&#8221; css=&#8221;&#8221; el_class=&#8221;test-desktop-hide&#8221;][vc_column_text css=&#8221;&#8221; el_class=&#8221;full-width-content full-width-content-left tesar&#8221;]<\/p>\n<h5>Ka\u017cdy odlew to obietnica jako\u015bci<\/h5>\n<p><em>\u201e<i>Podczas odlewania naszych uzwoje\u0144 liczy si\u0119 ka\u017cda sekunda \u2013 nasze do\u015bwiadczenie decyduje o bezpiecze\u0144stwie i trwa\u0142o\u015bci\u201c<\/i><\/em><\/p>\n<h6>Wo\u0142odymyr Zajcew, Ekspert ds. Bada\u0144 i Rozwoju, Tesar Italia<\/h6>\n<p>[\/vc_column_text][\/vc_column_inner][\/vc_row_inner][\/vc_column][\/vc_row]<\/p>\n<\/div>","protected":false},"excerpt":{"rendered":"<p>[vc_section full_width=&#8221;stretch_row&#8221; content_placement=&#8221;middle&#8221; min_height=&#8221;480&#8243; css=&#8221;.vc_custom_1767694128387{background-image: url(https:\/\/the-rsgroup.com\/wp-content\/uploads\/2025\/12\/Tesar_italia_header.webp?id=31680) !important;background-position: center !important;background-repeat: no-repeat !important;background-size: cover !important;}&#8221; el_class=&#8221;inner-page-banner-section center-bottom&#8221;][vc_row][vc_column][apress_heading sub_title=&#8221;Specjalista w zakresie suchych transformator\u00f3w \u017cywicznych&#8221; content_alignment=&#8221;left&#8221; data_animation=&#8221;fadeInRight&#8221; enable_delimiter=&#8221;&#8221; style=&#8221;heading_style1&#8243; title_font_options=&#8221;tag:h1&#8243; subtitle_font_options=&#8221;tag:div&#8221;]Tesar Italia[\/apress_heading][\/vc_column][\/vc_row][\/vc_section][vc_row css=&#8221;.vc_custom_1754110673091{padding-top: 80px !important;padding-bottom: 80px !important;}&#8221;][vc_column apress_zindex=&#8221;9&#8243; el_class=&#8221;custom_sidebar high_zIndex&#8221;][apress_heading sub_title=&#8221;&#8221; content_alignment=&#8221;left&#8221; enable_delimiter=&#8221;&#8221; color_scheme=&#8221;color_scheme2&#8243;&hellip;<\/p>\n","protected":false},"author":14,"featured_media":0,"parent":8377,"menu_order":0,"comment_status":"closed","ping_status":"closed","template":"template-fullwidth-page.php","meta":{"_acf_changed":false,"_monsterinsights_skip_tracking":false,"_monsterinsights_sitenote_active":false,"_monsterinsights_sitenote_note":"","_monsterinsights_sitenote_category":0,"footnotes":""},"class_list":["post-31219","page","type-page","status-publish","hentry"],"acf":[],"_links":{"self":[{"href":"https:\/\/the-rsgroup.com\/pl\/wp-json\/wp\/v2\/pages\/31219","targetHints":{"allow":["GET"]}}],"collection":[{"href":"https:\/\/the-rsgroup.com\/pl\/wp-json\/wp\/v2\/pages"}],"about":[{"href":"https:\/\/the-rsgroup.com\/pl\/wp-json\/wp\/v2\/types\/page"}],"author":[{"embeddable":true,"href":"https:\/\/the-rsgroup.com\/pl\/wp-json\/wp\/v2\/users\/14"}],"replies":[{"embeddable":true,"href":"https:\/\/the-rsgroup.com\/pl\/wp-json\/wp\/v2\/comments?post=31219"}],"version-history":[{"count":7,"href":"https:\/\/the-rsgroup.com\/pl\/wp-json\/wp\/v2\/pages\/31219\/revisions"}],"predecessor-version":[{"id":35689,"href":"https:\/\/the-rsgroup.com\/pl\/wp-json\/wp\/v2\/pages\/31219\/revisions\/35689"}],"up":[{"embeddable":true,"href":"https:\/\/the-rsgroup.com\/pl\/wp-json\/wp\/v2\/pages\/8377"}],"wp:attachment":[{"href":"https:\/\/the-rsgroup.com\/pl\/wp-json\/wp\/v2\/media?parent=31219"}],"curies":[{"name":"wp","href":"https:\/\/api.w.org\/{rel}","templated":true}]}}