{"id":31233,"date":"2025-12-09T10:55:38","date_gmt":"2025-12-09T10:55:38","guid":{"rendered":"https:\/\/the-rsgroup.com\/rauscher-stoecklin\/rauscher-stoecklin-schweiz\/"},"modified":"2025-12-15T09:54:24","modified_gmt":"2025-12-15T09:54:24","slug":"rauscher-stoecklin-szwajcaria","status":"publish","type":"page","link":"https:\/\/the-rsgroup.com\/pl\/rauscher-stoecklin\/rauscher-stoecklin-szwajcaria\/","title":{"rendered":"Rauscher &#038; Stoecklin Szwajcaria"},"content":{"rendered":"<div class=\"wpb-content-wrapper\"><p>[vc_section full_width=&#8221;stretch_row&#8221; content_placement=&#8221;middle&#8221; min_height=&#8221;480&#8243; css=&#8221;.vc_custom_1765277734452{background-image: url(https:\/\/the-rsgroup.com\/wp-content\/uploads\/2025\/12\/Header_RS_Schweiz.jpg?id=30697) !important;background-position: center !important;background-repeat: no-repeat !important;background-size: cover !important;}&#8221; el_class=&#8221;inner-page-banner-section&#8221;][vc_row][vc_column][apress_heading sub_title=&#8221;Szwajcarskie olejowe transformatory rozdzielcze&#8221; content_alignment=&#8221;left&#8221; data_animation=&#8221;fadeInRight&#8221; enable_delimiter=&#8221;&#8221; style=&#8221;heading_style1&#8243; title_font_options=&#8221;tag:h1&#8243; subtitle_font_options=&#8221;tag:div&#8221;]Rauscher &amp; Stoecklin Szwajcaria[\/apress_heading][\/vc_column][\/vc_row][\/vc_section][vc_row css=&#8221;.vc_custom_1754110673091{padding-top: 80px !important;padding-bottom: 80px !important;}&#8221;][vc_column apress_zindex=&#8221;9&#8243; el_class=&#8221;custom_sidebar high_zIndex&#8221;][apress_heading sub_title=&#8221;&#8221; content_alignment=&#8221;left&#8221; enable_delimiter=&#8221;&#8221; color_scheme=&#8221;color_scheme2&#8243; style=&#8221;heading_style1&#8243; title_font_options=&#8221;tag:h2|letter_spacing:1&#8243; subtitle_font_options=&#8221;tag:div&#8221; heading_margin=&#8221;margin-bottom:30&#8243; class=&#8221;heading-custom&#8221;]Olejowe transformatory rozdzielcze do dystrybucji energii[\/apress_heading][vc_column_text css=&#8221;.vc_custom_1765541558839{margin-bottom: 0px !important;}&#8221;]Od momentu za\u0142o\u017cenia w 1919 roku firma Rauscher &amp; Stoecklin z siedzib\u0105 w Sissach (Szwajcaria) jest symbolem najwy\u017cszej jako\u015bci i niezawodno\u015bci w produkcji transformator\u00f3w olejowych oraz innych zaawansowanych produkt\u00f3w elektrotechnicznych. Z typow\u0105 dla Szwajcarii precyzj\u0105 powstaj\u0105 tu komponenty i systemy elektryczne przeznaczone do bezpiecznego, efektywnego i ekonomicznego zasilania \u2013 od przy\u0142\u0105cza do sieci, poprzez dystrybucj\u0119, a\u017c po wymagaj\u0105ce zastosowania infrastrukturalne i przemys\u0142owe.<\/p>\n<p>Od 2012 roku firma nale\u017cy do odnosz\u0105cej mi\u0119dzynarodowe sukcesy Grupy R&amp;S, wiod\u0105cego dostawcy produkt\u00f3w infrastruktury elektrycznej na kluczowych rynkach \u015bwiata. Po\u0142\u0105czenie silnego zakorzenienia lokalnego w Szwajcarii z mi\u0119dzynarodow\u0105 sieci\u0105 produkcji i technologii sprawia, \u017ce Rauscher &amp; Stoecklin jest wa\u017cnym centrum kompetencji w zakresie transformator\u00f3w rozdzielczych olejowych w ramach grupy. Baza klient\u00f3w obejmuje wytw\u00f3rc\u00f3w energii odnawialnej (farmy wiatrowe i fotowoltaiczne), regionalnych i ponadregionalnych operator\u00f3w sieci przesy\u0142owych i dystrybucyjnych, a tak\u017ce odbiorc\u00f3w z bardzo r\u00f3\u017cnych sektor\u00f3w przemys\u0142owych i infrastrukturalnych \u2013 w tym projektant\u00f3w i operator\u00f3w centr\u00f3w danych, zasilania trakcji kolejowej, zak\u0142ad\u00f3w chemicznych i produkcyjnych, du\u017cych szpitali, lotnisk, system\u00f3w metra i tramwaj\u00f3w oraz infrastruktury \u0142adowania dla elektromobilno\u015bci i wielu innych.[\/vc_column_text][\/vc_column][\/vc_row][vc_row css=&#8221;.vc_custom_1764930440890{padding-top: 80px !important;padding-bottom: 80px !important;background-color: #E6E7E9 !important;}&#8221;][vc_column][vc_row_inner el_class=&#8221;location-expertise-section brand-page&#8221;][vc_column_inner][apress_heading sub_title=&#8221;&#8221; content_alignment=&#8221;left&#8221; enable_delimiter=&#8221;&#8221; color_scheme=&#8221;color_scheme2&#8243; style=&#8221;heading_style5&#8243; title_font_options=&#8221;tag:h2|letter_spacing:0&#8243; subtitle_font_options=&#8221;tag:div|letter_spacing:3&#8243;]Nasz portfel dostaw:[\/apress_heading][vc_column_text css=&#8221;&#8221;]Olejowe transformatory rozdzielcze do 2 500 kVA i 36 kV<br \/>\nRozdzielnice, od\u0142\u0105czniki napowietrzne, od\u0142\u0105czniki kolejowe, przemys\u0142owe z\u0142\u0105cza elektryczne, bezpieczne i niezawodne systemy przy\u0142\u0105czeniowe budynk\u00f3w[\/vc_column_text][\/vc_column_inner][\/vc_row_inner][vc_row_inner el_class=&#8221;location-expertise-section brand-page&#8221;][vc_column_inner][apress_heading sub_title=&#8221;&#8221; content_alignment=&#8221;left&#8221; enable_delimiter=&#8221;&#8221; color_scheme=&#8221;color_scheme2&#8243; style=&#8221;heading_style5&#8243; title_font_options=&#8221;tag:h2|letter_spacing:0&#8243; subtitle_font_options=&#8221;tag:div|letter_spacing:3&#8243;]Serwis i wsparcie \u2013 Dopasowane rozwi\u0105zania z jednego \u017ar\u00f3d\u0142a[\/apress_heading][vc_column_text css=&#8221;&#8221;]Zapewniamy kompleksowe us\u0142ugi serwisowe i wsparcie techniczne w zakresie naszych transformator\u00f3w olejowych oraz produkt\u00f3w elektrotechnicznych. Nasi eksperci towarzysz\u0105 Pa\u0144stwa projektom od etapu planowania, przez uruchomienie, a\u017c po dalsz\u0105 eksploatacj\u0119.[\/vc_column_text][\/vc_column_inner][\/vc_row_inner][\/vc_column][\/vc_row][vc_row full_width=&#8221;stretch_row_content&#8221; content_placement=&#8221;middle&#8221; bg_type=&#8221;image&#8221; parallax_style=&#8221;vcpb-default&#8221; bg_image_new=&#8221;id^27638|url^https:\/\/the-rsgroup.com\/wp-content\/uploads\/2025\/11\/Mirjana-Milinkovic_3.jpg|caption^null|alt^null|title^Mirjana-Milinkovic_3|description^null&#8221; bg_image_repeat=&#8221;no-repeat&#8221; bg_override=&#8221;full&#8221; css=&#8221;.vc_custom_1763539503638{padding-top: 50px !important;padding-bottom: 100px !important;background-position: center !important;background-repeat: no-repeat !important;background-size: cover !important;}&#8221; el_class=&#8221;full-width-content-section testimonial&#8221; el_id=&#8221;row3&#8243;][vc_column][vc_row_inner][vc_column_inner][vc_single_image image=&#8221;31347&#8243; img_size=&#8221;full&#8221; css=&#8221;&#8221; el_class=&#8221;test-desktop-hide&#8221;][vc_column_text css=&#8221;&#8221; el_class=&#8221;full-width-content full-width-content-right rs&#8221;]<\/p>\n<h5>Logistyka end-to-end, kt\u00f3ra dotrzymuje termin\u00f3w<\/h5>\n<p><em>\u201eZarz\u0105dzamy przep\u0142ywem materia\u0142\u00f3w i informacji end-to-end \u2013 w oparciu o dane, transparentnie i z jasno okre\u015blonymi priorytetami, aby zapewni\u0107 przewidywalne czasy realizacji i terminowe dostawy.\u201c<\/em><\/p>\n<h6>Mirjana Milinkovic, Kierownik ds. Logistyki i Kontroli Produkcji, Rauscher &amp; Stoecklin AG<\/h6>\n<p>[\/vc_column_text][\/vc_column_inner][\/vc_row_inner][\/vc_column][\/vc_row]<\/p>\n<\/div>","protected":false},"excerpt":{"rendered":"<p>[vc_section full_width=&#8221;stretch_row&#8221; content_placement=&#8221;middle&#8221; min_height=&#8221;480&#8243; css=&#8221;.vc_custom_1765277734452{background-image: url(https:\/\/the-rsgroup.com\/wp-content\/uploads\/2025\/12\/Header_RS_Schweiz.jpg?id=30697) !important;background-position: center !important;background-repeat: no-repeat !important;background-size: cover !important;}&#8221; el_class=&#8221;inner-page-banner-section&#8221;][vc_row][vc_column][apress_heading sub_title=&#8221;Szwajcarskie olejowe transformatory rozdzielcze&#8221; content_alignment=&#8221;left&#8221; data_animation=&#8221;fadeInRight&#8221; enable_delimiter=&#8221;&#8221; style=&#8221;heading_style1&#8243; title_font_options=&#8221;tag:h1&#8243; subtitle_font_options=&#8221;tag:div&#8221;]Rauscher &amp; Stoecklin Szwajcaria[\/apress_heading][\/vc_column][\/vc_row][\/vc_section][vc_row css=&#8221;.vc_custom_1754110673091{padding-top: 80px !important;padding-bottom: 80px !important;}&#8221;][vc_column apress_zindex=&#8221;9&#8243; el_class=&#8221;custom_sidebar high_zIndex&#8221;][apress_heading sub_title=&#8221;&#8221; content_alignment=&#8221;left&#8221; enable_delimiter=&#8221;&#8221; color_scheme=&#8221;color_scheme2&#8243; style=&#8221;heading_style1&#8243;&hellip;<\/p>\n","protected":false},"author":14,"featured_media":0,"parent":8347,"menu_order":0,"comment_status":"closed","ping_status":"closed","template":"template-fullwidth-page.php","meta":{"_acf_changed":false,"_monsterinsights_skip_tracking":false,"_monsterinsights_sitenote_active":false,"_monsterinsights_sitenote_note":"","_monsterinsights_sitenote_category":0,"footnotes":""},"class_list":["post-31233","page","type-page","status-publish","hentry"],"acf":[],"_links":{"self":[{"href":"https:\/\/the-rsgroup.com\/pl\/wp-json\/wp\/v2\/pages\/31233","targetHints":{"allow":["GET"]}}],"collection":[{"href":"https:\/\/the-rsgroup.com\/pl\/wp-json\/wp\/v2\/pages"}],"about":[{"href":"https:\/\/the-rsgroup.com\/pl\/wp-json\/wp\/v2\/types\/page"}],"author":[{"embeddable":true,"href":"https:\/\/the-rsgroup.com\/pl\/wp-json\/wp\/v2\/users\/14"}],"replies":[{"embeddable":true,"href":"https:\/\/the-rsgroup.com\/pl\/wp-json\/wp\/v2\/comments?post=31233"}],"version-history":[{"count":3,"href":"https:\/\/the-rsgroup.com\/pl\/wp-json\/wp\/v2\/pages\/31233\/revisions"}],"predecessor-version":[{"id":31432,"href":"https:\/\/the-rsgroup.com\/pl\/wp-json\/wp\/v2\/pages\/31233\/revisions\/31432"}],"up":[{"embeddable":true,"href":"https:\/\/the-rsgroup.com\/pl\/wp-json\/wp\/v2\/pages\/8347"}],"wp:attachment":[{"href":"https:\/\/the-rsgroup.com\/pl\/wp-json\/wp\/v2\/media?parent=31233"}],"curies":[{"name":"wp","href":"https:\/\/api.w.org\/{rel}","templated":true}]}}