{"id":31255,"date":"2025-12-09T11:00:33","date_gmt":"2025-12-09T11:00:33","guid":{"rendered":"https:\/\/the-rsgroup.com\/rauscher-stoecklin\/rauscher-stoecklin-polen\/"},"modified":"2026-01-28T00:46:15","modified_gmt":"2026-01-28T00:46:15","slug":"rauscher-stoecklin-polska","status":"publish","type":"page","link":"https:\/\/the-rsgroup.com\/pl\/rauscher-stoecklin\/rauscher-stoecklin-polska\/","title":{"rendered":"Rauscher &#038; Stoecklin Polska"},"content":{"rendered":"<div class=\"wpb-content-wrapper\"><p>[vc_section full_width=&#8221;stretch_row&#8221; content_placement=&#8221;middle&#8221; min_height=&#8221;480&#8243; css=&#8221;.vc_custom_1765278057564{background-image: url(https:\/\/the-rsgroup.com\/wp-content\/uploads\/2025\/12\/Header_Rauscher_Stoecklin_Poland.jpg?id=30710) !important;background-position: center !important;background-repeat: no-repeat !important;background-size: cover !important;}&#8221; el_class=&#8221;inner-page-banner-section&#8221;][vc_row][vc_column][apress_heading sub_title=&#8221;Olejowe transformatory rozdzielcze z Krzeczowa dla Europy&#8221; content_alignment=&#8221;left&#8221; data_animation=&#8221;fadeInRight&#8221; enable_delimiter=&#8221;&#8221; style=&#8221;heading_style1&#8243; title_font_options=&#8221;tag:h1&#8243; subtitle_font_options=&#8221;tag:div&#8221;]Rauscher &amp; Stoecklin Polska[\/apress_heading][\/vc_column][\/vc_row][\/vc_section][vc_row css=&#8221;.vc_custom_1754110673091{padding-top: 80px !important;padding-bottom: 80px !important;}&#8221;][vc_column apress_zindex=&#8221;9&#8243; el_class=&#8221;custom_sidebar high_zIndex&#8221;][apress_heading sub_title=&#8221;&#8221; content_alignment=&#8221;left&#8221; enable_delimiter=&#8221;&#8221; color_scheme=&#8221;color_scheme2&#8243; style=&#8221;heading_style1&#8243; title_font_options=&#8221;tag:h2|letter_spacing:1&#8243; subtitle_font_options=&#8221;tag:div&#8221; heading_margin=&#8221;margin-bottom:30&#8243; class=&#8221;heading-custom&#8221;]Nowa fabryka olejowych transformator\u00f3w rozdzielczych w Krzeczowie[\/apress_heading][vc_column_text css=&#8221;.vc_custom_1765542833989{margin-bottom: 0px !important;}&#8221;]3 kwietnia 2025 roku Grupa R&amp;S uruchomi\u0142a w Krzeczowie ko\u0142o Bochni nowy zak\u0142ad produkuj\u0105cy olejowe transformatory rozdzielcze marki Rauscher &amp; Stoecklin. Na oko\u0142o 10 000 m\u00b2 powierzchni produkcyjno-magazynowej powstaj\u0105 tutaj nowoczesne transformatory rozdzielcze \u015bredniego napi\u0119cia dla kluczowych rynk\u00f3w europejskich.<\/p>\n<p><strong>Strategiczny element europejskiej strategii produkcyjnej<\/strong><br \/>\nZak\u0142ad w Polsce w spos\u00f3b ukierunkowany wzmacnia mo\u017cliwo\u015bci dostaw do Niemiec, Skandynawii, kraj\u00f3w ba\u0142tyckich oraz innych rynk\u00f3w Europy \u015arodkowej i Wschodniej.[\/vc_column_text][\/vc_column][\/vc_row][vc_row css=&#8221;.vc_custom_1764930440890{padding-top: 80px !important;padding-bottom: 80px !important;background-color: #E6E7E9 !important;}&#8221;][vc_column][apress_heading sub_title=&#8221;&#8221; content_alignment=&#8221;left&#8221; enable_delimiter=&#8221;&#8221; color_scheme=&#8221;color_scheme2&#8243; style=&#8221;heading_style5&#8243; title_font_options=&#8221;tag:h2|letter_spacing:0&#8243; subtitle_font_options=&#8221;tag:div|letter_spacing:3&#8243;]Najwa\u017cniejsze atuty nowej lokalizacji[\/apress_heading][vc_row_inner el_class=&#8221;location-expertise-section brand-page&#8221;][vc_column_inner][apress_heading sub_title=&#8221;&#8221; content_alignment=&#8221;left&#8221; enable_delimiter=&#8221;&#8221; color_scheme=&#8221;color_scheme2&#8243; style=&#8221;heading_style5&#8243; title_font_options=&#8221;tag:h2|letter_spacing:0&#8243; subtitle_font_options=&#8221;tag:div|letter_spacing:3&#8243;]Strategiczne po\u0142o\u017cenie[\/apress_heading][vc_column_text css=&#8221;&#8221;]Optymalne skomunikowanie z kluczowymi regionami energetycznymi i przemys\u0142owymi Europy Wschodniej, \u015arodkowej i P\u00f3\u0142nocnej.[\/vc_column_text][\/vc_column_inner][\/vc_row_inner][vc_row_inner el_class=&#8221;location-expertise-section brand-page&#8221;][vc_column_inner][apress_heading sub_title=&#8221;&#8221; content_alignment=&#8221;left&#8221; enable_delimiter=&#8221;&#8221; color_scheme=&#8221;color_scheme2&#8243; style=&#8221;heading_style5&#8243; title_font_options=&#8221;tag:h2|letter_spacing:0&#8243; subtitle_font_options=&#8221;tag:div|letter_spacing:3&#8243;]Zwi\u0119kszone moce produkcyjne[\/apress_heading][vc_column_text css=&#8221;&#8221;]Przystosowany do rocznej produkcji do 2 500 olejowych transformator\u00f3w rozdzielczych, aby w spos\u00f3b niezawodny wspiera\u0107 rozbudow\u0119 i modernizacj\u0119 sieci oraz projekty z zakresu odnawialnych \u017ar\u00f3de\u0142 energii.[\/vc_column_text][\/vc_column_inner][\/vc_row_inner][vc_row_inner el_class=&#8221;location-expertise-section brand-page&#8221;][vc_column_inner][apress_heading sub_title=&#8221;&#8221; content_alignment=&#8221;left&#8221; enable_delimiter=&#8221;&#8221; color_scheme=&#8221;color_scheme2&#8243; style=&#8221;heading_style5&#8243; title_font_options=&#8221;tag:h2|letter_spacing:0&#8243; subtitle_font_options=&#8221;tag:div|letter_spacing:3&#8243;]Nowoczesna technologia wytwarzania[\/apress_heading][vc_column_text css=&#8221;&#8221;]Cyfrowe planowanie produkcji, znormalizowane procesy oraz wysoki poziom integracji produkcji gwarantuj\u0105 powtarzaln\u0105 jako\u015b\u0107 i kr\u00f3tkie czasy realizacji.[\/vc_column_text][\/vc_column_inner][\/vc_row_inner][vc_row_inner el_class=&#8221;location-expertise-section brand-page&#8221;][vc_column_inner][apress_heading sub_title=&#8221;&#8221; content_alignment=&#8221;left&#8221; enable_delimiter=&#8221;&#8221; color_scheme=&#8221;color_scheme2&#8243; style=&#8221;heading_style5&#8243; title_font_options=&#8221;tag:h2|letter_spacing:0&#8243; subtitle_font_options=&#8221;tag:div|letter_spacing:3&#8243;]Skoncentrowanie na zr\u00f3wnowa\u017conym rozwoju[\/apress_heading][vc_column_text css=&#8221;&#8221;]Energooszcz\u0119dna koncepcja zak\u0142adu, w tym instalacja fotowoltaiczna na dachu hali \u2013 zgodnie z celami zr\u00f3wnowa\u017conego rozwoju Grupy R&amp;S.<\/p>\n<p>Pomimo globalnych wyzwa\u0144, takich jak zak\u0142\u00f3cenia w \u0142a\u0144cuchach dostaw i niestabilno\u015b\u0107 rynk\u00f3w, projekt zosta\u0142 zrealizowany zgodnie z harmonogramem \u2013 to wyra\u017any sygna\u0142 odporno\u015bci i d\u0142ugofalowej strategii rozwoju Grupy R&amp;S.[\/vc_column_text][\/vc_column_inner][\/vc_row_inner][vc_row_inner el_class=&#8221;location-expertise-section brand-page&#8221;][vc_column_inner][apress_heading sub_title=&#8221;&#8221; content_alignment=&#8221;left&#8221; enable_delimiter=&#8221;&#8221; color_scheme=&#8221;color_scheme2&#8243; style=&#8221;heading_style5&#8243; title_font_options=&#8221;tag:h2|letter_spacing:0&#8243; subtitle_font_options=&#8221;tag:div|letter_spacing:3&#8243;]Zakres naszej oferty:[\/apress_heading][vc_column_text css=&#8221;&#8221;]Zak\u0142ad w Krzeczowie produkuje pod mark\u0105 Rauscher &amp; Stoecklin:<br \/>\nOlejowe transformatory rozdzielcze do 3 150 kVA i do 33 kV napi\u0119cia znamionowego,<br \/>\nprzeznaczone dla sieci dystrybucyjnych i stacji SN\/nn, przy\u0142\u0105czania odnawialnych \u017ar\u00f3de\u0142 energii (wiatr, PV, BESS) oraz projekt\u00f3w przemys\u0142owych i infrastrukturalnych.[\/vc_column_text][\/vc_column_inner][\/vc_row_inner][vc_row_inner el_class=&#8221;location-expertise-section brand-page&#8221;][vc_column_inner][apress_heading sub_title=&#8221;&#8221; content_alignment=&#8221;left&#8221; enable_delimiter=&#8221;&#8221; color_scheme=&#8221;color_scheme2&#8243; style=&#8221;heading_style5&#8243; title_font_options=&#8221;tag:h2|letter_spacing:0&#8243; subtitle_font_options=&#8221;tag:div|letter_spacing:3&#8243;]Serwis i wsparcie \u2013 Rozwi\u0105zania z jednego \u017ar\u00f3d\u0142a[\/apress_heading][vc_column_text css=&#8221;&#8221;]Rauscher &amp; Stoecklin Polska oferuje znacznie wi\u0119cej ni\u017c sam\u0105 dostaw\u0119 transformator\u00f3w:<\/p>\n<ul>\n<li>Doradztwo techniczne i dob\u00f3r parametr\u00f3w<\/li>\n<li>Wsparcie projektowe od etapu specyfikacji do uruchomienia<\/li>\n<li>Pomoc przy doborze typu, wymaganiach normatywnych i sieciowych<\/li>\n<\/ul>\n<p>Operatorzy system\u00f3w dystrybucyjnych i przesy\u0142owych, przedsi\u0119biorstwa komunalne, firmy EPC oraz klienci przemys\u0142owi otrzymuj\u0105 w ten spos\u00f3b standardowe olejowe transformatory rozdzielcze w sprawdzonej jako\u015bci R&amp;S \u2013 \u201ewe guarantee energy\u201d w ramach rozszerzonego europejskiego \u0142a\u0144cucha produkcyjnego.[\/vc_column_text][\/vc_column_inner][\/vc_row_inner][\/vc_column][\/vc_row][vc_row full_width=&#8221;stretch_row_content&#8221; content_placement=&#8221;middle&#8221; bg_type=&#8221;image&#8221; parallax_style=&#8221;vcpb-default&#8221; bg_image_new=&#8221;id^35833|url^https:\/\/the-rsgroup.com\/wp-content\/uploads\/2026\/01\/Aneta-Brauntsch-Kedyk-long.webp|caption^null|alt^null|title^Aneta-Brauntsch-Kedyk-long|description^null&#8221; bg_image_repeat=&#8221;no-repeat&#8221; bg_override=&#8221;full&#8221; css=&#8221;.vc_custom_1769561160137{padding-top: 50px !important;padding-bottom: 100px !important;background-position: center !important;background-repeat: no-repeat !important;background-size: cover !important;}&#8221; el_class=&#8221;full-width-content-section testimonial&#8221; el_id=&#8221;row3&#8243;][vc_column][vc_row_inner][vc_column_inner][vc_single_image image=&#8221;35839&#8243; img_size=&#8221;full&#8221; css=&#8221;&#8221; el_class=&#8221;test-desktop-hide&#8221;][vc_column_text css=&#8221;&#8221; el_class=&#8221;full-width-content full-width-content-right rs&#8221;]<\/p>\n<h5>Logistyka end-to-end, kt\u00f3ra dotrzymuje termin\u00f3w<\/h5>\n<p><em>\u201eZarz\u0105dzamy przep\u0142ywem materia\u0142\u00f3w i informacji end-to-end \u2013 w oparciu o dane, transparentnie i z jasno okre\u015blonymi priorytetami, aby zapewni\u0107 przewidywalne czasy realizacji i terminowe dostawy.\u201c<\/em><\/p>\n<h6><strong data-start=\"232\" data-end=\"257\">Aneta Brauntsch-Kedyk<\/strong>, In\u017cynier ds. jako\u015bci, Rauscher &amp; Stoecklin Polska<\/h6>\n<p>[\/vc_column_text][\/vc_column_inner][\/vc_row_inner][\/vc_column][\/vc_row]<\/p>\n<\/div>","protected":false},"excerpt":{"rendered":"<p>[vc_section full_width=&#8221;stretch_row&#8221; content_placement=&#8221;middle&#8221; min_height=&#8221;480&#8243; css=&#8221;.vc_custom_1765278057564{background-image: url(https:\/\/the-rsgroup.com\/wp-content\/uploads\/2025\/12\/Header_Rauscher_Stoecklin_Poland.jpg?id=30710) !important;background-position: center !important;background-repeat: no-repeat !important;background-size: cover !important;}&#8221; el_class=&#8221;inner-page-banner-section&#8221;][vc_row][vc_column][apress_heading sub_title=&#8221;Olejowe transformatory rozdzielcze z Krzeczowa dla Europy&#8221; content_alignment=&#8221;left&#8221; data_animation=&#8221;fadeInRight&#8221; enable_delimiter=&#8221;&#8221; style=&#8221;heading_style1&#8243; title_font_options=&#8221;tag:h1&#8243; subtitle_font_options=&#8221;tag:div&#8221;]Rauscher &amp; Stoecklin Polska[\/apress_heading][\/vc_column][\/vc_row][\/vc_section][vc_row css=&#8221;.vc_custom_1754110673091{padding-top: 80px !important;padding-bottom: 80px !important;}&#8221;][vc_column apress_zindex=&#8221;9&#8243; el_class=&#8221;custom_sidebar high_zIndex&#8221;][apress_heading sub_title=&#8221;&#8221; content_alignment=&#8221;left&#8221;&hellip;<\/p>\n","protected":false},"author":14,"featured_media":0,"parent":8347,"menu_order":0,"comment_status":"closed","ping_status":"closed","template":"template-fullwidth-page.php","meta":{"_acf_changed":false,"_monsterinsights_skip_tracking":false,"_monsterinsights_sitenote_active":false,"_monsterinsights_sitenote_note":"","_monsterinsights_sitenote_category":0,"footnotes":""},"class_list":["post-31255","page","type-page","status-publish","hentry"],"acf":[],"_links":{"self":[{"href":"https:\/\/the-rsgroup.com\/pl\/wp-json\/wp\/v2\/pages\/31255","targetHints":{"allow":["GET"]}}],"collection":[{"href":"https:\/\/the-rsgroup.com\/pl\/wp-json\/wp\/v2\/pages"}],"about":[{"href":"https:\/\/the-rsgroup.com\/pl\/wp-json\/wp\/v2\/types\/page"}],"author":[{"embeddable":true,"href":"https:\/\/the-rsgroup.com\/pl\/wp-json\/wp\/v2\/users\/14"}],"replies":[{"embeddable":true,"href":"https:\/\/the-rsgroup.com\/pl\/wp-json\/wp\/v2\/comments?post=31255"}],"version-history":[{"count":5,"href":"https:\/\/the-rsgroup.com\/pl\/wp-json\/wp\/v2\/pages\/31255\/revisions"}],"predecessor-version":[{"id":35846,"href":"https:\/\/the-rsgroup.com\/pl\/wp-json\/wp\/v2\/pages\/31255\/revisions\/35846"}],"up":[{"embeddable":true,"href":"https:\/\/the-rsgroup.com\/pl\/wp-json\/wp\/v2\/pages\/8347"}],"wp:attachment":[{"href":"https:\/\/the-rsgroup.com\/pl\/wp-json\/wp\/v2\/media?parent=31255"}],"curies":[{"name":"wp","href":"https:\/\/api.w.org\/{rel}","templated":true}]}}