{"id":8015,"date":"2020-01-29T16:43:20","date_gmt":"2020-01-29T16:43:20","guid":{"rendered":"http:\/\/the-rsgroup.com\/about-2"},"modified":"2025-12-22T05:02:11","modified_gmt":"2025-12-22T05:02:11","slug":"o","status":"publish","type":"page","link":"https:\/\/the-rsgroup.com\/pl\/o\/","title":{"rendered":"O Nas"},"content":{"rendered":"<div class=\"wpb-content-wrapper\"><p>[vc_section full_width=&#8221;stretch_row&#8221; content_placement=&#8221;middle&#8221; min_height=&#8221;480&#8243; css=&#8221;.vc_custom_1759580609217{background-image: url(https:\/\/the-rsgroup.com\/wp-content\/uploads\/2019\/12\/zrew-production-employees.png?id=5306) !important;background-position: center !important;background-repeat: no-repeat !important;background-size: cover !important;}&#8221; el_class=&#8221;inner-page-banner-section&#8221;][vc_row][vc_column][apress_heading sub_title=&#8221;Wiod\u0105cy dostawca produkt\u00f3 winfrastruktury elektrycznej&#8221; content_alignment=&#8221;left&#8221; data_animation=&#8221;fadeInRight&#8221; enable_delimiter=&#8221;&#8221; style=&#8221;heading_style1&#8243; title_font_options=&#8221;tag:h1&#8243; subtitle_font_options=&#8221;tag:div&#8221;]O Nas[\/apress_heading][\/vc_column][\/vc_row][\/vc_section][vc_row css=&#8221;.vc_custom_1758103486314{padding-top: 80px !important;padding-bottom: 40px !important;}&#8221;][vc_column apress_zindex=&#8221;9&#8243; css=&#8221;.vc_custom_1572394676561{padding-top: 0px !important;padding-bottom: 0px !important;background-color: #ffffff !important;}&#8221; el_class=&#8221;custom_sidebar high_zIndex&#8221;][apress_heading sub_title=&#8221;&#8221; content_alignment=&#8221;left&#8221; enable_delimiter=&#8221;&#8221; color_scheme=&#8221;color_scheme2&#8243; style=&#8221;heading_style6&#8243; title_font_options=&#8221;tag:h2|letter_spacing:0&#8243; subtitle_font_options=&#8221;tag:div|letter_spacing:3&#8243; heading_margin=&#8221;margin-top:10|margin-bottom:30&#8243; class=&#8221;h2-heading-custom&#8221;]Niezawodne dostawy energii z wydajnymi transformatorami R&amp;S[\/apress_heading][vc_column_text css=&#8221;&#8221;]Nasze produkty z zakresu infrastruktury elektrycznej zapewniaj\u0105 stabilne, wydajne i bezpieczne zasilanie na ca\u0142ym \u015bwiecie \u2013 zar\u00f3wno w sieciach przesy\u0142owych, sieciach dystrybucji energii, obiektach przemys\u0142owych, jak i infrastrukturze krytycznej. Nasza oferta obejmuje transformatory rozdzielcze, transformatory \u017cywiczne, transformatory mocy, podstacje modu\u0142owe do zastosowa\u0144 specjalnych, a tak\u017ce specjalistyczne rozwi\u0105zania dla elektryfikacji kolei i z\u0142\u0105czy przemys\u0142owych. Opr\u00f3cz standardowych rozwi\u0105za\u0144 systemowych, opracowujemy indywidualne koncepcje dla wymagaj\u0105cych projekt\u00f3w \u2013 precyzyjnie dopasowane do Pa\u0144stwa potrzeb.[\/vc_column_text][\/vc_column][\/vc_row][vc_row full_width=&#8221;stretch_row&#8221; css=&#8221;.vc_custom_1758103303779{padding-bottom: 60px !important;background-color: #F8F8F800 !important;}&#8221; el_class=&#8221;related-product-info-box&#8221;][vc_column][vc_row_inner][vc_column_inner el_class=&#8221;custom_sidebar&#8221; width=&#8221;1\/3&#8243;]\r\n<!--Image Box Start-->\r\n<div class=\"zolo_imagebox_new_swing new_imagebox_style4\"><div class=\"zolo_imagebox_new_wrapper zolo_imagebox_new_134063808269e9f1ddafe7c new_imagebox_style4 noanimation\" data-animation =\"No Animation\" data-delay =\"500\" data-id =\"zolo_imagebox_new_134063808269e9f1ddafe7c\">\r\n    <a title=\"O Nas\" href=\"\/pl\/o-nas\" target=\"_self\" rel=\"\">\r\n    <div class=\"zolo_imagebox_new_box\">\r\n        <div class=\"zolo_thumbnail\" style=\"background:url(https:\/\/the-rsgroup.com\/wp-content\/uploads\/2019\/11\/DSC01021_smaller-scaled.jpg) no-repeat center center; -moz-background-size:cover;-webkit-background-size:cover;-o-background-size:cover;-ms-background-size:cover;background-size:cover; height:300px;\"><\/div>\r\n        <div class=\"zolo_imagebox_new_content\">\r\n            <div class=\"zolo_imagebox_new_title_des\">\r\n        <h3 class=\"entry-title zolo_imagebox_new_title\" style=\"color:#000000; \">        O Nas <\/h3>                <span class=\"zolo_imagebox_description\" style=\"color:#000000; \">        O Grupie R&S \u2013 Twoim specjali\u015bcie w zakresie produkt\u00f3w infrastruktury elektrycznej<br \/>\nR&S to globalny producent komponent\u00f3w infrastruktury elektrycznej, kt\u00f3ry k\u0142adzie nacisk na jako\u015b\u0107, niezawodno\u015b\u0107 i dost\u0119pno\u015b\u0107. Posiada oddzia\u0142y w Europie, na Bliskim Wschodzie i Ameryce Po\u0142udniowej \u2013 jeste\u015bmy silnym partnerem w zakresie wdra\u017cania wysokowydajnych system\u00f3w zasilania.<br \/>\nDowiedz si\u0119 wi\u0119cej o R&S <\/span>        <div class=\"zolo_imagebox_icon_button_element alignment_inline zolo_imagebox_icon_button_134063808269e9f1ddafe7c\"><span class=\"zolo_iconbutton_tag iconbutton_style1 button_style_none\"><span class=\"zolo_button_icon zolo_arrow_icon\"><\/span><\/span><\/div>      <\/div>\r\n    <\/div>\r\n          <\/div>\r\n    <\/a>\r\n  <\/div>\r\n<\/div><!--Image Box End-->\r\n\r\n[\/vc_column_inner][vc_column_inner el_class=&#8221;custom_sidebar&#8221; width=&#8221;1\/3&#8243;]\r\n<!--Image Box Start-->\r\n<div class=\"zolo_imagebox_new_swing new_imagebox_style4\"><div class=\"zolo_imagebox_new_wrapper zolo_imagebox_new_155669050069e9f1ddbc5b3 new_imagebox_style4 noanimation\" data-animation =\"No Animation\" data-delay =\"500\" data-id =\"zolo_imagebox_new_155669050069e9f1ddbc5b3\">\r\n    <a title=\"Serwis informacyjny\" href=\"\/pl\/serwis-informacyjny\" target=\"_self\" rel=\"\">\r\n    <div class=\"zolo_imagebox_new_box\">\r\n        <div class=\"zolo_thumbnail\" style=\"background:url(https:\/\/the-rsgroup.com\/wp-content\/uploads\/2019\/09\/shutterstock_1295890804_2.jpg) no-repeat center center; -moz-background-size:cover;-webkit-background-size:cover;-o-background-size:cover;-ms-background-size:cover;background-size:cover; height:300px;\"><\/div>\r\n        <div class=\"zolo_imagebox_new_content\">\r\n            <div class=\"zolo_imagebox_new_title_des\">\r\n        <h3 class=\"entry-title zolo_imagebox_new_title\" style=\"color:#000000; \">        Newsroom <\/h3>                <span class=\"zolo_imagebox_description\" style=\"color:#000000; \">        Wiedza i informacje bran\u017cowe z pierwszej r\u0119ki<br \/>\nB\u0105d\u017a na bie\u017c\u0105co: W naszym newsroomie znajdziesz najnowsze informacje o firmie, innowacje produktowe, artyku\u0142y specjalistyczne oraz wszystkie terminy mi\u0119dzynarodowych targ\u00f3w i wydarze\u0144 bran\u017cowych.<br \/>\nDo newsroomu <\/span>        <div class=\"zolo_imagebox_icon_button_element alignment_inline zolo_imagebox_icon_button_155669050069e9f1ddbc5b3\"><span class=\"zolo_iconbutton_tag iconbutton_style1 button_style_none\"><span class=\"zolo_button_icon zolo_arrow_icon\"><\/span><\/span><\/div>      <\/div>\r\n    <\/div>\r\n          <\/div>\r\n    <\/a>\r\n  <\/div>\r\n<\/div><!--Image Box End-->\r\n\r\n[\/vc_column_inner][vc_column_inner el_class=&#8221;custom_sidebar&#8221; width=&#8221;1\/3&#8243;]\r\n<!--Image Box Start-->\r\n<div class=\"zolo_imagebox_new_swing new_imagebox_style4\"><div class=\"zolo_imagebox_new_wrapper zolo_imagebox_new_173203673669e9f1ddc5187 new_imagebox_style4 noanimation\" data-animation =\"No Animation\" data-delay =\"500\" data-id =\"zolo_imagebox_new_173203673669e9f1ddc5187\">\r\n    <a title=\"Kariera\" href=\"\/pl\/praca\" target=\"_self\" rel=\"\">\r\n    <div class=\"zolo_imagebox_new_box\">\r\n        <div class=\"zolo_thumbnail\" style=\"background:url(https:\/\/the-rsgroup.com\/wp-content\/uploads\/2019\/09\/shutterstock_1295894350_2.jpg) no-repeat center center; -moz-background-size:cover;-webkit-background-size:cover;-o-background-size:cover;-ms-background-size:cover;background-size:cover; height:300px;\"><\/div>\r\n        <div class=\"zolo_imagebox_new_content\">\r\n            <div class=\"zolo_imagebox_new_title_des\">\r\n        <h3 class=\"entry-title zolo_imagebox_new_title\" style=\"color:#000000; \">        Kariera <\/h3>                <span class=\"zolo_imagebox_description\" style=\"color:#000000; \">        Twoja energia. Nasza przysz\u0142o\u015b\u0107.<br \/>\nSzukasz pracy z pasj\u0105? Oferujemy ekscytuj\u0105ce stanowiska techniczne, w sprzeda\u017cy, rozwoju i produkcji \u2013 w mi\u0119dzynarodowym \u015brodowisku z perspektywami kariery.<br \/>\nAplikuj teraz <\/span>        <div class=\"zolo_imagebox_icon_button_element alignment_inline zolo_imagebox_icon_button_173203673669e9f1ddc5187\"><span class=\"zolo_iconbutton_tag iconbutton_style1 button_style_none\"><span class=\"zolo_button_icon zolo_arrow_icon\"><\/span><\/span><\/div>      <\/div>\r\n    <\/div>\r\n          <\/div>\r\n    <\/a>\r\n  <\/div>\r\n<\/div><!--Image Box End-->\r\n\r\n[\/vc_column_inner][\/vc_row_inner][vc_row_inner][vc_column_inner el_class=&#8221;custom_sidebar&#8221; width=&#8221;1\/3&#8243;]\r\n<!--Image Box Start-->\r\n<div class=\"zolo_imagebox_new_swing new_imagebox_style4\"><div class=\"zolo_imagebox_new_wrapper zolo_imagebox_new_191339422869e9f1ddc682c new_imagebox_style4 noanimation\" data-animation =\"No Animation\" data-delay =\"500\" data-id =\"zolo_imagebox_new_191339422869e9f1ddc682c\">\r\n    <a title=\"Zakupy\" href=\"\/pl\/zaopatrzenie\" target=\"_self\" rel=\"\">\r\n    <div class=\"zolo_imagebox_new_box\">\r\n        <div class=\"zolo_thumbnail\" style=\"background:url(https:\/\/the-rsgroup.com\/wp-content\/uploads\/2019\/11\/shutterstock_498363907-scaled.jpg) no-repeat center center; -moz-background-size:cover;-webkit-background-size:cover;-o-background-size:cover;-ms-background-size:cover;background-size:cover; height:300px;\"><\/div>\r\n        <div class=\"zolo_imagebox_new_content\">\r\n            <div class=\"zolo_imagebox_new_title_des\">\r\n        <h3 class=\"entry-title zolo_imagebox_new_title\" style=\"color:#000000; \">        Zam\u00f3wienia <\/h3>                <span class=\"zolo_imagebox_description\" style=\"color:#000000; \">        Chcesz do\u0142\u0105czy\u0107 do naszej globalnej sieci dostaw? Szukamy wydajnych partner\u00f3w, kt\u00f3rzy podzielaj\u0105 nasze standardy jako\u015bci i chc\u0105 z nami wsp\u00f3\u0142pracowa\u0107 przy realizacji pionierskich projekt\u00f3w infrastrukturalnych. Informacje dla dostawc\u00f3w <\/span>        <div class=\"zolo_imagebox_icon_button_element alignment_inline zolo_imagebox_icon_button_191339422869e9f1ddc682c\"><span class=\"zolo_iconbutton_tag iconbutton_style1 button_style_none\"><span class=\"zolo_button_icon zolo_arrow_icon\"><\/span><\/span><\/div>      <\/div>\r\n    <\/div>\r\n          <\/div>\r\n    <\/a>\r\n  <\/div>\r\n<\/div><!--Image Box End-->\r\n\r\n[\/vc_column_inner][vc_column_inner el_class=&#8221;custom_sidebar&#8221; width=&#8221;1\/3&#8243;]\r\n<!--Image Box Start-->\r\n<div class=\"zolo_imagebox_new_swing new_imagebox_style4\"><div class=\"zolo_imagebox_new_wrapper zolo_imagebox_new_630267569e9f1ddcedeb new_imagebox_style4 noanimation\" data-animation =\"No Animation\" data-delay =\"500\" data-id =\"zolo_imagebox_new_630267569e9f1ddcedeb\">\r\n    <a title=\"Nasze lokalizacje\" href=\"\/pl\/lokalizacje\" target=\"_self\" rel=\"\">\r\n    <div class=\"zolo_imagebox_new_box\">\r\n        <div class=\"zolo_thumbnail\" style=\"background:url(https:\/\/the-rsgroup.com\/wp-content\/uploads\/2019\/11\/shutterstock_479686717-scaled.jpg) no-repeat center center; -moz-background-size:cover;-webkit-background-size:cover;-o-background-size:cover;-ms-background-size:cover;background-size:cover; height:300px;\"><\/div>\r\n        <div class=\"zolo_imagebox_new_content\">\r\n            <div class=\"zolo_imagebox_new_title_des\">\r\n        <h3 class=\"entry-title zolo_imagebox_new_title\" style=\"color:#000000; \">        Lokalizacje R&S <\/h3>                <span class=\"zolo_imagebox_description\" style=\"color:#000000; \">        Lokalizacje R&S na \u015bwiecie<br \/>\nDzi\u0119ki zak\u0142adom produkcyjnym i biurom sprzeda\u017cy na trzech kontynentach, R&S jest zawsze blisko Ciebie. Znajd\u017a odpowiedni\u0105 osob\u0119 kontaktow\u0105 dla swojego regionu lub projektu.<br \/>\nDo lokalizacji <\/span>        <div class=\"zolo_imagebox_icon_button_element alignment_inline zolo_imagebox_icon_button_630267569e9f1ddcedeb\"><span class=\"zolo_iconbutton_tag iconbutton_style1 button_style_none\"><span class=\"zolo_button_icon zolo_arrow_icon\"><\/span><\/span><\/div>      <\/div>\r\n    <\/div>\r\n          <\/div>\r\n    <\/a>\r\n  <\/div>\r\n<\/div><!--Image Box End-->\r\n\r\n[\/vc_column_inner][\/vc_row_inner][\/vc_column][\/vc_row]<\/p>\n<\/div>","protected":false},"excerpt":{"rendered":"<p>[vc_section full_width=&#8221;stretch_row&#8221; content_placement=&#8221;middle&#8221; min_height=&#8221;480&#8243; css=&#8221;.vc_custom_1759580609217{background-image: url(https:\/\/the-rsgroup.com\/wp-content\/uploads\/2019\/12\/zrew-production-employees.png?id=5306) !important;background-position: center !important;background-repeat: no-repeat !important;background-size: cover !important;}&#8221; el_class=&#8221;inner-page-banner-section&#8221;][vc_row][vc_column][apress_heading sub_title=&#8221;Wiod\u0105cy dostawca produkt\u00f3 winfrastruktury elektrycznej&#8221; content_alignment=&#8221;left&#8221; data_animation=&#8221;fadeInRight&#8221; enable_delimiter=&#8221;&#8221; style=&#8221;heading_style1&#8243; title_font_options=&#8221;tag:h1&#8243; subtitle_font_options=&#8221;tag:div&#8221;]O Nas[\/apress_heading][\/vc_column][\/vc_row][\/vc_section][vc_row css=&#8221;.vc_custom_1758103486314{padding-top: 80px !important;padding-bottom: 40px !important;}&#8221;][vc_column apress_zindex=&#8221;9&#8243; css=&#8221;.vc_custom_1572394676561{padding-top: 0px !important;padding-bottom: 0px !important;background-color: #ffffff !important;}&#8221; el_class=&#8221;custom_sidebar&hellip;<\/p>\n","protected":false},"author":1,"featured_media":0,"parent":0,"menu_order":0,"comment_status":"closed","ping_status":"closed","template":"template-fullwidth-page.php","meta":{"_acf_changed":false,"_monsterinsights_skip_tracking":false,"_monsterinsights_sitenote_active":false,"_monsterinsights_sitenote_note":"","_monsterinsights_sitenote_category":0,"footnotes":""},"class_list":["post-8015","page","type-page","status-publish","hentry"],"acf":[],"_links":{"self":[{"href":"https:\/\/the-rsgroup.com\/pl\/wp-json\/wp\/v2\/pages\/8015","targetHints":{"allow":["GET"]}}],"collection":[{"href":"https:\/\/the-rsgroup.com\/pl\/wp-json\/wp\/v2\/pages"}],"about":[{"href":"https:\/\/the-rsgroup.com\/pl\/wp-json\/wp\/v2\/types\/page"}],"author":[{"embeddable":true,"href":"https:\/\/the-rsgroup.com\/pl\/wp-json\/wp\/v2\/users\/1"}],"replies":[{"embeddable":true,"href":"https:\/\/the-rsgroup.com\/pl\/wp-json\/wp\/v2\/comments?post=8015"}],"version-history":[{"count":10,"href":"https:\/\/the-rsgroup.com\/pl\/wp-json\/wp\/v2\/pages\/8015\/revisions"}],"predecessor-version":[{"id":31735,"href":"https:\/\/the-rsgroup.com\/pl\/wp-json\/wp\/v2\/pages\/8015\/revisions\/31735"}],"wp:attachment":[{"href":"https:\/\/the-rsgroup.com\/pl\/wp-json\/wp\/v2\/media?parent=8015"}],"curies":[{"name":"wp","href":"https:\/\/api.w.org\/{rel}","templated":true}]}}