{"id":8025,"date":"2020-01-30T10:06:43","date_gmt":"2020-01-30T10:06:43","guid":{"rendered":"http:\/\/the-rsgroup.com\/o-nas"},"modified":"2026-01-15T13:42:44","modified_gmt":"2026-01-15T13:42:44","slug":"o-nas","status":"publish","type":"page","link":"https:\/\/the-rsgroup.com\/pl\/o\/o-nas\/","title":{"rendered":"O nas"},"content":{"rendered":"<div class=\"wpb-content-wrapper\"><p>[vc_section full_width=&#8221;stretch_row&#8221; content_placement=&#8221;middle&#8221; min_height=&#8221;480&#8243; css=&#8221;.vc_custom_1759580409226{background-image: url(https:\/\/the-rsgroup.com\/wp-content\/uploads\/2019\/11\/DSC01021_smaller-scaled.jpg?id=3941) !important;background-position: center !important;background-repeat: no-repeat !important;background-size: cover !important;}&#8221; el_class=&#8221;inner-page-banner-section&#8221;][vc_row][vc_column][apress_heading sub_title=&#8221;Silna i niezwykle<br \/>\nambitna grupa&#8221; content_alignment=&#8221;left&#8221; data_animation=&#8221;fadeInRight&#8221; enable_delimiter=&#8221;&#8221; style=&#8221;heading_style1&#8243; title_font_options=&#8221;tag:h1&#8243; subtitle_font_options=&#8221;tag:div&#8221;]O nas[\/apress_heading][\/vc_column][\/vc_row][\/vc_section][vc_row css=&#8221;.vc_custom_1754312742321{padding-top: 80px !important;padding-bottom: 50px !important;}&#8221;][vc_column apress_zindex=&#8221;9&#8243; css=&#8221;.vc_custom_1702308806458{padding-top: 0px !important;padding-bottom: 0px !important;}&#8221; el_class=&#8221;custom_sidebar high_zIndex&#8221;][apress_heading sub_title=&#8221;&#8221; content_alignment=&#8221;left&#8221; enable_delimiter=&#8221;&#8221; color_scheme=&#8221;color_scheme1&#8243; style=&#8221;heading_style6&#8243; title_font_options=&#8221;tag:h2|letter_spacing:0&#8243; subtitle_font_options=&#8221;tag:div|letter_spacing:3&#8243; heading_margin=&#8221;margin-top:10|margin-bottom:30&#8243; class=&#8221;h2-heading-custom&#8221;]Gwarantujemy energi\u0119 jako:<br \/>\nJako\u015b\u0107. Elastyczno\u015b\u0107. Dost\u0119pno\u015b\u0107.[\/apress_heading][vc_column_text css=&#8221;&#8221;]Grupa R&amp;S oferuje niezawodne transformatory dla infrastruktury elektrycznej na niszowe rynki na ca\u0142ym \u015bwiecie. Z obietnic\u0105 \u201eGwarantujemy energi\u0119\u201d nie tylko reprezentujemy innowacyjne technologie, ale tak\u017ce szwajcarsk\u0105 precyzj\u0105 i jako\u015b\u0107, kr\u00f3tkie procesy decyzyjne i wysok\u0105 elastyczno\u015b\u0107. Nasi klienci korzystaj\u0105 z unikalnego po\u0142\u0105czenia globalnej wiedzy eksperckiej i lokalnej obecno\u015bci, wspieranych przez p\u0142askie hierarchie i silne marki ze sprawdzon\u0105 znajomo\u015bci\u0105 rynku.<br \/>\nNasza oferta produkt\u00f3w obejmuje transformatory mocy, transformatory olejowe, transformatory rozdzielcze, transformatory \u017cywiczne i inne komponenty elektryczne.<\/p>\n<h4>Obejrzyj nasz <a href=\"https:\/\/youtu.be\/N1Vwf2dyFUE\" target=\"_blank\" rel=\"noopener\">film<\/a> korporacyjny i dowiedz si\u0119 wi\u0119cej.<\/h4>\n<p>[\/vc_column_text][\/vc_column][\/vc_row][vc_row full_width=&#8221;stretch_row&#8221; equal_height=&#8221;yes&#8221; css=&#8221;.vc_custom_1754366812779{padding-bottom: 0px !important;}&#8221;][vc_column][vc_row_inner equal_height=&#8221;yes&#8221; gap=&#8221;35&#8243; el_class=&#8221;looking-trend-section&#8221;][vc_column_inner el_class=&#8221;custom_sidebar&#8221;][apress_gradient_icon_box icon_alignment=&#8221;left&#8221; description=&#8221;&#8221; box_bg_color=&#8221;&#8221; color_scheme=&#8221;gradient_scheme1&#8243; highlight_border_width=&#8221;0&#8243; highlight_border_color=&#8221;&#8221; border_hover_color_scheme=&#8221;gradient_scheme1&#8243; box_hover_shadow=&#8221;box_shadow_enable:disable|shadow_horizontal:0|shadow_vertical:7|shadow_blur:90|shadow_spread:-38|box_shadow_color:rgba(0%2C0%2C0%2C0.1)&#8221; icon_type=&#8221;image&#8221; icon_image=&#8221;22536&#8243; gradient_icon_size=&#8221;80&#8243; style=&#8221;iconbox_style8&#8243; title_font_options=&#8221;tag:h5&#8243; class=&#8221;no-padding&#8221;]<\/p>\n<h3>Nasza misja<\/h3>\n<p>Energia elektryczna nap\u0119dza wsp\u00f3\u0142czesne spo\u0142ecze\u0144stwa, a transformacja energetyczna zmienia sieci energetyczne, infrastruktury i strategie dostaw na ca\u0142ym \u015bwiecie \u2013 wymaga nowych odpowiedzi na pytania dotycz\u0105ce efektywno\u015bci, elastyczno\u015bci, stabilno\u015bci sieci i bezpiecze\u0144stwa dostaw.<\/p>\n<p>Naszym celem jest zapewnienie energii poprzez oferowanie klientom niezawodnego portfolio produkt\u00f3w, naszym pracownikom atrakcyjnego \u015brodowiska pracy i naszym akcjonariuszom sta\u0142ego tworzenia warto\u015bci.<br \/>\nNasza misja jest jasno sformu\u0142owana:<br \/>\n\u2022 Klienci otrzymuj\u0105 produkty najwy\u017cszej jako\u015bci, na czas i niezawodnie.<br \/>\n\u2022 Oferujemy pracownikom atrakcyjne, mi\u0119dzynarodowe \u015brodowisko pracy.<br \/>\n\u2022 Akcjonariusze korzystaj\u0105 z trwa\u0142ego i stabilnego tworzenia warto\u015bci.[\/apress_gradient_icon_box][\/vc_column_inner][\/vc_row_inner][\/vc_column][\/vc_row][vc_row full_width=&#8221;stretch_row&#8221; equal_height=&#8221;yes&#8221; css=&#8221;.vc_custom_1754366823249{padding-top: 80px !important;padding-bottom: 0px !important;}&#8221;][vc_column][apress_heading sub_title=&#8221;&#8221; enable_delimiter=&#8221;&#8221; color_scheme=&#8221;color_scheme2&#8243; style=&#8221;heading_style5&#8243; title_font_options=&#8221;tag:h2|letter_spacing:0&#8243; subtitle_font_options=&#8221;tag:div|letter_spacing:3&#8243; heading_margin=&#8221;margin-top:10|margin-bottom:30&#8243;]Kluczowe fakty i liczby[\/apress_heading]<div class=\"ult-spacer spacer-69edd0d39dae7\" data-id=\"69edd0d39dae7\" data-height=\"30\" data-height-mobile=\"30\" data-height-tab=\"30\" data-height-tab-portrait=\"\" data-height-mobile-landscape=\"\" style=\"clear:both;display:block;\"><\/div>[vc_row_inner equal_height=&#8221;yes&#8221; gap=&#8221;35&#8243; el_class=&#8221;benefits-column-row&#8221;][vc_column_inner el_class=&#8221;custom_sidebar&#8221; width=&#8221;1\/3&#8243;][apress_gradient_icon_box description=&#8221;&#8221; box_bg_color=&#8221;&#8221; color_scheme=&#8221;gradient_scheme1&#8243; highlight_border_width=&#8221;0&#8243; highlight_border_color=&#8221;#ffffff&#8221; border_hover_color_scheme=&#8221;gradient_scheme1&#8243; box_hover_shadow=&#8221;box_shadow_enable:disable|shadow_horizontal:0|shadow_vertical:7|shadow_blur:90|shadow_spread:-38|box_shadow_color:rgba(0%2C0%2C0%2C0.1)&#8221; box_top_padding=&#8221;&#8221; box_right_padding=&#8221;&#8221; box_bottom_padding=&#8221;&#8221; box_left_padding=&#8221;&#8221; icon_type=&#8221;image&#8221; icon_image=&#8221;22549&#8243; gradient_icon_size=&#8221;70&#8243; style=&#8221;iconbox_style8&#8243; title_font_options=&#8221;tag:h5&#8243; class=&#8221;no-padding&#8221;]Siedziba: Sissach, Szwajcaria[\/apress_gradient_icon_box][vc_column_text css=&#8221;&#8221;]Z korzeniami w Szwajcarii, w domu w Europie:<br \/>\nNasze dziedzictwo opiera si\u0119 na warto\u015bciach takich jak jako\u015b\u0107, niezawodno\u015b\u0107 i dotrzymywanie termin\u00f3w. Jednocze\u015bnie \u0142\u0105czymy je z r\u00f3\u017cnorodno\u015bci\u0105 i innowacyjno\u015bci\u0105 naszych europejskich zak\u0142ad\u00f3w produkcyjnych.[\/vc_column_text][\/vc_column_inner][vc_column_inner el_class=&#8221;custom_sidebar&#8221; width=&#8221;1\/3&#8243;][apress_gradient_icon_box description=&#8221;Nasza reputacja wiod\u0105cego producenta produkt\u00f3w z zakresu technologii energetycznych opiera si\u0119 na dog\u0142\u0119bnej wiedzy naszych globalnie zaanga\u017cowanych zespo\u0142\u00f3w \u2013 zrzeszonych w r\u00f3\u017cnych krajach i dyscyplinach.&#8221; box_bg_color=&#8221;&#8221; color_scheme=&#8221;gradient_scheme1&#8243; highlight_border_width=&#8221;0&#8243; highlight_border_color=&#8221;#ffffff&#8221; border_hover_color_scheme=&#8221;gradient_scheme1&#8243; box_hover_shadow=&#8221;box_shadow_enable:disable|shadow_horizontal:0|shadow_vertical:7|shadow_blur:90|shadow_spread:-38|box_shadow_color:rgba(0%2C0%2C0%2C0.1)&#8221; box_top_padding=&#8221;&#8221; box_right_padding=&#8221;&#8221; box_bottom_padding=&#8221;&#8221; box_left_padding=&#8221;&#8221; icon_type=&#8221;image&#8221; icon_image=&#8221;22555&#8243; gradient_icon_size=&#8221;70&#8243; style=&#8221;iconbox_style8&#8243; title_font_options=&#8221;tag:h5&#8243; class=&#8221;no-padding&#8221;]Liczba pracownik\u00f3w: Ponad 1000 pracownik\u00f3w na ca\u0142ym \u015bwiecie, posiadaj\u0105cych wysokie kompetencje techniczne.[\/apress_gradient_icon_box][\/vc_column_inner][vc_column_inner el_class=&#8221;custom_sidebar&#8221; width=&#8221;1\/3&#8243;][apress_gradient_icon_box description=&#8221;Nasz model sprzeda\u017cy opiera si\u0119 na kr\u00f3tkich procesach decyzyjnych, p\u0142askich hierarchiach i zasadzie \u201ejednej twarzy dla klienta\u201d. Gwarancje traktujemy nie tylko jako obietnic\u0119 produktu, ale jako zobowi\u0105zanie wobec naszych klient\u00f3w.&#8221; box_bg_color=&#8221;&#8221; color_scheme=&#8221;gradient_scheme1&#8243; highlight_border_width=&#8221;0&#8243; highlight_border_color=&#8221;#ffffff&#8221; border_hover_color_scheme=&#8221;gradient_scheme1&#8243; box_hover_shadow=&#8221;box_shadow_enable:disable|shadow_horizontal:0|shadow_vertical:7|shadow_blur:90|shadow_spread:-38|box_shadow_color:rgba(0%2C0%2C0%2C0.1)&#8221; box_top_padding=&#8221;&#8221; box_right_padding=&#8221;&#8221; box_bottom_padding=&#8221;&#8221; box_left_padding=&#8221;&#8221; icon_type=&#8221;image&#8221; icon_image=&#8221;21996&#8243; gradient_icon_size=&#8221;70&#8243; style=&#8221;iconbox_style8&#8243; title_font_options=&#8221;tag:h5&#8243; class=&#8221;no-padding&#8221;]Sprzeda\u017c: Osobista, niezawodna, szybka[\/apress_gradient_icon_box][\/vc_column_inner][\/vc_row_inner][vc_row_inner equal_height=&#8221;yes&#8221; gap=&#8221;35&#8243; el_class=&#8221;benefits-column-row&#8221;][vc_column_inner el_class=&#8221;custom_sidebar&#8221; width=&#8221;1\/3&#8243;][apress_gradient_icon_box description=&#8221;Produkty technologii energetycznych z przesz\u0142o 50 partnerami w ponad 75 krajach, o\u015bmioma zak\u0142adami produkcyjnymi i dziesi\u0119cioma mi\u0119dzynarodowymi biurami sprzeda\u017cy.&#8221; box_bg_color=&#8221;&#8221; color_scheme=&#8221;gradient_scheme1&#8243; highlight_border_width=&#8221;0&#8243; highlight_border_color=&#8221;#ffffff&#8221; border_hover_color_scheme=&#8221;gradient_scheme1&#8243; box_hover_shadow=&#8221;box_shadow_enable:disable|shadow_horizontal:0|shadow_vertical:7|shadow_blur:90|shadow_spread:-38|box_shadow_color:rgba(0%2C0%2C0%2C0.1)&#8221; box_top_padding=&#8221;&#8221; box_right_padding=&#8221;&#8221; box_bottom_padding=&#8221;&#8221; box_left_padding=&#8221;&#8221; icon_type=&#8221;image&#8221; icon_image=&#8221;22561&#8243; gradient_icon_size=&#8221;70&#8243; style=&#8221;iconbox_style8&#8243; title_font_options=&#8221;tag:h5&#8243; class=&#8221;no-padding&#8221;]Obecno\u015b\u0107 globalna:[\/apress_gradient_icon_box][\/vc_column_inner][vc_column_inner el_class=&#8221;custom_sidebar&#8221; width=&#8221;1\/3&#8243;][apress_gradient_icon_box description=&#8221;&#8221; box_bg_color=&#8221;&#8221; color_scheme=&#8221;gradient_scheme1&#8243; highlight_border_width=&#8221;0&#8243; highlight_border_color=&#8221;#ffffff&#8221; border_hover_color_scheme=&#8221;gradient_scheme1&#8243; box_hover_shadow=&#8221;box_shadow_enable:disable|shadow_horizontal:0|shadow_vertical:7|shadow_blur:90|shadow_spread:-38|box_shadow_color:rgba(0%2C0%2C0%2C0.1)&#8221; box_top_padding=&#8221;&#8221; box_right_padding=&#8221;&#8221; box_bottom_padding=&#8221;&#8221; box_left_padding=&#8221;&#8221; icon_type=&#8221;image&#8221; icon_image=&#8221;22008&#8243; gradient_icon_size=&#8221;70&#8243; style=&#8221;iconbox_style8&#8243; title_font_options=&#8221;tag:h5&#8243; class=&#8221;no-padding&#8221;]Sprzeda\u017c i zysk EBIT:[\/apress_gradient_icon_box][vc_column_text css=&#8221;&#8221;]Sprzeda\u017c (stan na czerwiec 2025): 206,3 mln CHF<br data-start=\"571\" data-end=\"574\" \/>Cel EBITDA (stan na grudzie\u0144 2025): 19%\u201321%[\/vc_column_text][\/vc_column_inner][vc_column_inner el_class=&#8221;custom_sidebar&#8221; width=&#8221;1\/3&#8243;][apress_gradient_icon_box description=&#8221;Sp\u00f3\u0142ki Grupy R&amp;S maj\u0105 \u0142\u0105cznie ponad 200 lat do\u015bwiadczenia w technologiach energetycznych.&#8221; box_bg_color=&#8221;&#8221; color_scheme=&#8221;gradient_scheme1&#8243; highlight_border_width=&#8221;0&#8243; highlight_border_color=&#8221;#ffffff&#8221; border_hover_color_scheme=&#8221;gradient_scheme1&#8243; box_hover_shadow=&#8221;box_shadow_enable:disable|shadow_horizontal:0|shadow_vertical:7|shadow_blur:90|shadow_spread:-38|box_shadow_color:rgba(0%2C0%2C0%2C0.1)&#8221; box_top_padding=&#8221;&#8221; box_right_padding=&#8221;&#8221; box_bottom_padding=&#8221;&#8221; box_left_padding=&#8221;&#8221; icon_type=&#8221;image&#8221; icon_image=&#8221;22567&#8243; gradient_icon_size=&#8221;70&#8243; style=&#8221;iconbox_style8&#8243; title_font_options=&#8221;tag:h5&#8243; class=&#8221;no-padding&#8221;]Do\u015bwiadczenie bran\u017cowe:[\/apress_gradient_icon_box][\/vc_column_inner][\/vc_row_inner][\/vc_column][\/vc_row][vc_row apress_enable_row_overlay=&#8221;&#8221; css=&#8221;.vc_custom_1702468779566{padding-top: 60px !important;padding-bottom: 40px !important;background-position: center !important;background-repeat: no-repeat !important;background-size: cover !important;}&#8221; el_class=&#8221;history&#8221;][vc_column][vc_row_inner gap=&#8221;20&#8243;][vc_column_inner][apress_heading sub_title=&#8221;&#8221; enable_delimiter=&#8221;&#8221; color_scheme=&#8221;color_scheme1&#8243; style=&#8221;heading_style5&#8243; title_font_options=&#8221;tag:h2|letter_spacing:0&#8243; subtitle_font_options=&#8221;tag:div|letter_spacing:3&#8243; heading_margin=&#8221;margin-top:10|margin-bottom:30&#8243;]Kamienie milowe w historii naszej firmy[\/apress_heading]\t\t\t<!-- Cool Timeline Free V3.2 -->\n\t\t\t<div class=\"ctl-wrapper\" role=\"region\" aria-label=\"Timeline\">\n\t\t\t\t\t\t\t\t<div id=\"cool_timeline_1\" class=\"cool-timeline-wrapper ctl-one-sided ctl-vertical-wrapper\" >\n\t\t\t\t\t<div class=\"ctl-start\"><\/div>\n\t\t\t\t\t<!-- Timeline Container -->\n\t\t\t\t\t<div class=\"ctl-timeline ctl-timeline-container\" data-animation=\"fadeInUp\">\n\t\t\t\t\t\t<!-- Center Line -->\n\t\t\t\t\t\t<div class=\"ctl-inner-line\" role=\"presentation\"><\/div>\n\t\t\t\t\t\t<!-- Story Year Section --><div data-cls=\"sc-nv-light vertical\" class=\"timeline-year scrollable-section ctl-year ctl-year-container light-year\" data-section-title=\"2024\" id=\"year-2024\"><div class=\"ctl-year-label ctl-year-text\"><span>2024<\/span><\/div><\/div><!-- Timeline Content --><div  id=\"ctl-story-24234\" class=\"ctl-story ctl-story-dot-icon odd ctl-story-right\" data-aos=\"fadeInUp\"   data-story-index=\"1\" role=\"article\"><!-- Story Date --><div class=\"ctl-labels\"><div class=\"ctl-label-big story-date\">2024<\/div><\/div><!-- Story IconDot --><div class=\"ctl-icondot\"><\/div> <!-- Story Arrow --><div class=\"ctl-arrow\"><\/div><!-- Story Content --><div class=\"ctl-content\"><!-- Story Title --><div class=\"ctl-title story-24234\" aria-label=\"2\">8<\/div><!-- Story Description --><div class=\"ctl-description\"><p>Przej\u0119cie Kyte Powertech Ltd. (Irlandia), firmy specjalizuj\u0105cej si\u0119 w transformatorach rozdzielczych.<\/p>\n<\/div><\/div><\/div><!-- Story Year Section --><div data-cls=\"sc-nv-light vertical\" class=\"timeline-year scrollable-section ctl-year ctl-year-container light-year\" data-section-title=\"2023\" id=\"year-2023\"><div class=\"ctl-year-label ctl-year-text\"><span>2023<\/span><\/div><\/div><!-- Timeline Content --><div  id=\"ctl-story-24222\" class=\"ctl-story ctl-story-dot-icon even ctl-story-right\" data-aos=\"fadeInUp\"   data-story-index=\"2\" role=\"article\"><!-- Story Date --><div class=\"ctl-labels\"><div class=\"ctl-label-big story-date\">2023<\/div><\/div><!-- Story IconDot --><div class=\"ctl-icondot\"><\/div> <!-- Story Arrow --><div class=\"ctl-arrow\"><\/div><!-- Story Content --><div class=\"ctl-content\"><!-- Story Title --><div class=\"ctl-title story-24222\" aria-label=\"2\">7<\/div><!-- Story Description --><div class=\"ctl-description\"><p>Debiut gie\u0142dowy na szwajcarskiej gie\u0142dzie SIX.<\/p>\n<\/div><\/div><\/div><!-- Story Year Section --><div data-cls=\"sc-nv-light vertical\" class=\"timeline-year scrollable-section ctl-year ctl-year-container light-year\" data-section-title=\"2020\" id=\"year-2020\"><div class=\"ctl-year-label ctl-year-text\"><span>2020<\/span><\/div><\/div><!-- Timeline Content --><div  id=\"ctl-story-24217\" class=\"ctl-story ctl-story-dot-icon odd ctl-story-right\" data-aos=\"fadeInUp\"   data-story-index=\"3\" role=\"article\"><!-- Story Date --><div class=\"ctl-labels\"><div class=\"ctl-label-big story-date\">2020<\/div><\/div><!-- Story IconDot --><div class=\"ctl-icondot\"><\/div> <!-- Story Arrow --><div class=\"ctl-arrow\"><\/div><!-- Story Content --><div class=\"ctl-content\"><!-- Story Title --><div class=\"ctl-title story-24217\" aria-label=\"2\">6<\/div><!-- Story Description --><div class=\"ctl-description\"><p>Wprowadzenie nowej deklaracji marki \u201eGwarantujemy energi\u0119\u201d w celu wyra\u017anego skupienia si\u0119 na kliencie i sp\u00f3jnej to\u017csamo\u015bci grupy.<\/p>\n<\/div><\/div><\/div><!-- Story Year Section --><div data-cls=\"sc-nv-light vertical\" class=\"timeline-year scrollable-section ctl-year ctl-year-container light-year\" data-section-title=\"2017\" id=\"year-2017\"><div class=\"ctl-year-label ctl-year-text\"><span>2017<\/span><\/div><\/div><!-- Timeline Content --><div  id=\"ctl-story-24209\" class=\"ctl-story ctl-story-dot-icon even ctl-story-right\" data-aos=\"fadeInUp\"   data-story-index=\"4\" role=\"article\"><!-- Story Date --><div class=\"ctl-labels\"><div class=\"ctl-label-big story-date\">2017<\/div><\/div><!-- Story IconDot --><div class=\"ctl-icondot\"><\/div> <!-- Story Arrow --><div class=\"ctl-arrow\"><\/div><!-- Story Content --><div class=\"ctl-content\"><!-- Story Title --><div class=\"ctl-title story-24209\" aria-label=\"2\">5<\/div><!-- Story Description --><div class=\"ctl-description\"><p>Zdefiniowana wizja jako wiod\u0105cego dostawcy wysokiej jako\u015bci produkt\u00f3w infrastruktury elektrycznej.<\/p>\n<\/div><\/div><\/div><!-- Story Year Section --><div data-cls=\"sc-nv-light vertical\" class=\"timeline-year scrollable-section ctl-year ctl-year-container light-year\" data-section-title=\"2016\" id=\"year-2016\"><div class=\"ctl-year-label ctl-year-text\"><span>2016<\/span><\/div><\/div><!-- Timeline Content --><div  id=\"ctl-story-24201\" class=\"ctl-story ctl-story-dot-icon odd ctl-story-right\" data-aos=\"fadeInUp\"   data-story-index=\"5\" role=\"article\"><!-- Story Date --><div class=\"ctl-labels\"><div class=\"ctl-label-big story-date\">2016<\/div><\/div><!-- Story IconDot --><div class=\"ctl-icondot\"><\/div> <!-- Story Arrow --><div class=\"ctl-arrow\"><\/div><!-- Story Content --><div class=\"ctl-content\"><!-- Story Title --><div class=\"ctl-title story-24201\" aria-label=\"2\">4<\/div><!-- Story Description --><div class=\"ctl-description\"><p>Przej\u0119cie w\u0142oskiego producenta Tesar (transformatory \u017cywiczne, przek\u0142adniki) posiadaj\u0105cego zak\u0142ady produkcyjne we W\u0142oszech, Polsce i Zjednoczonych Emiratach Arabskich.<\/p>\n<p>&nbsp;<\/p>\n<\/div><\/div><\/div><!-- Story Year Section --><div data-cls=\"sc-nv-light vertical\" class=\"timeline-year scrollable-section ctl-year ctl-year-container light-year\" data-section-title=\"2015\" id=\"year-2015\"><div class=\"ctl-year-label ctl-year-text\"><span>2015<\/span><\/div><\/div><!-- Timeline Content --><div  id=\"ctl-story-24185\" class=\"ctl-story ctl-story-dot-icon even ctl-story-right\" data-aos=\"fadeInUp\"   data-story-index=\"6\" role=\"article\"><!-- Story Date --><div class=\"ctl-labels\"><div class=\"ctl-label-big story-date\">2015<\/div><\/div><!-- Story IconDot --><div class=\"ctl-icondot\"><\/div> <!-- Story Arrow --><div class=\"ctl-arrow\"><\/div><!-- Story Content --><div class=\"ctl-content\"><!-- Story Title --><div class=\"ctl-title story-24185\" aria-label=\"2\">3<\/div><!-- Story Description --><div class=\"ctl-description\"><p>Integracja sp\u00f3\u0142ki ZREW (Polska), specjalizuj\u0105cej si\u0119 w transformatorach mocy.<\/p>\n<p>&nbsp;<\/p>\n<\/div><\/div><\/div><!-- Story Year Section --><div data-cls=\"sc-nv-light vertical\" class=\"timeline-year scrollable-section ctl-year ctl-year-container light-year\" data-section-title=\"2014\" id=\"year-2014\"><div class=\"ctl-year-label ctl-year-text\"><span>2014<\/span><\/div><\/div><!-- Timeline Content --><div  id=\"ctl-story-24179\" class=\"ctl-story ctl-story-dot-icon odd ctl-story-right\" data-aos=\"fadeInUp\"   data-story-index=\"7\" role=\"article\"><!-- Story Date --><div class=\"ctl-labels\"><div class=\"ctl-label-big story-date\">2014<\/div><\/div><!-- Story IconDot --><div class=\"ctl-icondot\"><\/div> <!-- Story Arrow --><div class=\"ctl-arrow\"><\/div><!-- Story Content --><div class=\"ctl-content\"><!-- Story Title --><div class=\"ctl-title story-24179\" aria-label=\"2\">2<\/div><!-- Story Description --><div class=\"ctl-description\"><p>Przej\u0119cie SERW (Czechy), eksperta w dziedzinie aparatury \u0142\u0105czeniowej \u015bredniego i wysokiego napi\u0119cia.<\/p>\n<p>&nbsp;<\/p>\n<\/div><\/div><\/div><!-- Story Year Section --><div data-cls=\"sc-nv-light vertical\" class=\"timeline-year scrollable-section ctl-year ctl-year-container light-year\" data-section-title=\"2012\" id=\"year-2012\"><div class=\"ctl-year-label ctl-year-text\"><span>2012<\/span><\/div><\/div><!-- Timeline Content --><div  id=\"ctl-story-24171\" class=\"ctl-story ctl-story-dot-icon even ctl-story-right\" data-aos=\"fadeInUp\"   data-story-index=\"8\" role=\"article\"><!-- Story Date --><div class=\"ctl-labels\"><div class=\"ctl-label-big story-date\">2012<\/div><\/div><!-- Story IconDot --><div class=\"ctl-icondot\"><\/div> <!-- Story Arrow --><div class=\"ctl-arrow\"><\/div><!-- Story Content --><div class=\"ctl-content\"><!-- Story Title --><div class=\"ctl-title story-24171\" aria-label=\"2\">1<\/div><!-- Story Description --><div class=\"ctl-description\"><p>Powstanie obecnej Grupy R&amp;S poprzez przej\u0119cie tradycyjnej szwajcarskiej firmy Rauscher &amp; Stoecklin, specjalizuj\u0105cej si\u0119 w produkcji olejowych transformator\u00f3w rozdzielczych i podzespo\u0142\u00f3w elektrycznych.<\/p>\n<p>&nbsp;<\/p>\n<\/div><\/div><\/div>\t\t\t\t\t<\/div>\n\t\t\t\t\t<div class=\"ctl-end\"><\/div>\n\t\t\t\t\t\t\t\t\t<\/div>\n\t\t\t<\/div>\n\t\t\t[\/vc_column_inner][\/vc_row_inner][\/vc_column][\/vc_row][vc_row apress_enable_row_overlay=&#8221;&#8221; css=&#8221;.vc_custom_1702468668816{padding-bottom: 50px !important;background-position: center !important;background-repeat: no-repeat !important;background-size: cover !important;}&#8221; el_class=&#8221;map-row&#8221;][vc_column css=&#8221;.vc_custom_1570530079001{margin-bottom: 0px !important;}&#8221;][apress_heading sub_title=&#8221;&#8221; enable_delimiter=&#8221;&#8221; color_scheme=&#8221;color_scheme1&#8243; style=&#8221;heading_style1&#8243; title_font_options=&#8221;tag:h2|font_size:35|line_height:50|letter_spacing:1&#8243; subtitle_font_options=&#8221;tag:div&#8221; subheading_margin=&#8221;margin-bottom:70&#8243;]Nasze lokalizacje[\/apress_heading]<div class=\"ult-spacer spacer-69edd0d3a519e\" data-id=\"69edd0d3a519e\" data-height=\"30\" data-height-mobile=\"30\" data-height-tab=\"30\" data-height-tab-portrait=\"\" data-height-mobile-landscape=\"\" style=\"clear:both;display:block;\"><\/div><div class=\"ult-spacer spacer-69edd0d3a5213\" data-id=\"69edd0d3a5213\" data-height=\"30\" data-height-mobile=\"30\" data-height-tab=\"30\" data-height-tab-portrait=\"\" data-height-mobile-landscape=\"\" style=\"clear:both;display:block;\"><\/div>[vc_column_text css=&#8221;.vc_custom_1758776757127{margin-bottom: 0px !important;}&#8221;]<div id=\"mapsvg-9118\" data-id=\"9118\" class=\"mapsvg\" data-autoload=\"true\" data-load-db=\"true\" data-loading-text=\"Loading map...\" style=\"width: 100%; height: 0; padding-bottom: 48.68%\"><\/div>[\/vc_column_text][\/vc_column][\/vc_row]<\/p>\n<\/div>","protected":false},"excerpt":{"rendered":"<p>[vc_section full_width=&#8221;stretch_row&#8221; content_placement=&#8221;middle&#8221; min_height=&#8221;480&#8243; css=&#8221;.vc_custom_1759580409226{background-image: url(https:\/\/the-rsgroup.com\/wp-content\/uploads\/2019\/11\/DSC01021_smaller-scaled.jpg?id=3941) !important;background-position: center !important;background-repeat: no-repeat !important;background-size: cover !important;}&#8221; el_class=&#8221;inner-page-banner-section&#8221;][vc_row][vc_column][apress_heading sub_title=&#8221;Silna i niezwykle ambitna grupa&#8221; content_alignment=&#8221;left&#8221; data_animation=&#8221;fadeInRight&#8221; enable_delimiter=&#8221;&#8221; style=&#8221;heading_style1&#8243; title_font_options=&#8221;tag:h1&#8243; subtitle_font_options=&#8221;tag:div&#8221;]O nas[\/apress_heading][\/vc_column][\/vc_row][\/vc_section][vc_row css=&#8221;.vc_custom_1754312742321{padding-top: 80px !important;padding-bottom: 50px !important;}&#8221;][vc_column apress_zindex=&#8221;9&#8243; css=&#8221;.vc_custom_1702308806458{padding-top: 0px !important;padding-bottom: 0px !important;}&#8221; el_class=&#8221;custom_sidebar high_zIndex&#8221;][apress_heading sub_title=&#8221;&#8221;&hellip;<\/p>\n","protected":false},"author":5,"featured_media":0,"parent":8015,"menu_order":0,"comment_status":"closed","ping_status":"closed","template":"template-fullwidth-page.php","meta":{"_acf_changed":false,"_monsterinsights_skip_tracking":false,"_monsterinsights_sitenote_active":false,"_monsterinsights_sitenote_note":"","_monsterinsights_sitenote_category":0,"footnotes":""},"class_list":["post-8025","page","type-page","status-publish","hentry"],"acf":[],"_links":{"self":[{"href":"https:\/\/the-rsgroup.com\/pl\/wp-json\/wp\/v2\/pages\/8025","targetHints":{"allow":["GET"]}}],"collection":[{"href":"https:\/\/the-rsgroup.com\/pl\/wp-json\/wp\/v2\/pages"}],"about":[{"href":"https:\/\/the-rsgroup.com\/pl\/wp-json\/wp\/v2\/types\/page"}],"author":[{"embeddable":true,"href":"https:\/\/the-rsgroup.com\/pl\/wp-json\/wp\/v2\/users\/5"}],"replies":[{"embeddable":true,"href":"https:\/\/the-rsgroup.com\/pl\/wp-json\/wp\/v2\/comments?post=8025"}],"version-history":[{"count":39,"href":"https:\/\/the-rsgroup.com\/pl\/wp-json\/wp\/v2\/pages\/8025\/revisions"}],"predecessor-version":[{"id":35756,"href":"https:\/\/the-rsgroup.com\/pl\/wp-json\/wp\/v2\/pages\/8025\/revisions\/35756"}],"up":[{"embeddable":true,"href":"https:\/\/the-rsgroup.com\/pl\/wp-json\/wp\/v2\/pages\/8015"}],"wp:attachment":[{"href":"https:\/\/the-rsgroup.com\/pl\/wp-json\/wp\/v2\/media?parent=8025"}],"curies":[{"name":"wp","href":"https:\/\/api.w.org\/{rel}","templated":true}]}}