{"id":8055,"date":"2020-01-30T10:43:38","date_gmt":"2020-01-30T10:43:38","guid":{"rendered":"http:\/\/the-rsgroup.com\/praca\/rs-jako-pracodawca"},"modified":"2025-11-18T11:02:32","modified_gmt":"2025-11-18T11:02:32","slug":"rs-jako-pracodawca","status":"publish","type":"page","link":"https:\/\/the-rsgroup.com\/pl\/praca\/rs-jako-pracodawca\/","title":{"rendered":"R&#038;S jako pracodawca"},"content":{"rendered":"<div class=\"wpb-content-wrapper\"><p>[vc_section full_width=&#8221;stretch_row&#8221; content_placement=&#8221;middle&#8221; min_height=&#8221;480&#8243; css=&#8221;.vc_custom_1759585488217{background-image: url(https:\/\/the-rsgroup.com\/wp-content\/uploads\/2019\/12\/rs-employees-communicating.jpg?id=5076) !important;background-position: center !important;background-repeat: no-repeat !important;background-size: cover !important;}&#8221; el_class=&#8221;inner-page-banner-section&#8221;][vc_row][vc_column][apress_heading sub_title=&#8221;Wspieramy r\u00f3\u017cnorodno\u015b\u0107&#8221; content_alignment=&#8221;left&#8221; data_animation=&#8221;fadeInRight&#8221; enable_delimiter=&#8221;&#8221; style=&#8221;heading_style1&#8243; title_font_options=&#8221;tag:h1&#8243; subtitle_font_options=&#8221;tag:div&#8221;]R&amp;S jako pracodawca[\/apress_heading][\/vc_column][\/vc_row][\/vc_section][vc_row css=&#8221;.vc_custom_1754397038214{padding-top: 80px !important;padding-bottom: 80px !important;}&#8221;][vc_column apress_zindex=&#8221;9&#8243; css=&#8221;.vc_custom_1574377236432{background-color: #ffffff !important;}&#8221; el_class=&#8221;custom_sidebar high_zIndex&#8221;][apress_heading sub_title=&#8221;&#8221; content_alignment=&#8221;left&#8221; enable_delimiter=&#8221;&#8221; color_scheme=&#8221;color_scheme1&#8243; style=&#8221;heading_style6&#8243; title_font_options=&#8221;tag:h2|letter_spacing:0&#8243; subtitle_font_options=&#8221;tag:div|letter_spacing:3&#8243; heading_margin=&#8221;margin-top:10|margin-bottom:30&#8243; class=&#8221;h2-heading-custom&#8221;]Jako mi\u0119dzynarodowa firma szanujemy i wspieramy r\u00f3\u017cnorodno\u015b\u0107, kt\u00f3r\u0105 widzimy w otaczaj\u0105cym nas \u015bwiecie.[\/apress_heading][vc_column_text]Nie musisz pasowa\u0107 do konkretnej formy. Jeste\u015bmy ucz\u0105c\u0105 si\u0119 organizacj\u0105, kt\u00f3ra wspiera kultur\u0119 ci\u0105g\u0142ego podnoszenia kwalifikacji i dzielenia si\u0119 do\u015bwiadczeniem.[\/vc_column_text][\/vc_column][\/vc_row][vc_row apcore_row_stretch_opt=&#8221;stretch_row_and_content&#8221; full_width=&#8221;stretch_row&#8221; equal_height=&#8221;yes&#8221; el_class=&#8221;full-width-half-content&#8221; css=&#8221;.vc_custom_1753947166731{padding-top: 0px !important;padding-bottom: 0px !important;}&#8221;][vc_column width=&#8221;1\/2&#8243;][vc_single_image image=&#8221;5257&#8243; img_size=&#8221;full&#8221; css=&#8221;.vc_custom_1754396698355{padding-top: 0px !important;padding-right: 0px !important;padding-bottom: 0px !important;padding-left: 0px !important;}&#8221;][\/vc_column][vc_column width=&#8221;1\/2&#8243; el_class=&#8221;half-content-column&#8221;][apress_heading sub_title=&#8221;&#8221; content_alignment=&#8221;left&#8221; enable_delimiter=&#8221;&#8221; color_scheme=&#8221;color_scheme2&#8243; style=&#8221;heading_style5&#8243; title_font_options=&#8221;tag:h2&#8243; subtitle_font_options=&#8221;tag:div&#8221; heading_margin=&#8221;margin-top:10|margin-bottom:30&#8243;]Dbaj o sw\u00f3j rozw\u00f3j \u2013 pomo\u017cemy Ci w rozwijaniu umiej\u0119tno\u015bci![\/apress_heading]<div class=\"ult-spacer spacer-69ecb58a24690\" data-id=\"69ecb58a24690\" data-height=\"20\" data-height-mobile=\"20\" data-height-tab=\"20\" data-height-tab-portrait=\"\" data-height-mobile-landscape=\"\" style=\"clear:both;display:block;\"><\/div>[vc_column_text css=&#8221;&#8221;]Wiemy, \u017ce nasi pracownicy to nasz najcenniejszy zas\u00f3b. Dlatego zach\u0119camy ich do ci\u0105g\u0142ego rozwoju i realizacji osobistych cel\u00f3w. Obecno\u015b\u0107 na ca\u0142ym \u015bwiecie oznacza, \u017ce mo\u017cemy korzysta\u0107 z wielu globalnych mo\u017cliwo\u015bci.[\/vc_column_text][\/vc_column][\/vc_row][vc_row apcore_row_stretch_opt=&#8221;stretch_row_and_content&#8221; full_width=&#8221;stretch_row&#8221; equal_height=&#8221;yes&#8221; el_class=&#8221;full-width-half-content&#8221; css=&#8221;.vc_custom_1763463745256{padding-top: 0px !important;padding-bottom: 0px !important;}&#8221; el_id=&#8221;col-reverse&#8221;][vc_column width=&#8221;1\/2&#8243; el_class=&#8221;half-content-column&#8221;][apress_heading sub_title=&#8221;&#8221; content_alignment=&#8221;left&#8221; enable_delimiter=&#8221;&#8221; color_scheme=&#8221;color_scheme2&#8243; style=&#8221;heading_style5&#8243; title_font_options=&#8221;tag:h2&#8243; subtitle_font_options=&#8221;tag:div&#8221; heading_margin=&#8221;margin-top:10|margin-bottom:30&#8243;]Motywuj\u0105ce warunki pracy[\/apress_heading]<div class=\"ult-spacer spacer-69ecb58a24723\" data-id=\"69ecb58a24723\" data-height=\"20\" data-height-mobile=\"20\" data-height-tab=\"20\" data-height-tab-portrait=\"\" data-height-mobile-landscape=\"\" style=\"clear:both;display:block;\"><\/div>[vc_column_text css=&#8221;&#8221;]Dobre warunki pracy przyczyniaj\u0105 si\u0119 do satysfakcji pracownik\u00f3w. Organizuj\u0105c regularne wydarzenia, takie jak kursy gotowania lub wyzwania typu \u201eprzyjazdy do pracy na rowerze\u201d, budujemy przyjazn\u0105 atmosfer\u0119, w kt\u00f3rej pracuje si\u0119 przyjemnie ka\u017cdego dnia. Dzi\u0119ki naszym podstawowym warto\u015bciom wszyscy s\u0105 na tym samym poziomie:<\/p>\n<ul>\n<li>Wsp\u00f3\u0142praca: Jeste\u015bmy firm\u0105, kt\u00f3ra szybko reaguje na potrzeby klient\u00f3w, pracuje zespo\u0142owo, ceni pokor\u0119 i szacunek, a tak\u017ce zawsze d\u0105\u017cy do tworzenia lepszych rozwi\u0105za\u0144.<\/li>\n<li>Kunszt: Z pasj\u0105 opracowujemy i wytwarzamy nasze produkty, dbaj\u0105c o wysok\u0105 jako\u015b\u0107 i doskona\u0142o\u015b\u0107 techniczn\u0105.<\/li>\n<li>Niezawodno\u015b\u0107: Spe\u0142niamy oczekiwania i dotrzymujemy obietnic poprzez nasze post\u0119powanie i jako\u015b\u0107 produkt\u00f3w.<\/li>\n<li>Uczciwo\u015b\u0107: Budujemy zaufanie, dbaj\u0105c o rzetelno\u015b\u0107 i zgodno\u015b\u0107 we wszystkim, co robimy.<\/li>\n<li>Zr\u00f3wnowa\u017cony rozw\u00f3j: Staramy si\u0119 czyni\u0107 \u015bwiat lepszym, zwracaj\u0105c uwag\u0119 na bezpiecze\u0144stwo i ochron\u0119 \u015brodowiska.<\/li>\n<\/ul>\n<p>[\/vc_column_text][\/vc_column][vc_column width=&#8221;1\/2&#8243;][vc_single_image image=&#8221;2939&#8243; img_size=&#8221;full&#8221; css=&#8221;.vc_custom_1754396780908{padding-top: 0px !important;padding-right: 0px !important;padding-bottom: 0px !important;padding-left: 0px !important;}&#8221;][\/vc_column][\/vc_row][vc_row apcore_row_stretch_opt=&#8221;stretch_row_and_content&#8221; full_width=&#8221;stretch_row&#8221; equal_height=&#8221;yes&#8221; el_class=&#8221;full-width-half-content&#8221; css=&#8221;.vc_custom_1753947166731{padding-top: 0px !important;padding-bottom: 0px !important;}&#8221;][vc_column width=&#8221;1\/2&#8243;][vc_single_image image=&#8221;2932&#8243; img_size=&#8221;full&#8221; css=&#8221;.vc_custom_1754396862401{padding-top: 0px !important;padding-right: 0px !important;padding-bottom: 0px !important;padding-left: 0px !important;}&#8221;][\/vc_column][vc_column width=&#8221;1\/2&#8243; el_class=&#8221;half-content-column&#8221;][apress_heading sub_title=&#8221;&#8221; content_alignment=&#8221;left&#8221; enable_delimiter=&#8221;&#8221; color_scheme=&#8221;color_scheme2&#8243; style=&#8221;heading_style5&#8243; title_font_options=&#8221;tag:h2&#8243; subtitle_font_options=&#8221;tag:div&#8221; heading_margin=&#8221;margin-top:10|margin-bottom:30&#8243;]Wspania\u0142e mo\u017cliwo\u015bci dla m\u0142odych ludzi[\/apress_heading]<div class=\"ult-spacer spacer-69ecb58a24766\" data-id=\"69ecb58a24766\" data-height=\"20\" data-height-mobile=\"20\" data-height-tab=\"20\" data-height-tab-portrait=\"\" data-height-mobile-landscape=\"\" style=\"clear:both;display:block;\"><\/div>[vc_column_text css=&#8221;&#8221;]Czy chcesz wykorzysta\u0107 swoj\u0105 edukacj\u0119? Oferujemy mi\u0119dzynarodowe \u015brodowisko pracy i r\u00f3\u017cne stanowiska dla student\u00f3w, absolwent\u00f3w i praktykant\u00f3w. Poka\u017c nam co potrafisz i wykorzystaj szans\u0119, aby zdoby\u0107 nowe kwalifikacje i kontakty bran\u017cowe na ca\u0142ym \u015bwiecie. W R&amp;S chcemy pozna\u0107 Twoje \u015bwie\u017ce, innowacyjne pomys\u0142y.[\/vc_column_text][\/vc_column][\/vc_row][vc_row full_width=&#8221;stretch_row&#8221; equal_height=&#8221;yes&#8221; css=&#8221;.vc_custom_1751369662705{padding-top: 80px !important;padding-bottom: 100px !important;background-color: #F2F2F2 !important;}&#8221; el_class=&#8221;testimonial-wrap&#8221;][vc_column centered_text=&#8221;true&#8221;][vc_row_inner gap=&#8221;30&#8243; el_class=&#8221;testimonial-wrap-row&#8221;][vc_column_inner width=&#8221;1\/6&#8243;][vc_single_image image=&#8221;21746&#8243; img_size=&#8221;full&#8221; alignment=&#8221;right&#8221; css=&#8221;&#8221;][\/vc_column_inner][vc_column_inner width=&#8221;5\/6&#8243;][vc_column_text css=&#8221;&#8221;]<\/p>\n<p class=\"quotation\">W mojej pracy jest wspania\u0142a r\u00f3\u017cnorodno\u015b\u0107. Sp\u0119dzi\u0142em ponad cztery lata w Dubaju, mie\u015bcie pe\u0142nym \u017cycia, kt\u00f3re oferuje wiele mo\u017cliwo\u015bci. Teraz wr\u00f3ci\u0142em do W\u0142och, gdzie mog\u0119 wykorzystywa\u0107 nabyte umiej\u0119tno\u015bci i dalej si\u0119 rozwija\u0107. Bardzo mnie to cieszy!<\/p>\n<p><strong>Luca Procino \u2013 kierownik sprzeda\u017cy odpowiedzialny za Bliski Wsch\u00f3d<\/strong>[\/vc_column_text][\/vc_column_inner][\/vc_row_inner][vc_row_inner gap=&#8221;30&#8243; el_class=&#8221;testimonial-wrap-row&#8221; css=&#8221;.vc_custom_1754399966544{margin-top: 50px !important;}&#8221;][vc_column_inner width=&#8221;1\/6&#8243;][vc_single_image image=&#8221;21746&#8243; img_size=&#8221;full&#8221; alignment=&#8221;right&#8221; css=&#8221;&#8221;][\/vc_column_inner][vc_column_inner width=&#8221;5\/6&#8243;][vc_column_text css=&#8221;&#8221;]<\/p>\n<p class=\"quotation\">The comprehensive support I receive from my supervisor and my colleagues means I not only learn about electrical engineering, but also develop my social circle. This allows me to apply what I learn outside of my apprenticeship too.<\/p>\n<p><strong>Robin Imhof &#8211; Engineering Apprentice<\/strong>[\/vc_column_text][\/vc_column_inner][\/vc_row_inner]<div class=\"ult-spacer spacer-69ecb58a247aa\" data-id=\"69ecb58a247aa\" data-height=\"80\" data-height-mobile=\"80\" data-height-tab=\"80\" data-height-tab-portrait=\"\" data-height-mobile-landscape=\"\" style=\"clear:both;display:block;\"><\/div>[apress_button button_text=&#8221;Zapoznaj si\u0119 z naszymi ofertami pracy&#8221; button_size=&#8221;medium&#8221; button_alignment=&#8221;center&#8221; box_shadow=&#8221;box_shadow_enable:disable|shadow_horizontal:1|shadow_vertical:2|shadow_blur:4|shadow_spread:0|box_shadow_color:rgba(0%2C0%2C0%2C0.2)&#8221; box_hover_shadow=&#8221;box_shadow_enable:disable|shadow_horizontal:2|shadow_vertical:2|shadow_blur:7|shadow_spread:0|box_shadow_color:rgba(0%2C0%2C0%2C0.2)&#8221; button_swing=&#8221;yes&#8221; button_shape=&#8221;square&#8221; button_link=&#8221;url:%2Fpl%2Fpraca%2Foferty-pracy%2F|title:Reference%20projects&#8221;][\/vc_column][\/vc_row]<\/p>\n<\/div>","protected":false},"excerpt":{"rendered":"<p>[vc_section full_width=&#8221;stretch_row&#8221; content_placement=&#8221;middle&#8221; min_height=&#8221;480&#8243; css=&#8221;.vc_custom_1759585488217{background-image: url(https:\/\/the-rsgroup.com\/wp-content\/uploads\/2019\/12\/rs-employees-communicating.jpg?id=5076) !important;background-position: center !important;background-repeat: no-repeat !important;background-size: cover !important;}&#8221; el_class=&#8221;inner-page-banner-section&#8221;][vc_row][vc_column][apress_heading sub_title=&#8221;Wspieramy r\u00f3\u017cnorodno\u015b\u0107&#8221; content_alignment=&#8221;left&#8221; data_animation=&#8221;fadeInRight&#8221; enable_delimiter=&#8221;&#8221; style=&#8221;heading_style1&#8243; title_font_options=&#8221;tag:h1&#8243; subtitle_font_options=&#8221;tag:div&#8221;]R&amp;S jako pracodawca[\/apress_heading][\/vc_column][\/vc_row][\/vc_section][vc_row css=&#8221;.vc_custom_1754397038214{padding-top: 80px !important;padding-bottom: 80px !important;}&#8221;][vc_column apress_zindex=&#8221;9&#8243; css=&#8221;.vc_custom_1574377236432{background-color: #ffffff !important;}&#8221; el_class=&#8221;custom_sidebar high_zIndex&#8221;][apress_heading sub_title=&#8221;&#8221; content_alignment=&#8221;left&#8221; enable_delimiter=&#8221;&#8221; color_scheme=&#8221;color_scheme1&#8243; style=&#8221;heading_style6&#8243;&hellip;<\/p>\n","protected":false},"author":1,"featured_media":0,"parent":8035,"menu_order":0,"comment_status":"closed","ping_status":"closed","template":"template-fullwidth-page.php","meta":{"_acf_changed":false,"_monsterinsights_skip_tracking":false,"_monsterinsights_sitenote_active":false,"_monsterinsights_sitenote_note":"","_monsterinsights_sitenote_category":0,"footnotes":""},"class_list":["post-8055","page","type-page","status-publish","hentry"],"acf":[],"_links":{"self":[{"href":"https:\/\/the-rsgroup.com\/pl\/wp-json\/wp\/v2\/pages\/8055","targetHints":{"allow":["GET"]}}],"collection":[{"href":"https:\/\/the-rsgroup.com\/pl\/wp-json\/wp\/v2\/pages"}],"about":[{"href":"https:\/\/the-rsgroup.com\/pl\/wp-json\/wp\/v2\/types\/page"}],"author":[{"embeddable":true,"href":"https:\/\/the-rsgroup.com\/pl\/wp-json\/wp\/v2\/users\/1"}],"replies":[{"embeddable":true,"href":"https:\/\/the-rsgroup.com\/pl\/wp-json\/wp\/v2\/comments?post=8055"}],"version-history":[{"count":11,"href":"https:\/\/the-rsgroup.com\/pl\/wp-json\/wp\/v2\/pages\/8055\/revisions"}],"predecessor-version":[{"id":27196,"href":"https:\/\/the-rsgroup.com\/pl\/wp-json\/wp\/v2\/pages\/8055\/revisions\/27196"}],"up":[{"embeddable":true,"href":"https:\/\/the-rsgroup.com\/pl\/wp-json\/wp\/v2\/pages\/8035"}],"wp:attachment":[{"href":"https:\/\/the-rsgroup.com\/pl\/wp-json\/wp\/v2\/media?parent=8055"}],"curies":[{"name":"wp","href":"https:\/\/api.w.org\/{rel}","templated":true}]}}