{"id":8075,"date":"2020-01-30T11:05:56","date_gmt":"2020-01-30T11:05:56","guid":{"rendered":"http:\/\/the-rsgroup.com\/przemysly"},"modified":"2025-12-22T13:13:49","modified_gmt":"2025-12-22T13:13:49","slug":"przemysly","status":"publish","type":"page","link":"https:\/\/the-rsgroup.com\/pl\/przemysly\/","title":{"rendered":"Przemys\u0142y"},"content":{"rendered":"<div class=\"wpb-content-wrapper\"><p>[vc_section full_width=&#8221;stretch_row&#8221; content_placement=&#8221;middle&#8221; min_height=&#8221;480&#8243; css=&#8221;.vc_custom_1751266011847{background-image: url(https:\/\/the-rsgroup.com\/wp-content\/uploads\/2025\/04\/industry-banner.jpg?id=21545) !important;background-position: center !important;background-repeat: no-repeat !important;background-size: cover !important;}&#8221; el_class=&#8221;inner-page-banner-section&#8221;][vc_row][vc_column][apress_heading sub_title=&#8221;Twoje wyzwania to nasza pasja&#8221; content_alignment=&#8221;left&#8221; data_animation=&#8221;fadeInRight&#8221; enable_delimiter=&#8221;&#8221; style=&#8221;heading_style1&#8243; title_font_options=&#8221;tag:h1&#8243; subtitle_font_options=&#8221;tag:div&#8221;]Przemys\u0142y[\/apress_heading][\/vc_column][\/vc_row][\/vc_section][vc_row full_width=&#8221;stretch_row&#8221; content_placement=&#8221;middle&#8221; css=&#8221;.vc_custom_1763468289413{padding-top: 20px !important;padding-bottom: 40px !important;background-color: #FFFFFF !important;background-position: center !important;background-repeat: no-repeat !important;background-size: cover !important;}&#8221; min_height=&#8221;480&#8243; el_class=&#8221;page-title-section mx-0&#8243; el_id=&#8221;indus_row2&#8243; responsive_css=&#8221;padding_top_smartphones:0px|padding_top_small:0px&#8221;][vc_column apress_zindex=&#8221;9&#8243; el_class=&#8221;custom_sidebar high_zIndex&#8221;][apress_heading sub_title=&#8221;&#8221; content_alignment=&#8221;left&#8221; enable_delimiter=&#8221;&#8221; color_scheme=&#8221;design_your_own&#8221; main_heading_color=&#8221;#6980B4&#8243; style=&#8221;heading_style1&#8243; title_font_options=&#8221;tag:h2|font_size:46|line_height:50|letter_spacing:1&#8243; subtitle_font_options=&#8221;tag:div|color:%23ffffff&#8221; heading_margin=&#8221;margin-top:10|margin-bottom:30&#8243; class=&#8221;h2-heading-custom&#8221;]Dzi\u0119ki naszym wysokiej jako\u015bci produktom jeste\u015bmy zaufanym partnerem dla klient\u00f3w z sektora energetycznego na ca\u0142ym \u015bwiecie.[\/apress_heading][\/vc_column][\/vc_row][vc_row apcore_row_stretch_opt=&#8221;stretch_row_and_content&#8221; full_width=&#8221;stretch_row_content_no_spaces&#8221; content_placement=&#8221;middle&#8221; css=&#8221;.vc_custom_1747141675568{padding-top: 0px !important;padding-bottom: 0px !important;background-color: #F2F2F2 !important;}&#8221; el_class=&#8221;full-width-image-section&#8221;][vc_column width=&#8221;1\/2&#8243; css=&#8221;.vc_custom_1747995257510{padding-top: 0px !important;padding-bottom: 0px !important;}&#8221; el_class=&#8221;img_col&#8221;][vc_single_image image=&#8221;3952&#8243; img_size=&#8221;full&#8221; css=&#8221;&#8221;][\/vc_column][vc_column width=&#8221;1\/2&#8243; el_class=&#8221;col_content&#8221;][vc_row_inner css=&#8221;.vc_custom_1755445598875{padding-top: 60px !important;padding-right: 60px !important;padding-bottom: 60px !important;padding-left: 60px !important;}&#8221; responsive_css=&#8221;padding_top_smartphones:30px|padding_top_small:40px&#8221; el_class=&#8221;left-right-content&#8221;][vc_column_inner][vc_column_text css=&#8221;&#8221;]<\/p>\n<h3>Dystrybucja energii<\/h3>\n<p>Nie da si\u0119 unikn\u0105\u0107 zmian w sektorze dystrybucji energii. Oferujemy pomoc w procesie tworzenia wydajnej i inteligentnej sieci.<\/p>\n<p><a href=\"https:\/\/the-rsgroup.com\/pl\/przemysly\/dystrybucja-energii\/\">Dowiedz si\u0119 wi\u0119cej<\/a>[\/vc_column_text][\/vc_column_inner][\/vc_row_inner][\/vc_column][\/vc_row][vc_row apcore_row_stretch_opt=&#8221;stretch_row_and_content&#8221; full_width=&#8221;stretch_row_content_no_spaces&#8221; content_placement=&#8221;middle&#8221; apress_column_reverse=&#8221;yes&#8221; css=&#8221;.vc_custom_1755445169057{padding-top: 0px !important;padding-bottom: 0px !important;background-color: #FFFFFF !important;}&#8221; el_class=&#8221;full-width-image-section col_order&#8221;][vc_column width=&#8221;1\/2&#8243; el_class=&#8221;col_content&#8221;][vc_row_inner css=&#8221;.vc_custom_1755445612450{padding-top: 60px !important;padding-right: 60px !important;padding-bottom: 60px !important;padding-left: 60px !important;}&#8221; el_class=&#8221;left-right-content&#8221;][vc_column_inner][vc_column_text css=&#8221;&#8221;]<\/p>\n<h3>\u0179r\u00f3d\u0142a odnawialne<\/h3>\n<p>Zielona energia jest na ustach ca\u0142ego \u015bwiata. Dowiedz si\u0119, jak R&amp;S mo\u017ce pom\u00f3c utworzy\u0107 zr\u00f3wnowa\u017cony system zasilania.<br \/>\n<a href=\"https:\/\/the-rsgroup.com\/pl\/przemysly\/zrodla-odnawialne\/\">Dowiedz si\u0119 wi\u0119cej<\/a>[\/vc_column_text][\/vc_column_inner][\/vc_row_inner][\/vc_column][vc_column width=&#8221;1\/2&#8243; css=&#8221;.vc_custom_1747995252391{padding-top: 0px !important;padding-bottom: 0px !important;}&#8221; el_class=&#8221;img_col&#8221;][vc_single_image image=&#8221;5069&#8243; img_size=&#8221;full&#8221; css=&#8221;&#8221;][\/vc_column][\/vc_row][vc_row apcore_row_stretch_opt=&#8221;stretch_row_and_content&#8221; full_width=&#8221;stretch_row_content_no_spaces&#8221; content_placement=&#8221;middle&#8221; apress_column_reverse=&#8221;yes&#8221; css=&#8221;.vc_custom_1766409222596{padding-top: 0px !important;padding-bottom: 0px !important;background-color: #F2F2F2 !important;}&#8221; el_class=&#8221;full-width-image-section col_order&#8221;][vc_column width=&#8221;1\/2&#8243; css=&#8221;.vc_custom_1747995239755{padding-top: 0px !important;padding-bottom: 0px !important;}&#8221; el_class=&#8221;img_col&#8221;][vc_single_image image=&#8221;5111&#8243; img_size=&#8221;full&#8221; css=&#8221;&#8221;][\/vc_column][vc_column width=&#8221;1\/2&#8243; el_class=&#8221;col_content&#8221;][vc_row_inner css=&#8221;.vc_custom_1755445628490{padding-top: 60px !important;padding-right: 60px !important;padding-bottom: 60px !important;padding-left: 60px !important;}&#8221; el_class=&#8221;left-right-content&#8221;][vc_column_inner][vc_column_text css=&#8221;&#8221;]<\/p>\n<h3>Przemys\u0142<\/h3>\n<p>Efektywno\u015b\u0107 to jeden z g\u0142\u00f3wnych czynnik\u00f3w decyduj\u0105cych o przewadze konkurencyjnej w przemy\u015ble. Dowiedz si\u0119 wi\u0119cej o naszej ofercie w obszarze efektywno\u015bci energetycznej.<br \/>\n<a href=\"https:\/\/the-rsgroup.com\/pl\/przemysly\/przemysl\/\">Dowiedz si\u0119 wi\u0119cej<\/a>[\/vc_column_text][\/vc_column_inner][\/vc_row_inner][\/vc_column][\/vc_row]<\/p>\n<\/div>","protected":false},"excerpt":{"rendered":"<p>[vc_section full_width=&#8221;stretch_row&#8221; content_placement=&#8221;middle&#8221; min_height=&#8221;480&#8243; css=&#8221;.vc_custom_1751266011847{background-image: url(https:\/\/the-rsgroup.com\/wp-content\/uploads\/2025\/04\/industry-banner.jpg?id=21545) !important;background-position: center !important;background-repeat: no-repeat !important;background-size: cover !important;}&#8221; el_class=&#8221;inner-page-banner-section&#8221;][vc_row][vc_column][apress_heading sub_title=&#8221;Twoje wyzwania to nasza pasja&#8221; content_alignment=&#8221;left&#8221; data_animation=&#8221;fadeInRight&#8221; enable_delimiter=&#8221;&#8221; style=&#8221;heading_style1&#8243; title_font_options=&#8221;tag:h1&#8243; subtitle_font_options=&#8221;tag:div&#8221;]Przemys\u0142y[\/apress_heading][\/vc_column][\/vc_row][\/vc_section][vc_row full_width=&#8221;stretch_row&#8221; content_placement=&#8221;middle&#8221; css=&#8221;.vc_custom_1763468289413{padding-top: 20px !important;padding-bottom: 40px !important;background-color: #FFFFFF !important;background-position: center !important;background-repeat: no-repeat !important;background-size: cover !important;}&#8221;&hellip;<\/p>\n","protected":false},"author":1,"featured_media":0,"parent":0,"menu_order":0,"comment_status":"closed","ping_status":"closed","template":"template-fullwidth-page.php","meta":{"_acf_changed":false,"_monsterinsights_skip_tracking":false,"_monsterinsights_sitenote_active":false,"_monsterinsights_sitenote_note":"","_monsterinsights_sitenote_category":0,"footnotes":""},"class_list":["post-8075","page","type-page","status-publish","hentry"],"acf":[],"_links":{"self":[{"href":"https:\/\/the-rsgroup.com\/pl\/wp-json\/wp\/v2\/pages\/8075","targetHints":{"allow":["GET"]}}],"collection":[{"href":"https:\/\/the-rsgroup.com\/pl\/wp-json\/wp\/v2\/pages"}],"about":[{"href":"https:\/\/the-rsgroup.com\/pl\/wp-json\/wp\/v2\/types\/page"}],"author":[{"embeddable":true,"href":"https:\/\/the-rsgroup.com\/pl\/wp-json\/wp\/v2\/users\/1"}],"replies":[{"embeddable":true,"href":"https:\/\/the-rsgroup.com\/pl\/wp-json\/wp\/v2\/comments?post=8075"}],"version-history":[{"count":23,"href":"https:\/\/the-rsgroup.com\/pl\/wp-json\/wp\/v2\/pages\/8075\/revisions"}],"predecessor-version":[{"id":31841,"href":"https:\/\/the-rsgroup.com\/pl\/wp-json\/wp\/v2\/pages\/8075\/revisions\/31841"}],"wp:attachment":[{"href":"https:\/\/the-rsgroup.com\/pl\/wp-json\/wp\/v2\/media?parent=8075"}],"curies":[{"name":"wp","href":"https:\/\/api.w.org\/{rel}","templated":true}]}}