{"id":8125,"date":"2020-01-30T13:35:37","date_gmt":"2020-01-30T13:35:37","guid":{"rendered":"http:\/\/the-rsgroup.com\/przemysly\/transport"},"modified":"2025-10-14T13:33:40","modified_gmt":"2025-10-14T13:33:40","slug":"transport","status":"publish","type":"page","link":"https:\/\/the-rsgroup.com\/pl\/przemysly\/transport\/","title":{"rendered":"Transport"},"content":{"rendered":"<div class=\"wpb-content-wrapper\"><p>[vc_section full_width=&#8221;stretch_row&#8221; content_placement=&#8221;middle&#8221; min_height=&#8221;480&#8243; css=&#8221;.vc_custom_1759588948859{background-image: url(https:\/\/the-rsgroup.com\/wp-content\/uploads\/2019\/12\/railway-electrification.jpg?id=5141) !important;background-position: center !important;background-repeat: no-repeat !important;background-size: cover !important;}&#8221; el_class=&#8221;inner-page-banner-section&#8221;][vc_row][vc_column][apress_heading sub_title=&#8221;Rozwi\u0105zania wspieraj\u0105ce transport i systemy elektromobilno\u015bci przysz\u0142o\u015bci&#8221; content_alignment=&#8221;left&#8221; data_animation=&#8221;fadeInRight&#8221; enable_delimiter=&#8221;&#8221; style=&#8221;heading_style1&#8243; title_font_options=&#8221;tag:h1&#8243; subtitle_font_options=&#8221;tag:div&#8221;]Transport[\/apress_heading][\/vc_column][\/vc_row][\/vc_section][vc_row css=&#8221;.vc_custom_1759589048279{padding-top: 80px !important;padding-bottom: 80px !important;}&#8221;][vc_column apress_zindex=&#8221;9&#8243; css=&#8221;.vc_custom_1754307853633{background-color: #FFFFFF00 !important;}&#8221; el_class=&#8221;custom_sidebar high_zIndex&#8221;][vc_row_inner][vc_column_inner][apress_heading sub_title=&#8221;&#8221; content_alignment=&#8221;left&#8221; enable_delimiter=&#8221;&#8221; color_scheme=&#8221;color_scheme1&#8243; style=&#8221;heading_style6&#8243; title_font_options=&#8221;tag:h2|letter_spacing:0&#8243; subtitle_font_options=&#8221;tag:div|letter_spacing:3&#8243; heading_margin=&#8221;margin-top:10|margin-bottom:30&#8243; class=&#8221;h2-heading-custom&#8221;]Do 2050 roku prawie 70% populacji \u015bwiata b\u0119dzie mieszka\u0142a w miastach. Dzi\u015b warto\u015b\u0107 ta wynosi 54%.[\/apress_heading][\/vc_column_inner][\/vc_row_inner][vc_row_inner gap=&#8221;30&#8243;][vc_column_inner width=&#8221;1\/3&#8243;][vc_single_image image=&#8221;24760&#8243; img_size=&#8221;full&#8221; css=&#8221;&#8221;][\/vc_column_inner][vc_column_inner width=&#8221;2\/3&#8243;][vc_column_text]Na ca\u0142ym \u015bwiecie liczebno\u015b\u0107 mieszka\u0144c\u00f3w miast ro\u015bnie z pr\u0119dko\u015bci\u0105 50 milion\u00f3w rocznie. W efekcie obserwowany jest dynamiczny wzrost inwestycji w infrastruktur\u0119 transportow\u0105, poniewa\u017c miasta chc\u0105 utworzy\u0107 sieci kolejowe i systemy elektromobilno\u015bci zapewniaj\u0105ce niezawodne, zr\u00f3wnowa\u017cone i niedrogie us\u0142ugi.<\/p>\n<p>Dzi\u0119ki wieloletniemu do\u015bwiadczeniu w bran\u017cy elektryfikacji kolei, firma R&amp;S zna wyzwania zwi\u0105zane z tworzeniem nowoczesnych system\u00f3w transportu i mo\u017ce zaoferowa\u0107 niezawodne rozwi\u0105zania, kt\u00f3re pozwol\u0105 spe\u0142ni\u0107 rosn\u0105ce zapotrzebowanie.[\/vc_column_text][\/vc_column_inner][\/vc_row_inner][\/vc_column][\/vc_row][vc_row full_width=&#8221;stretch_row&#8221; equal_height=&#8221;yes&#8221; css=&#8221;.vc_custom_1759588986572{padding-top: 0px !important;padding-bottom: 80px !important;}&#8221;][vc_column][vc_row_inner equal_height=&#8221;yes&#8221; gap=&#8221;35&#8243; el_class=&#8221;looking-trend-section&#8221;][vc_column_inner el_class=&#8221;custom_sidebar&#8221;][apress_gradient_icon_box icon_alignment=&#8221;left&#8221; description=&#8221;Poci\u0105gi szybkobie\u017cne \u0142\u0105cz\u0105ce du\u017ce miasta w Europie i Azji staj\u0105 si\u0119 coraz bardziej popularnym \u015brodkiem transportu. Wzrost zapotrzebowania oznacza, \u017ce operatorzy musz\u0105 stworzy\u0107 wysoce niezawodny i bezpieczny system trakcji kolejowej, aby zwi\u0119kszy\u0107 zasi\u0119g i zdolno\u015bci przewozowe swoich us\u0142ug.&#8221; box_bg_color=&#8221;&#8221; color_scheme=&#8221;gradient_scheme1&#8243; highlight_border_width=&#8221;0&#8243; highlight_border_color=&#8221;&#8221; border_hover_color_scheme=&#8221;gradient_scheme1&#8243; box_hover_shadow=&#8221;box_shadow_enable:disable|shadow_horizontal:0|shadow_vertical:7|shadow_blur:90|shadow_spread:-38|box_shadow_color:rgba(0%2C0%2C0%2C0.1)&#8221; icon_type=&#8221;image&#8221; icon_image=&#8221;21808&#8243; gradient_icon_size=&#8221;80&#8243; style=&#8221;iconbox_style8&#8243; title_font_options=&#8221;tag:h5&#8243; class=&#8221;no-padding&#8221;]Koleje du\u017cych pr\u0119dko\u015bci[\/apress_gradient_icon_box][\/vc_column_inner][\/vc_row_inner][vc_row_inner equal_height=&#8221;yes&#8221; gap=&#8221;35&#8243; el_class=&#8221;looking-trend-section&#8221;][vc_column_inner el_class=&#8221;custom_sidebar&#8221;][apress_gradient_icon_box icon_alignment=&#8221;right&#8221; description=&#8221;Z powodu coraz wi\u0119kszej popularno\u015bci pojazd\u00f3w elektrycznych i przewidywanego wzrostu udzia\u0142u elektromobilno\u015bci w transporcie do 20% do roku 2025, konieczne jest utworzenie rozleg\u0142ej sieci stacji \u0142adowania, dzi\u0119ki kt\u00f3rej podr\u00f3\u017cni b\u0119d\u0105 mogli \u0142adowa\u0107 pojazdy i p\u0142ynnie si\u0119 przemieszcza\u0107.&#8221; box_bg_color=&#8221;&#8221; color_scheme=&#8221;gradient_scheme1&#8243; highlight_border_width=&#8221;0&#8243; highlight_border_color=&#8221;&#8221; border_hover_color_scheme=&#8221;gradient_scheme1&#8243; box_hover_shadow=&#8221;box_shadow_enable:disable|shadow_horizontal:0|shadow_vertical:7|shadow_blur:90|shadow_spread:-38|box_shadow_color:rgba(0%2C0%2C0%2C0.1)&#8221; icon_type=&#8221;image&#8221; icon_image=&#8221;21814&#8243; gradient_icon_size=&#8221;150&#8243; style=&#8221;iconbox_style8&#8243; title_font_options=&#8221;tag:h5&#8243; class=&#8221;no-padding&#8221;]Elektromobilno\u015b\u0107[\/apress_gradient_icon_box][\/vc_column_inner][\/vc_row_inner][\/vc_column][\/vc_row][vc_row full_width=&#8221;stretch_row&#8221; equal_height=&#8221;yes&#8221; css=&#8221;.vc_custom_1751452269035{margin-top: 0px !important;padding-top: 60px !important;padding-bottom: 60px !important;background-image: url(https:\/\/the-rsgroup.com\/wp-content\/uploads\/2025\/07\/bg1.jpg?id=21829) !important;background-position: center !important;background-repeat: no-repeat !important;background-size: cover !important;}&#8221;][vc_column][vc_row_inner css=&#8221;.vc_custom_1751452264802{background-position: center !important;background-repeat: no-repeat !important;background-size: cover !important;}&#8221;][vc_column_inner width=&#8221;1\/2&#8243;][\/vc_column_inner][vc_column_inner width=&#8221;1\/2&#8243;][apress_heading sub_title=&#8221;&#8221; content_alignment=&#8221;left&#8221; enable_delimiter=&#8221;&#8221; color_scheme=&#8221;design_your_own&#8221; main_heading_color=&#8221;#000000&#8243; style=&#8221;heading_style5&#8243; title_font_options=&#8221;tag:h2&#8243; subtitle_font_options=&#8221;tag:div&#8221; heading_margin=&#8221;margin-top:10|margin-bottom:30&#8243;]Rozwi\u0105zujemy problemy, przed kt\u00f3rymi stoj\u0105 nasi klienci[\/apress_heading][vc_column_text css=&#8221;.vc_custom_1759498977704{padding-top: 30px !important;padding-right: 30px !important;padding-bottom: 30px !important;padding-left: 30px !important;background-color: #95999E !important;}&#8221; el_class=&#8221;white-text&#8221;]Wzrost zapotrzebowania wymusza zwi\u0119kszenie efektywno\u015bci. Nasze \u0142\u0105czniki pr\u0105du przemiennego i sta\u0142ego do zastosowa\u0144 w kolei s\u0105 bardzo wydajne. Ich parametry dostosowujemy do wymog\u00f3w konkretnych projekt\u00f3w. \u0141\u0105czniki R&amp;S s\u0105 tak zaprojektowane, aby zapewni\u0107 niezawodne dzia\u0142anie nawet w najtrudniejszych warunkach.<\/p>\n<p>Specjalne \u0142\u0105czniki wysokopr\u0105dowe zapewniaj\u0105 bezpieczn\u0105 i wydajn\u0105 prac\u0119 instalacji na stacjach kolejowych i w zastosowaniach przemys\u0142owych.<\/p>\n<p>Nasze transformatory do prostownik\u00f3w, system\u00f3w trakcyjnych i zastosowa\u0144 w elektromobilno\u015bci gwarantuj\u0105 zasilanie bez przerw.[\/vc_column_text][\/vc_column_inner][\/vc_row_inner][\/vc_column][\/vc_row][vc_row full_width=&#8221;stretch_row&#8221; css=&#8221;.vc_custom_1758533528863{margin-top: 0px !important;padding-top: 0px !important;padding-bottom: 80px !important;background-color: #FFFFFF !important;}&#8221; el_class=&#8221;related-product-info-box&#8221;][vc_column][vc_row_inner][vc_column_inner el_class=&#8221;custom_sidebar&#8221; width=&#8221;1\/3&#8243;]\r\n<!--Image Box Start-->\r\n<div class=\"zolo_imagebox_new_swing new_imagebox_style4\"><div class=\"zolo_imagebox_new_wrapper zolo_imagebox_new_161326950869e9db1ca7c2e new_imagebox_style4 noanimation\" data-animation =\"No Animation\" data-delay =\"500\" data-id =\"zolo_imagebox_new_161326950869e9db1ca7c2e\">\r\n    <a title=\"\u0141\u0105czniki sieci trakcyjnej\" href=\"\/pl\/produkty\/laczniki\/elektryfikacja-kolei\" target=\"_self\" rel=\"\">\r\n    <div class=\"zolo_imagebox_new_box\">\r\n        <div class=\"zolo_thumbnail\" style=\"background:url(https:\/\/the-rsgroup.com\/wp-content\/uploads\/2025\/10\/railway-switches-rs.png) no-repeat center center; -moz-background-size:cover;-webkit-background-size:cover;-o-background-size:cover;-ms-background-size:cover;background-size:cover; height:300px;\"><\/div>\r\n        <div class=\"zolo_imagebox_new_content\">\r\n            <div class=\"zolo_imagebox_new_title_des\">\r\n        <h3 class=\"entry-title zolo_imagebox_new_title\" style=\"color:#000000; \">        \u0141\u0105czniki sieci trakcyjnej <\/h3>                <span class=\"zolo_imagebox_description\" style=\"color:#000000; \">        Poznaj nasze niezawodne \u0142\u0105czniki sieci trakcyjnej do zastosowa\u0144 AC i DC. Maj\u0105c ponad 100 lat do\u015bwiadczenia, mo\u017cemy zaoferowa\u0107 niezawodne dostosowane rozwi\u0105zania. <\/span>        <div class=\"zolo_imagebox_icon_button_element alignment_inline zolo_imagebox_icon_button_161326950869e9db1ca7c2e\"><span class=\"zolo_iconbutton_tag iconbutton_style1 button_style_none\"><span class=\"zolo_button_icon zolo_arrow_icon\"><\/span><\/span><\/div>      <\/div>\r\n    <\/div>\r\n          <\/div>\r\n    <\/a>\r\n  <\/div>\r\n<\/div><!--Image Box End-->\r\n\r\n[\/vc_column_inner][vc_column_inner el_class=&#8221;custom_sidebar&#8221; width=&#8221;1\/3&#8243;]\r\n<!--Image Box Start-->\r\n<div class=\"zolo_imagebox_new_swing new_imagebox_style4\"><div class=\"zolo_imagebox_new_wrapper zolo_imagebox_new_67426719369e9db1ca8b2a new_imagebox_style4 noanimation\" data-animation =\"No Animation\" data-delay =\"500\" data-id =\"zolo_imagebox_new_67426719369e9db1ca8b2a\">\r\n    <a title=\"Przemys\u0142owe \u0142\u0105czniki elektryczne\" href=\"\/pl\/produkty\/przemyslowe-laczniki-elektryczne\" target=\"_self\" rel=\"\">\r\n    <div class=\"zolo_imagebox_new_box\">\r\n        <div class=\"zolo_thumbnail\" style=\"background:url(https:\/\/the-rsgroup.com\/wp-content\/uploads\/2025\/10\/industrial-electrical-connectors-rauscher.jpg) no-repeat center center; -moz-background-size:cover;-webkit-background-size:cover;-o-background-size:cover;-ms-background-size:cover;background-size:cover; height:300px;\"><\/div>\r\n        <div class=\"zolo_imagebox_new_content\">\r\n            <div class=\"zolo_imagebox_new_title_des\">\r\n        <h3 class=\"entry-title zolo_imagebox_new_title\" style=\"color:#000000; \">        Przemys\u0142owe \u0142\u0105czniki elektryczne <\/h3>                <span class=\"zolo_imagebox_description\" style=\"color:#000000; \">        Nasze wytrzyma\u0142e przemys\u0142owe wtyczki i gniazda elektryczne gwarantuj\u0105 maksymalne bezpiecze\u0144stwo i niezawodno\u015b\u0107. <\/span>        <div class=\"zolo_imagebox_icon_button_element alignment_inline zolo_imagebox_icon_button_67426719369e9db1ca8b2a\"><span class=\"zolo_iconbutton_tag iconbutton_style1 button_style_none\"><span class=\"zolo_button_icon zolo_arrow_icon\"><\/span><\/span><\/div>      <\/div>\r\n    <\/div>\r\n          <\/div>\r\n    <\/a>\r\n  <\/div>\r\n<\/div><!--Image Box End-->\r\n\r\n[\/vc_column_inner][vc_column_inner width=&#8221;1\/3&#8243;]\r\n<!--Image Box Start-->\r\n<div class=\"zolo_imagebox_new_swing new_imagebox_style4\"><div class=\"zolo_imagebox_new_wrapper zolo_imagebox_new_143498811669e9db1ca9b4b new_imagebox_style4 noanimation\" data-animation =\"No Animation\" data-delay =\"500\" data-id =\"zolo_imagebox_new_143498811669e9db1ca9b4b\">\r\n    <a title=\"Transformatory rozdzielcze\" href=\"\/pl\/produkty\/transformatory\/transformatory-rozdzielcze\" target=\"_self\" rel=\"\">\r\n    <div class=\"zolo_imagebox_new_box\">\r\n        <div class=\"zolo_thumbnail\" style=\"background:url(https:\/\/the-rsgroup.com\/wp-content\/uploads\/2025\/10\/distribution-transformers-rs.jpg) no-repeat center center; -moz-background-size:cover;-webkit-background-size:cover;-o-background-size:cover;-ms-background-size:cover;background-size:cover; height:300px;\"><\/div>\r\n        <div class=\"zolo_imagebox_new_content\">\r\n            <div class=\"zolo_imagebox_new_title_des\">\r\n        <h3 class=\"entry-title zolo_imagebox_new_title\" style=\"color:#000000; \">        Transformatory rozdzielcze <\/h3>                <span class=\"zolo_imagebox_description\" style=\"color:#000000; \">        Dowiedz si\u0119 wi\u0119cej na temat naszych olejowych transformator\u00f3w rozdzielczych o mocy do 2500 kVA. <\/span>        <div class=\"zolo_imagebox_icon_button_element alignment_inline zolo_imagebox_icon_button_143498811669e9db1ca9b4b\"><span class=\"zolo_iconbutton_tag iconbutton_style1 button_style_none\"><span class=\"zolo_button_icon zolo_arrow_icon\"><\/span><\/span><\/div>      <\/div>\r\n    <\/div>\r\n          <\/div>\r\n    <\/a>\r\n  <\/div>\r\n<\/div><!--Image Box End-->\r\n\r\n[\/vc_column_inner][\/vc_row_inner][vc_row_inner][vc_column_inner el_class=&#8221;custom_sidebar&#8221; width=&#8221;1\/3&#8243;]\r\n<!--Image Box Start-->\r\n<div class=\"zolo_imagebox_new_swing new_imagebox_style4\"><div class=\"zolo_imagebox_new_wrapper zolo_imagebox_new_84324995469e9db1caa572 new_imagebox_style4 noanimation\" data-animation =\"No Animation\" data-delay =\"500\" data-id =\"zolo_imagebox_new_84324995469e9db1caa572\">\r\n    <a title=\"Transformatory mocy\" href=\"\/pl\/produkty\/transformatory\/transformatory-mocy\" target=\"_self\" rel=\"\">\r\n    <div class=\"zolo_imagebox_new_box\">\r\n        <div class=\"zolo_thumbnail\" style=\"background:url(https:\/\/the-rsgroup.com\/wp-content\/uploads\/2025\/10\/power-transformer-zrew-1.jpg) no-repeat center center; -moz-background-size:cover;-webkit-background-size:cover;-o-background-size:cover;-ms-background-size:cover;background-size:cover; height:300px;\"><\/div>\r\n        <div class=\"zolo_imagebox_new_content\">\r\n            <div class=\"zolo_imagebox_new_title_des\">\r\n        <h3 class=\"entry-title zolo_imagebox_new_title\" style=\"color:#000000; \">        Transformatory mocy <\/h3>                <span class=\"zolo_imagebox_description\" style=\"color:#000000; \">        Produkujemy wysokowydajne transformatory o mocy do 120 MVA. <\/span>        <div class=\"zolo_imagebox_icon_button_element alignment_inline zolo_imagebox_icon_button_84324995469e9db1caa572\"><span class=\"zolo_iconbutton_tag iconbutton_style1 button_style_none\"><span class=\"zolo_button_icon zolo_arrow_icon\"><\/span><\/span><\/div>      <\/div>\r\n    <\/div>\r\n          <\/div>\r\n    <\/a>\r\n  <\/div>\r\n<\/div><!--Image Box End-->\r\n\r\n[\/vc_column_inner][vc_column_inner el_class=&#8221;custom_sidebar&#8221; width=&#8221;1\/3&#8243;]\r\n<!--Image Box Start-->\r\n<div class=\"zolo_imagebox_new_swing new_imagebox_style4\"><div class=\"zolo_imagebox_new_wrapper zolo_imagebox_new_189516728369e9db1cab0ac new_imagebox_style4 noanimation\" data-animation =\"No Animation\" data-delay =\"500\" data-id =\"zolo_imagebox_new_189516728369e9db1cab0ac\">\r\n    <a title=\"Transformatory \u017cywiczne\" href=\"\/pl\/produkty\/transformatory\/transformatory-suche\" target=\"_self\" rel=\"\">\r\n    <div class=\"zolo_imagebox_new_box\">\r\n        <div class=\"zolo_thumbnail\" style=\"background:url(https:\/\/the-rsgroup.com\/wp-content\/uploads\/2025\/10\/Cast-resin-transformer-for-Finland-1.jpg) no-repeat center center; -moz-background-size:cover;-webkit-background-size:cover;-o-background-size:cover;-ms-background-size:cover;background-size:cover; height:300px;\"><\/div>\r\n        <div class=\"zolo_imagebox_new_content\">\r\n            <div class=\"zolo_imagebox_new_title_des\">\r\n        <h3 class=\"entry-title zolo_imagebox_new_title\" style=\"color:#000000; \">        Transformatory \u017cywiczne <\/h3>                <span class=\"zolo_imagebox_description\" style=\"color:#000000; \">        Firma R&amp;S, kt\u00f3ra zainstalowa\u0142a ju\u017c ponad 100 000 transformator\u00f3w, oferuje najlepsze w swojej klasie transformatory \u017cywiczne o mocy do 20 MVA. <\/span>        <div class=\"zolo_imagebox_icon_button_element alignment_inline zolo_imagebox_icon_button_189516728369e9db1cab0ac\"><span class=\"zolo_iconbutton_tag iconbutton_style1 button_style_none\"><span class=\"zolo_button_icon zolo_arrow_icon\"><\/span><\/span><\/div>      <\/div>\r\n    <\/div>\r\n          <\/div>\r\n    <\/a>\r\n  <\/div>\r\n<\/div><!--Image Box End-->\r\n\r\n[\/vc_column_inner][\/vc_row_inner][\/vc_column][\/vc_row]<\/p>\n<\/div>","protected":false},"excerpt":{"rendered":"<p>[vc_section full_width=&#8221;stretch_row&#8221; content_placement=&#8221;middle&#8221; min_height=&#8221;480&#8243; css=&#8221;.vc_custom_1759588948859{background-image: url(https:\/\/the-rsgroup.com\/wp-content\/uploads\/2019\/12\/railway-electrification.jpg?id=5141) !important;background-position: center !important;background-repeat: no-repeat !important;background-size: cover !important;}&#8221; el_class=&#8221;inner-page-banner-section&#8221;][vc_row][vc_column][apress_heading sub_title=&#8221;Rozwi\u0105zania wspieraj\u0105ce transport i systemy elektromobilno\u015bci przysz\u0142o\u015bci&#8221; content_alignment=&#8221;left&#8221; data_animation=&#8221;fadeInRight&#8221; enable_delimiter=&#8221;&#8221; style=&#8221;heading_style1&#8243; title_font_options=&#8221;tag:h1&#8243; subtitle_font_options=&#8221;tag:div&#8221;]Transport[\/apress_heading][\/vc_column][\/vc_row][\/vc_section][vc_row css=&#8221;.vc_custom_1759589048279{padding-top: 80px !important;padding-bottom: 80px !important;}&#8221;][vc_column apress_zindex=&#8221;9&#8243; css=&#8221;.vc_custom_1754307853633{background-color: #FFFFFF00 !important;}&#8221; el_class=&#8221;custom_sidebar high_zIndex&#8221;][vc_row_inner][vc_column_inner][apress_heading sub_title=&#8221;&#8221; content_alignment=&#8221;left&#8221;&hellip;<\/p>\n","protected":false},"author":1,"featured_media":0,"parent":8075,"menu_order":0,"comment_status":"closed","ping_status":"closed","template":"template-fullwidth-page.php","meta":{"_acf_changed":false,"_monsterinsights_skip_tracking":false,"_monsterinsights_sitenote_active":false,"_monsterinsights_sitenote_note":"","_monsterinsights_sitenote_category":0,"footnotes":""},"class_list":["post-8125","page","type-page","status-publish","hentry"],"acf":[],"_links":{"self":[{"href":"https:\/\/the-rsgroup.com\/pl\/wp-json\/wp\/v2\/pages\/8125","targetHints":{"allow":["GET"]}}],"collection":[{"href":"https:\/\/the-rsgroup.com\/pl\/wp-json\/wp\/v2\/pages"}],"about":[{"href":"https:\/\/the-rsgroup.com\/pl\/wp-json\/wp\/v2\/types\/page"}],"author":[{"embeddable":true,"href":"https:\/\/the-rsgroup.com\/pl\/wp-json\/wp\/v2\/users\/1"}],"replies":[{"embeddable":true,"href":"https:\/\/the-rsgroup.com\/pl\/wp-json\/wp\/v2\/comments?post=8125"}],"version-history":[{"count":11,"href":"https:\/\/the-rsgroup.com\/pl\/wp-json\/wp\/v2\/pages\/8125\/revisions"}],"predecessor-version":[{"id":25711,"href":"https:\/\/the-rsgroup.com\/pl\/wp-json\/wp\/v2\/pages\/8125\/revisions\/25711"}],"up":[{"embeddable":true,"href":"https:\/\/the-rsgroup.com\/pl\/wp-json\/wp\/v2\/pages\/8075"}],"wp:attachment":[{"href":"https:\/\/the-rsgroup.com\/pl\/wp-json\/wp\/v2\/media?parent=8125"}],"curies":[{"name":"wp","href":"https:\/\/api.w.org\/{rel}","templated":true}]}}