{"id":8145,"date":"2020-01-30T13:59:52","date_gmt":"2020-01-30T13:59:52","guid":{"rendered":"http:\/\/the-rsgroup.com\/serwis-informacyjny"},"modified":"2025-10-04T15:00:03","modified_gmt":"2025-10-04T15:00:03","slug":"serwis-informacyjny","status":"publish","type":"page","link":"https:\/\/the-rsgroup.com\/pl\/serwis-informacyjny\/","title":{"rendered":"Serwis informacyjny"},"content":{"rendered":"<div class=\"wpb-content-wrapper\"><p>[vc_section full_width=&#8221;stretch_row&#8221; content_placement=&#8221;middle&#8221; min_height=&#8221;480&#8243; css=&#8221;.vc_custom_1759589684490{background-image: url(https:\/\/the-rsgroup.com\/wp-content\/uploads\/2025\/07\/shutterstock_1295890804_2-scaled.jpg?id=21926) !important;background-position: center !important;background-repeat: no-repeat !important;background-size: cover !important;}&#8221; el_class=&#8221;inner-page-banner-section&#8221;][vc_row][vc_column][apress_heading sub_title=&#8221;Aktualno\u015bci i wydarzenia &#8221; content_alignment=&#8221;left&#8221; data_animation=&#8221;fadeInRight&#8221; enable_delimiter=&#8221;&#8221; style=&#8221;heading_style1&#8243; title_font_options=&#8221;tag:h1&#8243; subtitle_font_options=&#8221;tag:div&#8221;]Serwis informacyjny[\/apress_heading][\/vc_column][\/vc_row][\/vc_section][vc_row equal_height=&#8221;yes&#8221; css=&#8221;.vc_custom_1758536182541{margin-top: 0px !important;margin-bottom: 0px !important;border-bottom-width: 0px !important;padding-top: 80px !important;padding-bottom: 50px !important;}&#8221;][vc_column][apress_heading sub_title=&#8221;W R&amp;S chcemy zapewni\u0107 klientom wszystkie istotne informacje i umo\u017cliwi\u0107 uczestnictwo w organizowanych na ca\u0142ym \u015bwiecie wydarzeniach.&#8221; content_alignment=&#8221;left&#8221; enable_delimiter=&#8221;&#8221; color_scheme=&#8221;color_scheme1&#8243; style=&#8221;heading_style5&#8243; title_font_options=&#8221;tag:h2|letter_spacing:1&#8243; subtitle_font_options=&#8221;tag:div&#8221; subheading_margin=&#8221;margin-top:30|margin-bottom:30&#8243; class=&#8221;h2-heading-custom&#8221;]Poznaj najnowsze wiadomo\u015bci i informacje o wydarzeniach.[\/apress_heading][\/vc_column][\/vc_row][vc_row full_width=&#8221;stretch_row&#8221; css=&#8221;.vc_custom_1758536109418{margin-top: 0px !important;padding-top: 0px !important;padding-bottom: 80px !important;background-color: #FFFFFF !important;}&#8221; el_class=&#8221;related-product-info-box&#8221;][vc_column][vc_row_inner][vc_column_inner el_class=&#8221;custom_sidebar&#8221; width=&#8221;1\/2&#8243;]\r\n<!--Image Box Start-->\r\n<div class=\"zolo_imagebox_new_swing new_imagebox_style4\"><div class=\"zolo_imagebox_new_wrapper zolo_imagebox_new_17298776369ecdfe305917 new_imagebox_style4 noanimation\" data-animation =\"No Animation\" data-delay =\"500\" data-id =\"zolo_imagebox_new_17298776369ecdfe305917\">\r\n    <a title=\"Aktualno\u015bci\" href=\"\/pl\/serwis-informacyjny\/aktualnosci\" target=\"_self\" rel=\"\">\r\n    <div class=\"zolo_imagebox_new_box\">\r\n        <div class=\"zolo_thumbnail\" style=\"background:url(https:\/\/the-rsgroup.com\/wp-content\/uploads\/2019\/09\/shutterstock_667965277_2.jpg) no-repeat center center; -moz-background-size:cover;-webkit-background-size:cover;-o-background-size:cover;-ms-background-size:cover;background-size:cover; height:300px;\"><\/div>\r\n        <div class=\"zolo_imagebox_new_content\">\r\n            <div class=\"zolo_imagebox_new_title_des\">\r\n        <h3 class=\"entry-title zolo_imagebox_new_title\" style=\"color:#000000; \">        Aktualno\u015bci <\/h3>                <span class=\"zolo_imagebox_description\" style=\"color:#000000; \">        Poznaj najnowsze informacje na temat firmy, bie\u017c\u0105cych projekt\u00f3w, nowo\u015bci w ofercie oraz innych przejaw\u00f3w naszej dzia\u0142alno\u015bci. <\/span>        <div class=\"zolo_imagebox_icon_button_element alignment_inline zolo_imagebox_icon_button_17298776369ecdfe305917\"><span class=\"zolo_iconbutton_tag iconbutton_style1 button_style_none\"><span class=\"zolo_button_icon zolo_arrow_icon\"><\/span><\/span><\/div>      <\/div>\r\n    <\/div>\r\n          <\/div>\r\n    <\/a>\r\n  <\/div>\r\n<\/div><!--Image Box End-->\r\n\r\n[\/vc_column_inner][vc_column_inner el_class=&#8221;custom_sidebar&#8221; width=&#8221;1\/2&#8243;]\r\n<!--Image Box Start-->\r\n<div class=\"zolo_imagebox_new_swing new_imagebox_style4\"><div class=\"zolo_imagebox_new_wrapper zolo_imagebox_new_141818768869ecdfe30a766 new_imagebox_style4 noanimation\" data-animation =\"No Animation\" data-delay =\"500\" data-id =\"zolo_imagebox_new_141818768869ecdfe30a766\">\r\n    <a title=\"Wydarzenia\" href=\"\/pl\/serwis-informacyjny\/wydarzenia\" target=\"_self\" rel=\"\">\r\n    <div class=\"zolo_imagebox_new_box\">\r\n        <div class=\"zolo_thumbnail\" style=\"background:url(https:\/\/the-rsgroup.com\/wp-content\/uploads\/2019\/12\/people-talking-at-conference.png) no-repeat center center; -moz-background-size:cover;-webkit-background-size:cover;-o-background-size:cover;-ms-background-size:cover;background-size:cover; height:300px;\"><\/div>\r\n        <div class=\"zolo_imagebox_new_content\">\r\n            <div class=\"zolo_imagebox_new_title_des\">\r\n        <h3 class=\"entry-title zolo_imagebox_new_title\" style=\"color:#000000; \">        Wydarzenia <\/h3>                <span class=\"zolo_imagebox_description\" style=\"color:#000000; \">        Odwied\u017a nas podczas jednego z organizowanych na ca\u0142ym \u015bwiecie wydarze\u0144 i porozmawiaj z naszymi ekspertami m.in. o trendach w bran\u017cy. <\/span>        <div class=\"zolo_imagebox_icon_button_element alignment_inline zolo_imagebox_icon_button_141818768869ecdfe30a766\"><span class=\"zolo_iconbutton_tag iconbutton_style1 button_style_none\"><span class=\"zolo_button_icon zolo_arrow_icon\"><\/span><\/span><\/div>      <\/div>\r\n    <\/div>\r\n          <\/div>\r\n    <\/a>\r\n  <\/div>\r\n<\/div><!--Image Box End-->\r\n\r\n[\/vc_column_inner][\/vc_row_inner][\/vc_column][\/vc_row]<\/p>\n<\/div>","protected":false},"excerpt":{"rendered":"<p>[vc_section full_width=&#8221;stretch_row&#8221; content_placement=&#8221;middle&#8221; min_height=&#8221;480&#8243; css=&#8221;.vc_custom_1759589684490{background-image: url(https:\/\/the-rsgroup.com\/wp-content\/uploads\/2025\/07\/shutterstock_1295890804_2-scaled.jpg?id=21926) !important;background-position: center !important;background-repeat: no-repeat !important;background-size: cover !important;}&#8221; el_class=&#8221;inner-page-banner-section&#8221;][vc_row][vc_column][apress_heading sub_title=&#8221;Aktualno\u015bci i wydarzenia &#8221; content_alignment=&#8221;left&#8221; data_animation=&#8221;fadeInRight&#8221; enable_delimiter=&#8221;&#8221; style=&#8221;heading_style1&#8243; title_font_options=&#8221;tag:h1&#8243; subtitle_font_options=&#8221;tag:div&#8221;]Serwis informacyjny[\/apress_heading][\/vc_column][\/vc_row][\/vc_section][vc_row equal_height=&#8221;yes&#8221; css=&#8221;.vc_custom_1758536182541{margin-top: 0px !important;margin-bottom: 0px !important;border-bottom-width: 0px !important;padding-top: 80px !important;padding-bottom: 50px !important;}&#8221;][vc_column][apress_heading sub_title=&#8221;W R&amp;S chcemy&hellip;<\/p>\n","protected":false},"author":1,"featured_media":0,"parent":0,"menu_order":0,"comment_status":"closed","ping_status":"closed","template":"template-fullwidth-page.php","meta":{"_acf_changed":false,"_monsterinsights_skip_tracking":false,"_monsterinsights_sitenote_active":false,"_monsterinsights_sitenote_note":"","_monsterinsights_sitenote_category":0,"footnotes":""},"class_list":["post-8145","page","type-page","status-publish","hentry"],"acf":[],"_links":{"self":[{"href":"https:\/\/the-rsgroup.com\/pl\/wp-json\/wp\/v2\/pages\/8145","targetHints":{"allow":["GET"]}}],"collection":[{"href":"https:\/\/the-rsgroup.com\/pl\/wp-json\/wp\/v2\/pages"}],"about":[{"href":"https:\/\/the-rsgroup.com\/pl\/wp-json\/wp\/v2\/types\/page"}],"author":[{"embeddable":true,"href":"https:\/\/the-rsgroup.com\/pl\/wp-json\/wp\/v2\/users\/1"}],"replies":[{"embeddable":true,"href":"https:\/\/the-rsgroup.com\/pl\/wp-json\/wp\/v2\/comments?post=8145"}],"version-history":[{"count":5,"href":"https:\/\/the-rsgroup.com\/pl\/wp-json\/wp\/v2\/pages\/8145\/revisions"}],"predecessor-version":[{"id":24975,"href":"https:\/\/the-rsgroup.com\/pl\/wp-json\/wp\/v2\/pages\/8145\/revisions\/24975"}],"wp:attachment":[{"href":"https:\/\/the-rsgroup.com\/pl\/wp-json\/wp\/v2\/media?parent=8145"}],"curies":[{"name":"wp","href":"https:\/\/api.w.org\/{rel}","templated":true}]}}