{"id":8177,"date":"2020-01-30T14:38:42","date_gmt":"2020-01-30T14:38:42","guid":{"rendered":"http:\/\/the-rsgroup.com\/zaopatrzenie"},"modified":"2025-10-04T13:05:39","modified_gmt":"2025-10-04T13:05:39","slug":"zaopatrzenie","status":"publish","type":"page","link":"https:\/\/the-rsgroup.com\/pl\/o\/zaopatrzenie\/","title":{"rendered":"Zaopatrzenie"},"content":{"rendered":"<div class=\"wpb-content-wrapper\"><p>[vc_section full_width=&#8221;stretch_row&#8221; content_placement=&#8221;middle&#8221; min_height=&#8221;480&#8243; css=&#8221;.vc_custom_1759582815459{background-image: url(https:\/\/the-rsgroup.com\/wp-content\/uploads\/2019\/11\/shutterstock_498363907-scaled.jpg?id=3988) !important;background-position: center !important;background-repeat: no-repeat !important;background-size: cover !important;}&#8221; el_class=&#8221;inner-page-banner-section&#8221;][vc_row][vc_column][apress_heading sub_title=&#8221;Chcesz zosta\u0107 naszym dostawc\u0105?&#8221; content_alignment=&#8221;left&#8221; data_animation=&#8221;fadeInRight&#8221; enable_delimiter=&#8221;&#8221; style=&#8221;heading_style1&#8243; title_font_options=&#8221;tag:h1&#8243; subtitle_font_options=&#8221;tag:div&#8221;]Zaopatrzenie[\/apress_heading][\/vc_column][\/vc_row][\/vc_section][vc_row css=&#8221;.vc_custom_1758269897233{padding-top: 80px !important;padding-bottom: 80px !important;}&#8221;][vc_column apress_zindex=&#8221;9&#8243; css=&#8221;.vc_custom_1572440705123{background-color: #ffffff !important;}&#8221; el_class=&#8221;custom_sidebar high_zIndex&#8221;][apress_heading sub_title=&#8221;Dzi\u0119ki obecno\u015bci na ca\u0142ym \u015bwiecie mo\u017cemy budowa\u0107 globaln\u0105 sie\u0107 i wsp\u00f3\u0142pracowa\u0107 z dostawcami w ka\u017cdym regionie. Potrzebujemy silnych i godnych zaufania partner\u00f3w, kt\u00f3rzy podzielaj\u0105 standardy i warto\u015bci najwy\u017cszej jako\u015bci i wydajno\u015bci. Wype\u0142nij formularz poni\u017cej, a my odpowiemy tak szybko, jak to mo\u017cliwe.&#8221; content_alignment=&#8221;left&#8221; enable_delimiter=&#8221;&#8221; color_scheme=&#8221;color_scheme1&#8243; style=&#8221;heading_style1&#8243; title_font_options=&#8221;tag:h2|letter_spacing:1&#8243; subtitle_font_options=&#8221;tag:div&#8221; heading_margin=&#8221;margin-top:10|margin-bottom:30&#8243; class=&#8221;h2-heading-custom&#8221;]Nieustannie poszukujemy najlepszych dostawc\u00f3w.[\/apress_heading][vc_column_text]System zakupowy Grupy R&amp;S zapewnia niezawodne i terminowe dostawy materia\u0142\u00f3w, wyposa\u017cenia technicznego i us\u0142ug. Nasza mi\u0119dzynarodowa pozycja umo\u017cliwia nam budowanie i utrzymywanie silnych relacji i globalnej sieci w celu spe\u0142nienia najwy\u017cszych standard\u00f3w jako\u015bci oraz wymog\u00f3w spo\u0142ecznych i \u015brodowiskowych stawianych przez dostawc\u00f3w. Potrzebujemy silnych i wiarygodnych partner\u00f3w, kt\u00f3rzy identyfikuj\u0105 si\u0119 z naszymi standardami i pomagaj\u0105 nam tworzy\u0107 warto\u015b\u0107 pod wzgl\u0119dem jako\u015bci, koszt\u00f3w, innowacji, zr\u00f3wnowa\u017conego rozwoju i redukcji ryzyka zwi\u0105zanego z realizacj\u0105 zam\u00f3wie\u0144.<\/p>\n<p>Prosz\u0119 wype\u0142ni\u0107 formularz w j\u0119zyku angielskim.[\/vc_column_text][\/vc_column][\/vc_row][vc_row full_width=&#8221;stretch_row&#8221; equal_height=&#8221;yes&#8221; css=&#8221;.vc_custom_1758269988498{margin-top: 0px !important;padding-bottom: 80px !important;}&#8221;][vc_column width=&#8221;1\/6&#8243; centered_text=&#8221;true&#8221;][\/vc_column][vc_column width=&#8221;2\/3&#8243;]\r\n<!--zolo calltoaction Row Start-->\r\n\r\n<div id=\"apress_contactform_1\" class=\"apress_contactform medium_buttton input_field_design_default input_field_shape_default noanimation\" data-animation =\"No Animation\" data-delay =\"500\"> \r\n\t\n<div class=\"wpcf7 no-js\" id=\"wpcf7-f8503-o1\" lang=\"pl-PL\" dir=\"ltr\" data-wpcf7-id=\"8503\">\n<div class=\"screen-reader-response\"><p role=\"status\" aria-live=\"polite\" aria-atomic=\"true\"><\/p> <ul><\/ul><\/div>\n<form action=\"\/pl\/wp-json\/wp\/v2\/pages\/8177#wpcf7-f8503-o1\" method=\"post\" class=\"wpcf7-form init\" aria-label=\"Contact form\" novalidate=\"novalidate\" data-status=\"init\">\n<fieldset class=\"hidden-fields-container\"><input type=\"hidden\" name=\"_wpcf7\" value=\"8503\" \/><input type=\"hidden\" name=\"_wpcf7_version\" value=\"6.1.5\" \/><input type=\"hidden\" name=\"_wpcf7_locale\" value=\"pl_PL\" \/><input type=\"hidden\" name=\"_wpcf7_unit_tag\" value=\"wpcf7-f8503-o1\" \/><input type=\"hidden\" name=\"_wpcf7_container_post\" value=\"0\" \/><input type=\"hidden\" name=\"_wpcf7_posted_data_hash\" value=\"\" \/>\n<\/fieldset>\n<ul class=\"contact_form\">\n\t<li class=\"one_half\">\n\t\t<p><span class=\"wpcf7-form-control-wrap\" data-name=\"company-name\"><input size=\"40\" maxlength=\"400\" class=\"wpcf7-form-control wpcf7-text wpcf7-validates-as-required\" aria-required=\"true\" aria-invalid=\"false\" placeholder=\"Company Name*\" value=\"\" type=\"text\" name=\"company-name\" \/><\/span>\n\t\t<\/p>\n\t<\/li>\n\t<li class=\"one_half\">\n\t\t<p><span class=\"wpcf7-form-control-wrap\" data-name=\"address\"><input size=\"40\" maxlength=\"400\" class=\"wpcf7-form-control wpcf7-text\" aria-invalid=\"false\" placeholder=\"Address\" value=\"\" type=\"text\" name=\"address\" \/><\/span>\n\t\t<\/p>\n\t<\/li>\n\t<li class=\"one_half\">\n\t\t<p><span class=\"wpcf7-form-control-wrap\" data-name=\"postal-code\"><input size=\"40\" maxlength=\"400\" class=\"wpcf7-form-control wpcf7-text\" aria-invalid=\"false\" placeholder=\"Postal Code\" value=\"\" type=\"text\" name=\"postal-code\" \/><\/span>\n\t\t<\/p>\n\t<\/li>\n\t<li class=\"one_half\">\n\t\t<p><span class=\"wpcf7-form-control-wrap\" data-name=\"city\"><input size=\"40\" maxlength=\"400\" class=\"wpcf7-form-control wpcf7-text\" aria-invalid=\"false\" placeholder=\"City\" value=\"\" type=\"text\" name=\"city\" \/><\/span>\n\t\t<\/p>\n\t<\/li>\n\t<li class=\"one_half\">\n\t\t<p><span class=\"wpcf7-form-control-wrap\" data-name=\"country\"><input size=\"40\" maxlength=\"400\" class=\"wpcf7-form-control wpcf7-text wpcf7-validates-as-required\" aria-required=\"true\" aria-invalid=\"false\" placeholder=\"Country*\" value=\"\" type=\"text\" name=\"country\" \/><\/span>\n\t\t<\/p>\n\t<\/li>\n\t<li class=\"one_half\">\n\t\t<p><span class=\"wpcf7-form-control-wrap\" data-name=\"contact-name\"><input size=\"40\" maxlength=\"400\" class=\"wpcf7-form-control wpcf7-text wpcf7-validates-as-required\" aria-required=\"true\" aria-invalid=\"false\" placeholder=\"Contact Name*\" value=\"\" type=\"text\" name=\"contact-name\" \/><\/span>\n\t\t<\/p>\n\t<\/li>\n\t<li class=\"one_half\">\n\t\t<p><span class=\"wpcf7-form-control-wrap\" data-name=\"department\"><input size=\"40\" maxlength=\"400\" class=\"wpcf7-form-control wpcf7-text\" aria-invalid=\"false\" placeholder=\"Department\" value=\"\" type=\"text\" name=\"department\" \/><\/span>\n\t\t<\/p>\n\t<\/li>\n\t<li class=\"one_half\">\n\t\t<p><span class=\"wpcf7-form-control-wrap\" data-name=\"email\"><input size=\"40\" maxlength=\"400\" class=\"wpcf7-form-control wpcf7-email wpcf7-validates-as-required wpcf7-text wpcf7-validates-as-email\" aria-required=\"true\" aria-invalid=\"false\" placeholder=\"Email*\" value=\"\" type=\"email\" name=\"email\" \/><\/span>\n\t\t<\/p>\n\t<\/li>\n\t<li class=\"one_half\">\n\t\t<p><span class=\"wpcf7-form-control-wrap\" data-name=\"phone-number\"><input class=\"wpcf7-form-control wpcf7-number wpcf7-validates-as-number\" aria-invalid=\"false\" placeholder=\"Phone Number\" value=\"\" type=\"number\" name=\"phone-number\" \/><\/span>\n\t\t<\/p>\n\t<\/li>\n\t<li class=\"one_half\">\n\t\t<p><span class=\"wpcf7-form-control-wrap\" data-name=\"website\"><input size=\"40\" maxlength=\"400\" class=\"wpcf7-form-control wpcf7-text\" aria-invalid=\"false\" placeholder=\"Website\" value=\"\" type=\"text\" name=\"website\" \/><\/span>\n\t\t<\/p>\n\t<\/li>\n\t<li class=\"one_half\">\n\t\t<p>Type of Company* (press Ctrl)<span class=\"wpcf7-form-control-wrap\" data-name=\"type-of-company\"><select class=\"wpcf7-form-control wpcf7-select wpcf7-validates-as-required TypeofCompany\" id=\"TypeofCompany\" aria-required=\"true\" aria-invalid=\"false\" multiple=\"multiple\" name=\"type-of-company[]\"><option value=\"Manufacturer\">Manufacturer<\/option><option value=\"Trader\/Sales Representative\">Trader\/Sales Representative<\/option><\/select><\/span>\n\t\t<\/p>\n\t<\/li>\n\t<li class=\"one_half\">\n\t\t<p>Materials\/Products* (press Ctrl)<span class=\"wpcf7-form-control-wrap\" data-name=\"materials-products\"><select class=\"wpcf7-form-control wpcf7-select wpcf7-validates-as-required MaterialsProducts\" id=\"MaterialsProducts\" aria-required=\"true\" aria-invalid=\"false\" multiple=\"multiple\" name=\"materials-products[]\"><option value=\"Electrical steel\">Electrical steel<\/option><option value=\"Electrical components\">Electrical components<\/option><option value=\"Indicators\/Thermometer\">Indicators\/Thermometer<\/option><option value=\"Tanks\/Covers\">Tanks\/Covers<\/option><option value=\"Radiators\">Radiators<\/option><option value=\"Al-\/Cu-Wire\">Al-\/Cu-Wire<\/option><option value=\"Al-Foil\/Bar\">Al-Foil\/Bar<\/option><option value=\"Cu-Foil\/Bar\">Cu-Foil\/Bar<\/option><option value=\"Tap Changers\/Bushings\">Tap Changers\/Bushings<\/option><option value=\"Insulators\">Insulators<\/option><option value=\"Metal parts\">Metal parts<\/option><option value=\"Insulating\/Pressspan\/Plywood\">Insulating\/Pressspan\/Plywood<\/option><option value=\"Cast Resin\">Cast Resin<\/option><option value=\"Oil\">Oil<\/option><option value=\"Quarz\">Quarz<\/option><option value=\"Engines\">Engines<\/option><option value=\"C-Parts\">C-Parts<\/option><option value=\"Transport\">Transport<\/option><\/select><\/span>\n\t\t<\/p>\n\t<\/li>\n\t<li class=\"one_half\">\n\t\t<p>Quality Certificate* (press Ctrl)<span class=\"wpcf7-form-control-wrap\" data-name=\"quality-certificate\"><select class=\"wpcf7-form-control wpcf7-select wpcf7-validates-as-required QualityCertificate\" id=\"QualityCertificate\" aria-required=\"true\" aria-invalid=\"false\" multiple=\"multiple\" name=\"quality-certificate[]\"><option value=\"ISO 9001\">ISO 9001<\/option><option value=\"ISO 14001\">ISO 14001<\/option><option value=\"ISO 45001\/OSHAS 18001\">ISO 45001\/OSHAS 18001<\/option><option value=\"ISO\/TS 16949\">ISO\/TS 16949<\/option><option value=\"ISO 13485\">ISO 13485<\/option><option value=\"ISO\/IEC 17025\">ISO\/IEC 17025<\/option><option value=\"ADW\/TRD\/PED\">ADW\/TRD\/PED<\/option><option value=\"EN 14399\">EN 14399<\/option><option value=\"EN 15048\">EN 15048<\/option><option value=\"A2LA Accreditation\">A2LA Accreditation<\/option><option value=\"DB AG\/Q1 Status\">DB AG\/Q1 Status<\/option><option value=\"CE Status\">CE Status<\/option><\/select><\/span>\n\t\t<\/p>\n\t<\/li>\n\t<li>\n\t\t<p><span class=\"wpcf7-form-control-wrap\" data-name=\"reference-projects\"><textarea cols=\"40\" rows=\"10\" maxlength=\"2000\" class=\"wpcf7-form-control wpcf7-textarea wpcf7-validates-as-required\" aria-required=\"true\" aria-invalid=\"false\" placeholder=\"Please list some of your reference projects*\" name=\"reference-projects\"><\/textarea><\/span>\n\t\t<\/p>\n\t<\/li>\n\t<li>\n\t\t<p><span class=\"wpcf7-form-control-wrap\" data-name=\"comments\"><textarea cols=\"40\" rows=\"10\" maxlength=\"2000\" class=\"wpcf7-form-control wpcf7-textarea wpcf7-validates-as-required\" aria-required=\"true\" aria-invalid=\"false\" placeholder=\"Please comment why you think you would be a good supplier for R&amp;S*\" name=\"comments\"><\/textarea><\/span>\n\t\t<\/p>\n\t<\/li>\n\t<li>\n\t\t<p><input class=\"wpcf7-form-control wpcf7-submit has-spinner\" type=\"submit\" value=\"Send\" \/>\n\t\t<\/p>\n\t<\/li>\n\t<li>\n\t\t<p><span class=\"wpcf7-form-control-wrap\" data-name=\"data-privacy\"><span class=\"wpcf7-form-control wpcf7-checkbox wpcf7-validates-as-required wpcf7-exclusive-checkbox data-privacy\" id=\"data-privacy\"><span class=\"wpcf7-list-item first last\"><label><input type=\"checkbox\" name=\"data-privacy\" value=\"Data privacy: I consent that my data is being processed in accordance with the data protection policy. The consent can be withdrawn at any time.\" \/><span class=\"wpcf7-list-item-label\">Data privacy: I consent that my data is being processed in accordance with the data protection policy. The consent can be withdrawn at any time.<\/span><\/label><\/span><\/span><\/span>\n\t\t<\/p>\n\t<\/li>\n<\/ul><div class=\"wpcf7-response-output\" aria-hidden=\"true\"><\/div>\n<\/form>\n<\/div>\n \r\n<\/div>\r\n\r\n[\/vc_column][vc_column width=&#8221;1\/6&#8243;][\/vc_column][\/vc_row][vc_row full_width=&#8221;stretch_row&#8221; equal_height=&#8221;yes&#8221; css=&#8221;.vc_custom_1754393384552{padding-top: 0px !important;padding-bottom: 80px !important;}&#8221;][vc_column][apress_heading sub_title=&#8221;Zapoznaj si\u0119 z naszymi warunkami zakupu.&#8221; content_alignment=&#8221;left&#8221; enable_delimiter=&#8221;&#8221; color_scheme=&#8221;color_scheme2&#8243; style=&#8221;heading_style1&#8243; title_font_options=&#8221;tag:h2|font_size:40|line_height:50|letter_spacing:1&#8243; subtitle_font_options=&#8221;tag:div|color:%23000000&#8243; subheading_margin=&#8221;margin-bottom:50&#8243;]Czy mo\u017cemy zosta\u0107 partnerami?[\/apress_heading][vc_row_inner el_class=&#8221;action-btn-with-img&#8221;][vc_column_inner width=&#8221;1\/3&#8243;]\r\n<!--Image Box Start-->\r\n<div class=\"zolo_imagebox_new_wrapper zolo_imagebox_new_59423534569ecae68b81d3 new_imagebox_style5 noanimation\" data-animation =\"No Animation\" data-delay =\"500\" data-id =\"zolo_imagebox_new_59423534569ecae68b81d3\">\r\n    <a title=\"\" href=\"https:\/\/https\" target=\"_blank\" rel=\"\">\r\n    <div class=\"zolo_imagebox_new_box\">\r\n        <div class=\"img_thumbnail\"><img decoding=\"async\" src=\"https:\/\/the-rsgroup.com\/wp-content\/uploads\/2025\/07\/icon6.png\"\/><\/div>\r\n        <div class=\"zolo_imagebox_new_content\">\r\n            <div class=\"zolo_imagebox_new_title_des\">\r\n        <h2 class=\"entry-title zolo_imagebox_new_title\" style=\"color:#ffffff; \">        Pobierz Og\u00f3lne warunki i postanowienia dotycz\u0105ce zakupu <\/h2>                              <\/div>\r\n    <\/div>\r\n          <\/div>\r\n    <\/a>\r\n  <\/div>\r\n<!--Image Box End-->\r\n\r\n[\/vc_column_inner][vc_column_inner width=&#8221;1\/3&#8243;]\r\n<!--Image Box Start-->\r\n<div class=\"zolo_imagebox_new_wrapper zolo_imagebox_new_89369085369ecae68b89db new_imagebox_style5 noanimation\" data-animation =\"No Animation\" data-delay =\"500\" data-id =\"zolo_imagebox_new_89369085369ecae68b89db\">\r\n    <a title=\"\" href=\"https:\/\/https\" target=\"_blank\" rel=\"\">\r\n    <div class=\"zolo_imagebox_new_box\">\r\n        <div class=\"img_thumbnail\"><img decoding=\"async\" src=\"https:\/\/the-rsgroup.com\/wp-content\/uploads\/2025\/07\/icon7.png\"\/><\/div>\r\n        <div class=\"zolo_imagebox_new_content\">\r\n            <div class=\"zolo_imagebox_new_title_des\">\r\n        <h2 class=\"entry-title zolo_imagebox_new_title\" style=\"color:#ffffff; \">        Pobierz Kodeks post\u0119powania dostawcy <\/h2>                              <\/div>\r\n    <\/div>\r\n          <\/div>\r\n    <\/a>\r\n  <\/div>\r\n<!--Image Box End-->\r\n\r\n[\/vc_column_inner][vc_column_inner width=&#8221;1\/3&#8243;][\/vc_column_inner][\/vc_row_inner][\/vc_column][\/vc_row]<\/p>\n<\/div>","protected":false},"excerpt":{"rendered":"<p>[vc_section full_width=&#8221;stretch_row&#8221; content_placement=&#8221;middle&#8221; min_height=&#8221;480&#8243; css=&#8221;.vc_custom_1759582815459{background-image: url(https:\/\/the-rsgroup.com\/wp-content\/uploads\/2019\/11\/shutterstock_498363907-scaled.jpg?id=3988) !important;background-position: center !important;background-repeat: no-repeat !important;background-size: cover !important;}&#8221; el_class=&#8221;inner-page-banner-section&#8221;][vc_row][vc_column][apress_heading sub_title=&#8221;Chcesz zosta\u0107 naszym dostawc\u0105?&#8221; content_alignment=&#8221;left&#8221; data_animation=&#8221;fadeInRight&#8221; enable_delimiter=&#8221;&#8221; style=&#8221;heading_style1&#8243; title_font_options=&#8221;tag:h1&#8243; subtitle_font_options=&#8221;tag:div&#8221;]Zaopatrzenie[\/apress_heading][\/vc_column][\/vc_row][\/vc_section][vc_row css=&#8221;.vc_custom_1758269897233{padding-top: 80px !important;padding-bottom: 80px !important;}&#8221;][vc_column apress_zindex=&#8221;9&#8243; css=&#8221;.vc_custom_1572440705123{background-color: #ffffff !important;}&#8221; el_class=&#8221;custom_sidebar high_zIndex&#8221;][apress_heading sub_title=&#8221;Dzi\u0119ki obecno\u015bci na ca\u0142ym \u015bwiecie&hellip;<\/p>\n","protected":false},"author":1,"featured_media":0,"parent":8015,"menu_order":0,"comment_status":"closed","ping_status":"closed","template":"template-fullwidth-page.php","meta":{"_acf_changed":false,"_monsterinsights_skip_tracking":false,"_monsterinsights_sitenote_active":false,"_monsterinsights_sitenote_note":"","_monsterinsights_sitenote_category":0,"footnotes":""},"class_list":["post-8177","page","type-page","status-publish","hentry"],"acf":[],"_links":{"self":[{"href":"https:\/\/the-rsgroup.com\/pl\/wp-json\/wp\/v2\/pages\/8177","targetHints":{"allow":["GET"]}}],"collection":[{"href":"https:\/\/the-rsgroup.com\/pl\/wp-json\/wp\/v2\/pages"}],"about":[{"href":"https:\/\/the-rsgroup.com\/pl\/wp-json\/wp\/v2\/types\/page"}],"author":[{"embeddable":true,"href":"https:\/\/the-rsgroup.com\/pl\/wp-json\/wp\/v2\/users\/1"}],"replies":[{"embeddable":true,"href":"https:\/\/the-rsgroup.com\/pl\/wp-json\/wp\/v2\/comments?post=8177"}],"version-history":[{"count":13,"href":"https:\/\/the-rsgroup.com\/pl\/wp-json\/wp\/v2\/pages\/8177\/revisions"}],"predecessor-version":[{"id":24866,"href":"https:\/\/the-rsgroup.com\/pl\/wp-json\/wp\/v2\/pages\/8177\/revisions\/24866"}],"up":[{"embeddable":true,"href":"https:\/\/the-rsgroup.com\/pl\/wp-json\/wp\/v2\/pages\/8015"}],"wp:attachment":[{"href":"https:\/\/the-rsgroup.com\/pl\/wp-json\/wp\/v2\/media?parent=8177"}],"curies":[{"name":"wp","href":"https:\/\/api.w.org\/{rel}","templated":true}]}}