{"id":8217,"date":"2020-01-31T08:27:14","date_gmt":"2020-01-31T08:27:14","guid":{"rendered":"http:\/\/the-rsgroup.com\/produkty\/rozdzielnice-elektryczne"},"modified":"2025-12-23T05:34:13","modified_gmt":"2025-12-23T05:34:13","slug":"rozdzielnice-elektryczne","status":"publish","type":"page","link":"https:\/\/the-rsgroup.com\/pl\/produkty\/rozdzielnice-elektryczne\/","title":{"rendered":"Rozdzielnice elektryczne"},"content":{"rendered":"<div class=\"wpb-content-wrapper\"><p>[vc_section full_width=&#8221;stretch_row&#8221; content_placement=&#8221;middle&#8221; min_height=&#8221;480&#8243; css=&#8221;.vc_custom_1759592151058{background-image: url(https:\/\/the-rsgroup.com\/wp-content\/uploads\/2019\/09\/shutterstock_1009873003_2.jpg?id=2225) !important;background-position: center !important;background-repeat: no-repeat !important;background-size: cover !important;}&#8221; el_class=&#8221;inner-page-banner-section&#8221;][vc_row][vc_column][apress_heading sub_title=&#8221;Projektowane tak, aby spe\u0142nia\u0142y wymagania konkretnych projekt\u00f3w&#8221; content_alignment=&#8221;left&#8221; data_animation=&#8221;fadeInRight&#8221; enable_delimiter=&#8221;&#8221; style=&#8221;heading_style1&#8243; title_font_options=&#8221;tag:h1&#8243; subtitle_font_options=&#8221;tag:div&#8221;]Rozdzielnice elektryczne[\/apress_heading][\/vc_column][\/vc_row][\/vc_section][vc_row css=&#8221;.vc_custom_1758620777441{padding-top: 80px !important;padding-bottom: 80px !important;}&#8221;][vc_column apress_zindex=&#8221;9&#8243; el_class=&#8221;custom_sidebar high_zIndex&#8221;][vc_row_inner][vc_column_inner el_class=&#8221;h2-heading-custom&#8221;][apress_heading sub_title=&#8221;&#8221; content_alignment=&#8221;left&#8221; enable_delimiter=&#8221;&#8221; color_scheme=&#8221;color_scheme1&#8243; style=&#8221;heading_style6&#8243; title_font_options=&#8221;tag:h2|letter_spacing:0&#8243; subtitle_font_options=&#8221;tag:div|letter_spacing:3&#8243; heading_margin=&#8221;margin-bottom:30&#8243;]Wykorzystuj\u0105c 100 lat do\u015bwiadczenia, produkujemy wysokiej jako\u015bci rozdzielnice elektryczne zgodnie z wymaganiami klient\u00f3w.[\/apress_heading][\/vc_column_inner][\/vc_row_inner][vc_row_inner][vc_column_inner width=&#8221;2\/3&#8243;][apress_heading sub_title=&#8221;&#8221; content_alignment=&#8221;left&#8221; enable_delimiter=&#8221;&#8221; color_scheme=&#8221;design_your_own&#8221; main_heading_color=&#8221;#0a0a0a&#8221; style=&#8221;heading_style6&#8243; title_font_options=&#8221;tag:h2|letter_spacing:0&#8243; subtitle_font_options=&#8221;tag:div|letter_spacing:3&#8243; heading_margin=&#8221;margin-top:10|margin-bottom:30&#8243;]Pr\u0105d znamionowy do 6300\u00a0A[\/apress_heading][vc_column_text]Systemy R&amp;S mo\u017cna wykorzystywa\u0107 do dystrybucji energii we wszystkich typach budynk\u00f3w \u2013 od dom\u00f3w jednorodzinnych po wielkie kompleksy przemys\u0142owe. Dodatkowe zastosowania obejmuj\u0105 o\u015bwietlenie w tunelach, systemy wentylacji, sygnalizacj\u0119 \u015bwietln\u0105, ogrzewanie, klimatyzacj\u0119, systemy pneumatyczne i instalacje w zak\u0142adach przemys\u0142owych. W szczeg\u00f3lnych przypadkach dostarczamy te\u017c konwertery dla generator\u00f3w wiatrowych, nap\u0119d\u00f3w, \u0142\u0105cznik\u00f3w sieciowych i innych zastosowa\u0144. Opr\u00f3cz produkt\u00f3w oferujemy us\u0142ugi, takie jak projekty koncepcyjne, planowanie i projektowanie rozmieszczenia, przygotowywanie plan\u00f3w, prace techniczne i monta\u017cowe, remonty i naprawy, a tak\u017ce prace konserwacyjne oraz doradztwo na \u017cyczenie.[\/vc_column_text][\/vc_column_inner][vc_column_inner width=&#8221;1\/3&#8243;][apress_expanding_image image=&#8221;5242&#8243; img_size=&#8221;full&#8221; alignment=&#8221;center&#8221; max_width=&#8221;100%&#8221;][\/vc_column_inner][\/vc_row_inner][\/vc_column][\/vc_row][vc_row full_width=&#8221;stretch_row&#8221; equal_height=&#8221;yes&#8221; css=&#8221;.vc_custom_1754279860960{padding-bottom: 80px !important;}&#8221;][vc_column][apress_heading sub_title=&#8221;&#8221; enable_delimiter=&#8221;&#8221; color_scheme=&#8221;color_scheme2&#8243; style=&#8221;heading_style5&#8243; title_font_options=&#8221;tag:h2|letter_spacing:0&#8243; subtitle_font_options=&#8221;tag:div|letter_spacing:3&#8243;]Oczywiste korzy\u015bci[\/apress_heading]<div class=\"ult-spacer spacer-69ec94e15d267\" data-id=\"69ec94e15d267\" data-height=\"60\" data-height-mobile=\"60\" data-height-tab=\"60\" data-height-tab-portrait=\"\" data-height-mobile-landscape=\"\" style=\"clear:both;display:block;\"><\/div>[vc_row_inner equal_height=&#8221;yes&#8221; gap=&#8221;20&#8243; el_class=&#8221;benefits-column-row&#8221;][vc_column_inner el_class=&#8221;custom_sidebar&#8221; width=&#8221;1\/3&#8243;][apress_gradient_icon_box description=&#8221;Tworzymy rozdzielnice elektryczne zgodnie ze specyfikacjami klient\u00f3w i normami prawnymi EN 61439 oraz EN 60204. Nasz elastyczny zesp\u00f3\u0142 mo\u017ce szybko wprowadza\u0107 zmiany.&#8221; box_bg_color=&#8221;&#8221; color_scheme=&#8221;gradient_scheme1&#8243; highlight_border_width=&#8221;0&#8243; highlight_border_color=&#8221;#ffffff&#8221; border_hover_color_scheme=&#8221;gradient_scheme1&#8243; box_hover_shadow=&#8221;box_shadow_enable:disable|shadow_horizontal:0|shadow_vertical:7|shadow_blur:90|shadow_spread:-38|box_shadow_color:rgba(0%2C0%2C0%2C0.1)&#8221; box_top_padding=&#8221;&#8221; box_right_padding=&#8221;&#8221; box_bottom_padding=&#8221;&#8221; box_left_padding=&#8221;&#8221; icon_type=&#8221;image&#8221; icon_image=&#8221;22382&#8243; gradient_icon_size=&#8221;70&#8243; style=&#8221;iconbox_style8&#8243; title_font_options=&#8221;tag:h5&#8243; class=&#8221;no-padding&#8221;]Uzyskaj rozwi\u0105zanie dostosowane do indywidualnych potrzeb[\/apress_gradient_icon_box][\/vc_column_inner][vc_column_inner el_class=&#8221;custom_sidebar&#8221; width=&#8221;1\/3&#8243;][apress_gradient_icon_box description=&#8221;\u0141atwo\u015b\u0107 obs\u0142ugi i funkcjonalno\u015b\u0107 po zamontowaniu u klienta s\u0105 dla nas bardzo wa\u017cne. Wszystkie komponenty produkt\u00f3w s\u0105 \u0142atwe w konserwacji. W razie potrzeby mo\u017cna je szybko i \u0142atwo wymieni\u0107.&#8221; box_bg_color=&#8221;&#8221; color_scheme=&#8221;gradient_scheme1&#8243; highlight_border_width=&#8221;0&#8243; highlight_border_color=&#8221;#ffffff&#8221; border_hover_color_scheme=&#8221;gradient_scheme1&#8243; box_hover_shadow=&#8221;box_shadow_enable:disable|shadow_horizontal:0|shadow_vertical:7|shadow_blur:90|shadow_spread:-38|box_shadow_color:rgba(0%2C0%2C0%2C0.1)&#8221; box_top_padding=&#8221;&#8221; box_right_padding=&#8221;&#8221; box_bottom_padding=&#8221;&#8221; box_left_padding=&#8221;&#8221; icon_type=&#8221;image&#8221; icon_image=&#8221;22104&#8243; gradient_icon_size=&#8221;70&#8243; style=&#8221;iconbox_style8&#8243; title_font_options=&#8221;tag:h5&#8243; class=&#8221;no-padding&#8221;]Upro\u015b\u0107 czynno\u015bci operacyjne i konserwacyjne[\/apress_gradient_icon_box][\/vc_column_inner][vc_column_inner el_class=&#8221;custom_sidebar&#8221; width=&#8221;1\/3&#8243;][apress_gradient_icon_box description=&#8221;Szwajcarska jako\u015b\u0107, zoptymalizowana praca nap\u0119du, szeroko zakrojone testy i systemy zapobiegania awariom gwarantuj\u0105 jeszcze wi\u0119ksz\u0105 niezawodno\u015b\u0107.&#8221; box_bg_color=&#8221;&#8221; color_scheme=&#8221;gradient_scheme1&#8243; highlight_border_width=&#8221;0&#8243; highlight_border_color=&#8221;#ffffff&#8221; border_hover_color_scheme=&#8221;gradient_scheme1&#8243; box_hover_shadow=&#8221;box_shadow_enable:disable|shadow_horizontal:0|shadow_vertical:7|shadow_blur:90|shadow_spread:-38|box_shadow_color:rgba(0%2C0%2C0%2C0.1)&#8221; box_top_padding=&#8221;&#8221; box_right_padding=&#8221;&#8221; box_bottom_padding=&#8221;&#8221; box_left_padding=&#8221;&#8221; icon_type=&#8221;image&#8221; icon_image=&#8221;22008&#8243; gradient_icon_size=&#8221;70&#8243; style=&#8221;iconbox_style8&#8243; title_font_options=&#8221;tag:h5&#8243; class=&#8221;no-padding&#8221;]Zwi\u0119ksz niezawodno\u015b\u0107[\/apress_gradient_icon_box][\/vc_column_inner][\/vc_row_inner][vc_row_inner equal_height=&#8221;yes&#8221; gap=&#8221;20&#8243; el_class=&#8221;benefits-column-row&#8221;][vc_column_inner el_class=&#8221;custom_sidebar&#8221; width=&#8221;1\/3&#8243;][apress_gradient_icon_box description=&#8221;Oferujemy klientom wsparcie podczas ca\u0142ego okresu eksploatacji produktu. Od etapu planowania po rozruch technologiczny, nasz zaanga\u017cowany zesp\u00f3\u0142 s\u0142u\u017cy pomoc\u0105, zawsze i wsz\u0119dzie.&#8221; box_bg_color=&#8221;&#8221; color_scheme=&#8221;gradient_scheme1&#8243; highlight_border_width=&#8221;0&#8243; highlight_border_color=&#8221;#ffffff&#8221; border_hover_color_scheme=&#8221;gradient_scheme1&#8243; box_hover_shadow=&#8221;box_shadow_enable:disable|shadow_horizontal:0|shadow_vertical:7|shadow_blur:90|shadow_spread:-38|box_shadow_color:rgba(0%2C0%2C0%2C0.1)&#8221; box_top_padding=&#8221;&#8221; box_right_padding=&#8221;&#8221; box_bottom_padding=&#8221;&#8221; box_left_padding=&#8221;&#8221; icon_type=&#8221;image&#8221; icon_image=&#8221;22014&#8243; gradient_icon_size=&#8221;70&#8243; style=&#8221;iconbox_style8&#8243; title_font_options=&#8221;tag:h5&#8243; class=&#8221;no-padding&#8221;]Oszcz\u0119dzaj czas i nak\u0142ady pracy[\/apress_gradient_icon_box][\/vc_column_inner][vc_column_inner el_class=&#8221;custom_sidebar&#8221; width=&#8221;1\/3&#8243;][apress_gradient_icon_box description=&#8221;Rozdzielnice zosta\u0142y zaprojektowane z my\u015bl\u0105 o ochronie operator\u00f3w i odizolowania ich od pr\u0105du. Prze\u0142\u0105czniki bezpiecze\u0144stwa na wszystkich obwodach w rozdzielnicy zwi\u0119kszaj\u0105 og\u00f3lne bezpiecze\u0144stwo obiektu.&#8221; box_bg_color=&#8221;&#8221; color_scheme=&#8221;gradient_scheme1&#8243; highlight_border_width=&#8221;0&#8243; highlight_border_color=&#8221;#ffffff&#8221; border_hover_color_scheme=&#8221;gradient_scheme1&#8243; box_hover_shadow=&#8221;box_shadow_enable:disable|shadow_horizontal:0|shadow_vertical:7|shadow_blur:90|shadow_spread:-38|box_shadow_color:rgba(0%2C0%2C0%2C0.1)&#8221; box_top_padding=&#8221;&#8221; box_right_padding=&#8221;&#8221; box_bottom_padding=&#8221;&#8221; box_left_padding=&#8221;&#8221; icon_type=&#8221;image&#8221; icon_image=&#8221;22098&#8243; gradient_icon_size=&#8221;70&#8243; style=&#8221;iconbox_style8&#8243; title_font_options=&#8221;tag:h5&#8243; class=&#8221;no-padding&#8221;]Uzyskaj maksymalne bezpiecze\u0144stwo[\/apress_gradient_icon_box][\/vc_column_inner][\/vc_row_inner][\/vc_column][\/vc_row][vc_row full_width=&#8221;stretch_row&#8221; equal_height=&#8221;yes&#8221; css=&#8221;.vc_custom_1751369662705{padding-top: 80px !important;padding-bottom: 100px !important;background-color: #F2F2F2 !important;}&#8221; el_class=&#8221;testimonial-wrap&#8221;][vc_column centered_text=&#8221;true&#8221;]<div class=\"ult-spacer spacer-69ec94e15d31e\" data-id=\"69ec94e15d31e\" data-height=\"80\" data-height-mobile=\"80\" data-height-tab=\"80\" data-height-tab-portrait=\"\" data-height-mobile-landscape=\"\" style=\"clear:both;display:block;\"><\/div>[apress_button button_text=&#8221;Dowiedz si\u0119 wi\u0119cej z naszych projekt\u00f3w referencyjnych&#8221; button_size=&#8221;medium&#8221; button_alignment=&#8221;center&#8221; box_shadow=&#8221;box_shadow_enable:disable|shadow_horizontal:1|shadow_vertical:2|shadow_blur:4|shadow_spread:0|box_shadow_color:rgba(0%2C0%2C0%2C0.2)&#8221; box_hover_shadow=&#8221;box_shadow_enable:disable|shadow_horizontal:2|shadow_vertical:2|shadow_blur:7|shadow_spread:0|box_shadow_color:rgba(0%2C0%2C0%2C0.2)&#8221; button_swing=&#8221;yes&#8221; button_shape=&#8221;square&#8221; button_link=&#8221;url:%2Fpl%2Fprojekty-referencyjne%2F|title:Reference%20projects&#8221;][\/vc_column][\/vc_row][vc_row full_width=&#8221;stretch_row&#8221; equal_height=&#8221;yes&#8221; css=&#8221;.vc_custom_1574722697905{padding-top: 80px !important;padding-bottom: 80px !important;}&#8221;][vc_column][apress_heading sub_title=&#8221;Zapoznaj si\u0119 z nasz\u0105 broszur\u0105 lub skontaktuj si\u0119 z naszym zespo\u0142em ju\u017c dzi\u015b.&#8221; content_alignment=&#8221;left&#8221; enable_delimiter=&#8221;&#8221; color_scheme=&#8221;design_your_own&#8221; main_heading_color=&#8221;#000000&#8243; style=&#8221;heading_style5&#8243; title_font_options=&#8221;tag:h2&#8243; subtitle_font_options=&#8221;tag:div|color:%236980b4&#8243; heading_margin=&#8221;margin-top:10|margin-bottom:30&#8243;]<strong>Potrzebujesz wi\u0119cej danych technicznych?<\/strong>[\/apress_heading]<div class=\"ult-spacer spacer-69ec94e15d38d\" data-id=\"69ec94e15d38d\" data-height=\"80\" data-height-mobile=\"80\" data-height-tab=\"80\" data-height-tab-portrait=\"\" data-height-mobile-landscape=\"\" style=\"clear:both;display:block;\"><\/div>[vc_row_inner el_class=&#8221;action-btn-with-img&#8221;][vc_column_inner width=&#8221;1\/3&#8243;]\r\n<!--Image Box Start-->\r\n<div class=\"zolo_imagebox_new_wrapper zolo_imagebox_new_18339892969ec94e15d453 new_imagebox_style5 noanimation\" data-animation =\"No Animation\" data-delay =\"500\" data-id =\"zolo_imagebox_new_18339892969ec94e15d453\">\r\n    <a title=\"\" href=\"https:\/\/the-rsgroup.com\/wp-content\/uploads\/2020\/01\/Electric-Switchboards_Product-brochure_DE.pdf\" target=\"_blank\" rel=\"\">\r\n    <div class=\"zolo_imagebox_new_box\">\r\n        <div class=\"img_thumbnail\"><img decoding=\"async\" src=\"https:\/\/the-rsgroup.com\/wp-content\/uploads\/2025\/07\/icon6.png\"\/><\/div>\r\n        <div class=\"zolo_imagebox_new_content\">\r\n            <div class=\"zolo_imagebox_new_title_des\">\r\n        <h2 class=\"entry-title zolo_imagebox_new_title\" style=\"color:#ffffff; \">        Broszura dotycz\u0105ca rozdzielnic elektrycznych (tylko w j\u0119zyku niemieckim) <\/h2>                              <\/div>\r\n    <\/div>\r\n          <\/div>\r\n    <\/a>\r\n  <\/div>\r\n<!--Image Box End-->\r\n\r\n[\/vc_column_inner][vc_column_inner width=&#8221;1\/3&#8243;]\r\n<!--Image Box Start-->\r\n<div class=\"zolo_imagebox_new_wrapper zolo_imagebox_new_179330254669ec94e15ea25 new_imagebox_style5 noanimation\" data-animation =\"No Animation\" data-delay =\"500\" data-id =\"zolo_imagebox_new_179330254669ec94e15ea25\">\r\n    <a title=\"\" href=\"https:\/\/the-rsgroup.com\/pl\/produkty\/materialy-do-pobrania\/\" target=\"_blank\" rel=\"\">\r\n    <div class=\"zolo_imagebox_new_box\">\r\n        <div class=\"img_thumbnail\"><img decoding=\"async\" src=\"https:\/\/the-rsgroup.com\/wp-content\/uploads\/2025\/07\/icon7.png\"\/><\/div>\r\n        <div class=\"zolo_imagebox_new_content\">\r\n            <div class=\"zolo_imagebox_new_title_des\">\r\n        <h2 class=\"entry-title zolo_imagebox_new_title\" style=\"color:#ffffff; \">        Materia\u0142y do pobrania <\/h2>                              <\/div>\r\n    <\/div>\r\n          <\/div>\r\n    <\/a>\r\n  <\/div>\r\n<!--Image Box End-->\r\n\r\n[\/vc_column_inner][vc_column_inner width=&#8221;1\/3&#8243;][\/vc_column_inner][\/vc_row_inner]<div class=\"ult-spacer spacer-69ec94e15f12b\" data-id=\"69ec94e15f12b\" data-height=\"80\" data-height-mobile=\"80\" data-height-tab=\"80\" data-height-tab-portrait=\"\" data-height-mobile-landscape=\"\" style=\"clear:both;display:block;\"><\/div>[vc_separator color=&#8221;custom&#8221; css=&#8221;&#8221; accent_color=&#8221;#D7D7D7&#8243;]<div class=\"ult-spacer spacer-69ec94e15f1a2\" data-id=\"69ec94e15f1a2\" data-height=\"60\" data-height-mobile=\"60\" data-height-tab=\"60\" data-height-tab-portrait=\"\" data-height-mobile-landscape=\"\" style=\"clear:both;display:block;\"><\/div>[apress_heading sub_title=&#8221;&#8221; content_alignment=&#8221;left&#8221; enable_delimiter=&#8221;&#8221; color_scheme=&#8221;design_your_own&#8221; main_heading_color=&#8221;#000000&#8243; style=&#8221;heading_style5&#8243; title_font_options=&#8221;tag:h2&#8243; subtitle_font_options=&#8221;tag:div&#8221; heading_margin=&#8221;margin-top:10|margin-bottom:30&#8243;]Dostosowujemy nasze rozwi\u0105zania do potrzeb naszych klient\u00f3w[\/apress_heading][vc_column_text css=&#8221;&#8221;]We wsp\u00f3\u0142pracy z naszymi klientami rejestrujemy wymogi zwi\u0105zane z ka\u017cdym projektem, tworzymy map\u0119 systemu i przygotowujemy opcje wdro\u017cenia. Nast\u0119pnie planujemy konstrukcj\u0119 i decydujemy, jakie produkty zostan\u0105 wykorzystane. Po monta\u017cu pozostajemy do dyspozycji klient\u00f3w, przeprowadzamy remonty i modernizacje.[\/vc_column_text][\/vc_column][\/vc_row][vc_row full_width=&#8221;stretch_row_content&#8221; equal_height=&#8221;yes&#8221; content_placement=&#8221;middle&#8221; el_class=&#8221;product-info-column&#8221; css=&#8221;.vc_custom_1758620550165{padding-top: 80px !important;padding-bottom: 80px !important;background-color: #F2F2F2 !important;}&#8221;][vc_column css=&#8221;.vc_custom_1766467739111{padding-top: 0px !important;padding-right: 0px !important;padding-bottom: 0px !important;padding-left: 0px !important;}&#8221; el_id=&#8221;transformatory&#8221;][vc_row_inner][vc_column_inner width=&#8221;1\/4&#8243;]\r\n<!--Image Box Start-->\r\n<div class=\"zolo_imagebox_new_wrapper zolo_imagebox_new_58743398069ec94e15f290 new_imagebox_style3 noanimation\" data-animation =\"No Animation\" data-delay =\"500\" data-id =\"zolo_imagebox_new_58743398069ec94e15f290\">\r\n    <div class=\"zolo_imagebox_new_box\">\r\n            <div class=\"img_thumbnail\"><img decoding=\"async\" src=\"https:\/\/the-rsgroup.com\/wp-content\/uploads\/2019\/12\/standard-frame-distributor.jpg\"\/><\/div>\r\n        <div class=\"zolo_imagebox_new_content\">\r\n      <div class=\"zolo_imagebox_new_title_des\">\r\n        <h2 class=\"entry-title zolo_imagebox_new_title\" style=\"color:#000000; \">        Rozdzielnica w ramie standardowej <\/h2>                <span class=\"zolo_imagebox_description\" style=\"color:#000000; \">        - Wykonywana na zam\u00f3wienie<br \/>\n- Wersje ujednolicone<br \/>\n- Pr\u0105d zwarciowy do 17 kA (Ipk)<br \/>\n- Konstrukcja zgodna z norm\u0105 PN EN 61439-1\/2 lub 3 <\/span> <\/div>\r\n    <\/div>\r\n          <\/div>\r\n  <\/div>\r\n<!--Image Box End-->\r\n\r\n[\/vc_column_inner][vc_column_inner width=&#8221;1\/4&#8243;]\r\n<!--Image Box Start-->\r\n<div class=\"zolo_imagebox_new_wrapper zolo_imagebox_new_88400113769ec94e15fd39 new_imagebox_style3 noanimation\" data-animation =\"No Animation\" data-delay =\"500\" data-id =\"zolo_imagebox_new_88400113769ec94e15fd39\">\r\n    <div class=\"zolo_imagebox_new_box\">\r\n            <div class=\"img_thumbnail\"><img decoding=\"async\" src=\"https:\/\/the-rsgroup.com\/wp-content\/uploads\/2019\/12\/switchboard-rs.png\"\/><\/div>\r\n        <div class=\"zolo_imagebox_new_content\">\r\n      <div class=\"zolo_imagebox_new_title_des\">\r\n        <h2 class=\"entry-title zolo_imagebox_new_title\" style=\"color:#000000; \">        Rozdzielnica steruj\u0105ca <\/h2>                <span class=\"zolo_imagebox_description\" style=\"color:#000000; \">        - Sterowanie urz\u0105dzeniami HVAC<br \/>\n- Sterowanie automatyk\u0105 budynk\u00f3w<br \/>\n- Sterowanie maszynami<br \/>\n- Systemy alarm\u00f3w przeciwpo\u017carowych w tunelach<br \/>\n- Konstrukcja zgodna z norm\u0105 PN EN 61439-1\/2 i PN EN 60204 <\/span> <\/div>\r\n    <\/div>\r\n          <\/div>\r\n  <\/div>\r\n<!--Image Box End-->\r\n\r\n[\/vc_column_inner][vc_column_inner width=&#8221;1\/4&#8243;]\r\n<!--Image Box Start-->\r\n<div class=\"zolo_imagebox_new_wrapper zolo_imagebox_new_156446269569ec94e160703 new_imagebox_style3 noanimation\" data-animation =\"No Animation\" data-delay =\"500\" data-id =\"zolo_imagebox_new_156446269569ec94e160703\">\r\n    <div class=\"zolo_imagebox_new_box\">\r\n            <div class=\"img_thumbnail\"><img decoding=\"async\" src=\"https:\/\/the-rsgroup.com\/wp-content\/uploads\/2019\/12\/low-voltage-main-and-sub-distribution-switchgear.png\"\/><\/div>\r\n        <div class=\"zolo_imagebox_new_content\">\r\n      <div class=\"zolo_imagebox_new_title_des\">\r\n        <h2 class=\"entry-title zolo_imagebox_new_title\" style=\"color:#000000; \">        Niskonapi\u0119ciowa rozdzielnica g\u0142\u00f3wna i oddzia\u0142owa <\/h2>                <span class=\"zolo_imagebox_description\" style=\"color:#000000; \">        - Wykonana na zam\u00f3wienie rozdzielnica do 17 kA (Ipk)<br \/>\n- Wykonana na potrzeby systemu rozdzielnica do 6300 A \/ 85 kA (Ipk)<br \/>\n- Konstrukcja zgodna z norm\u0105 PN EN 61439-1\/2 <\/span> <\/div>\r\n    <\/div>\r\n          <\/div>\r\n  <\/div>\r\n<!--Image Box End-->\r\n\r\n[\/vc_column_inner][vc_column_inner width=&#8221;1\/4&#8243;]\r\n<!--Image Box Start-->\r\n<div class=\"zolo_imagebox_new_wrapper zolo_imagebox_new_199878692369ec94e16116c new_imagebox_style3 noanimation\" data-animation =\"No Animation\" data-delay =\"500\" data-id =\"zolo_imagebox_new_199878692369ec94e16116c\">\r\n    <div class=\"zolo_imagebox_new_box\">\r\n            <div class=\"img_thumbnail\"><img decoding=\"async\" src=\"https:\/\/the-rsgroup.com\/wp-content\/uploads\/2019\/12\/power-supply-cabinets.png\"\/><\/div>\r\n        <div class=\"zolo_imagebox_new_content\">\r\n      <div class=\"zolo_imagebox_new_title_des\">\r\n        <h2 class=\"entry-title zolo_imagebox_new_title\" style=\"color:#000000; \">        Szafy zasilaj\u0105ce <\/h2>                <span class=\"zolo_imagebox_description\" style=\"color:#000000; \">        - Opracowane wewn\u0119trznie systemy do zabezpieczenia i zapewnienia dostaw za pomoc\u0105 sieci energetycznej<br \/>\n- Montowane na maszcie nadajniki sygna\u0142u kom\u00f3rkowego z zasilaniem <\/span> <\/div>\r\n    <\/div>\r\n          <\/div>\r\n  <\/div>\r\n<!--Image Box End-->\r\n\r\n[\/vc_column_inner][\/vc_row_inner][\/vc_column][\/vc_row]<\/p>\n<\/div>","protected":false},"excerpt":{"rendered":"<p>[vc_section full_width=&#8221;stretch_row&#8221; content_placement=&#8221;middle&#8221; min_height=&#8221;480&#8243; css=&#8221;.vc_custom_1759592151058{background-image: url(https:\/\/the-rsgroup.com\/wp-content\/uploads\/2019\/09\/shutterstock_1009873003_2.jpg?id=2225) !important;background-position: center !important;background-repeat: no-repeat !important;background-size: cover !important;}&#8221; el_class=&#8221;inner-page-banner-section&#8221;][vc_row][vc_column][apress_heading sub_title=&#8221;Projektowane tak, aby spe\u0142nia\u0142y wymagania konkretnych projekt\u00f3w&#8221; content_alignment=&#8221;left&#8221; data_animation=&#8221;fadeInRight&#8221; enable_delimiter=&#8221;&#8221; style=&#8221;heading_style1&#8243; title_font_options=&#8221;tag:h1&#8243; subtitle_font_options=&#8221;tag:div&#8221;]Rozdzielnice elektryczne[\/apress_heading][\/vc_column][\/vc_row][\/vc_section][vc_row css=&#8221;.vc_custom_1758620777441{padding-top: 80px !important;padding-bottom: 80px !important;}&#8221;][vc_column apress_zindex=&#8221;9&#8243; el_class=&#8221;custom_sidebar high_zIndex&#8221;][vc_row_inner][vc_column_inner el_class=&#8221;h2-heading-custom&#8221;][apress_heading sub_title=&#8221;&#8221; content_alignment=&#8221;left&#8221; enable_delimiter=&#8221;&#8221;&hellip;<\/p>\n","protected":false},"author":1,"featured_media":0,"parent":8187,"menu_order":0,"comment_status":"closed","ping_status":"closed","template":"template-fullwidth-page.php","meta":{"_acf_changed":false,"_monsterinsights_skip_tracking":false,"_monsterinsights_sitenote_active":false,"_monsterinsights_sitenote_note":"","_monsterinsights_sitenote_category":0,"footnotes":""},"class_list":["post-8217","page","type-page","status-publish","hentry"],"acf":[],"_links":{"self":[{"href":"https:\/\/the-rsgroup.com\/pl\/wp-json\/wp\/v2\/pages\/8217","targetHints":{"allow":["GET"]}}],"collection":[{"href":"https:\/\/the-rsgroup.com\/pl\/wp-json\/wp\/v2\/pages"}],"about":[{"href":"https:\/\/the-rsgroup.com\/pl\/wp-json\/wp\/v2\/types\/page"}],"author":[{"embeddable":true,"href":"https:\/\/the-rsgroup.com\/pl\/wp-json\/wp\/v2\/users\/1"}],"replies":[{"embeddable":true,"href":"https:\/\/the-rsgroup.com\/pl\/wp-json\/wp\/v2\/comments?post=8217"}],"version-history":[{"count":14,"href":"https:\/\/the-rsgroup.com\/pl\/wp-json\/wp\/v2\/pages\/8217\/revisions"}],"predecessor-version":[{"id":31867,"href":"https:\/\/the-rsgroup.com\/pl\/wp-json\/wp\/v2\/pages\/8217\/revisions\/31867"}],"up":[{"embeddable":true,"href":"https:\/\/the-rsgroup.com\/pl\/wp-json\/wp\/v2\/pages\/8187"}],"wp:attachment":[{"href":"https:\/\/the-rsgroup.com\/pl\/wp-json\/wp\/v2\/media?parent=8217"}],"curies":[{"name":"wp","href":"https:\/\/api.w.org\/{rel}","templated":true}]}}