{"id":8237,"date":"2020-01-31T09:22:29","date_gmt":"2020-01-31T09:22:29","guid":{"rendered":"http:\/\/the-rsgroup.com\/produkty\/serwis-i-wsparcie"},"modified":"2025-12-22T05:30:23","modified_gmt":"2025-12-22T05:30:23","slug":"serwis-i-wsparcie","status":"publish","type":"page","link":"https:\/\/the-rsgroup.com\/pl\/produkty\/serwis-i-wsparcie\/","title":{"rendered":"Serwis i wsparcie"},"content":{"rendered":"<div class=\"wpb-content-wrapper\"><p>[vc_section full_width=&#8221;stretch_row&#8221; content_placement=&#8221;middle&#8221; min_height=&#8221;480&#8243; css=&#8221;.vc_custom_1763209628574{background-image: url(https:\/\/the-rsgroup.com\/wp-content\/uploads\/2025\/11\/Slider_Service_and_Support.jpg?id=26318) !important;background-position: center !important;background-repeat: no-repeat !important;background-size: cover !important;}&#8221; el_class=&#8221;inner-page-banner-section&#8221;][vc_row][vc_column][apress_heading sub_title=&#8221;Dbamy o naszych klient\u00f3w&#8221; content_alignment=&#8221;left&#8221; data_animation=&#8221;fadeInRight&#8221; enable_delimiter=&#8221;&#8221; style=&#8221;heading_style1&#8243; title_font_options=&#8221;tag:h1&#8243; subtitle_font_options=&#8221;tag:div&#8221;]Serwis i wsparcie[\/apress_heading][\/vc_column][\/vc_row][\/vc_section][vc_row css=&#8221;.vc_custom_1753947357283{padding-top: 80px !important;padding-bottom: 80px !important;}&#8221;][vc_column apress_zindex=&#8221;9&#8243; el_class=&#8221;custom_sidebar high_zIndex&#8221;][vc_row_inner][vc_column_inner][apress_heading sub_title=&#8221;&#8221; content_alignment=&#8221;left&#8221; enable_delimiter=&#8221;&#8221; color_scheme=&#8221;color_scheme2&#8243; style=&#8221;heading_style6&#8243; title_font_options=&#8221;tag:h2|letter_spacing:0&#8243; subtitle_font_options=&#8221;tag:div|letter_spacing:3&#8243; heading_margin=&#8221;margin-bottom:30&#8243; class=&#8221;h2-heading-custom&#8221;]W R&amp;S zapewniamy klientom ci\u0105g\u0142e wsparcie, od konsultacji wst\u0119pnych po planowanie projektu, produkcj\u0119, monta\u017c, a\u017c do ko\u0144ca okresu eksploatacji produktu.[\/apress_heading][\/vc_column_inner][\/vc_row_inner][vc_row_inner][vc_column_inner width=&#8221;1\/3&#8243;][vc_single_image image=&#8221;21972&#8243; img_size=&#8221;full&#8221; css=&#8221;&#8221;][\/vc_column_inner][vc_column_inner width=&#8221;2\/3&#8243;][vc_column_text css=&#8221;.vc_custom_1766381409407{padding-left: 25px !important;}&#8221;]Po monta\u017cu, pozostajemy do dyspozycji klient\u00f3w, dbaj\u0105c aby ich firma utrzyma\u0142a przewag\u0119 nad konkurencj\u0105. Pomagamy, zapewniaj\u0105c konserwacj\u0119 profilaktyczn\u0105, optymalizacj\u0119 i remonty systemu. Klient mo\u017ce w spokoju skoncentrowa\u0107 si\u0119 na w\u0142a\u015bciwej dzia\u0142alno\u015bci biznesowej. Zajmujemy si\u0119 naprawami i modernizacjami, oraz zapewniamy pracownikom klienta najlepsze szkolenia.[\/vc_column_text][\/vc_column_inner][\/vc_row_inner][\/vc_column][\/vc_row][vc_row full_width=&#8221;stretch_row&#8221; equal_height=&#8221;yes&#8221; css=&#8221;.vc_custom_1753947333217{padding-bottom: 100px !important;}&#8221;][vc_column][apress_heading sub_title=&#8221;&#8221; content_alignment=&#8221;left&#8221; enable_delimiter=&#8221;&#8221; color_scheme=&#8221;design_your_own&#8221; main_heading_color=&#8221;#000000&#8243; style=&#8221;heading_style5&#8243; title_font_options=&#8221;tag:h2|font_size:30|letter_spacing:0&#8243; subtitle_font_options=&#8221;tag:div|letter_spacing:3&#8243;]Oczywiste korzy\u015bci[\/apress_heading]<div class=\"ult-spacer spacer-69ecc4622dd1e\" data-id=\"69ecc4622dd1e\" data-height=\"60\" data-height-mobile=\"60\" data-height-tab=\"60\" data-height-tab-portrait=\"\" data-height-mobile-landscape=\"\" style=\"clear:both;display:block;\"><\/div>[vc_row_inner equal_height=&#8221;yes&#8221; gap=&#8221;20&#8243; el_class=&#8221;benefits-column-row&#8221;][vc_column_inner el_class=&#8221;custom_sidebar&#8221; width=&#8221;1\/3&#8243;][apress_gradient_icon_box description=&#8221;Dzi\u0119ki obecno\u015bci na ca\u0142ym \u015bwiecie, mo\u017cemy zaoferowa\u0107 godne zaufania wsparcie i serwis bez wzgl\u0119du na lokalizacj\u0119 \u2013 gwarantujemy.&#8221; box_bg_color=&#8221;&#8221; color_scheme=&#8221;gradient_scheme1&#8243; highlight_border_width=&#8221;0&#8243; highlight_border_color=&#8221;#ffffff&#8221; border_hover_color_scheme=&#8221;gradient_scheme1&#8243; box_hover_shadow=&#8221;box_shadow_enable:disable|shadow_horizontal:0|shadow_vertical:7|shadow_blur:90|shadow_spread:-38|box_shadow_color:rgba(0%2C0%2C0%2C0.1)&#8221; box_top_padding=&#8221;&#8221; box_right_padding=&#8221;&#8221; box_bottom_padding=&#8221;&#8221; box_left_padding=&#8221;&#8221; icon_type=&#8221;image&#8221; icon_image=&#8221;21707&#8243; gradient_icon_size=&#8221;70&#8243; style=&#8221;iconbox_style8&#8243; title_font_options=&#8221;tag:h5&#8243; class=&#8221;no-padding&#8221;]Obecno\u015b\u0107 na ca\u0142ym \u015bwiecie[\/apress_gradient_icon_box][\/vc_column_inner][vc_column_inner el_class=&#8221;custom_sidebar&#8221; width=&#8221;1\/3&#8243;][apress_gradient_icon_box description=&#8221;Nasz zesp\u00f3\u0142 pomocy technicznej zawsze jest do dyspozycji klient\u00f3w. Jeste\u015bmy znani z szybkiego reagowania.&#8221; box_bg_color=&#8221;&#8221; color_scheme=&#8221;gradient_scheme1&#8243; highlight_border_width=&#8221;0&#8243; highlight_border_color=&#8221;#ffffff&#8221; border_hover_color_scheme=&#8221;gradient_scheme1&#8243; box_hover_shadow=&#8221;box_shadow_enable:disable|shadow_horizontal:0|shadow_vertical:7|shadow_blur:90|shadow_spread:-38|box_shadow_color:rgba(0%2C0%2C0%2C0.1)&#8221; box_top_padding=&#8221;&#8221; box_right_padding=&#8221;&#8221; box_bottom_padding=&#8221;&#8221; box_left_padding=&#8221;&#8221; icon_type=&#8221;image&#8221; icon_image=&#8221;22104&#8243; gradient_icon_size=&#8221;70&#8243; style=&#8221;iconbox_style8&#8243; title_font_options=&#8221;tag:h5&#8243; class=&#8221;no-padding&#8221;]Szybkie wsparcie[\/apress_gradient_icon_box][\/vc_column_inner][vc_column_inner el_class=&#8221;custom_sidebar&#8221; width=&#8221;1\/3&#8243;][apress_gradient_icon_box description=&#8221;Dzi\u0119ki du\u017cemu do\u015bwiadczeniu nasi pracownicy z \u0142atwo\u015bci\u0105 radz\u0105 sobie z naprawami i modernizacjami.&#8221; box_bg_color=&#8221;&#8221; color_scheme=&#8221;gradient_scheme1&#8243; highlight_border_width=&#8221;0&#8243; highlight_border_color=&#8221;#ffffff&#8221; border_hover_color_scheme=&#8221;gradient_scheme1&#8243; box_hover_shadow=&#8221;box_shadow_enable:disable|shadow_horizontal:0|shadow_vertical:7|shadow_blur:90|shadow_spread:-38|box_shadow_color:rgba(0%2C0%2C0%2C0.1)&#8221; box_top_padding=&#8221;&#8221; box_right_padding=&#8221;&#8221; box_bottom_padding=&#8221;&#8221; box_left_padding=&#8221;&#8221; icon_type=&#8221;image&#8221; icon_image=&#8221;22098&#8243; gradient_icon_size=&#8221;70&#8243; style=&#8221;iconbox_style8&#8243; title_font_options=&#8221;tag:h5&#8243; class=&#8221;no-padding&#8221;]Pracownicy z du\u017cym do\u015bwiadczeniem[\/apress_gradient_icon_box][\/vc_column_inner][\/vc_row_inner][\/vc_column][\/vc_row][vc_row apcore_row_stretch_opt=&#8221;stretch_row_and_content&#8221; full_width=&#8221;stretch_row&#8221; equal_height=&#8221;yes&#8221; el_class=&#8221;full-width-half-content&#8221; css=&#8221;.vc_custom_1753947166731{padding-top: 0px !important;padding-bottom: 0px !important;}&#8221;][vc_column width=&#8221;1\/2&#8243;][vc_single_image image=&#8221;9714&#8243; img_size=&#8221;full&#8221; css=&#8221;.vc_custom_1753946442075{padding-top: 0px !important;padding-right: 0px !important;padding-bottom: 0px !important;padding-left: 0px !important;}&#8221;][\/vc_column][vc_column width=&#8221;1\/2&#8243; el_class=&#8221;half-content-column&#8221;][apress_heading sub_title=&#8221;&#8221; content_alignment=&#8221;left&#8221; enable_delimiter=&#8221;&#8221; color_scheme=&#8221;color_scheme2&#8243; style=&#8221;heading_style5&#8243; title_font_options=&#8221;tag:h2&#8243; subtitle_font_options=&#8221;tag:div&#8221; heading_margin=&#8221;margin-top:10|margin-bottom:30&#8243;]Przygotuj system na przysz\u0142e wyzwania[\/apress_heading]<div class=\"ult-spacer spacer-69ecc4622ddc1\" data-id=\"69ecc4622ddc1\" data-height=\"20\" data-height-mobile=\"20\" data-height-tab=\"20\" data-height-tab-portrait=\"\" data-height-mobile-landscape=\"\" style=\"clear:both;display:block;\"><\/div>[vc_column_text css=&#8221;&#8221;]Wykorzystuj\u0105c dekady do\u015bwiadczenia w in \u015bwiadczeniu us\u0142ug posprzeda\u017cowych, firma R&amp;S naprawia, modernizuje i konserwuje transformatory, \u0142\u0105czniki wysokiego i \u015bredniego napi\u0119cia, \u0142\u0105czniki napowietrzne, \u0142\u0105czniki do zastosowa\u0144 w kolei, przemys\u0142owe \u0142\u0105czniki elektryczne, rozdzielnice i tablice rozdzielcze. Nasi doskonale wyszkoleni pracownicy przyje\u017cd\u017caj\u0105 na miejsce i oferuj\u0105 dok\u0142adn\u0105 analiz\u0119 mo\u017cliwo\u015bci naprawy i modernizacji.[\/vc_column_text][\/vc_column][\/vc_row][vc_row apcore_row_stretch_opt=&#8221;stretch_row_and_content&#8221; full_width=&#8221;stretch_row&#8221; equal_height=&#8221;yes&#8221; el_class=&#8221;full-width-half-content&#8221; css=&#8221;.vc_custom_1763531418288{padding-top: 0px !important;padding-bottom: 0px !important;}&#8221; el_id=&#8221;col-reverse&#8221;][vc_column width=&#8221;1\/2&#8243; el_class=&#8221;half-content-column&#8221;][apress_heading sub_title=&#8221;&#8221; content_alignment=&#8221;left&#8221; enable_delimiter=&#8221;&#8221; color_scheme=&#8221;gradient_scheme1&#8243; style=&#8221;heading_style5&#8243; title_font_options=&#8221;tag:h2&#8243; subtitle_font_options=&#8221;tag:div&#8221; heading_margin=&#8221;margin-top:10|margin-bottom:30&#8243;]Zaufaj naszym nowoczesnym laboratoriom testowym[\/apress_heading]<div class=\"ult-spacer spacer-69ecc4622de2d\" data-id=\"69ecc4622de2d\" data-height=\"20\" data-height-mobile=\"20\" data-height-tab=\"20\" data-height-tab-portrait=\"\" data-height-mobile-landscape=\"\" style=\"clear:both;display:block;\"><\/div>[vc_column_text css=&#8221;&#8221;]Diagnostyka i pomiary to znaczna cz\u0119\u015b\u0107 naszej dzia\u0142alno\u015bci. R&amp;S posiada najnowocze\u015bniejsz\u0105 aparatur\u0119 pomiarow\u0105 , w pe\u0142ni wyposa\u017cone laboratorium i do\u015bwiadczony personel. Oferujemy szerok\u0105 gam\u0119 us\u0142ug diagnostycznych, takich jak testowanie olej\u00f3w izolacyjnych czy pomiary warto\u015bci instalacji elektrycznych. Dzi\u0119ki nowoczesnym laboratoriom testowym mo\u017cemy zaoferowa\u0107 us\u0142ugo doradztwa na najwy\u017cszym poziomie oraz zagwarantowa\u0107 jako\u015b\u0107 i bezpiecze\u0144stwo produkt\u00f3w.[\/vc_column_text][\/vc_column][vc_column width=&#8221;1\/2&#8243;][vc_single_image image=&#8221;9709&#8243; img_size=&#8221;full&#8221; css=&#8221;.vc_custom_1753946599338{padding-top: 0px !important;padding-right: 0px !important;padding-bottom: 0px !important;padding-left: 0px !important;}&#8221;][\/vc_column][\/vc_row][vc_row apcore_row_stretch_opt=&#8221;stretch_row_and_content&#8221; full_width=&#8221;stretch_row&#8221; equal_height=&#8221;yes&#8221; el_class=&#8221;full-width-half-content&#8221; css=&#8221;.vc_custom_1753947190194{padding-top: 0px !important;padding-bottom: 0px !important;}&#8221;][vc_column width=&#8221;1\/2&#8243;][vc_single_image image=&#8221;10149&#8243; img_size=&#8221;full&#8221; css=&#8221;.vc_custom_1753946659761{padding-top: 0px !important;padding-right: 0px !important;padding-bottom: 0px !important;padding-left: 0px !important;}&#8221;][\/vc_column][vc_column width=&#8221;1\/2&#8243; el_class=&#8221;half-content-column&#8221;][apress_heading sub_title=&#8221;&#8221; content_alignment=&#8221;left&#8221; enable_delimiter=&#8221;&#8221; color_scheme=&#8221;color_scheme2&#8243; style=&#8221;heading_style5&#8243; title_font_options=&#8221;tag:h2&#8243; subtitle_font_options=&#8221;tag:div&#8221; heading_margin=&#8221;margin-top:10|margin-bottom:30&#8243;]Zwi\u0119kszanie kwalifikacji pracownik\u00f3w klient\u00f3w[\/apress_heading]<div class=\"ult-spacer spacer-69ecc4622dea0\" data-id=\"69ecc4622dea0\" data-height=\"20\" data-height-mobile=\"20\" data-height-tab=\"20\" data-height-tab-portrait=\"\" data-height-mobile-landscape=\"\" style=\"clear:both;display:block;\"><\/div>[vc_column_text css=&#8221;&#8221;]Dzi\u0119ki regularnym szkoleniom w miejscu pracy i poza nim ci\u0105g\u0142emu zdobywaniu wiedzy, nasi pracownicy s\u0105 doskonale wykwalifikowani i ch\u0119tnie przekazuj\u0105 wiedz\u0119 klientom. Oferujemy wiele kurs\u00f3w szkoleniowych w zakresie prawid\u0142owego monta\u017cu, obs\u0142ugi i konserwacji. Sesje szkoleniowe i doradcze mog\u0105 odbywa\u0107 si\u0119 w naszych zak\u0142adach lub w obiekcie klienta.[\/vc_column_text][\/vc_column][\/vc_row]<\/p>\n<\/div>","protected":false},"excerpt":{"rendered":"<p>[vc_section full_width=&#8221;stretch_row&#8221; content_placement=&#8221;middle&#8221; min_height=&#8221;480&#8243; css=&#8221;.vc_custom_1763209628574{background-image: url(https:\/\/the-rsgroup.com\/wp-content\/uploads\/2025\/11\/Slider_Service_and_Support.jpg?id=26318) !important;background-position: center !important;background-repeat: no-repeat !important;background-size: cover !important;}&#8221; el_class=&#8221;inner-page-banner-section&#8221;][vc_row][vc_column][apress_heading sub_title=&#8221;Dbamy o naszych klient\u00f3w&#8221; content_alignment=&#8221;left&#8221; data_animation=&#8221;fadeInRight&#8221; enable_delimiter=&#8221;&#8221; style=&#8221;heading_style1&#8243; title_font_options=&#8221;tag:h1&#8243; subtitle_font_options=&#8221;tag:div&#8221;]Serwis i wsparcie[\/apress_heading][\/vc_column][\/vc_row][\/vc_section][vc_row css=&#8221;.vc_custom_1753947357283{padding-top: 80px !important;padding-bottom: 80px !important;}&#8221;][vc_column apress_zindex=&#8221;9&#8243; el_class=&#8221;custom_sidebar high_zIndex&#8221;][vc_row_inner][vc_column_inner][apress_heading sub_title=&#8221;&#8221; content_alignment=&#8221;left&#8221; enable_delimiter=&#8221;&#8221; color_scheme=&#8221;color_scheme2&#8243; style=&#8221;heading_style6&#8243; title_font_options=&#8221;tag:h2|letter_spacing:0&#8243;&hellip;<\/p>\n","protected":false},"author":1,"featured_media":0,"parent":8187,"menu_order":0,"comment_status":"closed","ping_status":"closed","template":"template-fullwidth-page.php","meta":{"_acf_changed":false,"_monsterinsights_skip_tracking":false,"_monsterinsights_sitenote_active":false,"_monsterinsights_sitenote_note":"","_monsterinsights_sitenote_category":0,"footnotes":""},"class_list":["post-8237","page","type-page","status-publish","hentry"],"acf":[],"_links":{"self":[{"href":"https:\/\/the-rsgroup.com\/pl\/wp-json\/wp\/v2\/pages\/8237","targetHints":{"allow":["GET"]}}],"collection":[{"href":"https:\/\/the-rsgroup.com\/pl\/wp-json\/wp\/v2\/pages"}],"about":[{"href":"https:\/\/the-rsgroup.com\/pl\/wp-json\/wp\/v2\/types\/page"}],"author":[{"embeddable":true,"href":"https:\/\/the-rsgroup.com\/pl\/wp-json\/wp\/v2\/users\/1"}],"replies":[{"embeddable":true,"href":"https:\/\/the-rsgroup.com\/pl\/wp-json\/wp\/v2\/comments?post=8237"}],"version-history":[{"count":14,"href":"https:\/\/the-rsgroup.com\/pl\/wp-json\/wp\/v2\/pages\/8237\/revisions"}],"predecessor-version":[{"id":31751,"href":"https:\/\/the-rsgroup.com\/pl\/wp-json\/wp\/v2\/pages\/8237\/revisions\/31751"}],"up":[{"embeddable":true,"href":"https:\/\/the-rsgroup.com\/pl\/wp-json\/wp\/v2\/pages\/8187"}],"wp:attachment":[{"href":"https:\/\/the-rsgroup.com\/pl\/wp-json\/wp\/v2\/media?parent=8237"}],"curies":[{"name":"wp","href":"https:\/\/api.w.org\/{rel}","templated":true}]}}