{"id":8247,"date":"2020-01-31T09:31:48","date_gmt":"2020-01-31T09:31:48","guid":{"rendered":"http:\/\/the-rsgroup.com\/produkty\/laczniki"},"modified":"2025-12-26T06:18:57","modified_gmt":"2025-12-26T06:18:57","slug":"laczniki","status":"publish","type":"page","link":"https:\/\/the-rsgroup.com\/pl\/produkty\/laczniki\/","title":{"rendered":"\u0141\u0105czniki"},"content":{"rendered":"<div class=\"wpb-content-wrapper\"><p>[vc_section full_width=&#8221;stretch_row&#8221; content_placement=&#8221;middle&#8221; min_height=&#8221;480&#8243; css=&#8221;.vc_custom_1752657332406{background-image: url(https:\/\/the-rsgroup.com\/wp-content\/uploads\/2025\/07\/Products-switches-banner-1.jpg?id=21974) !important;background-position: center !important;background-repeat: no-repeat !important;background-size: cover !important;}&#8221; el_class=&#8221;inner-page-banner-section&#8221;][vc_row][vc_column][apress_heading sub_title=&#8221;Niezawodne \u0142\u0105czniki do podstacji, sieci napowietrznych oraz zastosowa\u0144 na kolei&#8221; content_alignment=&#8221;left&#8221; data_animation=&#8221;fadeInRight&#8221; enable_delimiter=&#8221;&#8221; style=&#8221;heading_style1&#8243; title_font_options=&#8221;tag:h1&#8243; subtitle_font_options=&#8221;tag:div&#8221;]\u0141\u0105czniki[\/apress_heading][\/vc_column][\/vc_row][\/vc_section][vc_row css=&#8221;.vc_custom_1575386912516{padding-top: 60px !important;padding-bottom: 60px !important;}&#8221;][vc_column apress_zindex=&#8221;9&#8243; el_class=&#8221;custom_sidebar high_zIndex&#8221;][vc_row_inner][vc_column_inner width=&#8221;1\/3&#8243;][vc_single_image image=&#8221;21848&#8243; img_size=&#8221;full&#8221; css=&#8221;&#8221;][\/vc_column_inner][vc_column_inner width=&#8221;2\/3&#8243; responsive_css=&#8221;margin_left_small:20px&#8221;][apress_heading sub_title=&#8221;&#8221; content_alignment=&#8221;left&#8221; enable_delimiter=&#8221;&#8221; color_scheme=&#8221;design_your_own&#8221; main_heading_color=&#8221;#000000&#8243; style=&#8221;heading_style1&#8243; title_font_options=&#8221;tag:h2|letter_spacing:1&#8243; subtitle_font_options=&#8221;tag:div&#8221; class=&#8221;h2-heading-custom&#8221;]Nasze \u0142\u0105czniki napowietrzne i \u0142\u0105czniki sieci trakcyjnej gwarantuj\u0105 niezawodne dzia\u0142anie, nawet w trudnych warunkach eksploatacji.[\/apress_heading][vc_column_text css=&#8221;&#8221;]Znajduj\u0105 zastosowanie w sieciach napowietrznych.<\/p>\n<p>Oferujemy te\u017c \u0142\u0105czniki do elektryfikacji kolei. Posiadamy rozleg\u0142\u0105 wiedz\u0119 na temat bran\u017cy kolejowej, a nasze produkty skutecznie wykorzystano w projektach na ca\u0142ym \u015bwiecie. Na naszych \u0142\u0105cznikach AC i DC naprawd\u0119 mo\u017cna polega\u0107.[\/vc_column_text][\/vc_column_inner][\/vc_row_inner][\/vc_column][\/vc_row][vc_row full_width=&#8221;stretch_row&#8221; css=&#8221;.vc_custom_1752227920519{margin-top: 0px !important;padding-top: 60px !important;padding-bottom: 100px !important;background-color: #F2F2F2 !important;}&#8221; el_class=&#8221;related-product-info-box with-white-bg-pro&#8221;][vc_column el_id=&#8221;switches&#8221;][vc_row_inner][vc_column_inner width=&#8221;1\/2&#8243; offset=&#8221;vc_col-sm-offset-1&#8243;]\r\n<!--Image Box Start-->\r\n<div class=\"zolo_imagebox_new_swing new_imagebox_style4\"><div class=\"zolo_imagebox_new_wrapper zolo_imagebox_new_190386190069ec95e3a3a74 new_imagebox_style4 noanimation\" data-animation =\"No Animation\" data-delay =\"500\" data-id =\"zolo_imagebox_new_190386190069ec95e3a3a74\">\r\n    <a title=\"\u0141\u0105czniki do przewod\u00f3w trakcyjnych\" href=\"\/pl\/produkty\/laczniki\/laczniki-napowietrzne\" target=\"_self\" rel=\"\">\r\n    <div class=\"zolo_imagebox_new_box\">\r\n        <div class=\"zolo_thumbnail\" style=\"background:url(https:\/\/the-rsgroup.com\/wp-content\/uploads\/2025\/10\/overhead-line-switches-rs.jpg) no-repeat center center; -moz-background-size:cover;-webkit-background-size:cover;-o-background-size:cover;-ms-background-size:cover;background-size:cover; height:300px;\"><\/div>\r\n        <div class=\"zolo_imagebox_new_content\">\r\n            <div class=\"zolo_imagebox_new_title_des\">\r\n        <h3 class=\"entry-title zolo_imagebox_new_title\" style=\"color:#000000; \">        \u0141\u0105czniki napowietrzne <\/h3>                <span class=\"zolo_imagebox_description\" style=\"color:#000000; \">        Oferujemy od\u0142\u0105czniki i roz\u0142\u0105czniki, kt\u00f3re mo\u017cna wykorzystywa\u0107 w sieciach napowietrznych, montuj\u0105c w poziomie lub pionie. <\/span>        <div class=\"zolo_imagebox_icon_button_element alignment_inline zolo_imagebox_icon_button_190386190069ec95e3a3a74\"><span class=\"zolo_iconbutton_tag iconbutton_style1 button_style_none\"><span class=\"zolo_button_icon zolo_arrow_icon\"><\/span><\/span><\/div>      <\/div>\r\n    <\/div>\r\n          <\/div>\r\n    <\/a>\r\n  <\/div>\r\n<\/div><!--Image Box End-->\r\n\r\n[\/vc_column_inner][vc_column_inner width=&#8221;1\/2&#8243; offset=&#8221;vc_col-sm-offset-1&#8243;]\r\n<!--Image Box Start-->\r\n<div class=\"zolo_imagebox_new_swing new_imagebox_style4\"><div class=\"zolo_imagebox_new_wrapper zolo_imagebox_new_180253148569ec95e3a53ed new_imagebox_style4 noanimation\" data-animation =\"No Animation\" data-delay =\"500\" data-id =\"zolo_imagebox_new_180253148569ec95e3a53ed\">\r\n    <a title=\"\u0141\u0105czniki sieci trakcyjnej\" href=\"\/pl\/produkty\/laczniki\/elektryfikacja-kolei\" target=\"_self\" rel=\"\">\r\n    <div class=\"zolo_imagebox_new_box\">\r\n        <div class=\"zolo_thumbnail\" style=\"background:url(https:\/\/the-rsgroup.com\/wp-content\/uploads\/2025\/10\/railway-switches-rs.png) no-repeat center center; -moz-background-size:cover;-webkit-background-size:cover;-o-background-size:cover;-ms-background-size:cover;background-size:cover; height:300px;\"><\/div>\r\n        <div class=\"zolo_imagebox_new_content\">\r\n            <div class=\"zolo_imagebox_new_title_des\">\r\n        <h3 class=\"entry-title zolo_imagebox_new_title\" style=\"color:#000000; \">        \u0141\u0105czniki sieci trakcyjnej <\/h3>                <span class=\"zolo_imagebox_description\" style=\"color:#000000; \">        Poznaj nasze niezawodne \u0142\u0105czniki sieci trakcyjnej do zastosowa\u0144 AC i DC. Maj\u0105c ponad 100 lat do\u015bwiadczenia, mo\u017cemy zaoferowa\u0107 niezawodne rozwi\u0105zania. <\/span>        <div class=\"zolo_imagebox_icon_button_element alignment_inline zolo_imagebox_icon_button_180253148569ec95e3a53ed\"><span class=\"zolo_iconbutton_tag iconbutton_style1 button_style_none\"><span class=\"zolo_button_icon zolo_arrow_icon\"><\/span><\/span><\/div>      <\/div>\r\n    <\/div>\r\n          <\/div>\r\n    <\/a>\r\n  <\/div>\r\n<\/div><!--Image Box End-->\r\n\r\n[\/vc_column_inner][\/vc_row_inner][\/vc_column][\/vc_row]<\/p>\n<\/div>","protected":false},"excerpt":{"rendered":"<p>[vc_section full_width=&#8221;stretch_row&#8221; content_placement=&#8221;middle&#8221; min_height=&#8221;480&#8243; css=&#8221;.vc_custom_1752657332406{background-image: url(https:\/\/the-rsgroup.com\/wp-content\/uploads\/2025\/07\/Products-switches-banner-1.jpg?id=21974) !important;background-position: center !important;background-repeat: no-repeat !important;background-size: cover !important;}&#8221; el_class=&#8221;inner-page-banner-section&#8221;][vc_row][vc_column][apress_heading sub_title=&#8221;Niezawodne \u0142\u0105czniki do podstacji, sieci napowietrznych oraz zastosowa\u0144 na kolei&#8221; content_alignment=&#8221;left&#8221; data_animation=&#8221;fadeInRight&#8221; enable_delimiter=&#8221;&#8221; style=&#8221;heading_style1&#8243; title_font_options=&#8221;tag:h1&#8243; subtitle_font_options=&#8221;tag:div&#8221;]\u0141\u0105czniki[\/apress_heading][\/vc_column][\/vc_row][\/vc_section][vc_row css=&#8221;.vc_custom_1575386912516{padding-top: 60px !important;padding-bottom: 60px !important;}&#8221;][vc_column apress_zindex=&#8221;9&#8243; el_class=&#8221;custom_sidebar high_zIndex&#8221;][vc_row_inner][vc_column_inner width=&#8221;1\/3&#8243;][vc_single_image image=&#8221;21848&#8243;&hellip;<\/p>\n","protected":false},"author":1,"featured_media":0,"parent":8187,"menu_order":0,"comment_status":"closed","ping_status":"closed","template":"template-fullwidth-page.php","meta":{"_acf_changed":false,"_monsterinsights_skip_tracking":false,"_monsterinsights_sitenote_active":false,"_monsterinsights_sitenote_note":"","_monsterinsights_sitenote_category":0,"footnotes":""},"class_list":["post-8247","page","type-page","status-publish","hentry"],"acf":[],"_links":{"self":[{"href":"https:\/\/the-rsgroup.com\/pl\/wp-json\/wp\/v2\/pages\/8247","targetHints":{"allow":["GET"]}}],"collection":[{"href":"https:\/\/the-rsgroup.com\/pl\/wp-json\/wp\/v2\/pages"}],"about":[{"href":"https:\/\/the-rsgroup.com\/pl\/wp-json\/wp\/v2\/types\/page"}],"author":[{"embeddable":true,"href":"https:\/\/the-rsgroup.com\/pl\/wp-json\/wp\/v2\/users\/1"}],"replies":[{"embeddable":true,"href":"https:\/\/the-rsgroup.com\/pl\/wp-json\/wp\/v2\/comments?post=8247"}],"version-history":[{"count":13,"href":"https:\/\/the-rsgroup.com\/pl\/wp-json\/wp\/v2\/pages\/8247\/revisions"}],"predecessor-version":[{"id":33272,"href":"https:\/\/the-rsgroup.com\/pl\/wp-json\/wp\/v2\/pages\/8247\/revisions\/33272"}],"up":[{"embeddable":true,"href":"https:\/\/the-rsgroup.com\/pl\/wp-json\/wp\/v2\/pages\/8187"}],"wp:attachment":[{"href":"https:\/\/the-rsgroup.com\/pl\/wp-json\/wp\/v2\/media?parent=8247"}],"curies":[{"name":"wp","href":"https:\/\/api.w.org\/{rel}","templated":true}]}}