{"id":8277,"date":"2020-01-31T10:55:27","date_gmt":"2020-01-31T10:55:27","guid":{"rendered":"http:\/\/the-rsgroup.com\/produkty\/laczniki\/laczniki-napowietrzne"},"modified":"2025-12-23T04:53:07","modified_gmt":"2025-12-23T04:53:07","slug":"laczniki-napowietrzne","status":"publish","type":"page","link":"https:\/\/the-rsgroup.com\/pl\/produkty\/laczniki\/laczniki-napowietrzne\/","title":{"rendered":"\u0141\u0105czniki napowietrzne"},"content":{"rendered":"<div class=\"wpb-content-wrapper\"><p>[vc_section full_width=&#8221;stretch_row&#8221; content_placement=&#8221;middle&#8221; min_height=&#8221;480&#8243; css=&#8221;.vc_custom_1759593258781{background-image: url(https:\/\/the-rsgroup.com\/wp-content\/uploads\/2019\/09\/shutterstock_1345497980.jpg?id=2147) !important;background-position: center !important;background-repeat: no-repeat !important;background-size: cover !important;}&#8221; el_class=&#8221;inner-page-banner-section&#8221;][vc_row][vc_column][apress_heading sub_title=&#8221;Niezawodne od\u0142\u0105czniki i roz\u0142\u0105czniki&#8221; content_alignment=&#8221;left&#8221; data_animation=&#8221;fadeInRight&#8221; enable_delimiter=&#8221;&#8221; style=&#8221;heading_style1&#8243; title_font_options=&#8221;tag:h1&#8243; subtitle_font_options=&#8221;tag:div&#8221;]\u0141\u0105czniki napowietrzne[\/apress_heading][\/vc_column][\/vc_row][\/vc_section][vc_row css=&#8221;.vc_custom_1754280695377{padding-top: 80px !important;padding-bottom: 80px !important;}&#8221;][vc_column apress_zindex=&#8221;9&#8243; el_class=&#8221;custom_sidebar high_zIndex&#8221;][vc_row_inner][vc_column_inner][apress_heading sub_title=&#8221;&#8221; content_alignment=&#8221;left&#8221; enable_delimiter=&#8221;&#8221; color_scheme=&#8221;color_scheme1&#8243; style=&#8221;heading_style6&#8243; title_font_options=&#8221;tag:h2|letter_spacing:0&#8243; subtitle_font_options=&#8221;tag:div|letter_spacing:3&#8243; heading_margin=&#8221;margin-bottom:30&#8243; class=&#8221;h2-heading-custom&#8221;]R&amp;S ma wieloletnie do\u015bwiadczenie w produkcji \u0142\u0105cznik\u00f3w.[\/apress_heading][\/vc_column_inner][\/vc_row_inner][vc_row_inner][vc_column_inner width=&#8221;2\/3&#8243;][apress_heading sub_title=&#8221;&#8221; content_alignment=&#8221;left&#8221; enable_delimiter=&#8221;&#8221; color_scheme=&#8221;design_your_own&#8221; main_heading_color=&#8221;#0a0a0a&#8221; style=&#8221;heading_style6&#8243; title_font_options=&#8221;tag:div|font_size:20|letter_spacing:0&#8243; subtitle_font_options=&#8221;tag:div|letter_spacing:3&#8243; heading_margin=&#8221;margin-top:10|margin-bottom:30&#8243;]<strong>Pr\u0105d znamionowy: od 400 A do 630 A<\/strong><br \/>\n<strong>Napi\u0119cie znamionowe: 20\u00a0kV i 30\u00a0kV<\/strong>[\/apress_heading][vc_column_text css=&#8221;&#8221;]Oferujemy od\u0142\u0105czniki i roz\u0142\u0105czniki z opcjonalnym uziemieniem, kt\u00f3re mo\u017cna wykorzystywa\u0107 w liniach napowietrznych. Te wysoce niezawodne \u0142\u0105czniki mo\u017cna z \u0142atwo\u015bci\u0105 zamontowa\u0107 w poziomie lub pionie na s\u0142upach drewnianych, betonowych i stalowych.[\/vc_column_text][\/vc_column_inner][vc_column_inner width=&#8221;1\/3&#8243;][apress_expanding_image image=&#8221;4296&#8243; img_size=&#8221;full&#8221; alignment=&#8221;center&#8221; max_width=&#8221;100%&#8221;][\/vc_column_inner][\/vc_row_inner][\/vc_column][\/vc_row][vc_row full_width=&#8221;stretch_row&#8221; equal_height=&#8221;yes&#8221; css=&#8221;.vc_custom_1754280704800{padding-bottom: 80px !important;}&#8221;][vc_column][apress_heading sub_title=&#8221;&#8221; enable_delimiter=&#8221;&#8221; color_scheme=&#8221;color_scheme2&#8243; style=&#8221;heading_style5&#8243; title_font_options=&#8221;tag:h2|letter_spacing:0&#8243; subtitle_font_options=&#8221;tag:div|letter_spacing:3&#8243;]Oczywiste korzy\u015bci[\/apress_heading]<div class=\"ult-spacer spacer-69ec7f56bf19e\" data-id=\"69ec7f56bf19e\" data-height=\"60\" data-height-mobile=\"60\" data-height-tab=\"60\" data-height-tab-portrait=\"\" data-height-mobile-landscape=\"\" style=\"clear:both;display:block;\"><\/div>[vc_row_inner equal_height=&#8221;yes&#8221; gap=&#8221;20&#8243; el_class=&#8221;benefits-column-row&#8221;][vc_column_inner el_class=&#8221;custom_sidebar&#8221; width=&#8221;1\/3&#8243;][apress_gradient_icon_box description=&#8221;Stosujemy najlepsze materia\u0142y i najnowocze\u015bniejszy proces produkcji, dzi\u0119ki czemu \u0142\u0105czniki s\u0105 bardzo wydajne w ka\u017cdych warunkach eksploatacji. System prowadzenia sk\u0142ada si\u0119 z dw\u00f3ch zamontowanych r\u00f3wnolegle rolek prowadz\u0105cych, charakteryzuj\u0105cych si\u0119 minimalnym tarciem resztkowym, a co za tym idzie optymalnym przesy\u0142em energii.&#8221; box_bg_color=&#8221;&#8221; color_scheme=&#8221;gradient_scheme1&#8243; highlight_border_width=&#8221;0&#8243; highlight_border_color=&#8221;#ffffff&#8221; border_hover_color_scheme=&#8221;gradient_scheme1&#8243; box_hover_shadow=&#8221;box_shadow_enable:disable|shadow_horizontal:0|shadow_vertical:7|shadow_blur:90|shadow_spread:-38|box_shadow_color:rgba(0%2C0%2C0%2C0.1)&#8221; box_top_padding=&#8221;&#8221; box_right_padding=&#8221;&#8221; box_bottom_padding=&#8221;&#8221; box_left_padding=&#8221;&#8221; icon_type=&#8221;image&#8221; icon_image=&#8221;21713&#8243; gradient_icon_size=&#8221;70&#8243; style=&#8221;iconbox_style8&#8243; title_font_options=&#8221;tag:h5&#8243; class=&#8221;no-padding&#8221;]Uzyskaj najwy\u017csz\u0105 wydajno\u015b\u0107[\/apress_gradient_icon_box][\/vc_column_inner][vc_column_inner el_class=&#8221;custom_sidebar&#8221; width=&#8221;1\/3&#8243;][apress_gradient_icon_box description=&#8221;Komponenty \u0142\u0105cz\u0105ce i przegubowe s\u0105 dostosowane do instalacji na kt\u00f3rej montowany jest produkt i dostarczane w wymaganej ilo\u015bci. Dzi\u0119ki naszym kompleksowym us\u0142ugom posprzeda\u017cowym, klienci mog\u0105 skoncentrowa\u0107 si\u0119 na w\u0142a\u015bciwej dzia\u0142alno\u015bci biznesowej.&#8221; box_bg_color=&#8221;&#8221; color_scheme=&#8221;gradient_scheme1&#8243; highlight_border_width=&#8221;0&#8243; highlight_border_color=&#8221;#ffffff&#8221; border_hover_color_scheme=&#8221;gradient_scheme1&#8243; box_hover_shadow=&#8221;box_shadow_enable:disable|shadow_horizontal:0|shadow_vertical:7|shadow_blur:90|shadow_spread:-38|box_shadow_color:rgba(0%2C0%2C0%2C0.1)&#8221; box_top_padding=&#8221;&#8221; box_right_padding=&#8221;&#8221; box_bottom_padding=&#8221;&#8221; box_left_padding=&#8221;&#8221; icon_type=&#8221;image&#8221; icon_image=&#8221;22014&#8243; gradient_icon_size=&#8221;70&#8243; style=&#8221;iconbox_style8&#8243; title_font_options=&#8221;tag:h5&#8243; class=&#8221;no-padding&#8221;]Oszcz\u0119dzaj czas i nak\u0142ady pracy[\/apress_gradient_icon_box][\/vc_column_inner][vc_column_inner el_class=&#8221;custom_sidebar&#8221; width=&#8221;1\/3&#8243;][apress_gradient_icon_box description=&#8221;Ma\u0142oolejowa komora gaszeniowa wyposa\u017cona jest w szybki prze\u0142\u0105cznik, kt\u00f3ry gwarantuje bezb\u0142\u0119dne wy\u0142\u0105czenie bez wzgl\u0119du na pr\u0119dko\u015b\u0107 prze\u0142\u0105czania \u0142\u0105cznika napowietrznego.&#8221; box_bg_color=&#8221;&#8221; color_scheme=&#8221;gradient_scheme1&#8243; highlight_border_width=&#8221;0&#8243; highlight_border_color=&#8221;#ffffff&#8221; border_hover_color_scheme=&#8221;gradient_scheme1&#8243; box_hover_shadow=&#8221;box_shadow_enable:disable|shadow_horizontal:0|shadow_vertical:7|shadow_blur:90|shadow_spread:-38|box_shadow_color:rgba(0%2C0%2C0%2C0.1)&#8221; box_top_padding=&#8221;&#8221; box_right_padding=&#8221;&#8221; box_bottom_padding=&#8221;&#8221; box_left_padding=&#8221;&#8221; icon_type=&#8221;image&#8221; icon_image=&#8221;22008&#8243; gradient_icon_size=&#8221;70&#8243; style=&#8221;iconbox_style8&#8243; title_font_options=&#8221;tag:h5&#8243; class=&#8221;no-padding&#8221;]Zwi\u0119ksz niezawodno\u015b\u0107 swojego systemu[\/apress_gradient_icon_box][\/vc_column_inner][\/vc_row_inner][vc_row_inner equal_height=&#8221;yes&#8221; gap=&#8221;20&#8243; el_class=&#8221;benefits-column-row&#8221;][vc_column_inner el_class=&#8221;custom_sidebar&#8221; width=&#8221;1\/3&#8243;][apress_gradient_icon_box description=&#8221;\u0141\u0105czniki mo\u017cna z \u0142atwo\u015bci\u0105 zamontowa\u0107 i skonfigurowa\u0107 na miejscu. Praktycznie nie wymagaj\u0105 obs\u0142ugi.&#8221; box_bg_color=&#8221;&#8221; color_scheme=&#8221;gradient_scheme1&#8243; highlight_border_width=&#8221;0&#8243; highlight_border_color=&#8221;#ffffff&#8221; border_hover_color_scheme=&#8221;gradient_scheme1&#8243; box_hover_shadow=&#8221;box_shadow_enable:disable|shadow_horizontal:0|shadow_vertical:7|shadow_blur:90|shadow_spread:-38|box_shadow_color:rgba(0%2C0%2C0%2C0.1)&#8221; box_top_padding=&#8221;&#8221; box_right_padding=&#8221;&#8221; box_bottom_padding=&#8221;&#8221; box_left_padding=&#8221;&#8221; icon_type=&#8221;image&#8221; icon_image=&#8221;22104&#8243; gradient_icon_size=&#8221;70&#8243; style=&#8221;iconbox_style8&#8243; title_font_options=&#8221;tag:h5&#8243; class=&#8221;no-padding&#8221;]Upro\u015b\u0107 konserwacj\u0119[\/apress_gradient_icon_box][\/vc_column_inner][vc_column_inner el_class=&#8221;custom_sidebar&#8221; width=&#8221;1\/3&#8243;][apress_gradient_icon_box description=&#8221;\u0141\u0105czniki maj\u0105 gwarantowany czas pracy wynosz\u0105cy 10 000 cykli. D\u0142ugi okres u\u017cytkowania i niezawodno\u015b\u0107 w ka\u017cdych warunkach eksploatacji pozwalaj\u0105 zredukowa\u0107 koszty inwestycji.&#8221; box_bg_color=&#8221;&#8221; color_scheme=&#8221;gradient_scheme1&#8243; highlight_border_width=&#8221;0&#8243; highlight_border_color=&#8221;#ffffff&#8221; border_hover_color_scheme=&#8221;gradient_scheme1&#8243; box_hover_shadow=&#8221;box_shadow_enable:disable|shadow_horizontal:0|shadow_vertical:7|shadow_blur:90|shadow_spread:-38|box_shadow_color:rgba(0%2C0%2C0%2C0.1)&#8221; box_top_padding=&#8221;&#8221; box_right_padding=&#8221;&#8221; box_bottom_padding=&#8221;&#8221; box_left_padding=&#8221;&#8221; icon_type=&#8221;image&#8221; icon_image=&#8221;21707&#8243; gradient_icon_size=&#8221;70&#8243; style=&#8221;iconbox_style8&#8243; title_font_options=&#8221;tag:h5&#8243; class=&#8221;no-padding&#8221;]Zredukuj koszty inwestycji[\/apress_gradient_icon_box][\/vc_column_inner][\/vc_row_inner][\/vc_column][\/vc_row][vc_row full_width=&#8221;stretch_row&#8221; equal_height=&#8221;yes&#8221; css=&#8221;.vc_custom_1751369662705{padding-top: 80px !important;padding-bottom: 100px !important;background-color: #F2F2F2 !important;}&#8221; el_class=&#8221;testimonial-wrap&#8221;][vc_column centered_text=&#8221;true&#8221;]<div class=\"ult-spacer spacer-69ec7f56bf262\" data-id=\"69ec7f56bf262\" data-height=\"80\" data-height-mobile=\"80\" data-height-tab=\"80\" data-height-tab-portrait=\"\" data-height-mobile-landscape=\"\" style=\"clear:both;display:block;\"><\/div>[apress_button button_text=&#8221;Dowiedz si\u0119 wi\u0119cej z naszych projekt\u00f3w referencyjnych&#8221; button_size=&#8221;medium&#8221; button_alignment=&#8221;center&#8221; box_shadow=&#8221;box_shadow_enable:disable|shadow_horizontal:1|shadow_vertical:2|shadow_blur:4|shadow_spread:0|box_shadow_color:rgba(0%2C0%2C0%2C0.2)&#8221; box_hover_shadow=&#8221;box_shadow_enable:disable|shadow_horizontal:2|shadow_vertical:2|shadow_blur:7|shadow_spread:0|box_shadow_color:rgba(0%2C0%2C0%2C0.2)&#8221; button_swing=&#8221;yes&#8221; button_shape=&#8221;square&#8221; button_link=&#8221;url:https%3A%2F%2Fthe-rsgroup.com%2Fpl%2Fprojekty-referencyjne%2F|title:Reference%20projects&#8221;][\/vc_column][\/vc_row][vc_row full_width=&#8221;stretch_row&#8221; equal_height=&#8221;yes&#8221; css=&#8221;.vc_custom_1574722697905{padding-top: 80px !important;padding-bottom: 80px !important;}&#8221;][vc_column][apress_heading sub_title=&#8221;Zapoznaj si\u0119 z nasz\u0105 broszur\u0105 lub skontaktuj si\u0119 z naszym zespo\u0142em ju\u017c dzi\u015b.&#8221; content_alignment=&#8221;left&#8221; enable_delimiter=&#8221;&#8221; color_scheme=&#8221;design_your_own&#8221; main_heading_color=&#8221;#000000&#8243; style=&#8221;heading_style5&#8243; title_font_options=&#8221;tag:h2&#8243; subtitle_font_options=&#8221;tag:div|color:%236980b4&#8243; heading_margin=&#8221;margin-top:10|margin-bottom:30&#8243;]<strong>Potrzebujesz wi\u0119cej danych technicznych?<\/strong>[\/apress_heading]<div class=\"ult-spacer spacer-69ec7f56bf2bd\" data-id=\"69ec7f56bf2bd\" data-height=\"80\" data-height-mobile=\"80\" data-height-tab=\"80\" data-height-tab-portrait=\"\" data-height-mobile-landscape=\"\" style=\"clear:both;display:block;\"><\/div>[vc_row_inner el_class=&#8221;action-btn-with-img&#8221;][vc_column_inner width=&#8221;1\/3&#8243;]\r\n<!--Image Box Start-->\r\n<div class=\"zolo_imagebox_new_wrapper zolo_imagebox_new_105391442469ec7f56bf387 new_imagebox_style5 noanimation\" data-animation =\"No Animation\" data-delay =\"500\" data-id =\"zolo_imagebox_new_105391442469ec7f56bf387\">\r\n    <a title=\"\" href=\"https:\/\/the-rsgroup.com\/wp-content\/uploads\/2020\/01\/Overhead-line-switches_Product-brochure_DE.pdf\" target=\"_blank\" rel=\"\">\r\n    <div class=\"zolo_imagebox_new_box\">\r\n        <div class=\"img_thumbnail\"><img decoding=\"async\" src=\"https:\/\/the-rsgroup.com\/wp-content\/uploads\/2025\/07\/icon6.png\"\/><\/div>\r\n        <div class=\"zolo_imagebox_new_content\">\r\n            <div class=\"zolo_imagebox_new_title_des\">\r\n        <h2 class=\"entry-title zolo_imagebox_new_title\" style=\"color:#ffffff; \">        Broszura dotycz\u0105ca \u0142\u0105cznik\u00f3w napowietrznych (tylko w j\u0119zyku niemieckim) <\/h2>                              <\/div>\r\n    <\/div>\r\n          <\/div>\r\n    <\/a>\r\n  <\/div>\r\n<!--Image Box End-->\r\n\r\n[\/vc_column_inner][vc_column_inner width=&#8221;1\/3&#8243;]\r\n<!--Image Box Start-->\r\n<div class=\"zolo_imagebox_new_wrapper zolo_imagebox_new_27518666669ec7f56c8181 new_imagebox_style5 noanimation\" data-animation =\"No Animation\" data-delay =\"500\" data-id =\"zolo_imagebox_new_27518666669ec7f56c8181\">\r\n    <a title=\"\" href=\"https:\/\/the-rsgroup.com\/pl\/produkty\/materialy-do-pobrania\/\" target=\"_blank\" rel=\"\">\r\n    <div class=\"zolo_imagebox_new_box\">\r\n        <div class=\"img_thumbnail\"><img decoding=\"async\" src=\"https:\/\/the-rsgroup.com\/wp-content\/uploads\/2025\/07\/icon7.png\"\/><\/div>\r\n        <div class=\"zolo_imagebox_new_content\">\r\n            <div class=\"zolo_imagebox_new_title_des\">\r\n        <h2 class=\"entry-title zolo_imagebox_new_title\" style=\"color:#ffffff; \">        Materia\u0142y do pobrania <\/h2>                              <\/div>\r\n    <\/div>\r\n          <\/div>\r\n    <\/a>\r\n  <\/div>\r\n<!--Image Box End-->\r\n\r\n[\/vc_column_inner][vc_column_inner width=&#8221;1\/3&#8243;][\/vc_column_inner][\/vc_row_inner]<div class=\"ult-spacer spacer-69ec7f56cb25a\" data-id=\"69ec7f56cb25a\" data-height=\"80\" data-height-mobile=\"80\" data-height-tab=\"80\" data-height-tab-portrait=\"\" data-height-mobile-landscape=\"\" style=\"clear:both;display:block;\"><\/div>[vc_separator color=&#8221;custom&#8221; css=&#8221;&#8221; accent_color=&#8221;#D7D7D7&#8243;]<div class=\"ult-spacer spacer-69ec7f56cb2e8\" data-id=\"69ec7f56cb2e8\" data-height=\"60\" data-height-mobile=\"60\" data-height-tab=\"60\" data-height-tab-portrait=\"\" data-height-mobile-landscape=\"\" style=\"clear:both;display:block;\"><\/div>[apress_heading sub_title=&#8221;&#8221; content_alignment=&#8221;left&#8221; enable_delimiter=&#8221;&#8221; color_scheme=&#8221;color_scheme2&#8243; style=&#8221;heading_style5&#8243; title_font_options=&#8221;tag:h2&#8243; subtitle_font_options=&#8221;tag:div&#8221; heading_margin=&#8221;margin-top:10|margin-bottom:30&#8243;]Dostosowujemy nasze rozwi\u0105zania do potrzeb naszych klient\u00f3w[\/apress_heading][vc_column_text css=&#8221;&#8221;]Oferujemy poziome i pionowe od\u0142\u0105czniki i roz\u0142\u0105czniki, kt\u00f3re mo\u017cna montowa\u0107 na s\u0142upach drewnianych, betonowych i stalowych. Procedur\u0119 wykonuje si\u0119 z u\u017cyciem wyci\u0105garki r\u0119cznej. Je\u015bli nasze standardowe rozwi\u0105zania nie spe\u0142niaj\u0105 Twoich wymog\u00f3w, oferujemy te\u017c produkty wykonywane na zam\u00f3wienie.[\/vc_column_text][\/vc_column][\/vc_row][vc_row full_width=&#8221;stretch_row_content&#8221; equal_height=&#8221;yes&#8221; content_placement=&#8221;middle&#8221; el_class=&#8221;product-info-column&#8221; css=&#8221;.vc_custom_1758710835832{padding-top: 80px !important;padding-bottom: 80px !important;background-color: #F2F2F2 !important;}&#8221;][vc_column css=&#8221;.vc_custom_1766465436637{padding-top: 0px !important;padding-right: 0px !important;padding-bottom: 0px !important;padding-left: 0px !important;}&#8221; el_id=&#8221;transformatory&#8221;][vc_row_inner][vc_column_inner width=&#8221;1\/4&#8243;]\r\n<!--Image Box Start-->\r\n<div class=\"zolo_imagebox_new_wrapper zolo_imagebox_new_48077585369ec7f56cb3dd new_imagebox_style3 noanimation\" data-animation =\"No Animation\" data-delay =\"500\" data-id =\"zolo_imagebox_new_48077585369ec7f56cb3dd\">\r\n    <div class=\"zolo_imagebox_new_box\">\r\n            <div class=\"img_thumbnail\"><img decoding=\"async\" src=\"https:\/\/the-rsgroup.com\/wp-content\/uploads\/2019\/12\/load-break-switch-mhl.png\"\/><\/div>\r\n        <div class=\"zolo_imagebox_new_content\">\r\n      <div class=\"zolo_imagebox_new_title_des\">\r\n        <h2 class=\"entry-title zolo_imagebox_new_title\" style=\"color:#000000; \">        Roz\u0142\u0105cznik izolacyjny MHL <\/h2>                <span class=\"zolo_imagebox_description\" style=\"color:#000000; \">        - Konstrukcja pozioma<br \/>\n- Z ma\u0142oolejow\u0105 komor\u0105 gaszeniow\u0105<br \/>\n- Nadaje si\u0119 do roz\u0142\u0105czania tr\u00f3jbiegunowych sekcji linii napowietrznych <\/span> <\/div>\r\n    <\/div>\r\n          <\/div>\r\n  <\/div>\r\n<!--Image Box End-->\r\n\r\n[\/vc_column_inner][vc_column_inner width=&#8221;1\/4&#8243;]\r\n<!--Image Box Start-->\r\n<div class=\"zolo_imagebox_new_wrapper zolo_imagebox_new_181304909569ec7f56d1782 new_imagebox_style3 noanimation\" data-animation =\"No Animation\" data-delay =\"500\" data-id =\"zolo_imagebox_new_181304909569ec7f56d1782\">\r\n    <div class=\"zolo_imagebox_new_box\">\r\n            <div class=\"img_thumbnail\"><img decoding=\"async\" src=\"https:\/\/the-rsgroup.com\/wp-content\/uploads\/2019\/12\/load-break-switch-mvl.png\"\/><\/div>\r\n        <div class=\"zolo_imagebox_new_content\">\r\n      <div class=\"zolo_imagebox_new_title_des\">\r\n        <h2 class=\"entry-title zolo_imagebox_new_title\" style=\"color:#000000; \">        Roz\u0142\u0105cznik izolacyjny MVL <\/h2>                <span class=\"zolo_imagebox_description\" style=\"color:#000000; \">        - Konstrukcja pionowa<br \/>\n- Opcjonalne uziemienie<br \/>\n- Z ma\u0142oolejow\u0105 komor\u0105 gaszeniow\u0105<br \/>\n- Nadaje si\u0119 do roz\u0142\u0105czania tr\u00f3jbiegunowych sekcji linii napowietrznych <\/span> <\/div>\r\n    <\/div>\r\n          <\/div>\r\n  <\/div>\r\n<!--Image Box End-->\r\n\r\n[\/vc_column_inner][vc_column_inner width=&#8221;1\/4&#8243;]\r\n<!--Image Box Start-->\r\n<div class=\"zolo_imagebox_new_wrapper zolo_imagebox_new_51410210069ec7f56e2177 new_imagebox_style3 noanimation\" data-animation =\"No Animation\" data-delay =\"500\" data-id =\"zolo_imagebox_new_51410210069ec7f56e2177\">\r\n    <div class=\"zolo_imagebox_new_box\">\r\n            <div class=\"img_thumbnail\"><img decoding=\"async\" src=\"https:\/\/the-rsgroup.com\/wp-content\/uploads\/2019\/12\/disconnector-mhf.png\"\/><\/div>\r\n        <div class=\"zolo_imagebox_new_content\">\r\n      <div class=\"zolo_imagebox_new_title_des\">\r\n        <h2 class=\"entry-title zolo_imagebox_new_title\" style=\"color:#000000; \">        Od\u0142\u0105cznik MHF <\/h2>                <span class=\"zolo_imagebox_description\" style=\"color:#000000; \">        - Konstrukcja pozioma<br \/>\n- Z zabezpieczeniem iskrowym<br \/>\n- Nadaje si\u0119 do izolacji sekcji linii napowietrznych po odci\u0119ciu zasilania <\/span> <\/div>\r\n    <\/div>\r\n          <\/div>\r\n  <\/div>\r\n<!--Image Box End-->\r\n\r\n[\/vc_column_inner][vc_column_inner width=&#8221;1\/4&#8243;]\r\n<!--Image Box Start-->\r\n<div class=\"zolo_imagebox_new_wrapper zolo_imagebox_new_173842885769ec7f56e3aba new_imagebox_style3 noanimation\" data-animation =\"No Animation\" data-delay =\"500\" data-id =\"zolo_imagebox_new_173842885769ec7f56e3aba\">\r\n    <div class=\"zolo_imagebox_new_box\">\r\n            <div class=\"img_thumbnail\"><img decoding=\"async\" src=\"https:\/\/the-rsgroup.com\/wp-content\/uploads\/2019\/12\/disconnector-mvf.png\"\/><\/div>\r\n        <div class=\"zolo_imagebox_new_content\">\r\n      <div class=\"zolo_imagebox_new_title_des\">\r\n        <h2 class=\"entry-title zolo_imagebox_new_title\" style=\"color:#000000; \">        Od\u0142\u0105cznik MVF <\/h2>                <span class=\"zolo_imagebox_description\" style=\"color:#000000; \">        - Konstrukcja pionowa<br \/>\n- Opcjonalne uziemienie<br \/>\n- Z zabezpieczeniem iskrowym<br \/>\n- Nadaje si\u0119 do izolacji sekcji linii napowietrznych po odci\u0119ciu zasilania <\/span> <\/div>\r\n    <\/div>\r\n          <\/div>\r\n  <\/div>\r\n<!--Image Box End-->\r\n\r\n[\/vc_column_inner][\/vc_row_inner][\/vc_column][\/vc_row]<\/p>\n<\/div>","protected":false},"excerpt":{"rendered":"<p>[vc_section full_width=&#8221;stretch_row&#8221; content_placement=&#8221;middle&#8221; min_height=&#8221;480&#8243; css=&#8221;.vc_custom_1759593258781{background-image: url(https:\/\/the-rsgroup.com\/wp-content\/uploads\/2019\/09\/shutterstock_1345497980.jpg?id=2147) !important;background-position: center !important;background-repeat: no-repeat !important;background-size: cover !important;}&#8221; el_class=&#8221;inner-page-banner-section&#8221;][vc_row][vc_column][apress_heading sub_title=&#8221;Niezawodne od\u0142\u0105czniki i roz\u0142\u0105czniki&#8221; content_alignment=&#8221;left&#8221; data_animation=&#8221;fadeInRight&#8221; enable_delimiter=&#8221;&#8221; style=&#8221;heading_style1&#8243; title_font_options=&#8221;tag:h1&#8243; subtitle_font_options=&#8221;tag:div&#8221;]\u0141\u0105czniki napowietrzne[\/apress_heading][\/vc_column][\/vc_row][\/vc_section][vc_row css=&#8221;.vc_custom_1754280695377{padding-top: 80px !important;padding-bottom: 80px !important;}&#8221;][vc_column apress_zindex=&#8221;9&#8243; el_class=&#8221;custom_sidebar high_zIndex&#8221;][vc_row_inner][vc_column_inner][apress_heading sub_title=&#8221;&#8221; content_alignment=&#8221;left&#8221; enable_delimiter=&#8221;&#8221; color_scheme=&#8221;color_scheme1&#8243; style=&#8221;heading_style6&#8243; title_font_options=&#8221;tag:h2|letter_spacing:0&#8243; subtitle_font_options=&#8221;tag:div|letter_spacing:3&#8243;&hellip;<\/p>\n","protected":false},"author":1,"featured_media":0,"parent":8247,"menu_order":0,"comment_status":"closed","ping_status":"closed","template":"template-fullwidth-page.php","meta":{"_acf_changed":false,"_monsterinsights_skip_tracking":false,"_monsterinsights_sitenote_active":false,"_monsterinsights_sitenote_note":"","_monsterinsights_sitenote_category":0,"footnotes":""},"class_list":["post-8277","page","type-page","status-publish","hentry"],"acf":[],"_links":{"self":[{"href":"https:\/\/the-rsgroup.com\/pl\/wp-json\/wp\/v2\/pages\/8277","targetHints":{"allow":["GET"]}}],"collection":[{"href":"https:\/\/the-rsgroup.com\/pl\/wp-json\/wp\/v2\/pages"}],"about":[{"href":"https:\/\/the-rsgroup.com\/pl\/wp-json\/wp\/v2\/types\/page"}],"author":[{"embeddable":true,"href":"https:\/\/the-rsgroup.com\/pl\/wp-json\/wp\/v2\/users\/1"}],"replies":[{"embeddable":true,"href":"https:\/\/the-rsgroup.com\/pl\/wp-json\/wp\/v2\/comments?post=8277"}],"version-history":[{"count":11,"href":"https:\/\/the-rsgroup.com\/pl\/wp-json\/wp\/v2\/pages\/8277\/revisions"}],"predecessor-version":[{"id":31851,"href":"https:\/\/the-rsgroup.com\/pl\/wp-json\/wp\/v2\/pages\/8277\/revisions\/31851"}],"up":[{"embeddable":true,"href":"https:\/\/the-rsgroup.com\/pl\/wp-json\/wp\/v2\/pages\/8247"}],"wp:attachment":[{"href":"https:\/\/the-rsgroup.com\/pl\/wp-json\/wp\/v2\/media?parent=8277"}],"curies":[{"name":"wp","href":"https:\/\/api.w.org\/{rel}","templated":true}]}}