{"id":8377,"date":"2020-01-31T15:19:06","date_gmt":"2020-01-31T15:19:06","guid":{"rendered":"http:\/\/the-rsgroup.com\/tesar"},"modified":"2025-12-23T08:18:27","modified_gmt":"2025-12-23T08:18:27","slug":"tesar","status":"publish","type":"page","link":"https:\/\/the-rsgroup.com\/pl\/tesar\/","title":{"rendered":"Tesar"},"content":{"rendered":"<div class=\"wpb-content-wrapper\"><p>[vc_section full_width=&#8221;stretch_row&#8221; content_placement=&#8221;middle&#8221; min_height=&#8221;480&#8243; css=&#8221;.vc_custom_1766194575390{background-image: url(https:\/\/the-rsgroup.com\/wp-content\/uploads\/2025\/12\/Tesar_group_header.webp?id=31696) !important;background-position: center !important;background-repeat: no-repeat !important;background-size: cover !important;}&#8221; el_class=&#8221;inner-page-banner-section&#8221;][vc_row][vc_column][apress_heading sub_title=&#8221;Transformatory \u017cywiczne do wymagaj\u0105cych zastosowa\u0144 na ca\u0142ym \u015bwiecie&#8221; content_alignment=&#8221;left&#8221; data_animation=&#8221;fadeInRight&#8221; enable_delimiter=&#8221;&#8221; style=&#8221;heading_style1&#8243; title_font_options=&#8221;tag:h1&#8243; subtitle_font_options=&#8221;tag:div&#8221;]Tesar[\/apress_heading][\/vc_column][\/vc_row][\/vc_section][vc_row css=&#8221;.vc_custom_1754110673091{padding-top: 80px !important;padding-bottom: 80px !important;}&#8221;][vc_column apress_zindex=&#8221;9&#8243; el_class=&#8221;custom_sidebar high_zIndex&#8221;][apress_heading sub_title=&#8221;&#8221; content_alignment=&#8221;left&#8221; enable_delimiter=&#8221;&#8221; color_scheme=&#8221;color_scheme2&#8243; style=&#8221;heading_style1&#8243; title_font_options=&#8221;tag:h2|letter_spacing:1&#8243; subtitle_font_options=&#8221;tag:div&#8221; heading_margin=&#8221;margin-bottom:30&#8243; class=&#8221;heading-custom&#8221;]Tesar \u2013 Kompetencje w dziedzinie suchych transformator\u00f3w \u017cywicznych[\/apress_heading][vc_column_text css=&#8221;.vc_custom_1765533158691{margin-bottom: 0px !important;}&#8221;]Tesar skupia w ramach Grupy R&amp;S wszystkie globalne dzia\u0142ania w obszarze suchych transformator\u00f3w \u017cywicznych oraz przek\u0142adnik\u00f3w pr\u0105dowych i napi\u0119ciowych. Dzi\u0119ki lokalizacjom we W\u0142oszech (Tesar Italia), w Polsce (Tesar Polska) oraz w Zjednoczonych Emiratach Arabskich (Tesar Gulf) grupa oferuje sp\u00f3jne portfolio transformator\u00f3w \u017cywicznych oraz przek\u0142adnik\u00f3w pr\u0105dowych i napi\u0119ciowych do zastosowa\u0144 w sieciach \u015bredniego napi\u0119cia \u2013 od standardowych sieci dystrybucyjnych po z\u0142o\u017cone projekty przemys\u0142owe i infrastrukturalne.<\/p>\n<p>Jako jeden z europejskich pionier\u00f3w technologii \u017cywicznej, Tesar od 1979 roku rozwija transformatory suche o wysokiej klasie odporno\u015bci ogniowej, niskich wymaganiach konserwacyjnych i doskona\u0142ych parametrach elektrycznych. Ponad 100 000 transformator\u00f3w Tesar zainstalowanych na ca\u0142ym \u015bwiecie stanowi punkt odniesienia w zakresie niezawodno\u015bci technicznej, efektywno\u015bci i trwa\u0142o\u015bci.<\/p>\n<p>Grupa Tesar jest aktywna w europejskich i mi\u0119dzynarodowych komitetach normalizacyjnych i \u015bci\u015ble wsp\u00f3\u0142pracuje z operatorami system\u00f3w energetycznych, firmami EPC, biurami projektowymi oraz operatorami obiekt\u00f3w. Zakres zastosowa\u0144 obejmuje energetyk\u0119 odnawialn\u0105 (wiatr, fotowoltaika, BESS), centra danych, tunele, szpitale i lotniska, a tak\u017ce zasilanie trakcji kolejowej, projekty przybrze\u017cne oraz infrastruktur\u0119 krytyczn\u0105.[\/vc_column_text][\/vc_column][\/vc_row][vc_row css=&#8221;.vc_custom_1764930440890{padding-top: 80px !important;padding-bottom: 80px !important;background-color: #E6E7E9 !important;}&#8221;][vc_column][apress_heading sub_title=&#8221;&#8221; content_alignment=&#8221;left&#8221; enable_delimiter=&#8221;&#8221; color_scheme=&#8221;color_scheme2&#8243; style=&#8221;heading_style5&#8243; title_font_options=&#8221;tag:h2|letter_spacing:0&#8243; subtitle_font_options=&#8221;tag:div|letter_spacing:3&#8243;]Mocne strony Tesar w skr\u00f3cie:[\/apress_heading][vc_row_inner el_class=&#8221;location-expertise-section brand-page&#8221;][vc_column_inner][apress_heading sub_title=&#8221;&#8221; content_alignment=&#8221;left&#8221; enable_delimiter=&#8221;&#8221; color_scheme=&#8221;color_scheme2&#8243; style=&#8221;heading_style5&#8243; title_font_options=&#8221;tag:h2|letter_spacing:0&#8243; subtitle_font_options=&#8221;tag:div|letter_spacing:3&#8243;]Kompetencje w technologii \u017cywicznej od 1979 roku[\/apress_heading][vc_column_text css=&#8221;&#8221;]Dog\u0142\u0119bna wiedza w zakresie projektowania, procesu odlewania, system\u00f3w \u017cywicznych oraz starzenia si\u0119 transformator\u00f3w suchych.[\/vc_column_text][\/vc_column_inner][\/vc_row_inner][vc_row_inner el_class=&#8221;location-expertise-section brand-page&#8221;][vc_column_inner][apress_heading sub_title=&#8221;&#8221; content_alignment=&#8221;left&#8221; enable_delimiter=&#8221;&#8221; color_scheme=&#8221;color_scheme2&#8243; style=&#8221;heading_style5&#8243; title_font_options=&#8221;tag:h2|letter_spacing:0&#8243; subtitle_font_options=&#8221;tag:div|letter_spacing:3&#8243;]Trzy zak\u0142ady produkcyjne \u2013 jeden standard jako\u015bci[\/apress_heading][vc_column_text css=&#8221;&#8221;]Rozw\u00f3j i produkcja we W\u0142oszech, w Polsce i w ZEA przy stosowaniu zunifikowanych standard\u00f3w, certyfikowanych system\u00f3w zarz\u0105dzania (m.in. ISO 9001, 14001, 45001) oraz nowoczesnych laboratori\u00f3w badawczych.[\/vc_column_text][\/vc_column_inner][\/vc_row_inner][vc_row_inner el_class=&#8221;location-expertise-section brand-page&#8221;][vc_column_inner][apress_heading sub_title=&#8221;&#8221; content_alignment=&#8221;left&#8221; enable_delimiter=&#8221;&#8221; color_scheme=&#8221;color_scheme2&#8243; style=&#8221;heading_style5&#8243; title_font_options=&#8221;tag:h2|letter_spacing:0&#8243; subtitle_font_options=&#8221;tag:div|letter_spacing:3&#8243;]Ecodesign i efektywno\u015b\u0107 energetyczna[\/apress_heading][vc_column_text css=&#8221;&#8221;]Konstrukcje zoptymalizowane pod k\u0105tem strat, zgodne z wymaganiami europejskiej dyrektywy Ecodesign oraz normami mi\u0119dzynarodowymi; nacisk na niski ca\u0142kowity koszt posiadania (TCO) i redukcj\u0119 emisji CO\u2082.[\/vc_column_text][\/vc_column_inner][\/vc_row_inner][vc_row_inner el_class=&#8221;location-expertise-section brand-page&#8221;][vc_column_inner][apress_heading sub_title=&#8221;&#8221; content_alignment=&#8221;left&#8221; enable_delimiter=&#8221;&#8221; color_scheme=&#8221;color_scheme2&#8243; style=&#8221;heading_style5&#8243; title_font_options=&#8221;tag:h2|letter_spacing:0&#8243; subtitle_font_options=&#8221;tag:div|letter_spacing:3&#8243;]Szeroki zakres zastosowa\u0144[\/apress_heading][vc_column_text css=&#8221;&#8221;]Rozwi\u0105zania dla sieci dystrybucyjnych, przemys\u0142u, infrastruktury, centr\u00f3w danych, port\u00f3w, projekt\u00f3w OZE, kolei, e-mobilno\u015bci, magazynowania energii oraz projekt\u00f3w specjalnych w wymagaj\u0105cych strefach klimatycznych.[\/vc_column_text][\/vc_column_inner][\/vc_row_inner][\/vc_column][\/vc_row][vc_row full_width=&#8221;stretch_row&#8221; css=&#8221;.vc_custom_1765197466128{margin-top: 0px !important;padding-top: 80px !important;padding-bottom: 80px !important;background-color: #F8F8F800 !important;}&#8221; el_class=&#8221;related-product-info-box brand-column-box tesar&#8221;][vc_column][vc_row_inner][vc_column_inner][apress_heading sub_title=&#8221;&#8221; content_alignment=&#8221;left&#8221; enable_delimiter=&#8221;&#8221; color_scheme=&#8221;color_scheme2&#8243; style=&#8221;heading_style1&#8243; title_font_options=&#8221;tag:h2|letter_spacing:1&#8243; subtitle_font_options=&#8221;tag:div&#8221; heading_margin=&#8221;margin-bottom:30&#8243;]Odwied\u017a nasze zak\u0142ady produkcyjne[\/apress_heading][\/vc_column_inner][\/vc_row_inner][vc_row_inner gap=&#8221;35&#8243; el_class=&#8221;brand-branches-column&#8221;][vc_column_inner el_class=&#8221;custom_sidebar&#8221; width=&#8221;1\/3&#8243; css=&#8221;.vc_custom_1765529680590{background-image: url(https:\/\/the-rsgroup.com\/wp-content\/uploads\/2025\/12\/Header_Tesar_Italia.jpg?id=30677) !important;background-position: center !important;background-repeat: no-repeat !important;background-size: cover !important;}&#8221;]\r\n<!--Image Box Start-->\r\n<div class=\"zolo_imagebox_new_swing new_imagebox_style4\"><div class=\"zolo_imagebox_new_wrapper zolo_imagebox_new_159002981569ecdfe6045e8 new_imagebox_style4 noanimation\" data-animation =\"No Animation\" data-delay =\"500\" data-id =\"zolo_imagebox_new_159002981569ecdfe6045e8\">\r\n    <a title=\"Dry type transformers\" href=\"https:\/\/the-rsgroup.com\/de\/tesar\/tesar-italia\/\" target=\"_self\" rel=\"\">\r\n    <div class=\"zolo_imagebox_new_box\">\r\n        <div class=\"zolo_thumbnail\" style=\"background:url(https:\/\/the-rsgroup.com\/wp-content\/uploads\/2025\/09\/Tesar_Logo_pos_RGB-1.png) no-repeat center center; -moz-background-size:cover;-webkit-background-size:cover;-o-background-size:cover;-ms-background-size:cover;background-size:cover; height:300px;\"><\/div>\r\n        <div class=\"zolo_imagebox_new_content\">\r\n            <div class=\"zolo_imagebox_new_title_des\">\r\n        <h3 class=\"entry-title zolo_imagebox_new_title\" style=\"color:#000000; \">        Tesar Italia <\/h3>                        <div class=\"zolo_imagebox_icon_button_element alignment_inline zolo_imagebox_icon_button_159002981569ecdfe6045e8\"><span class=\"zolo_iconbutton_tag iconbutton_style1 button_style_none\"><span class=\"zolo_button_icon zolo_arrow_icon\"><\/span><\/span><\/div>      <\/div>\r\n    <\/div>\r\n          <\/div>\r\n    <\/a>\r\n  <\/div>\r\n<\/div><!--Image Box End-->\r\n\r\n[\/vc_column_inner][vc_column_inner el_class=&#8221;custom_sidebar&#8221; width=&#8221;1\/3&#8243; css=&#8221;.vc_custom_1765529699513{background-image: url(https:\/\/the-rsgroup.com\/wp-content\/uploads\/2025\/12\/Header_Gulf.jpg?id=30639) !important;background-position: center !important;background-repeat: no-repeat !important;background-size: cover !important;}&#8221;]\r\n<!--Image Box Start-->\r\n<div class=\"zolo_imagebox_new_swing new_imagebox_style4\"><div class=\"zolo_imagebox_new_wrapper zolo_imagebox_new_135234719469ecdfe606fd3 new_imagebox_style4 noanimation\" data-animation =\"No Animation\" data-delay =\"500\" data-id =\"zolo_imagebox_new_135234719469ecdfe606fd3\">\r\n    <a title=\"Dry type transformers\" href=\"https:\/\/the-rsgroup.com\/de\/tesar\/tesar-gulf\/\" target=\"_self\" rel=\"\">\r\n    <div class=\"zolo_imagebox_new_box\">\r\n        <div class=\"zolo_thumbnail\" style=\"background:url(https:\/\/the-rsgroup.com\/wp-content\/uploads\/2025\/09\/Tesar_Logo_pos_RGB-1.png) no-repeat center center; -moz-background-size:cover;-webkit-background-size:cover;-o-background-size:cover;-ms-background-size:cover;background-size:cover; height:300px;\"><\/div>\r\n        <div class=\"zolo_imagebox_new_content\">\r\n            <div class=\"zolo_imagebox_new_title_des\">\r\n        <h3 class=\"entry-title zolo_imagebox_new_title\" style=\"color:#000000; \">        Tesar Gulf <\/h3>                        <div class=\"zolo_imagebox_icon_button_element alignment_inline zolo_imagebox_icon_button_135234719469ecdfe606fd3\"><span class=\"zolo_iconbutton_tag iconbutton_style1 button_style_none\"><span class=\"zolo_button_icon zolo_arrow_icon\"><\/span><\/span><\/div>      <\/div>\r\n    <\/div>\r\n          <\/div>\r\n    <\/a>\r\n  <\/div>\r\n<\/div><!--Image Box End-->\r\n\r\n[\/vc_column_inner][vc_column_inner el_class=&#8221;custom_sidebar&#8221; width=&#8221;1\/3&#8243; css=&#8221;.vc_custom_1766477731395{background-image: url(https:\/\/the-rsgroup.com\/wp-content\/uploads\/2025\/12\/Header_Tesar_PL.jpg?id=30685) !important;background-position: center !important;background-repeat: no-repeat !important;background-size: cover !important;}&#8221;]\r\n<!--Image Box Start-->\r\n<div class=\"zolo_imagebox_new_swing new_imagebox_style4\"><div class=\"zolo_imagebox_new_wrapper zolo_imagebox_new_161843341569ecdfe607481 new_imagebox_style4 noanimation\" data-animation =\"No Animation\" data-delay =\"500\" data-id =\"zolo_imagebox_new_161843341569ecdfe607481\">\r\n    <a title=\"Dry type transformers\" href=\"https:\/\/the-rsgroup.com\/de\/tesar\/tesar-polska\/\" target=\"_self\" rel=\"\">\r\n    <div class=\"zolo_imagebox_new_box\">\r\n        <div class=\"zolo_thumbnail\" style=\"background:url(https:\/\/the-rsgroup.com\/wp-content\/uploads\/2025\/09\/Tesar_Logo_pos_RGB-1.png) no-repeat center center; -moz-background-size:cover;-webkit-background-size:cover;-o-background-size:cover;-ms-background-size:cover;background-size:cover; height:300px;\"><\/div>\r\n        <div class=\"zolo_imagebox_new_content\">\r\n            <div class=\"zolo_imagebox_new_title_des\">\r\n        <h3 class=\"entry-title zolo_imagebox_new_title\" style=\"color:#000000; \">        Tesar Polska <\/h3>                        <div class=\"zolo_imagebox_icon_button_element alignment_inline zolo_imagebox_icon_button_161843341569ecdfe607481\"><span class=\"zolo_iconbutton_tag iconbutton_style1 button_style_none\"><span class=\"zolo_button_icon zolo_arrow_icon\"><\/span><\/span><\/div>      <\/div>\r\n    <\/div>\r\n          <\/div>\r\n    <\/a>\r\n  <\/div>\r\n<\/div><!--Image Box End-->\r\n\r\n[\/vc_column_inner][\/vc_row_inner][\/vc_column][\/vc_row][vc_row full_width=&#8221;stretch_row_content&#8221; content_placement=&#8221;middle&#8221; bg_type=&#8221;image&#8221; parallax_style=&#8221;vcpb-default&#8221; bg_image_new=&#8221;id^31482|url^https:\/\/the-rsgroup.com\/wp-content\/uploads\/2025\/12\/Frederico_Bianchini_2048_680.jpg|caption^null|alt^null|title^Frederico_Bianchini_2048_680|description^null&#8221; bg_image_repeat=&#8221;no-repeat&#8221; bg_override=&#8221;full&#8221; css=&#8221;.vc_custom_1765800687388{padding-top: 50px !important;padding-bottom: 100px !important;background-position: center !important;background-repeat: no-repeat !important;background-size: cover !important;}&#8221; el_class=&#8221;full-width-content-section testimonial&#8221; el_id=&#8221;row3&#8243;][vc_column][vc_row_inner][vc_column_inner][vc_single_image image=&#8221;31475&#8243; img_size=&#8221;full&#8221; css=&#8221;&#8221; el_class=&#8221;test-desktop-hide&#8221;][vc_column_text css=&#8221;&#8221; el_class=&#8221;full-width-content full-width-content-left tesar&#8221;]<\/p>\n<h5>Ka\u017cdy odlew to obietnica jako\u015bci<\/h5>\n<p><em>\u201e<i>Podczas odlewania naszych uzwoje\u0144 liczy si\u0119 ka\u017cda sekunda \u2013 nasze do\u015bwiadczenie decyduje o bezpiecze\u0144stwie i trwa\u0142o\u015bci\u201d.<\/i><\/em><\/p>\n<h6>Wo\u0142odymyr Zajcew, Ekspert ds. Bada\u0144 i Rozwoju, Tesar Italia<\/h6>\n<p>[\/vc_column_text][\/vc_column_inner][\/vc_row_inner][\/vc_column][\/vc_row]<\/p>\n<\/div>","protected":false},"excerpt":{"rendered":"<p>[vc_section full_width=&#8221;stretch_row&#8221; content_placement=&#8221;middle&#8221; min_height=&#8221;480&#8243; css=&#8221;.vc_custom_1766194575390{background-image: url(https:\/\/the-rsgroup.com\/wp-content\/uploads\/2025\/12\/Tesar_group_header.webp?id=31696) !important;background-position: center !important;background-repeat: no-repeat !important;background-size: cover !important;}&#8221; el_class=&#8221;inner-page-banner-section&#8221;][vc_row][vc_column][apress_heading sub_title=&#8221;Transformatory \u017cywiczne do wymagaj\u0105cych zastosowa\u0144 na ca\u0142ym \u015bwiecie&#8221; content_alignment=&#8221;left&#8221; data_animation=&#8221;fadeInRight&#8221; enable_delimiter=&#8221;&#8221; style=&#8221;heading_style1&#8243; title_font_options=&#8221;tag:h1&#8243; subtitle_font_options=&#8221;tag:div&#8221;]Tesar[\/apress_heading][\/vc_column][\/vc_row][\/vc_section][vc_row css=&#8221;.vc_custom_1754110673091{padding-top: 80px !important;padding-bottom: 80px !important;}&#8221;][vc_column apress_zindex=&#8221;9&#8243; el_class=&#8221;custom_sidebar high_zIndex&#8221;][apress_heading sub_title=&#8221;&#8221; content_alignment=&#8221;left&#8221; enable_delimiter=&#8221;&#8221; color_scheme=&#8221;color_scheme2&#8243;&hellip;<\/p>\n","protected":false},"author":1,"featured_media":0,"parent":0,"menu_order":0,"comment_status":"closed","ping_status":"closed","template":"template-fullwidth-page.php","meta":{"_acf_changed":false,"_monsterinsights_skip_tracking":false,"_monsterinsights_sitenote_active":false,"_monsterinsights_sitenote_note":"","_monsterinsights_sitenote_category":0,"footnotes":""},"class_list":["post-8377","page","type-page","status-publish","hentry"],"acf":[],"_links":{"self":[{"href":"https:\/\/the-rsgroup.com\/pl\/wp-json\/wp\/v2\/pages\/8377","targetHints":{"allow":["GET"]}}],"collection":[{"href":"https:\/\/the-rsgroup.com\/pl\/wp-json\/wp\/v2\/pages"}],"about":[{"href":"https:\/\/the-rsgroup.com\/pl\/wp-json\/wp\/v2\/types\/page"}],"author":[{"embeddable":true,"href":"https:\/\/the-rsgroup.com\/pl\/wp-json\/wp\/v2\/users\/1"}],"replies":[{"embeddable":true,"href":"https:\/\/the-rsgroup.com\/pl\/wp-json\/wp\/v2\/comments?post=8377"}],"version-history":[{"count":24,"href":"https:\/\/the-rsgroup.com\/pl\/wp-json\/wp\/v2\/pages\/8377\/revisions"}],"predecessor-version":[{"id":31894,"href":"https:\/\/the-rsgroup.com\/pl\/wp-json\/wp\/v2\/pages\/8377\/revisions\/31894"}],"wp:attachment":[{"href":"https:\/\/the-rsgroup.com\/pl\/wp-json\/wp\/v2\/media?parent=8377"}],"curies":[{"name":"wp","href":"https:\/\/api.w.org\/{rel}","templated":true}]}}